{"id":46878,"date":"2023-09-22T14:16:32","date_gmt":"2023-09-22T11:16:32","guid":{"rendered":"https:\/\/vinodeli.ee\/product\/gran-reserva-brut-nature-rabetllat-i-vidal\/"},"modified":"2026-03-15T11:32:23","modified_gmt":"2026-03-15T09:32:23","slug":"gran-reserva-brut-nature-rabetllat-i-vidal","status":"publish","type":"product","link":"https:\/\/vinodeli.ee\/en\/product\/gran-reserva-brut-nature-rabetllat-i-vidal\/","title":{"rendered":"Cava Rabetllat i Vidal Gran Reserva 2020 Brut Nature 12% vol. 0.75l"},"content":{"rendered":"<blockquote>\n<h5>Finca Ca n\u2019Estella is a family-owned winery managed by the same family, the Rabetllat and Vidal. Delf\u00ed Rabetllat was a great lover of wine culture who had even participated in vintages and decided to acquire the property in 1964. In 1992, Merc\u00e8 Rabetllat and her husband, Jaume Vidal, decided to resume the traditional dedication winery of the farm. Today it is the third generation that has taken over together with a team of external professionals.<\/h5>\n<\/blockquote>\n<h3>Winemaking<\/h3>\n<p>Cava produced from the estate&#8217;s Chardonnay, Macabeo and Xarel\u00b7lo grape varieties.\u00a0Base wine fermented in barrels. Aged for a minimum of 38 months.<\/p>\n<h3>Tasting notes<\/h3>\n<p>A straw-coloured cava, offering an excellent formation of foam with fine and elegant bubbles which form a uniform and persistent crown. Its aroma evokes pastries and dried fruit. It is pleasant on the palate, with well-integrated, fine and elegant fizziness. Balanced acidity. Full and persistent with a lingering and pleasant aftertaste.<em>Recommended serving temperature: 6 \u2013 8\u00b0C<\/em><\/p>\n<h3>Food pairing<\/h3>\n<p>An ideal accompaniment to appetizers and seafood.<\/p>\n","protected":false},"excerpt":{"rendered":"<blockquote>\n<h4>Grape varieties:70% Chardonnay, 15% Macabeu and 15 Xarel\u00b7lo<\/h4>\n<\/blockquote>\n<ul>\n<li>Decanter World Wine Awards 2020 &#8211; Platinum<\/li>\n<li>Gu\u00eda Pe\u00f1\u00edn (2016 vintage) &#8211; 90 points<\/li>\n<\/ul>\n","protected":false},"featured_media":43268,"template":"","meta":{"_acf_changed":false},"product_brand":[],"product_cat":[19488,22136,19500,19495],"product_tag":[],"class_list":{"0":"post-46878","1":"product","2":"type-product","3":"status-publish","4":"has-post-thumbnail","6":"product_cat-sparkling-wine","7":"product_cat-only-brut-nature","8":"product_cat-cava-en","9":"product_cat-all-champagne-method","11":"first","12":"instock","13":"taxable","14":"shipping-taxable","15":"purchasable","16":"product-type-simple"},"acf":[],"yoast_head":"<!-- This site is optimized with the Yoast SEO plugin v25.7 - https:\/\/yoast.com\/wordpress\/plugins\/seo\/ -->\n<title>Cava Rabetllat i Vidal Gran Reserva 2020 Brut Nature 12% vol. 0.75l - Vinodeli<\/title>\n<meta name=\"robots\" content=\"index, follow, max-snippet:-1, max-image-preview:large, max-video-preview:-1\" \/>\n<link rel=\"canonical\" href=\"https:\/\/vinodeli.ee\/en\/product\/gran-reserva-brut-nature-rabetllat-i-vidal\/\" \/>\n<meta property=\"og:locale\" content=\"en_US\" \/>\n<meta property=\"og:type\" content=\"article\" \/>\n<meta property=\"og:title\" content=\"Cava Rabetllat i Vidal Gran Reserva 2020 Brut Nature 12% vol. 0.75l - Vinodeli\" \/>\n<meta property=\"og:description\" content=\"Grape varieties:70% Chardonnay, 15% Macabeu and 15 Xarel\u00b7lo    Decanter World Wine Awards 2020 - Platinum  Gu\u00eda Pe\u00f1\u00edn (2016 vintage) - 90 points\" \/>\n<meta property=\"og:url\" content=\"https:\/\/vinodeli.ee\/en\/product\/gran-reserva-brut-nature-rabetllat-i-vidal\/\" \/>\n<meta property=\"og:site_name\" content=\"Vinodeli\" \/>\n<meta property=\"article:modified_time\" content=\"2026-03-15T09:32:23+00:00\" \/>\n<meta property=\"og:image\" content=\"https:\/\/vinodeli.ee\/wp-content\/uploads\/2023\/11\/cava-rabetllat-i-vidal-brut-nature-gran-reserva-jpg-1.webp\" \/>\n\t<meta property=\"og:image:width\" content=\"2300\" \/>\n\t<meta property=\"og:image:height\" content=\"2300\" \/>\n\t<meta property=\"og:image:type\" content=\"image\/webp\" \/>\n<meta name=\"twitter:card\" content=\"summary_large_image\" \/>\n<meta name=\"twitter:label1\" content=\"Est. reading time\" \/>\n\t<meta name=\"twitter:data1\" content=\"1 minute\" \/>\n<script type=\"application\/ld+json\" class=\"yoast-schema-graph\">{\"@context\":\"https:\/\/schema.org\",\"@graph\":[{\"@type\":\"WebPage\",\"@id\":\"https:\/\/vinodeli.ee\/en\/product\/gran-reserva-brut-nature-rabetllat-i-vidal\/\",\"url\":\"https:\/\/vinodeli.ee\/en\/product\/gran-reserva-brut-nature-rabetllat-i-vidal\/\",\"name\":\"Cava Rabetllat i Vidal Gran Reserva 2020 Brut Nature 12% vol. 0.75l - Vinodeli\",\"isPartOf\":{\"@id\":\"https:\/\/vinodeli.ee\/#website\"},\"primaryImageOfPage\":{\"@id\":\"https:\/\/vinodeli.ee\/en\/product\/gran-reserva-brut-nature-rabetllat-i-vidal\/#primaryimage\"},\"image\":{\"@id\":\"https:\/\/vinodeli.ee\/en\/product\/gran-reserva-brut-nature-rabetllat-i-vidal\/#primaryimage\"},\"thumbnailUrl\":\"https:\/\/vinodeli.ee\/wp-content\/uploads\/2023\/11\/cava-rabetllat-i-vidal-brut-nature-gran-reserva-jpg-1.webp\",\"datePublished\":\"2023-09-22T11:16:32+00:00\",\"dateModified\":\"2026-03-15T09:32:23+00:00\",\"breadcrumb\":{\"@id\":\"https:\/\/vinodeli.ee\/en\/product\/gran-reserva-brut-nature-rabetllat-i-vidal\/#breadcrumb\"},\"inLanguage\":\"en-US\",\"potentialAction\":[{\"@type\":\"ReadAction\",\"target\":[\"https:\/\/vinodeli.ee\/en\/product\/gran-reserva-brut-nature-rabetllat-i-vidal\/\"]}]},{\"@type\":\"ImageObject\",\"inLanguage\":\"en-US\",\"@id\":\"https:\/\/vinodeli.ee\/en\/product\/gran-reserva-brut-nature-rabetllat-i-vidal\/#primaryimage\",\"url\":\"https:\/\/vinodeli.ee\/wp-content\/uploads\/2023\/11\/cava-rabetllat-i-vidal-brut-nature-gran-reserva-jpg-1.webp\",\"contentUrl\":\"https:\/\/vinodeli.ee\/wp-content\/uploads\/2023\/11\/cava-rabetllat-i-vidal-brut-nature-gran-reserva-jpg-1.webp\",\"width\":2300,\"height\":2300},{\"@type\":\"BreadcrumbList\",\"@id\":\"https:\/\/vinodeli.ee\/en\/product\/gran-reserva-brut-nature-rabetllat-i-vidal\/#breadcrumb\",\"itemListElement\":[{\"@type\":\"ListItem\",\"position\":1,\"name\":\"Home\",\"item\":\"https:\/\/vinodeli.ee\/en\/\"},{\"@type\":\"ListItem\",\"position\":2,\"name\":\"Shop\",\"item\":\"https:\/\/vinodeli.ee\/pood\/\"},{\"@type\":\"ListItem\",\"position\":3,\"name\":\"Cava Rabetllat i Vidal Gran Reserva 2020 Brut Nature 12% vol. 0.75l\"}]},{\"@type\":\"WebSite\",\"@id\":\"https:\/\/vinodeli.ee\/#website\",\"url\":\"https:\/\/vinodeli.ee\/\",\"name\":\"Vinodeli\",\"description\":\"\",\"publisher\":{\"@id\":\"https:\/\/vinodeli.ee\/#organization\"},\"potentialAction\":[{\"@type\":\"SearchAction\",\"target\":{\"@type\":\"EntryPoint\",\"urlTemplate\":\"https:\/\/vinodeli.ee\/?s={search_term_string}\"},\"query-input\":{\"@type\":\"PropertyValueSpecification\",\"valueRequired\":true,\"valueName\":\"search_term_string\"}}],\"inLanguage\":\"en-US\"},{\"@type\":\"Organization\",\"@id\":\"https:\/\/vinodeli.ee\/#organization\",\"name\":\"Vinodeli O\u00dc\",\"url\":\"https:\/\/vinodeli.ee\/\",\"logo\":{\"@type\":\"ImageObject\",\"inLanguage\":\"en-US\",\"@id\":\"https:\/\/vinodeli.ee\/#\/schema\/logo\/image\/\",\"url\":\"https:\/\/vinodeli.ee\/wp-content\/uploads\/2024\/02\/logo-winodeli-1.png\",\"contentUrl\":\"https:\/\/vinodeli.ee\/wp-content\/uploads\/2024\/02\/logo-winodeli-1.png\",\"width\":1500,\"height\":1150,\"caption\":\"Vinodeli O\u00dc\"},\"image\":{\"@id\":\"https:\/\/vinodeli.ee\/#\/schema\/logo\/image\/\"}}]}<\/script>\n<!-- \/ Yoast SEO plugin. -->","yoast_head_json":{"title":"Cava Rabetllat i Vidal Gran Reserva 2020 Brut Nature 12% vol. 0.75l - Vinodeli","robots":{"index":"index","follow":"follow","max-snippet":"max-snippet:-1","max-image-preview":"max-image-preview:large","max-video-preview":"max-video-preview:-1"},"canonical":"https:\/\/vinodeli.ee\/en\/product\/gran-reserva-brut-nature-rabetllat-i-vidal\/","og_locale":"en_US","og_type":"article","og_title":"Cava Rabetllat i Vidal Gran Reserva 2020 Brut Nature 12% vol. 0.75l - Vinodeli","og_description":"Grape varieties:70% Chardonnay, 15% Macabeu and 15 Xarel\u00b7lo    Decanter World Wine Awards 2020 - Platinum  Gu\u00eda Pe\u00f1\u00edn (2016 vintage) - 90 points","og_url":"https:\/\/vinodeli.ee\/en\/product\/gran-reserva-brut-nature-rabetllat-i-vidal\/","og_site_name":"Vinodeli","article_modified_time":"2026-03-15T09:32:23+00:00","og_image":[{"width":2300,"height":2300,"url":"https:\/\/vinodeli.ee\/wp-content\/uploads\/2023\/11\/cava-rabetllat-i-vidal-brut-nature-gran-reserva-jpg-1.webp","type":"image\/webp"}],"twitter_card":"summary_large_image","twitter_misc":{"Est. reading time":"1 minute"},"schema":{"@context":"https:\/\/schema.org","@graph":[{"@type":"WebPage","@id":"https:\/\/vinodeli.ee\/en\/product\/gran-reserva-brut-nature-rabetllat-i-vidal\/","url":"https:\/\/vinodeli.ee\/en\/product\/gran-reserva-brut-nature-rabetllat-i-vidal\/","name":"Cava Rabetllat i Vidal Gran Reserva 2020 Brut Nature 12% vol. 0.75l - Vinodeli","isPartOf":{"@id":"https:\/\/vinodeli.ee\/#website"},"primaryImageOfPage":{"@id":"https:\/\/vinodeli.ee\/en\/product\/gran-reserva-brut-nature-rabetllat-i-vidal\/#primaryimage"},"image":{"@id":"https:\/\/vinodeli.ee\/en\/product\/gran-reserva-brut-nature-rabetllat-i-vidal\/#primaryimage"},"thumbnailUrl":"https:\/\/vinodeli.ee\/wp-content\/uploads\/2023\/11\/cava-rabetllat-i-vidal-brut-nature-gran-reserva-jpg-1.webp","datePublished":"2023-09-22T11:16:32+00:00","dateModified":"2026-03-15T09:32:23+00:00","breadcrumb":{"@id":"https:\/\/vinodeli.ee\/en\/product\/gran-reserva-brut-nature-rabetllat-i-vidal\/#breadcrumb"},"inLanguage":"en-US","potentialAction":[{"@type":"ReadAction","target":["https:\/\/vinodeli.ee\/en\/product\/gran-reserva-brut-nature-rabetllat-i-vidal\/"]}]},{"@type":"ImageObject","inLanguage":"en-US","@id":"https:\/\/vinodeli.ee\/en\/product\/gran-reserva-brut-nature-rabetllat-i-vidal\/#primaryimage","url":"https:\/\/vinodeli.ee\/wp-content\/uploads\/2023\/11\/cava-rabetllat-i-vidal-brut-nature-gran-reserva-jpg-1.webp","contentUrl":"https:\/\/vinodeli.ee\/wp-content\/uploads\/2023\/11\/cava-rabetllat-i-vidal-brut-nature-gran-reserva-jpg-1.webp","width":2300,"height":2300},{"@type":"BreadcrumbList","@id":"https:\/\/vinodeli.ee\/en\/product\/gran-reserva-brut-nature-rabetllat-i-vidal\/#breadcrumb","itemListElement":[{"@type":"ListItem","position":1,"name":"Home","item":"https:\/\/vinodeli.ee\/en\/"},{"@type":"ListItem","position":2,"name":"Shop","item":"https:\/\/vinodeli.ee\/pood\/"},{"@type":"ListItem","position":3,"name":"Cava Rabetllat i Vidal Gran Reserva 2020 Brut Nature 12% vol. 0.75l"}]},{"@type":"WebSite","@id":"https:\/\/vinodeli.ee\/#website","url":"https:\/\/vinodeli.ee\/","name":"Vinodeli","description":"","publisher":{"@id":"https:\/\/vinodeli.ee\/#organization"},"potentialAction":[{"@type":"SearchAction","target":{"@type":"EntryPoint","urlTemplate":"https:\/\/vinodeli.ee\/?s={search_term_string}"},"query-input":{"@type":"PropertyValueSpecification","valueRequired":true,"valueName":"search_term_string"}}],"inLanguage":"en-US"},{"@type":"Organization","@id":"https:\/\/vinodeli.ee\/#organization","name":"Vinodeli O\u00dc","url":"https:\/\/vinodeli.ee\/","logo":{"@type":"ImageObject","inLanguage":"en-US","@id":"https:\/\/vinodeli.ee\/#\/schema\/logo\/image\/","url":"https:\/\/vinodeli.ee\/wp-content\/uploads\/2024\/02\/logo-winodeli-1.png","contentUrl":"https:\/\/vinodeli.ee\/wp-content\/uploads\/2024\/02\/logo-winodeli-1.png","width":1500,"height":1150,"caption":"Vinodeli O\u00dc"},"image":{"@id":"https:\/\/vinodeli.ee\/#\/schema\/logo\/image\/"}}]}},"_links":{"self":[{"href":"https:\/\/vinodeli.ee\/en\/wp-json\/wp\/v2\/product\/46878","targetHints":{"allow":["GET"]}}],"collection":[{"href":"https:\/\/vinodeli.ee\/en\/wp-json\/wp\/v2\/product"}],"about":[{"href":"https:\/\/vinodeli.ee\/en\/wp-json\/wp\/v2\/types\/product"}],"version-history":[{"count":0,"href":"https:\/\/vinodeli.ee\/en\/wp-json\/wp\/v2\/product\/46878\/revisions"}],"wp:featuredmedia":[{"embeddable":true,"href":"https:\/\/vinodeli.ee\/en\/wp-json\/wp\/v2\/media\/43268"}],"wp:attachment":[{"href":"https:\/\/vinodeli.ee\/en\/wp-json\/wp\/v2\/media?parent=46878"}],"wp:term":[{"taxonomy":"product_brand","embeddable":true,"href":"https:\/\/vinodeli.ee\/en\/wp-json\/wp\/v2\/product_brand?post=46878"},{"taxonomy":"product_cat","embeddable":true,"href":"https:\/\/vinodeli.ee\/en\/wp-json\/wp\/v2\/product_cat?post=46878"},{"taxonomy":"product_tag","embeddable":true,"href":"https:\/\/vinodeli.ee\/en\/wp-json\/wp\/v2\/product_tag?post=46878"}],"curies":[{"name":"wp","href":"https:\/\/api.w.org\/{rel}","templated":true}]}}