{"id":46890,"date":"2023-09-09T17:20:41","date_gmt":"2023-09-09T14:20:41","guid":{"rendered":"https:\/\/vinodeli.ee\/product\/iturria-2019-tinto\/"},"modified":"2023-12-20T13:40:33","modified_gmt":"2023-12-20T11:40:33","slug":"iturria-2019-tinto","status":"publish","type":"product","link":"https:\/\/vinodeli.ee\/en\/product\/iturria-2019-tinto\/","title":{"rendered":"Tinto Iturria DO Toro 2019 14.5% vol."},"content":{"rendered":"<blockquote>\n<h5>Iturria wine was born, above all, to accompany feelings and emotions; For this reason, its main objective is to make its very high quality standards accessible to all areas of our society. Iturria seeks to contribute to a richer life, with the right to sublimate its important moments, from full confidence in the importance of the wine experience. Iturria therefore works every day so that its name alone is understood as a synonym of the highest quality: IS ITURRIA IS GOOD WINE.<\/h5>\n<\/blockquote>\n<h3>Winemaking<\/h3>\n<p>Organic viticulture. 60-year-old bush vines at an altitude of 650-750 meters. Manual harvest in boxes of 15Kg. The yield of the vineyard is 30hl\/ha. 20 day maceration. Fermentation at low temperatures (maximum 27\u00baC). Native yeasts. Malolactic fermentation in barrels. Aged for 22 months in French oak barrels. An original Toro made in San Rom\u00e1n de la Hornija.<\/p>\n<h3>Tasting notes<\/h3>\n<p>Bright cherry red colour. Very attractive nose. In it, fruit and spices merge, with a very well integrated wood. Complex and pleasant on the palate, with very fine tannins and a long aromatic persistence.<em>Recommended serving temperature: 15\u00b0 \u2014 18\u00b0C<\/em><\/p>\n","protected":false},"excerpt":{"rendered":"<blockquote>\n<h4>Grape varieties:90% Tinta de Toro and 10% Garnacha<\/h4>\n<\/blockquote>\n<ul>\n<li>Gu\u00eda Pe\u00f1\u00edn (vintage 2018) \u2013 90 points<\/li>\n<li>Andreas Larsson \u2013 Tasted.wine\u00a0(vintage 2018)\u00a0\u2013 91 points<\/li>\n<li>Decanter (vintage 2019) \u2013 90 points<\/li>\n<\/ul>\n","protected":false},"featured_media":43320,"template":"","meta":{"_acf_changed":false},"product_brand":[],"product_cat":[19462],"product_tag":[],"class_list":{"0":"post-46890","1":"product","2":"type-product","3":"status-publish","4":"has-post-thumbnail","6":"product_cat-red-wine","8":"first","9":"instock","10":"downloadable","11":"taxable","12":"shipping-taxable","13":"purchasable","14":"product-type-simple"},"acf":[],"yoast_head":"<!-- This site is optimized with the Yoast SEO plugin v25.7 - https:\/\/yoast.com\/wordpress\/plugins\/seo\/ -->\n<title>Tinto Iturria DO Toro 2019 14.5% vol. - Vinodeli<\/title>\n<meta name=\"robots\" content=\"index, follow, max-snippet:-1, max-image-preview:large, max-video-preview:-1\" \/>\n<link rel=\"canonical\" href=\"https:\/\/vinodeli.ee\/product\/tinto_iturria_2019\/\" \/>\n<meta property=\"og:locale\" content=\"en_US\" \/>\n<meta property=\"og:type\" content=\"article\" \/>\n<meta property=\"og:title\" content=\"Tinto Iturria DO Toro 2019 14.5% vol. - Vinodeli\" \/>\n<meta property=\"og:description\" content=\"Grape varieties:90% Tinta de Toro and 10% Garnacha Gu\u00eda Pe\u00f1\u00edn (vintage 2018) \u2013 90 points Andreas Larsson \u2013 Tasted.wine\u00a0(vintage 2018)\u00a0\u2013 91 points Decanter (vintage 2019) \u2013 90 points\" \/>\n<meta property=\"og:url\" content=\"https:\/\/vinodeli.ee\/product\/tinto_iturria_2019\/\" \/>\n<meta property=\"og:site_name\" content=\"Vinodeli\" \/>\n<meta property=\"article:modified_time\" content=\"2023-12-20T11:40:33+00:00\" \/>\n<meta property=\"og:image\" content=\"https:\/\/vinodeli.ee\/wp-content\/uploads\/2023\/11\/iturria-tinto-2019-jpe-2.webp\" \/>\n\t<meta property=\"og:image:width\" content=\"1200\" \/>\n\t<meta property=\"og:image:height\" content=\"1200\" \/>\n\t<meta property=\"og:image:type\" content=\"image\/webp\" \/>\n<meta name=\"twitter:card\" content=\"summary_large_image\" \/>\n<meta name=\"twitter:label1\" content=\"Est. reading time\" \/>\n\t<meta name=\"twitter:data1\" content=\"1 minute\" \/>\n<script type=\"application\/ld+json\" class=\"yoast-schema-graph\">{\"@context\":\"https:\/\/schema.org\",\"@graph\":[{\"@type\":\"WebPage\",\"@id\":\"https:\/\/vinodeli.ee\/product\/tinto_iturria_2019\/\",\"url\":\"https:\/\/vinodeli.ee\/product\/tinto_iturria_2019\/\",\"name\":\"Tinto Iturria DO Toro 2019 14.5% vol. - Vinodeli\",\"isPartOf\":{\"@id\":\"https:\/\/vinodeli.ee\/#website\"},\"primaryImageOfPage\":{\"@id\":\"https:\/\/vinodeli.ee\/product\/tinto_iturria_2019\/#primaryimage\"},\"image\":{\"@id\":\"https:\/\/vinodeli.ee\/product\/tinto_iturria_2019\/#primaryimage\"},\"thumbnailUrl\":\"https:\/\/vinodeli.ee\/wp-content\/uploads\/2023\/11\/iturria-tinto-2019-jpe-2.webp\",\"datePublished\":\"2023-09-09T14:20:41+00:00\",\"dateModified\":\"2023-12-20T11:40:33+00:00\",\"breadcrumb\":{\"@id\":\"https:\/\/vinodeli.ee\/product\/tinto_iturria_2019\/#breadcrumb\"},\"inLanguage\":\"en-US\",\"potentialAction\":[{\"@type\":\"ReadAction\",\"target\":[\"https:\/\/vinodeli.ee\/product\/tinto_iturria_2019\/\"]}]},{\"@type\":\"ImageObject\",\"inLanguage\":\"en-US\",\"@id\":\"https:\/\/vinodeli.ee\/product\/tinto_iturria_2019\/#primaryimage\",\"url\":\"https:\/\/vinodeli.ee\/wp-content\/uploads\/2023\/11\/iturria-tinto-2019-jpe-2.webp\",\"contentUrl\":\"https:\/\/vinodeli.ee\/wp-content\/uploads\/2023\/11\/iturria-tinto-2019-jpe-2.webp\",\"width\":1200,\"height\":1200},{\"@type\":\"BreadcrumbList\",\"@id\":\"https:\/\/vinodeli.ee\/product\/tinto_iturria_2019\/#breadcrumb\",\"itemListElement\":[{\"@type\":\"ListItem\",\"position\":1,\"name\":\"Home\",\"item\":\"https:\/\/vinodeli.ee\/en\/\"},{\"@type\":\"ListItem\",\"position\":2,\"name\":\"Shop\",\"item\":\"https:\/\/vinodeli.ee\/pood\/\"},{\"@type\":\"ListItem\",\"position\":3,\"name\":\"Tinto Iturria DO Toro 2019 14.5% vol.\"}]},{\"@type\":\"WebSite\",\"@id\":\"https:\/\/vinodeli.ee\/#website\",\"url\":\"https:\/\/vinodeli.ee\/\",\"name\":\"Vinodeli\",\"description\":\"\",\"publisher\":{\"@id\":\"https:\/\/vinodeli.ee\/#organization\"},\"potentialAction\":[{\"@type\":\"SearchAction\",\"target\":{\"@type\":\"EntryPoint\",\"urlTemplate\":\"https:\/\/vinodeli.ee\/?s={search_term_string}\"},\"query-input\":{\"@type\":\"PropertyValueSpecification\",\"valueRequired\":true,\"valueName\":\"search_term_string\"}}],\"inLanguage\":\"en-US\"},{\"@type\":\"Organization\",\"@id\":\"https:\/\/vinodeli.ee\/#organization\",\"name\":\"Vinodeli O\u00dc\",\"url\":\"https:\/\/vinodeli.ee\/\",\"logo\":{\"@type\":\"ImageObject\",\"inLanguage\":\"en-US\",\"@id\":\"https:\/\/vinodeli.ee\/#\/schema\/logo\/image\/\",\"url\":\"https:\/\/vinodeli.ee\/wp-content\/uploads\/2024\/02\/logo-winodeli-1.png\",\"contentUrl\":\"https:\/\/vinodeli.ee\/wp-content\/uploads\/2024\/02\/logo-winodeli-1.png\",\"width\":1500,\"height\":1150,\"caption\":\"Vinodeli O\u00dc\"},\"image\":{\"@id\":\"https:\/\/vinodeli.ee\/#\/schema\/logo\/image\/\"}}]}<\/script>\n<!-- \/ Yoast SEO plugin. -->","yoast_head_json":{"title":"Tinto Iturria DO Toro 2019 14.5% vol. - Vinodeli","robots":{"index":"index","follow":"follow","max-snippet":"max-snippet:-1","max-image-preview":"max-image-preview:large","max-video-preview":"max-video-preview:-1"},"canonical":"https:\/\/vinodeli.ee\/product\/tinto_iturria_2019\/","og_locale":"en_US","og_type":"article","og_title":"Tinto Iturria DO Toro 2019 14.5% vol. - Vinodeli","og_description":"Grape varieties:90% Tinta de Toro and 10% Garnacha Gu\u00eda Pe\u00f1\u00edn (vintage 2018) \u2013 90 points Andreas Larsson \u2013 Tasted.wine\u00a0(vintage 2018)\u00a0\u2013 91 points Decanter (vintage 2019) \u2013 90 points","og_url":"https:\/\/vinodeli.ee\/product\/tinto_iturria_2019\/","og_site_name":"Vinodeli","article_modified_time":"2023-12-20T11:40:33+00:00","og_image":[{"width":1200,"height":1200,"url":"https:\/\/vinodeli.ee\/wp-content\/uploads\/2023\/11\/iturria-tinto-2019-jpe-2.webp","type":"image\/webp"}],"twitter_card":"summary_large_image","twitter_misc":{"Est. reading time":"1 minute"},"schema":{"@context":"https:\/\/schema.org","@graph":[{"@type":"WebPage","@id":"https:\/\/vinodeli.ee\/product\/tinto_iturria_2019\/","url":"https:\/\/vinodeli.ee\/product\/tinto_iturria_2019\/","name":"Tinto Iturria DO Toro 2019 14.5% vol. - Vinodeli","isPartOf":{"@id":"https:\/\/vinodeli.ee\/#website"},"primaryImageOfPage":{"@id":"https:\/\/vinodeli.ee\/product\/tinto_iturria_2019\/#primaryimage"},"image":{"@id":"https:\/\/vinodeli.ee\/product\/tinto_iturria_2019\/#primaryimage"},"thumbnailUrl":"https:\/\/vinodeli.ee\/wp-content\/uploads\/2023\/11\/iturria-tinto-2019-jpe-2.webp","datePublished":"2023-09-09T14:20:41+00:00","dateModified":"2023-12-20T11:40:33+00:00","breadcrumb":{"@id":"https:\/\/vinodeli.ee\/product\/tinto_iturria_2019\/#breadcrumb"},"inLanguage":"en-US","potentialAction":[{"@type":"ReadAction","target":["https:\/\/vinodeli.ee\/product\/tinto_iturria_2019\/"]}]},{"@type":"ImageObject","inLanguage":"en-US","@id":"https:\/\/vinodeli.ee\/product\/tinto_iturria_2019\/#primaryimage","url":"https:\/\/vinodeli.ee\/wp-content\/uploads\/2023\/11\/iturria-tinto-2019-jpe-2.webp","contentUrl":"https:\/\/vinodeli.ee\/wp-content\/uploads\/2023\/11\/iturria-tinto-2019-jpe-2.webp","width":1200,"height":1200},{"@type":"BreadcrumbList","@id":"https:\/\/vinodeli.ee\/product\/tinto_iturria_2019\/#breadcrumb","itemListElement":[{"@type":"ListItem","position":1,"name":"Home","item":"https:\/\/vinodeli.ee\/en\/"},{"@type":"ListItem","position":2,"name":"Shop","item":"https:\/\/vinodeli.ee\/pood\/"},{"@type":"ListItem","position":3,"name":"Tinto Iturria DO Toro 2019 14.5% vol."}]},{"@type":"WebSite","@id":"https:\/\/vinodeli.ee\/#website","url":"https:\/\/vinodeli.ee\/","name":"Vinodeli","description":"","publisher":{"@id":"https:\/\/vinodeli.ee\/#organization"},"potentialAction":[{"@type":"SearchAction","target":{"@type":"EntryPoint","urlTemplate":"https:\/\/vinodeli.ee\/?s={search_term_string}"},"query-input":{"@type":"PropertyValueSpecification","valueRequired":true,"valueName":"search_term_string"}}],"inLanguage":"en-US"},{"@type":"Organization","@id":"https:\/\/vinodeli.ee\/#organization","name":"Vinodeli O\u00dc","url":"https:\/\/vinodeli.ee\/","logo":{"@type":"ImageObject","inLanguage":"en-US","@id":"https:\/\/vinodeli.ee\/#\/schema\/logo\/image\/","url":"https:\/\/vinodeli.ee\/wp-content\/uploads\/2024\/02\/logo-winodeli-1.png","contentUrl":"https:\/\/vinodeli.ee\/wp-content\/uploads\/2024\/02\/logo-winodeli-1.png","width":1500,"height":1150,"caption":"Vinodeli O\u00dc"},"image":{"@id":"https:\/\/vinodeli.ee\/#\/schema\/logo\/image\/"}}]}},"_links":{"self":[{"href":"https:\/\/vinodeli.ee\/en\/wp-json\/wp\/v2\/product\/46890","targetHints":{"allow":["GET"]}}],"collection":[{"href":"https:\/\/vinodeli.ee\/en\/wp-json\/wp\/v2\/product"}],"about":[{"href":"https:\/\/vinodeli.ee\/en\/wp-json\/wp\/v2\/types\/product"}],"version-history":[{"count":0,"href":"https:\/\/vinodeli.ee\/en\/wp-json\/wp\/v2\/product\/46890\/revisions"}],"wp:featuredmedia":[{"embeddable":true,"href":"https:\/\/vinodeli.ee\/en\/wp-json\/wp\/v2\/media\/43320"}],"wp:attachment":[{"href":"https:\/\/vinodeli.ee\/en\/wp-json\/wp\/v2\/media?parent=46890"}],"wp:term":[{"taxonomy":"product_brand","embeddable":true,"href":"https:\/\/vinodeli.ee\/en\/wp-json\/wp\/v2\/product_brand?post=46890"},{"taxonomy":"product_cat","embeddable":true,"href":"https:\/\/vinodeli.ee\/en\/wp-json\/wp\/v2\/product_cat?post=46890"},{"taxonomy":"product_tag","embeddable":true,"href":"https:\/\/vinodeli.ee\/en\/wp-json\/wp\/v2\/product_tag?post=46890"}],"curies":[{"name":"wp","href":"https:\/\/api.w.org\/{rel}","templated":true}]}}