{"id":46891,"date":"2023-09-09T13:43:25","date_gmt":"2023-09-09T10:43:25","guid":{"rendered":"https:\/\/vinodeli.ee\/product\/la-fillaboa-1898-albarino\/"},"modified":"2023-12-20T13:40:35","modified_gmt":"2023-12-20T11:40:35","slug":"la-fillaboa-1898-albarino","status":"publish","type":"product","link":"https:\/\/vinodeli.ee\/en\/product\/la-fillaboa-1898-albarino\/","title":{"rendered":"La Fillaboa 1898 Albari\u00f1o DO R\u00edas Baixas 2016 13% vol."},"content":{"rendered":"<blockquote>\n<h5>The Fillaboa estate, \u201cgood daughter\u201d, has its origins in the 17th century. The name of the farm comes from a local legend with many parallels to the story of \u201cCinderella\u201d by Charles Perrault, in which two daughters of a Count envied their younger sister to whom their father left the best land as an inheritance. . Fillaboa is one of the largest wine estates in Galicia, bathed in its surroundings by the Tea and Mi\u00f1o rivers. Next to the farm, there is a medieval bridge and a 1,600 meter stone wall that frames the farm. In Fillaboa, nature commands. In addition to an exquisite garden of camellias, olive trees, magnolias, and cork oaks, the Fillaboa vineyard is spectacular. 50 hectares of own vineyards are divided into 12 delimited plots facing south in which we find majestic vines on vines and on trellises.<\/h5>\n<\/blockquote>\n<h3>Winemaking<\/h3>\n<p>Made with 100% Albari\u00f1o grapes from one of Filllaboa\u2019s best plots called Monte Alto. This is the most extraordinary plot, defined by its height at 150 metres above sea level and its sandy loam soil with good drainage and abundant stones from the decomposition of granite, the parent rock. La Fillaboa 1898 has spent six years in steel tanks on fine lees, with regular b\u00e2ttonages to maintain the lees in suspension and, consequently, avoid oxidation to obtain better volume and roundness on the palate.<\/p>\n<h3>Tasting notes<\/h3>\n<p>This white wine stuns at first sight: it is a clean and bright straw-yellow colour with golden glints and a unique and delicate tone. When we stop to contemplate its aromas, we discover a toasty aroma with a candied fruity background, reminiscent of baked apples and bakery products. La Fillaboa 1898 is a smooth wine, with very well integrated acidity, volume and long persistence. It is ideal to pair with fish dishes, poultry, Japanese and Oriental food.<\/p>\n","protected":false},"excerpt":{"rendered":"<blockquote>\n<h4>Grape variety:100% Albari\u00f1o<\/h4>\n<\/blockquote>\n<ul>\n<li>Gu\u00eda Pe\u00f1\u00edn &#8211; 96 points (2020, vintage 2010)<\/li>\n<li>Tim Atkin &#8211; 95 points (2022, vintage 2016)<\/li>\n<li>Decanter World Wine Awards &#8211; 90 points (2023, vintage 2016)<\/li>\n<\/ul>\n","protected":false},"featured_media":43323,"template":"","meta":{"_acf_changed":false},"product_brand":[],"product_cat":[19460],"product_tag":[],"class_list":{"0":"post-46891","1":"product","2":"type-product","3":"status-publish","4":"has-post-thumbnail","6":"product_cat-white-wine","8":"first","9":"instock","10":"downloadable","11":"taxable","12":"shipping-taxable","13":"purchasable","14":"product-type-simple"},"acf":[],"yoast_head":"<!-- This site is optimized with the Yoast SEO plugin v25.7 - https:\/\/yoast.com\/wordpress\/plugins\/seo\/ -->\n<title>La Fillaboa 1898 Albari\u00f1o DO R\u00edas Baixas 2016 13% vol. - Vinodeli<\/title>\n<meta name=\"robots\" content=\"index, follow, max-snippet:-1, max-image-preview:large, max-video-preview:-1\" \/>\n<link rel=\"canonical\" href=\"https:\/\/vinodeli.ee\/product\/la_fillaboa_1898\/\" \/>\n<meta property=\"og:locale\" content=\"en_US\" \/>\n<meta property=\"og:type\" content=\"article\" \/>\n<meta property=\"og:title\" content=\"La Fillaboa 1898 Albari\u00f1o DO R\u00edas Baixas 2016 13% vol. - Vinodeli\" \/>\n<meta property=\"og:description\" content=\"Grape variety:100% Albari\u00f1o Gu\u00eda Pe\u00f1\u00edn - 96 points (2020, vintage 2010) Tim Atkin - 95 points (2022, vintage 2016) Decanter World Wine Awards - 90 points (2023, vintage 2016)\" \/>\n<meta property=\"og:url\" content=\"https:\/\/vinodeli.ee\/product\/la_fillaboa_1898\/\" \/>\n<meta property=\"og:site_name\" content=\"Vinodeli\" \/>\n<meta property=\"article:modified_time\" content=\"2023-12-20T11:40:35+00:00\" \/>\n<meta property=\"og:image\" content=\"https:\/\/vinodeli.ee\/wp-content\/uploads\/2023\/11\/image-jpg-2.webp\" \/>\n\t<meta property=\"og:image:width\" content=\"2560\" \/>\n\t<meta property=\"og:image:height\" content=\"2560\" \/>\n\t<meta property=\"og:image:type\" content=\"image\/webp\" \/>\n<meta name=\"twitter:card\" content=\"summary_large_image\" \/>\n<meta name=\"twitter:label1\" content=\"Est. reading time\" \/>\n\t<meta name=\"twitter:data1\" content=\"2 minutes\" \/>\n<script type=\"application\/ld+json\" class=\"yoast-schema-graph\">{\"@context\":\"https:\/\/schema.org\",\"@graph\":[{\"@type\":\"WebPage\",\"@id\":\"https:\/\/vinodeli.ee\/product\/la_fillaboa_1898\/\",\"url\":\"https:\/\/vinodeli.ee\/product\/la_fillaboa_1898\/\",\"name\":\"La Fillaboa 1898 Albari\u00f1o DO R\u00edas Baixas 2016 13% vol. - Vinodeli\",\"isPartOf\":{\"@id\":\"https:\/\/vinodeli.ee\/#website\"},\"primaryImageOfPage\":{\"@id\":\"https:\/\/vinodeli.ee\/product\/la_fillaboa_1898\/#primaryimage\"},\"image\":{\"@id\":\"https:\/\/vinodeli.ee\/product\/la_fillaboa_1898\/#primaryimage\"},\"thumbnailUrl\":\"https:\/\/vinodeli.ee\/wp-content\/uploads\/2023\/11\/image-jpg-2.webp\",\"datePublished\":\"2023-09-09T10:43:25+00:00\",\"dateModified\":\"2023-12-20T11:40:35+00:00\",\"breadcrumb\":{\"@id\":\"https:\/\/vinodeli.ee\/product\/la_fillaboa_1898\/#breadcrumb\"},\"inLanguage\":\"en-US\",\"potentialAction\":[{\"@type\":\"ReadAction\",\"target\":[\"https:\/\/vinodeli.ee\/product\/la_fillaboa_1898\/\"]}]},{\"@type\":\"ImageObject\",\"inLanguage\":\"en-US\",\"@id\":\"https:\/\/vinodeli.ee\/product\/la_fillaboa_1898\/#primaryimage\",\"url\":\"https:\/\/vinodeli.ee\/wp-content\/uploads\/2023\/11\/image-jpg-2.webp\",\"contentUrl\":\"https:\/\/vinodeli.ee\/wp-content\/uploads\/2023\/11\/image-jpg-2.webp\",\"width\":2560,\"height\":2560},{\"@type\":\"BreadcrumbList\",\"@id\":\"https:\/\/vinodeli.ee\/product\/la_fillaboa_1898\/#breadcrumb\",\"itemListElement\":[{\"@type\":\"ListItem\",\"position\":1,\"name\":\"Home\",\"item\":\"https:\/\/vinodeli.ee\/en\/\"},{\"@type\":\"ListItem\",\"position\":2,\"name\":\"Shop\",\"item\":\"https:\/\/vinodeli.ee\/pood\/\"},{\"@type\":\"ListItem\",\"position\":3,\"name\":\"La Fillaboa 1898 Albari\u00f1o DO R\u00edas Baixas 2016 13% vol.\"}]},{\"@type\":\"WebSite\",\"@id\":\"https:\/\/vinodeli.ee\/#website\",\"url\":\"https:\/\/vinodeli.ee\/\",\"name\":\"Vinodeli\",\"description\":\"\",\"publisher\":{\"@id\":\"https:\/\/vinodeli.ee\/#organization\"},\"potentialAction\":[{\"@type\":\"SearchAction\",\"target\":{\"@type\":\"EntryPoint\",\"urlTemplate\":\"https:\/\/vinodeli.ee\/?s={search_term_string}\"},\"query-input\":{\"@type\":\"PropertyValueSpecification\",\"valueRequired\":true,\"valueName\":\"search_term_string\"}}],\"inLanguage\":\"en-US\"},{\"@type\":\"Organization\",\"@id\":\"https:\/\/vinodeli.ee\/#organization\",\"name\":\"Vinodeli O\u00dc\",\"url\":\"https:\/\/vinodeli.ee\/\",\"logo\":{\"@type\":\"ImageObject\",\"inLanguage\":\"en-US\",\"@id\":\"https:\/\/vinodeli.ee\/#\/schema\/logo\/image\/\",\"url\":\"https:\/\/vinodeli.ee\/wp-content\/uploads\/2024\/02\/logo-winodeli-1.png\",\"contentUrl\":\"https:\/\/vinodeli.ee\/wp-content\/uploads\/2024\/02\/logo-winodeli-1.png\",\"width\":1500,\"height\":1150,\"caption\":\"Vinodeli O\u00dc\"},\"image\":{\"@id\":\"https:\/\/vinodeli.ee\/#\/schema\/logo\/image\/\"}}]}<\/script>\n<!-- \/ Yoast SEO plugin. -->","yoast_head_json":{"title":"La Fillaboa 1898 Albari\u00f1o DO R\u00edas Baixas 2016 13% vol. - Vinodeli","robots":{"index":"index","follow":"follow","max-snippet":"max-snippet:-1","max-image-preview":"max-image-preview:large","max-video-preview":"max-video-preview:-1"},"canonical":"https:\/\/vinodeli.ee\/product\/la_fillaboa_1898\/","og_locale":"en_US","og_type":"article","og_title":"La Fillaboa 1898 Albari\u00f1o DO R\u00edas Baixas 2016 13% vol. - Vinodeli","og_description":"Grape variety:100% Albari\u00f1o Gu\u00eda Pe\u00f1\u00edn - 96 points (2020, vintage 2010) Tim Atkin - 95 points (2022, vintage 2016) Decanter World Wine Awards - 90 points (2023, vintage 2016)","og_url":"https:\/\/vinodeli.ee\/product\/la_fillaboa_1898\/","og_site_name":"Vinodeli","article_modified_time":"2023-12-20T11:40:35+00:00","og_image":[{"width":2560,"height":2560,"url":"https:\/\/vinodeli.ee\/wp-content\/uploads\/2023\/11\/image-jpg-2.webp","type":"image\/webp"}],"twitter_card":"summary_large_image","twitter_misc":{"Est. reading time":"2 minutes"},"schema":{"@context":"https:\/\/schema.org","@graph":[{"@type":"WebPage","@id":"https:\/\/vinodeli.ee\/product\/la_fillaboa_1898\/","url":"https:\/\/vinodeli.ee\/product\/la_fillaboa_1898\/","name":"La Fillaboa 1898 Albari\u00f1o DO R\u00edas Baixas 2016 13% vol. - Vinodeli","isPartOf":{"@id":"https:\/\/vinodeli.ee\/#website"},"primaryImageOfPage":{"@id":"https:\/\/vinodeli.ee\/product\/la_fillaboa_1898\/#primaryimage"},"image":{"@id":"https:\/\/vinodeli.ee\/product\/la_fillaboa_1898\/#primaryimage"},"thumbnailUrl":"https:\/\/vinodeli.ee\/wp-content\/uploads\/2023\/11\/image-jpg-2.webp","datePublished":"2023-09-09T10:43:25+00:00","dateModified":"2023-12-20T11:40:35+00:00","breadcrumb":{"@id":"https:\/\/vinodeli.ee\/product\/la_fillaboa_1898\/#breadcrumb"},"inLanguage":"en-US","potentialAction":[{"@type":"ReadAction","target":["https:\/\/vinodeli.ee\/product\/la_fillaboa_1898\/"]}]},{"@type":"ImageObject","inLanguage":"en-US","@id":"https:\/\/vinodeli.ee\/product\/la_fillaboa_1898\/#primaryimage","url":"https:\/\/vinodeli.ee\/wp-content\/uploads\/2023\/11\/image-jpg-2.webp","contentUrl":"https:\/\/vinodeli.ee\/wp-content\/uploads\/2023\/11\/image-jpg-2.webp","width":2560,"height":2560},{"@type":"BreadcrumbList","@id":"https:\/\/vinodeli.ee\/product\/la_fillaboa_1898\/#breadcrumb","itemListElement":[{"@type":"ListItem","position":1,"name":"Home","item":"https:\/\/vinodeli.ee\/en\/"},{"@type":"ListItem","position":2,"name":"Shop","item":"https:\/\/vinodeli.ee\/pood\/"},{"@type":"ListItem","position":3,"name":"La Fillaboa 1898 Albari\u00f1o DO R\u00edas Baixas 2016 13% vol."}]},{"@type":"WebSite","@id":"https:\/\/vinodeli.ee\/#website","url":"https:\/\/vinodeli.ee\/","name":"Vinodeli","description":"","publisher":{"@id":"https:\/\/vinodeli.ee\/#organization"},"potentialAction":[{"@type":"SearchAction","target":{"@type":"EntryPoint","urlTemplate":"https:\/\/vinodeli.ee\/?s={search_term_string}"},"query-input":{"@type":"PropertyValueSpecification","valueRequired":true,"valueName":"search_term_string"}}],"inLanguage":"en-US"},{"@type":"Organization","@id":"https:\/\/vinodeli.ee\/#organization","name":"Vinodeli O\u00dc","url":"https:\/\/vinodeli.ee\/","logo":{"@type":"ImageObject","inLanguage":"en-US","@id":"https:\/\/vinodeli.ee\/#\/schema\/logo\/image\/","url":"https:\/\/vinodeli.ee\/wp-content\/uploads\/2024\/02\/logo-winodeli-1.png","contentUrl":"https:\/\/vinodeli.ee\/wp-content\/uploads\/2024\/02\/logo-winodeli-1.png","width":1500,"height":1150,"caption":"Vinodeli O\u00dc"},"image":{"@id":"https:\/\/vinodeli.ee\/#\/schema\/logo\/image\/"}}]}},"_links":{"self":[{"href":"https:\/\/vinodeli.ee\/en\/wp-json\/wp\/v2\/product\/46891","targetHints":{"allow":["GET"]}}],"collection":[{"href":"https:\/\/vinodeli.ee\/en\/wp-json\/wp\/v2\/product"}],"about":[{"href":"https:\/\/vinodeli.ee\/en\/wp-json\/wp\/v2\/types\/product"}],"version-history":[{"count":0,"href":"https:\/\/vinodeli.ee\/en\/wp-json\/wp\/v2\/product\/46891\/revisions"}],"wp:featuredmedia":[{"embeddable":true,"href":"https:\/\/vinodeli.ee\/en\/wp-json\/wp\/v2\/media\/43323"}],"wp:attachment":[{"href":"https:\/\/vinodeli.ee\/en\/wp-json\/wp\/v2\/media?parent=46891"}],"wp:term":[{"taxonomy":"product_brand","embeddable":true,"href":"https:\/\/vinodeli.ee\/en\/wp-json\/wp\/v2\/product_brand?post=46891"},{"taxonomy":"product_cat","embeddable":true,"href":"https:\/\/vinodeli.ee\/en\/wp-json\/wp\/v2\/product_cat?post=46891"},{"taxonomy":"product_tag","embeddable":true,"href":"https:\/\/vinodeli.ee\/en\/wp-json\/wp\/v2\/product_tag?post=46891"}],"curies":[{"name":"wp","href":"https:\/\/api.w.org\/{rel}","templated":true}]}}