{"id":46893,"date":"2023-08-28T13:52:32","date_gmt":"2023-08-28T10:52:32","guid":{"rendered":"https:\/\/vinodeli.ee\/product\/cuvee-noble-rose-ballarin\/"},"modified":"2023-12-20T13:40:35","modified_gmt":"2023-12-20T11:40:35","slug":"cuvee-noble-rose-ballarin","status":"publish","type":"product","link":"https:\/\/vinodeli.ee\/en\/product\/cuvee-noble-rose-ballarin\/","title":{"rendered":"Ballarin Cuv\u00e9e Noble Ros\u00e9 Cr\u00e9mant de Bordeaux AOC Brut 12% vol."},"content":{"rendered":"<blockquote>\n<h5>Celene Bordeaux was born from the merger of the historic Cr\u00e9mant de Bordeaux producer (formerly named Ballarin) and the Lannoye vineyards. The latter are made up of three estates on the right bank of the Garonne and located in the Castillon C\u00f4tes de Bordeaux, Puisseguin Saint-\u00c9milion and Saint-\u00c9milion Grand Cru appellations. They have adopted Bordeaux as their home, and are committed to respecting the winegrowing heritage of a region with a worldwide reputation, but also to bringing their own personal touch to it, while always listening to their consumers. Their key words are identity, quality and authenticity. They like to break the mould: their wines must express the full richness of their terroir. For them, the key to a successful wine lies in its ability to appeal through its organoleptic signature and its style: the combination of the good and the beautiful.<\/h5>\n<\/blockquote>\n<h3>Winemaking<\/h3>\n<p>Manual harvest on racks, secondary fermentation in the bottle and aging on slats for a minimum of 12 months.<\/p>\n<h3>Tasting notes<\/h3>\n<p>Grapefruit and citrus aromas, freshness and smoothness; generous sparkling wine with fine and persistent bubbles.<\/p>\n","protected":false},"excerpt":{"rendered":"<blockquote>\n<h4>Grape varieties:Cabernet Franc and Merlot<\/h4>\n<\/blockquote>\n","protected":false},"featured_media":43329,"template":"","meta":{"_acf_changed":false},"product_brand":[],"product_cat":[19488,19489,19495],"product_tag":[],"class_list":{"0":"post-46893","1":"product","2":"type-product","3":"status-publish","4":"has-post-thumbnail","6":"product_cat-sparkling-wine","7":"product_cat-cremant-en","8":"product_cat-all-champagne-method","10":"first","11":"instock","12":"downloadable","13":"taxable","14":"shipping-taxable","15":"purchasable","16":"product-type-simple"},"acf":[],"yoast_head":"<!-- This site is optimized with the Yoast SEO plugin v25.7 - https:\/\/yoast.com\/wordpress\/plugins\/seo\/ -->\n<title>Ballarin Cuv\u00e9e Noble Ros\u00e9 Cr\u00e9mant de Bordeaux AOC Brut 12% vol. - Vinodeli<\/title>\n<meta name=\"robots\" content=\"index, follow, max-snippet:-1, max-image-preview:large, max-video-preview:-1\" \/>\n<link rel=\"canonical\" href=\"https:\/\/vinodeli.ee\/en\/product\/cuvee-noble-rose-ballarin\/\" \/>\n<meta property=\"og:locale\" content=\"en_US\" \/>\n<meta property=\"og:type\" content=\"article\" \/>\n<meta property=\"og:title\" content=\"Ballarin Cuv\u00e9e Noble Ros\u00e9 Cr\u00e9mant de Bordeaux AOC Brut 12% vol. - Vinodeli\" \/>\n<meta property=\"og:description\" content=\"Grape varieties:Cabernet Franc and Merlot\" \/>\n<meta property=\"og:url\" content=\"https:\/\/vinodeli.ee\/en\/product\/cuvee-noble-rose-ballarin\/\" \/>\n<meta property=\"og:site_name\" content=\"Vinodeli\" \/>\n<meta property=\"article:modified_time\" content=\"2023-12-20T11:40:35+00:00\" \/>\n<meta property=\"og:image\" content=\"https:\/\/vinodeli.ee\/wp-content\/uploads\/2023\/11\/ballarin-cuvee-noble-rose-jpg-2.webp\" \/>\n\t<meta property=\"og:image:width\" content=\"880\" \/>\n\t<meta property=\"og:image:height\" content=\"880\" \/>\n\t<meta property=\"og:image:type\" content=\"image\/webp\" \/>\n<meta name=\"twitter:card\" content=\"summary_large_image\" \/>\n<meta name=\"twitter:label1\" content=\"Est. reading time\" \/>\n\t<meta name=\"twitter:data1\" content=\"1 minute\" \/>\n<script type=\"application\/ld+json\" class=\"yoast-schema-graph\">{\"@context\":\"https:\/\/schema.org\",\"@graph\":[{\"@type\":\"WebPage\",\"@id\":\"https:\/\/vinodeli.ee\/en\/product\/cuvee-noble-rose-ballarin\/\",\"url\":\"https:\/\/vinodeli.ee\/en\/product\/cuvee-noble-rose-ballarin\/\",\"name\":\"Ballarin Cuv\u00e9e Noble Ros\u00e9 Cr\u00e9mant de Bordeaux AOC Brut 12% vol. - Vinodeli\",\"isPartOf\":{\"@id\":\"https:\/\/vinodeli.ee\/#website\"},\"primaryImageOfPage\":{\"@id\":\"https:\/\/vinodeli.ee\/en\/product\/cuvee-noble-rose-ballarin\/#primaryimage\"},\"image\":{\"@id\":\"https:\/\/vinodeli.ee\/en\/product\/cuvee-noble-rose-ballarin\/#primaryimage\"},\"thumbnailUrl\":\"https:\/\/vinodeli.ee\/wp-content\/uploads\/2023\/11\/ballarin-cuvee-noble-rose-jpg-2.webp\",\"datePublished\":\"2023-08-28T10:52:32+00:00\",\"dateModified\":\"2023-12-20T11:40:35+00:00\",\"breadcrumb\":{\"@id\":\"https:\/\/vinodeli.ee\/en\/product\/cuvee-noble-rose-ballarin\/#breadcrumb\"},\"inLanguage\":\"en-US\",\"potentialAction\":[{\"@type\":\"ReadAction\",\"target\":[\"https:\/\/vinodeli.ee\/en\/product\/cuvee-noble-rose-ballarin\/\"]}]},{\"@type\":\"ImageObject\",\"inLanguage\":\"en-US\",\"@id\":\"https:\/\/vinodeli.ee\/en\/product\/cuvee-noble-rose-ballarin\/#primaryimage\",\"url\":\"https:\/\/vinodeli.ee\/wp-content\/uploads\/2023\/11\/ballarin-cuvee-noble-rose-jpg-2.webp\",\"contentUrl\":\"https:\/\/vinodeli.ee\/wp-content\/uploads\/2023\/11\/ballarin-cuvee-noble-rose-jpg-2.webp\",\"width\":880,\"height\":880},{\"@type\":\"BreadcrumbList\",\"@id\":\"https:\/\/vinodeli.ee\/en\/product\/cuvee-noble-rose-ballarin\/#breadcrumb\",\"itemListElement\":[{\"@type\":\"ListItem\",\"position\":1,\"name\":\"Home\",\"item\":\"https:\/\/vinodeli.ee\/en\/\"},{\"@type\":\"ListItem\",\"position\":2,\"name\":\"Shop\",\"item\":\"https:\/\/vinodeli.ee\/pood\/\"},{\"@type\":\"ListItem\",\"position\":3,\"name\":\"Ballarin Cuv\u00e9e Noble Ros\u00e9 Cr\u00e9mant de Bordeaux AOC Brut 12% vol.\"}]},{\"@type\":\"WebSite\",\"@id\":\"https:\/\/vinodeli.ee\/#website\",\"url\":\"https:\/\/vinodeli.ee\/\",\"name\":\"Vinodeli\",\"description\":\"\",\"publisher\":{\"@id\":\"https:\/\/vinodeli.ee\/#organization\"},\"potentialAction\":[{\"@type\":\"SearchAction\",\"target\":{\"@type\":\"EntryPoint\",\"urlTemplate\":\"https:\/\/vinodeli.ee\/?s={search_term_string}\"},\"query-input\":{\"@type\":\"PropertyValueSpecification\",\"valueRequired\":true,\"valueName\":\"search_term_string\"}}],\"inLanguage\":\"en-US\"},{\"@type\":\"Organization\",\"@id\":\"https:\/\/vinodeli.ee\/#organization\",\"name\":\"Vinodeli O\u00dc\",\"url\":\"https:\/\/vinodeli.ee\/\",\"logo\":{\"@type\":\"ImageObject\",\"inLanguage\":\"en-US\",\"@id\":\"https:\/\/vinodeli.ee\/#\/schema\/logo\/image\/\",\"url\":\"https:\/\/vinodeli.ee\/wp-content\/uploads\/2024\/02\/logo-winodeli-1.png\",\"contentUrl\":\"https:\/\/vinodeli.ee\/wp-content\/uploads\/2024\/02\/logo-winodeli-1.png\",\"width\":1500,\"height\":1150,\"caption\":\"Vinodeli O\u00dc\"},\"image\":{\"@id\":\"https:\/\/vinodeli.ee\/#\/schema\/logo\/image\/\"}}]}<\/script>\n<!-- \/ Yoast SEO plugin. -->","yoast_head_json":{"title":"Ballarin Cuv\u00e9e Noble Ros\u00e9 Cr\u00e9mant de Bordeaux AOC Brut 12% vol. - Vinodeli","robots":{"index":"index","follow":"follow","max-snippet":"max-snippet:-1","max-image-preview":"max-image-preview:large","max-video-preview":"max-video-preview:-1"},"canonical":"https:\/\/vinodeli.ee\/en\/product\/cuvee-noble-rose-ballarin\/","og_locale":"en_US","og_type":"article","og_title":"Ballarin Cuv\u00e9e Noble Ros\u00e9 Cr\u00e9mant de Bordeaux AOC Brut 12% vol. - Vinodeli","og_description":"Grape varieties:Cabernet Franc and Merlot","og_url":"https:\/\/vinodeli.ee\/en\/product\/cuvee-noble-rose-ballarin\/","og_site_name":"Vinodeli","article_modified_time":"2023-12-20T11:40:35+00:00","og_image":[{"width":880,"height":880,"url":"https:\/\/vinodeli.ee\/wp-content\/uploads\/2023\/11\/ballarin-cuvee-noble-rose-jpg-2.webp","type":"image\/webp"}],"twitter_card":"summary_large_image","twitter_misc":{"Est. reading time":"1 minute"},"schema":{"@context":"https:\/\/schema.org","@graph":[{"@type":"WebPage","@id":"https:\/\/vinodeli.ee\/en\/product\/cuvee-noble-rose-ballarin\/","url":"https:\/\/vinodeli.ee\/en\/product\/cuvee-noble-rose-ballarin\/","name":"Ballarin Cuv\u00e9e Noble Ros\u00e9 Cr\u00e9mant de Bordeaux AOC Brut 12% vol. - Vinodeli","isPartOf":{"@id":"https:\/\/vinodeli.ee\/#website"},"primaryImageOfPage":{"@id":"https:\/\/vinodeli.ee\/en\/product\/cuvee-noble-rose-ballarin\/#primaryimage"},"image":{"@id":"https:\/\/vinodeli.ee\/en\/product\/cuvee-noble-rose-ballarin\/#primaryimage"},"thumbnailUrl":"https:\/\/vinodeli.ee\/wp-content\/uploads\/2023\/11\/ballarin-cuvee-noble-rose-jpg-2.webp","datePublished":"2023-08-28T10:52:32+00:00","dateModified":"2023-12-20T11:40:35+00:00","breadcrumb":{"@id":"https:\/\/vinodeli.ee\/en\/product\/cuvee-noble-rose-ballarin\/#breadcrumb"},"inLanguage":"en-US","potentialAction":[{"@type":"ReadAction","target":["https:\/\/vinodeli.ee\/en\/product\/cuvee-noble-rose-ballarin\/"]}]},{"@type":"ImageObject","inLanguage":"en-US","@id":"https:\/\/vinodeli.ee\/en\/product\/cuvee-noble-rose-ballarin\/#primaryimage","url":"https:\/\/vinodeli.ee\/wp-content\/uploads\/2023\/11\/ballarin-cuvee-noble-rose-jpg-2.webp","contentUrl":"https:\/\/vinodeli.ee\/wp-content\/uploads\/2023\/11\/ballarin-cuvee-noble-rose-jpg-2.webp","width":880,"height":880},{"@type":"BreadcrumbList","@id":"https:\/\/vinodeli.ee\/en\/product\/cuvee-noble-rose-ballarin\/#breadcrumb","itemListElement":[{"@type":"ListItem","position":1,"name":"Home","item":"https:\/\/vinodeli.ee\/en\/"},{"@type":"ListItem","position":2,"name":"Shop","item":"https:\/\/vinodeli.ee\/pood\/"},{"@type":"ListItem","position":3,"name":"Ballarin Cuv\u00e9e Noble Ros\u00e9 Cr\u00e9mant de Bordeaux AOC Brut 12% vol."}]},{"@type":"WebSite","@id":"https:\/\/vinodeli.ee\/#website","url":"https:\/\/vinodeli.ee\/","name":"Vinodeli","description":"","publisher":{"@id":"https:\/\/vinodeli.ee\/#organization"},"potentialAction":[{"@type":"SearchAction","target":{"@type":"EntryPoint","urlTemplate":"https:\/\/vinodeli.ee\/?s={search_term_string}"},"query-input":{"@type":"PropertyValueSpecification","valueRequired":true,"valueName":"search_term_string"}}],"inLanguage":"en-US"},{"@type":"Organization","@id":"https:\/\/vinodeli.ee\/#organization","name":"Vinodeli O\u00dc","url":"https:\/\/vinodeli.ee\/","logo":{"@type":"ImageObject","inLanguage":"en-US","@id":"https:\/\/vinodeli.ee\/#\/schema\/logo\/image\/","url":"https:\/\/vinodeli.ee\/wp-content\/uploads\/2024\/02\/logo-winodeli-1.png","contentUrl":"https:\/\/vinodeli.ee\/wp-content\/uploads\/2024\/02\/logo-winodeli-1.png","width":1500,"height":1150,"caption":"Vinodeli O\u00dc"},"image":{"@id":"https:\/\/vinodeli.ee\/#\/schema\/logo\/image\/"}}]}},"_links":{"self":[{"href":"https:\/\/vinodeli.ee\/en\/wp-json\/wp\/v2\/product\/46893","targetHints":{"allow":["GET"]}}],"collection":[{"href":"https:\/\/vinodeli.ee\/en\/wp-json\/wp\/v2\/product"}],"about":[{"href":"https:\/\/vinodeli.ee\/en\/wp-json\/wp\/v2\/types\/product"}],"version-history":[{"count":0,"href":"https:\/\/vinodeli.ee\/en\/wp-json\/wp\/v2\/product\/46893\/revisions"}],"wp:featuredmedia":[{"embeddable":true,"href":"https:\/\/vinodeli.ee\/en\/wp-json\/wp\/v2\/media\/43329"}],"wp:attachment":[{"href":"https:\/\/vinodeli.ee\/en\/wp-json\/wp\/v2\/media?parent=46893"}],"wp:term":[{"taxonomy":"product_brand","embeddable":true,"href":"https:\/\/vinodeli.ee\/en\/wp-json\/wp\/v2\/product_brand?post=46893"},{"taxonomy":"product_cat","embeddable":true,"href":"https:\/\/vinodeli.ee\/en\/wp-json\/wp\/v2\/product_cat?post=46893"},{"taxonomy":"product_tag","embeddable":true,"href":"https:\/\/vinodeli.ee\/en\/wp-json\/wp\/v2\/product_tag?post=46893"}],"curies":[{"name":"wp","href":"https:\/\/api.w.org\/{rel}","templated":true}]}}