{"id":46896,"date":"2023-07-29T17:37:22","date_gmt":"2023-07-29T14:37:22","guid":{"rendered":"https:\/\/vinodeli.ee\/product\/pet-nat-celene\/"},"modified":"2025-04-06T15:33:43","modified_gmt":"2025-04-06T12:33:43","slug":"pet-nat-celene","status":"publish","type":"product","link":"https:\/\/vinodeli.ee\/en\/product\/pet-nat-celene\/","title":{"rendered":"Celene Pet\u275cNat Sauvignon Blanc 12.5% vol. 0.75l"},"content":{"rendered":"<blockquote>\n<h5>Celene Bordeaux was born from the merger of the historic Cr\u00e9mant de Bordeaux producer (formerly named Ballarin) and the Lannoye vineyards. The latter are made up of three estates on the right bank of the Garonne and located in the Castillon C\u00f4tes de Bordeaux, Puisseguin Saint-\u00c9milion and Saint-\u00c9milion Grand Cru appellations. They have adopted Bordeaux as their home, and are committed to respecting the winegrowing heritage of a region with a worldwide reputation, but also to bringing their own personal touch to it, while always listening to their consumers. Their key words are identity, quality and authenticity. They like to break the mould: their wines must express the full richness of their terroir. For them, the key to a successful wine lies in its ability to appeal through its organoleptic signature and its style: the combination of the good and the beautiful.<\/h5>\n<\/blockquote>\n<h3>Winemaking<\/h3>\n<p>The beautifully aromatic wine Pet Nat from the Sauvignon variety was created by completing the alcoholic fermentation in the bottle under a crown cap. It was aged for 3 months in the limestone cellars of Maison Hebrard.<\/p>\n<h3>Tasting notes<\/h3>\n<p>Beautiful aromatics of white and yellow fruits. Rich flavour with a beautiful harmony between freshness and roundness.<\/p>\n<h3>Serving suggestion<\/h3>\n<p>An elegant aperitif and a great all-round gastronomic wine.<\/p>\n","protected":false},"excerpt":{"rendered":"<blockquote>\n<h4>Grape variety:100% Sauvignon Blanc<\/h4>\n<\/blockquote>\n","protected":false},"featured_media":69943,"template":"","meta":{"_acf_changed":false},"product_brand":[],"product_cat":[19488,19490],"product_tag":[],"class_list":{"0":"post-46896","1":"product","2":"type-product","3":"status-publish","4":"has-post-thumbnail","6":"product_cat-sparkling-wine","7":"product_cat-pet-nat-en","9":"first","10":"instock","11":"downloadable","12":"taxable","13":"shipping-taxable","14":"purchasable","15":"product-type-simple"},"acf":[],"yoast_head":"<!-- This site is optimized with the Yoast SEO plugin v25.7 - https:\/\/yoast.com\/wordpress\/plugins\/seo\/ -->\n<title>Celene Pet\u275cNat Sauvignon Blanc 12.5% vol. 0.75l - Vinodeli<\/title>\n<meta name=\"robots\" content=\"index, follow, max-snippet:-1, max-image-preview:large, max-video-preview:-1\" \/>\n<link rel=\"canonical\" href=\"https:\/\/vinodeli.ee\/en\/product\/pet-nat-celene\/\" \/>\n<meta property=\"og:locale\" content=\"en_US\" \/>\n<meta property=\"og:type\" content=\"article\" \/>\n<meta property=\"og:title\" content=\"Celene Pet\u275cNat Sauvignon Blanc 12.5% vol. 0.75l - Vinodeli\" \/>\n<meta property=\"og:description\" content=\"Grape variety:100% Sauvignon Blanc\" \/>\n<meta property=\"og:url\" content=\"https:\/\/vinodeli.ee\/en\/product\/pet-nat-celene\/\" \/>\n<meta property=\"og:site_name\" content=\"Vinodeli\" \/>\n<meta property=\"article:modified_time\" content=\"2025-04-06T12:33:43+00:00\" \/>\n<meta property=\"og:image\" content=\"https:\/\/vinodeli.ee\/wp-content\/uploads\/2023\/11\/pet-na-scaled-1-jpg-2.webp\" \/>\n\t<meta property=\"og:image:width\" content=\"2560\" \/>\n\t<meta property=\"og:image:height\" content=\"2560\" \/>\n\t<meta property=\"og:image:type\" content=\"image\/webp\" \/>\n<meta name=\"twitter:card\" content=\"summary_large_image\" \/>\n<meta name=\"twitter:label1\" content=\"Est. reading time\" \/>\n\t<meta name=\"twitter:data1\" content=\"1 minute\" \/>\n<script type=\"application\/ld+json\" class=\"yoast-schema-graph\">{\"@context\":\"https:\/\/schema.org\",\"@graph\":[{\"@type\":\"WebPage\",\"@id\":\"https:\/\/vinodeli.ee\/en\/product\/pet-nat-celene\/\",\"url\":\"https:\/\/vinodeli.ee\/en\/product\/pet-nat-celene\/\",\"name\":\"Celene Pet\u275cNat Sauvignon Blanc 12.5% vol. 0.75l - Vinodeli\",\"isPartOf\":{\"@id\":\"https:\/\/vinodeli.ee\/#website\"},\"primaryImageOfPage\":{\"@id\":\"https:\/\/vinodeli.ee\/en\/product\/pet-nat-celene\/#primaryimage\"},\"image\":{\"@id\":\"https:\/\/vinodeli.ee\/en\/product\/pet-nat-celene\/#primaryimage\"},\"thumbnailUrl\":\"https:\/\/vinodeli.ee\/wp-content\/uploads\/2023\/07\/celene-pet-nat.jpg\",\"datePublished\":\"2023-07-29T14:37:22+00:00\",\"dateModified\":\"2025-04-06T12:33:43+00:00\",\"breadcrumb\":{\"@id\":\"https:\/\/vinodeli.ee\/en\/product\/pet-nat-celene\/#breadcrumb\"},\"inLanguage\":\"en-US\",\"potentialAction\":[{\"@type\":\"ReadAction\",\"target\":[\"https:\/\/vinodeli.ee\/en\/product\/pet-nat-celene\/\"]}]},{\"@type\":\"ImageObject\",\"inLanguage\":\"en-US\",\"@id\":\"https:\/\/vinodeli.ee\/en\/product\/pet-nat-celene\/#primaryimage\",\"url\":\"https:\/\/vinodeli.ee\/wp-content\/uploads\/2023\/07\/celene-pet-nat.jpg\",\"contentUrl\":\"https:\/\/vinodeli.ee\/wp-content\/uploads\/2023\/07\/celene-pet-nat.jpg\",\"width\":1200,\"height\":1200},{\"@type\":\"BreadcrumbList\",\"@id\":\"https:\/\/vinodeli.ee\/en\/product\/pet-nat-celene\/#breadcrumb\",\"itemListElement\":[{\"@type\":\"ListItem\",\"position\":1,\"name\":\"Home\",\"item\":\"https:\/\/vinodeli.ee\/en\/\"},{\"@type\":\"ListItem\",\"position\":2,\"name\":\"Shop\",\"item\":\"https:\/\/vinodeli.ee\/pood\/\"},{\"@type\":\"ListItem\",\"position\":3,\"name\":\"Celene Pet\u275cNat Sauvignon Blanc 12.5% vol. 0.75l\"}]},{\"@type\":\"WebSite\",\"@id\":\"https:\/\/vinodeli.ee\/#website\",\"url\":\"https:\/\/vinodeli.ee\/\",\"name\":\"Vinodeli\",\"description\":\"\",\"publisher\":{\"@id\":\"https:\/\/vinodeli.ee\/#organization\"},\"potentialAction\":[{\"@type\":\"SearchAction\",\"target\":{\"@type\":\"EntryPoint\",\"urlTemplate\":\"https:\/\/vinodeli.ee\/?s={search_term_string}\"},\"query-input\":{\"@type\":\"PropertyValueSpecification\",\"valueRequired\":true,\"valueName\":\"search_term_string\"}}],\"inLanguage\":\"en-US\"},{\"@type\":\"Organization\",\"@id\":\"https:\/\/vinodeli.ee\/#organization\",\"name\":\"Vinodeli O\u00dc\",\"url\":\"https:\/\/vinodeli.ee\/\",\"logo\":{\"@type\":\"ImageObject\",\"inLanguage\":\"en-US\",\"@id\":\"https:\/\/vinodeli.ee\/#\/schema\/logo\/image\/\",\"url\":\"https:\/\/vinodeli.ee\/wp-content\/uploads\/2024\/02\/logo-winodeli-1.png\",\"contentUrl\":\"https:\/\/vinodeli.ee\/wp-content\/uploads\/2024\/02\/logo-winodeli-1.png\",\"width\":1500,\"height\":1150,\"caption\":\"Vinodeli O\u00dc\"},\"image\":{\"@id\":\"https:\/\/vinodeli.ee\/#\/schema\/logo\/image\/\"}}]}<\/script>\n<!-- \/ Yoast SEO plugin. -->","yoast_head_json":{"title":"Celene Pet\u275cNat Sauvignon Blanc 12.5% vol. 0.75l - Vinodeli","robots":{"index":"index","follow":"follow","max-snippet":"max-snippet:-1","max-image-preview":"max-image-preview:large","max-video-preview":"max-video-preview:-1"},"canonical":"https:\/\/vinodeli.ee\/en\/product\/pet-nat-celene\/","og_locale":"en_US","og_type":"article","og_title":"Celene Pet\u275cNat Sauvignon Blanc 12.5% vol. 0.75l - Vinodeli","og_description":"Grape variety:100% Sauvignon Blanc","og_url":"https:\/\/vinodeli.ee\/en\/product\/pet-nat-celene\/","og_site_name":"Vinodeli","article_modified_time":"2025-04-06T12:33:43+00:00","og_image":[{"width":2560,"height":2560,"url":"https:\/\/vinodeli.ee\/wp-content\/uploads\/2023\/11\/pet-na-scaled-1-jpg-2.webp","type":"image\/webp"}],"twitter_card":"summary_large_image","twitter_misc":{"Est. reading time":"1 minute"},"schema":{"@context":"https:\/\/schema.org","@graph":[{"@type":"WebPage","@id":"https:\/\/vinodeli.ee\/en\/product\/pet-nat-celene\/","url":"https:\/\/vinodeli.ee\/en\/product\/pet-nat-celene\/","name":"Celene Pet\u275cNat Sauvignon Blanc 12.5% vol. 0.75l - Vinodeli","isPartOf":{"@id":"https:\/\/vinodeli.ee\/#website"},"primaryImageOfPage":{"@id":"https:\/\/vinodeli.ee\/en\/product\/pet-nat-celene\/#primaryimage"},"image":{"@id":"https:\/\/vinodeli.ee\/en\/product\/pet-nat-celene\/#primaryimage"},"thumbnailUrl":"https:\/\/vinodeli.ee\/wp-content\/uploads\/2023\/07\/celene-pet-nat.jpg","datePublished":"2023-07-29T14:37:22+00:00","dateModified":"2025-04-06T12:33:43+00:00","breadcrumb":{"@id":"https:\/\/vinodeli.ee\/en\/product\/pet-nat-celene\/#breadcrumb"},"inLanguage":"en-US","potentialAction":[{"@type":"ReadAction","target":["https:\/\/vinodeli.ee\/en\/product\/pet-nat-celene\/"]}]},{"@type":"ImageObject","inLanguage":"en-US","@id":"https:\/\/vinodeli.ee\/en\/product\/pet-nat-celene\/#primaryimage","url":"https:\/\/vinodeli.ee\/wp-content\/uploads\/2023\/07\/celene-pet-nat.jpg","contentUrl":"https:\/\/vinodeli.ee\/wp-content\/uploads\/2023\/07\/celene-pet-nat.jpg","width":1200,"height":1200},{"@type":"BreadcrumbList","@id":"https:\/\/vinodeli.ee\/en\/product\/pet-nat-celene\/#breadcrumb","itemListElement":[{"@type":"ListItem","position":1,"name":"Home","item":"https:\/\/vinodeli.ee\/en\/"},{"@type":"ListItem","position":2,"name":"Shop","item":"https:\/\/vinodeli.ee\/pood\/"},{"@type":"ListItem","position":3,"name":"Celene Pet\u275cNat Sauvignon Blanc 12.5% vol. 0.75l"}]},{"@type":"WebSite","@id":"https:\/\/vinodeli.ee\/#website","url":"https:\/\/vinodeli.ee\/","name":"Vinodeli","description":"","publisher":{"@id":"https:\/\/vinodeli.ee\/#organization"},"potentialAction":[{"@type":"SearchAction","target":{"@type":"EntryPoint","urlTemplate":"https:\/\/vinodeli.ee\/?s={search_term_string}"},"query-input":{"@type":"PropertyValueSpecification","valueRequired":true,"valueName":"search_term_string"}}],"inLanguage":"en-US"},{"@type":"Organization","@id":"https:\/\/vinodeli.ee\/#organization","name":"Vinodeli O\u00dc","url":"https:\/\/vinodeli.ee\/","logo":{"@type":"ImageObject","inLanguage":"en-US","@id":"https:\/\/vinodeli.ee\/#\/schema\/logo\/image\/","url":"https:\/\/vinodeli.ee\/wp-content\/uploads\/2024\/02\/logo-winodeli-1.png","contentUrl":"https:\/\/vinodeli.ee\/wp-content\/uploads\/2024\/02\/logo-winodeli-1.png","width":1500,"height":1150,"caption":"Vinodeli O\u00dc"},"image":{"@id":"https:\/\/vinodeli.ee\/#\/schema\/logo\/image\/"}}]}},"_links":{"self":[{"href":"https:\/\/vinodeli.ee\/en\/wp-json\/wp\/v2\/product\/46896","targetHints":{"allow":["GET"]}}],"collection":[{"href":"https:\/\/vinodeli.ee\/en\/wp-json\/wp\/v2\/product"}],"about":[{"href":"https:\/\/vinodeli.ee\/en\/wp-json\/wp\/v2\/types\/product"}],"version-history":[{"count":0,"href":"https:\/\/vinodeli.ee\/en\/wp-json\/wp\/v2\/product\/46896\/revisions"}],"wp:featuredmedia":[{"embeddable":true,"href":"https:\/\/vinodeli.ee\/en\/wp-json\/wp\/v2\/media\/69943"}],"wp:attachment":[{"href":"https:\/\/vinodeli.ee\/en\/wp-json\/wp\/v2\/media?parent=46896"}],"wp:term":[{"taxonomy":"product_brand","embeddable":true,"href":"https:\/\/vinodeli.ee\/en\/wp-json\/wp\/v2\/product_brand?post=46896"},{"taxonomy":"product_cat","embeddable":true,"href":"https:\/\/vinodeli.ee\/en\/wp-json\/wp\/v2\/product_cat?post=46896"},{"taxonomy":"product_tag","embeddable":true,"href":"https:\/\/vinodeli.ee\/en\/wp-json\/wp\/v2\/product_tag?post=46896"}],"curies":[{"name":"wp","href":"https:\/\/api.w.org\/{rel}","templated":true}]}}