{"id":46897,"date":"2023-07-29T14:29:43","date_gmt":"2023-07-29T11:29:43","guid":{"rendered":"https:\/\/vinodeli.ee\/product\/cuvee-gaia-celene\/"},"modified":"2023-12-20T13:40:38","modified_gmt":"2023-12-20T11:40:38","slug":"cuvee-gaia-celene","status":"publish","type":"product","link":"https:\/\/vinodeli.ee\/en\/product\/cuvee-gaia-celene\/","title":{"rendered":"Celene Cuv\u00e9e Ga\u00efa Organic Cr\u00e9mant de Bordeaux AOC Brut 12.5% vol."},"content":{"rendered":"<blockquote>\n<h5>Celene Bordeaux was born from the merger of the historic Cr\u00e9mant de Bordeaux producer (formerly named Ballarin) and the Lannoye vineyards. The latter are made up of three estates on the right bank of the Garonne and located in the Castillon C\u00f4tes de Bordeaux, Puisseguin Saint-\u00c9milion and Saint-\u00c9milion Grand Cru appellations. They have adopted Bordeaux as their home, and are committed to respecting the winegrowing heritage of a region with a worldwide reputation, but also to bringing their own personal touch to it, while always listening to their consumers. Their key words are identity, quality and authenticity. They like to break the mould: their wines must express the full richness of their terroir. For them, the key to a successful wine lies in its ability to appeal through its organoleptic signature and its style: the combination of the good and the beautiful.<\/h5>\n<\/blockquote>\n<h3>Tasting notes<\/h3>\n<p>Cuv\u00e9e Ga\u00efa is the ultimate expression of Semillon: a pale yellow colour, aromas of yellow fruit and vanilla, and incredible freshness on the palate. With its tight acidity and steely texture, this is a young wine, showing fresh acidity and grapefruit flavors. It has poise and a good balance between fruit and texture that will allow it to age further.<\/p>\n<h3>Food pairing<\/h3>\n<p>Drink it as an aperitif, with dessert or enjoy it as a cocktail. The freshness of the Gaia cuv\u00e9e is perfect for any occasion.<\/p>\n","protected":false},"excerpt":{"rendered":"<blockquote>\n<h4>Grape variety:100% S\u00e9millon<\/h4>\n<\/blockquote>\n<ul>\n<li>Wine Enthusiast \u2014 90 points<\/li>\n<\/ul>\n","protected":false},"featured_media":43356,"template":"","meta":{"_acf_changed":false},"product_brand":[],"product_cat":[19488,19489,19495],"product_tag":[],"class_list":{"0":"post-46897","1":"product","2":"type-product","3":"status-publish","4":"has-post-thumbnail","6":"product_cat-sparkling-wine","7":"product_cat-cremant-en","8":"product_cat-all-champagne-method","10":"first","11":"instock","12":"taxable","13":"shipping-taxable","14":"purchasable","15":"product-type-simple"},"acf":[],"yoast_head":"<!-- This site is optimized with the Yoast SEO plugin v25.7 - https:\/\/yoast.com\/wordpress\/plugins\/seo\/ -->\n<title>Celene Cuv\u00e9e Ga\u00efa Organic Cr\u00e9mant de Bordeaux AOC Brut 12.5% vol. - Vinodeli<\/title>\n<meta name=\"robots\" content=\"index, follow, max-snippet:-1, max-image-preview:large, max-video-preview:-1\" \/>\n<link rel=\"canonical\" href=\"https:\/\/vinodeli.ee\/en\/product\/cuvee-gaia-celene\/\" \/>\n<meta property=\"og:locale\" content=\"en_US\" \/>\n<meta property=\"og:type\" content=\"article\" \/>\n<meta property=\"og:title\" content=\"Celene Cuv\u00e9e Ga\u00efa Organic Cr\u00e9mant de Bordeaux AOC Brut 12.5% vol. - Vinodeli\" \/>\n<meta property=\"og:description\" content=\"Grape variety:100% S\u00e9millon Wine Enthusiast \u2014 90 points\" \/>\n<meta property=\"og:url\" content=\"https:\/\/vinodeli.ee\/en\/product\/cuvee-gaia-celene\/\" \/>\n<meta property=\"og:site_name\" content=\"Vinodeli\" \/>\n<meta property=\"article:modified_time\" content=\"2023-12-20T11:40:38+00:00\" \/>\n<meta property=\"og:image\" content=\"https:\/\/vinodeli.ee\/wp-content\/uploads\/2023\/11\/celene-cuvee-gaia-jpg-2.webp\" \/>\n\t<meta property=\"og:image:width\" content=\"1300\" \/>\n\t<meta property=\"og:image:height\" content=\"1300\" \/>\n\t<meta property=\"og:image:type\" content=\"image\/webp\" \/>\n<meta name=\"twitter:card\" content=\"summary_large_image\" \/>\n<meta name=\"twitter:label1\" content=\"Est. reading time\" \/>\n\t<meta name=\"twitter:data1\" content=\"1 minute\" \/>\n<script type=\"application\/ld+json\" class=\"yoast-schema-graph\">{\"@context\":\"https:\/\/schema.org\",\"@graph\":[{\"@type\":\"WebPage\",\"@id\":\"https:\/\/vinodeli.ee\/en\/product\/cuvee-gaia-celene\/\",\"url\":\"https:\/\/vinodeli.ee\/en\/product\/cuvee-gaia-celene\/\",\"name\":\"Celene Cuv\u00e9e Ga\u00efa Organic Cr\u00e9mant de Bordeaux AOC Brut 12.5% vol. - Vinodeli\",\"isPartOf\":{\"@id\":\"https:\/\/vinodeli.ee\/#website\"},\"primaryImageOfPage\":{\"@id\":\"https:\/\/vinodeli.ee\/en\/product\/cuvee-gaia-celene\/#primaryimage\"},\"image\":{\"@id\":\"https:\/\/vinodeli.ee\/en\/product\/cuvee-gaia-celene\/#primaryimage\"},\"thumbnailUrl\":\"https:\/\/vinodeli.ee\/wp-content\/uploads\/2023\/11\/celene-cuvee-gaia-jpg-2.webp\",\"datePublished\":\"2023-07-29T11:29:43+00:00\",\"dateModified\":\"2023-12-20T11:40:38+00:00\",\"breadcrumb\":{\"@id\":\"https:\/\/vinodeli.ee\/en\/product\/cuvee-gaia-celene\/#breadcrumb\"},\"inLanguage\":\"en-US\",\"potentialAction\":[{\"@type\":\"ReadAction\",\"target\":[\"https:\/\/vinodeli.ee\/en\/product\/cuvee-gaia-celene\/\"]}]},{\"@type\":\"ImageObject\",\"inLanguage\":\"en-US\",\"@id\":\"https:\/\/vinodeli.ee\/en\/product\/cuvee-gaia-celene\/#primaryimage\",\"url\":\"https:\/\/vinodeli.ee\/wp-content\/uploads\/2023\/11\/celene-cuvee-gaia-jpg-2.webp\",\"contentUrl\":\"https:\/\/vinodeli.ee\/wp-content\/uploads\/2023\/11\/celene-cuvee-gaia-jpg-2.webp\",\"width\":1300,\"height\":1300},{\"@type\":\"BreadcrumbList\",\"@id\":\"https:\/\/vinodeli.ee\/en\/product\/cuvee-gaia-celene\/#breadcrumb\",\"itemListElement\":[{\"@type\":\"ListItem\",\"position\":1,\"name\":\"Home\",\"item\":\"https:\/\/vinodeli.ee\/en\/\"},{\"@type\":\"ListItem\",\"position\":2,\"name\":\"Shop\",\"item\":\"https:\/\/vinodeli.ee\/pood\/\"},{\"@type\":\"ListItem\",\"position\":3,\"name\":\"Celene Cuv\u00e9e Ga\u00efa Organic Cr\u00e9mant de Bordeaux AOC Brut 12.5% vol.\"}]},{\"@type\":\"WebSite\",\"@id\":\"https:\/\/vinodeli.ee\/#website\",\"url\":\"https:\/\/vinodeli.ee\/\",\"name\":\"Vinodeli\",\"description\":\"\",\"publisher\":{\"@id\":\"https:\/\/vinodeli.ee\/#organization\"},\"potentialAction\":[{\"@type\":\"SearchAction\",\"target\":{\"@type\":\"EntryPoint\",\"urlTemplate\":\"https:\/\/vinodeli.ee\/?s={search_term_string}\"},\"query-input\":{\"@type\":\"PropertyValueSpecification\",\"valueRequired\":true,\"valueName\":\"search_term_string\"}}],\"inLanguage\":\"en-US\"},{\"@type\":\"Organization\",\"@id\":\"https:\/\/vinodeli.ee\/#organization\",\"name\":\"Vinodeli O\u00dc\",\"url\":\"https:\/\/vinodeli.ee\/\",\"logo\":{\"@type\":\"ImageObject\",\"inLanguage\":\"en-US\",\"@id\":\"https:\/\/vinodeli.ee\/#\/schema\/logo\/image\/\",\"url\":\"https:\/\/vinodeli.ee\/wp-content\/uploads\/2024\/02\/logo-winodeli-1.png\",\"contentUrl\":\"https:\/\/vinodeli.ee\/wp-content\/uploads\/2024\/02\/logo-winodeli-1.png\",\"width\":1500,\"height\":1150,\"caption\":\"Vinodeli O\u00dc\"},\"image\":{\"@id\":\"https:\/\/vinodeli.ee\/#\/schema\/logo\/image\/\"}}]}<\/script>\n<!-- \/ Yoast SEO plugin. -->","yoast_head_json":{"title":"Celene Cuv\u00e9e Ga\u00efa Organic Cr\u00e9mant de Bordeaux AOC Brut 12.5% vol. - Vinodeli","robots":{"index":"index","follow":"follow","max-snippet":"max-snippet:-1","max-image-preview":"max-image-preview:large","max-video-preview":"max-video-preview:-1"},"canonical":"https:\/\/vinodeli.ee\/en\/product\/cuvee-gaia-celene\/","og_locale":"en_US","og_type":"article","og_title":"Celene Cuv\u00e9e Ga\u00efa Organic Cr\u00e9mant de Bordeaux AOC Brut 12.5% vol. - Vinodeli","og_description":"Grape variety:100% S\u00e9millon Wine Enthusiast \u2014 90 points","og_url":"https:\/\/vinodeli.ee\/en\/product\/cuvee-gaia-celene\/","og_site_name":"Vinodeli","article_modified_time":"2023-12-20T11:40:38+00:00","og_image":[{"width":1300,"height":1300,"url":"https:\/\/vinodeli.ee\/wp-content\/uploads\/2023\/11\/celene-cuvee-gaia-jpg-2.webp","type":"image\/webp"}],"twitter_card":"summary_large_image","twitter_misc":{"Est. reading time":"1 minute"},"schema":{"@context":"https:\/\/schema.org","@graph":[{"@type":"WebPage","@id":"https:\/\/vinodeli.ee\/en\/product\/cuvee-gaia-celene\/","url":"https:\/\/vinodeli.ee\/en\/product\/cuvee-gaia-celene\/","name":"Celene Cuv\u00e9e Ga\u00efa Organic Cr\u00e9mant de Bordeaux AOC Brut 12.5% vol. - Vinodeli","isPartOf":{"@id":"https:\/\/vinodeli.ee\/#website"},"primaryImageOfPage":{"@id":"https:\/\/vinodeli.ee\/en\/product\/cuvee-gaia-celene\/#primaryimage"},"image":{"@id":"https:\/\/vinodeli.ee\/en\/product\/cuvee-gaia-celene\/#primaryimage"},"thumbnailUrl":"https:\/\/vinodeli.ee\/wp-content\/uploads\/2023\/11\/celene-cuvee-gaia-jpg-2.webp","datePublished":"2023-07-29T11:29:43+00:00","dateModified":"2023-12-20T11:40:38+00:00","breadcrumb":{"@id":"https:\/\/vinodeli.ee\/en\/product\/cuvee-gaia-celene\/#breadcrumb"},"inLanguage":"en-US","potentialAction":[{"@type":"ReadAction","target":["https:\/\/vinodeli.ee\/en\/product\/cuvee-gaia-celene\/"]}]},{"@type":"ImageObject","inLanguage":"en-US","@id":"https:\/\/vinodeli.ee\/en\/product\/cuvee-gaia-celene\/#primaryimage","url":"https:\/\/vinodeli.ee\/wp-content\/uploads\/2023\/11\/celene-cuvee-gaia-jpg-2.webp","contentUrl":"https:\/\/vinodeli.ee\/wp-content\/uploads\/2023\/11\/celene-cuvee-gaia-jpg-2.webp","width":1300,"height":1300},{"@type":"BreadcrumbList","@id":"https:\/\/vinodeli.ee\/en\/product\/cuvee-gaia-celene\/#breadcrumb","itemListElement":[{"@type":"ListItem","position":1,"name":"Home","item":"https:\/\/vinodeli.ee\/en\/"},{"@type":"ListItem","position":2,"name":"Shop","item":"https:\/\/vinodeli.ee\/pood\/"},{"@type":"ListItem","position":3,"name":"Celene Cuv\u00e9e Ga\u00efa Organic Cr\u00e9mant de Bordeaux AOC Brut 12.5% vol."}]},{"@type":"WebSite","@id":"https:\/\/vinodeli.ee\/#website","url":"https:\/\/vinodeli.ee\/","name":"Vinodeli","description":"","publisher":{"@id":"https:\/\/vinodeli.ee\/#organization"},"potentialAction":[{"@type":"SearchAction","target":{"@type":"EntryPoint","urlTemplate":"https:\/\/vinodeli.ee\/?s={search_term_string}"},"query-input":{"@type":"PropertyValueSpecification","valueRequired":true,"valueName":"search_term_string"}}],"inLanguage":"en-US"},{"@type":"Organization","@id":"https:\/\/vinodeli.ee\/#organization","name":"Vinodeli O\u00dc","url":"https:\/\/vinodeli.ee\/","logo":{"@type":"ImageObject","inLanguage":"en-US","@id":"https:\/\/vinodeli.ee\/#\/schema\/logo\/image\/","url":"https:\/\/vinodeli.ee\/wp-content\/uploads\/2024\/02\/logo-winodeli-1.png","contentUrl":"https:\/\/vinodeli.ee\/wp-content\/uploads\/2024\/02\/logo-winodeli-1.png","width":1500,"height":1150,"caption":"Vinodeli O\u00dc"},"image":{"@id":"https:\/\/vinodeli.ee\/#\/schema\/logo\/image\/"}}]}},"_links":{"self":[{"href":"https:\/\/vinodeli.ee\/en\/wp-json\/wp\/v2\/product\/46897","targetHints":{"allow":["GET"]}}],"collection":[{"href":"https:\/\/vinodeli.ee\/en\/wp-json\/wp\/v2\/product"}],"about":[{"href":"https:\/\/vinodeli.ee\/en\/wp-json\/wp\/v2\/types\/product"}],"version-history":[{"count":0,"href":"https:\/\/vinodeli.ee\/en\/wp-json\/wp\/v2\/product\/46897\/revisions"}],"wp:featuredmedia":[{"embeddable":true,"href":"https:\/\/vinodeli.ee\/en\/wp-json\/wp\/v2\/media\/43356"}],"wp:attachment":[{"href":"https:\/\/vinodeli.ee\/en\/wp-json\/wp\/v2\/media?parent=46897"}],"wp:term":[{"taxonomy":"product_brand","embeddable":true,"href":"https:\/\/vinodeli.ee\/en\/wp-json\/wp\/v2\/product_brand?post=46897"},{"taxonomy":"product_cat","embeddable":true,"href":"https:\/\/vinodeli.ee\/en\/wp-json\/wp\/v2\/product_cat?post=46897"},{"taxonomy":"product_tag","embeddable":true,"href":"https:\/\/vinodeli.ee\/en\/wp-json\/wp\/v2\/product_tag?post=46897"}],"curies":[{"name":"wp","href":"https:\/\/api.w.org\/{rel}","templated":true}]}}