{"id":46951,"date":"2023-07-10T13:32:29","date_gmt":"2023-07-10T10:32:29","guid":{"rendered":"https:\/\/vinodeli.ee\/product\/steinzeit-gruner-veltliner-grosse-reserve-jordan\/"},"modified":"2023-12-20T13:41:12","modified_gmt":"2023-12-20T11:41:12","slug":"steinzeit-gruner-veltliner-grosse-reserve-jordan","status":"publish","type":"product","link":"https:\/\/vinodeli.ee\/en\/product\/steinzeit-gruner-veltliner-grosse-reserve-jordan\/","title":{"rendered":"Jordan SteinZeit Gr\u00fcner Veltliner Gro\u00dfe Reserve 2020 13.5% vol."},"content":{"rendered":"<blockquote>\n<h5>Viticulture tradition has been a top priority in Gro\u00df-Reipersdorf bei Pulkau since 1858. For Simone &#038; Hannes, being a winemaker means capturing the fascination of nature, being sensitive to how the year is developing and bringing the best qualities that nature allows into the cellar. Pulkau fascinates with soils from Maissau granite to fine-grain loess soils on the foothills of the Manhartsberg. These conditions are the origin of their red wine affinity in the white wine-dominated Weinviertel, where they follow their tradition and rely on Zweigelt and St. Laurent. The future of Simone Hiller-Jordan is wine and so she took over the winery with great joy in 2010 and has been running it with enthusiasm and passion ever since.<\/h5>\n<\/blockquote>\n<h3>Winemaking<\/h3>\n<p>Exceptional from the start: the best Veltliner grapes, carefully hand-selected, grown on primary rock, fermented and then matured for 12 months in granite barrels. This TIME IN STONE (Zeit im Stein) perfectly brings out the minerality, complexity, structure, spiciness and balance. For full development, decant briefly. A wine for special moments, we hope you enjoy it.<\/p>\n<h3>Tasting notes<\/h3>\n<div class=\"elementor-column elementor-col-50 elementor-top-column elementor-element elementor-element-40a4e01a\" data-id=\"40a4e01a\" data-element_type=\"column\" data-settings=\"{&quot;background_background&quot;:&quot;classic&quot;}\">\n<div class=\"elementor-widget-wrap elementor-element-populated\">\n<div class=\"elementor-element elementor-element-303aa1f7 elementor-widget elementor-widget-text-editor\" data-id=\"303aa1f7\" data-element_type=\"widget\" data-widget_type=\"text-editor.default\">\n<div class=\"elementor-widget-container\">An incredibly complex wine with enormous minerality, stone fruit, yellow fruit. With all its depth, the wine shows irrepressible life, very inviting and rich, enormously storable! Simply great cinema!<\/div>\n<\/div>\n<\/div>\n<\/div>\n<p><em>Recommended serving temperature: 10\u00b0C<\/em><\/p>\n<section class=\"related products\"><\/section>\n<h3>Food pairing<\/h3>\n<p>SteinZeit lives on its own &#8211; the only thing it really needs is a cosy place and the time you allow yourself and your loved ones! Have fun with this extraordinary palate cinema! But of course, as a matured mineral Gr\u00fcner Veltliner, SteinZeit goes perfectly with grilled fish or Asian dishes. From starters to cheese, where great wines are drunk, the SteinZeit becomes a flattering companion.<\/p>\n","protected":false},"excerpt":{"rendered":"<blockquote>\n<h4>Grape variety:100% Gr\u00fcner Veltliner<\/h4>\n<\/blockquote>\n<ul>\n<li><strong>Mundus Vini &#8211; Gold<\/strong><\/li>\n<li><strong>Frankfurt Wein Trophy &#8211; Gold<\/strong><\/li>\n<li><strong>A La Carte &#8211; 94 points<\/strong><\/li>\n<li><strong>Falstaff &#8211; 93 points<\/strong><\/li>\n<li>Gault &#038; Millau Wine Guide &#8211; 18 points and 3 grapes<\/li>\n<li>Vinaria &#8211; 4 stars<\/li>\n<li>Berliner Wein Trophy &#8211; Gold<\/li>\n<li>Genussmagazin &#8211; very good<\/li>\n<\/ul>\n","protected":false},"featured_media":43518,"template":"","meta":{"_acf_changed":false},"product_brand":[],"product_cat":[19460],"product_tag":[],"class_list":{"0":"post-46951","1":"product","2":"type-product","3":"status-publish","4":"has-post-thumbnail","6":"product_cat-white-wine","8":"first","9":"instock","10":"downloadable","11":"taxable","12":"shipping-taxable","13":"purchasable","14":"product-type-simple"},"acf":[],"yoast_head":"<!-- This site is optimized with the Yoast SEO plugin v25.7 - https:\/\/yoast.com\/wordpress\/plugins\/seo\/ -->\n<title>Jordan SteinZeit Gr\u00fcner Veltliner Gro\u00dfe Reserve 2020 13.5% vol. - Vinodeli<\/title>\n<meta name=\"robots\" content=\"index, follow, max-snippet:-1, max-image-preview:large, max-video-preview:-1\" \/>\n<link rel=\"canonical\" href=\"https:\/\/vinodeli.ee\/en\/product\/steinzeit-gruner-veltliner-grosse-reserve-jordan\/\" \/>\n<meta property=\"og:locale\" content=\"en_US\" \/>\n<meta property=\"og:type\" content=\"article\" \/>\n<meta property=\"og:title\" content=\"Jordan SteinZeit Gr\u00fcner Veltliner Gro\u00dfe Reserve 2020 13.5% vol. - Vinodeli\" \/>\n<meta property=\"og:description\" content=\"Grape variety:100% Gr\u00fcner Veltliner Mundus Vini - Gold Frankfurt Wein Trophy - Gold A La Carte - 94 points Falstaff - 93 points Gault &amp; Millau Wine Guide - 18 points and 3 grapes Vinaria - 4 stars Berliner Wein Trophy - Gold Genussmagazin - very good\" \/>\n<meta property=\"og:url\" content=\"https:\/\/vinodeli.ee\/en\/product\/steinzeit-gruner-veltliner-grosse-reserve-jordan\/\" \/>\n<meta property=\"og:site_name\" content=\"Vinodeli\" \/>\n<meta property=\"article:modified_time\" content=\"2023-12-20T11:41:12+00:00\" \/>\n<meta property=\"og:image\" content=\"https:\/\/vinodeli.ee\/wp-content\/uploads\/2023\/11\/jordan-steinzeit-jpg-2.webp\" \/>\n\t<meta property=\"og:image:width\" content=\"2300\" \/>\n\t<meta property=\"og:image:height\" content=\"2300\" \/>\n\t<meta property=\"og:image:type\" content=\"image\/webp\" \/>\n<meta name=\"twitter:card\" content=\"summary_large_image\" \/>\n<meta name=\"twitter:label1\" content=\"Est. reading time\" \/>\n\t<meta name=\"twitter:data1\" content=\"1 minute\" \/>\n<script type=\"application\/ld+json\" class=\"yoast-schema-graph\">{\"@context\":\"https:\/\/schema.org\",\"@graph\":[{\"@type\":\"WebPage\",\"@id\":\"https:\/\/vinodeli.ee\/en\/product\/steinzeit-gruner-veltliner-grosse-reserve-jordan\/\",\"url\":\"https:\/\/vinodeli.ee\/en\/product\/steinzeit-gruner-veltliner-grosse-reserve-jordan\/\",\"name\":\"Jordan SteinZeit Gr\u00fcner Veltliner Gro\u00dfe Reserve 2020 13.5% vol. - Vinodeli\",\"isPartOf\":{\"@id\":\"https:\/\/vinodeli.ee\/#website\"},\"primaryImageOfPage\":{\"@id\":\"https:\/\/vinodeli.ee\/en\/product\/steinzeit-gruner-veltliner-grosse-reserve-jordan\/#primaryimage\"},\"image\":{\"@id\":\"https:\/\/vinodeli.ee\/en\/product\/steinzeit-gruner-veltliner-grosse-reserve-jordan\/#primaryimage\"},\"thumbnailUrl\":\"https:\/\/vinodeli.ee\/wp-content\/uploads\/2023\/11\/jordan-steinzeit-jpg-2.webp\",\"datePublished\":\"2023-07-10T10:32:29+00:00\",\"dateModified\":\"2023-12-20T11:41:12+00:00\",\"breadcrumb\":{\"@id\":\"https:\/\/vinodeli.ee\/en\/product\/steinzeit-gruner-veltliner-grosse-reserve-jordan\/#breadcrumb\"},\"inLanguage\":\"en-US\",\"potentialAction\":[{\"@type\":\"ReadAction\",\"target\":[\"https:\/\/vinodeli.ee\/en\/product\/steinzeit-gruner-veltliner-grosse-reserve-jordan\/\"]}]},{\"@type\":\"ImageObject\",\"inLanguage\":\"en-US\",\"@id\":\"https:\/\/vinodeli.ee\/en\/product\/steinzeit-gruner-veltliner-grosse-reserve-jordan\/#primaryimage\",\"url\":\"https:\/\/vinodeli.ee\/wp-content\/uploads\/2023\/11\/jordan-steinzeit-jpg-2.webp\",\"contentUrl\":\"https:\/\/vinodeli.ee\/wp-content\/uploads\/2023\/11\/jordan-steinzeit-jpg-2.webp\",\"width\":2300,\"height\":2300},{\"@type\":\"BreadcrumbList\",\"@id\":\"https:\/\/vinodeli.ee\/en\/product\/steinzeit-gruner-veltliner-grosse-reserve-jordan\/#breadcrumb\",\"itemListElement\":[{\"@type\":\"ListItem\",\"position\":1,\"name\":\"Home\",\"item\":\"https:\/\/vinodeli.ee\/en\/\"},{\"@type\":\"ListItem\",\"position\":2,\"name\":\"Shop\",\"item\":\"https:\/\/vinodeli.ee\/pood\/\"},{\"@type\":\"ListItem\",\"position\":3,\"name\":\"Jordan SteinZeit Gr\u00fcner Veltliner Gro\u00dfe Reserve 2020 13.5% vol.\"}]},{\"@type\":\"WebSite\",\"@id\":\"https:\/\/vinodeli.ee\/#website\",\"url\":\"https:\/\/vinodeli.ee\/\",\"name\":\"Vinodeli\",\"description\":\"\",\"publisher\":{\"@id\":\"https:\/\/vinodeli.ee\/#organization\"},\"potentialAction\":[{\"@type\":\"SearchAction\",\"target\":{\"@type\":\"EntryPoint\",\"urlTemplate\":\"https:\/\/vinodeli.ee\/?s={search_term_string}\"},\"query-input\":{\"@type\":\"PropertyValueSpecification\",\"valueRequired\":true,\"valueName\":\"search_term_string\"}}],\"inLanguage\":\"en-US\"},{\"@type\":\"Organization\",\"@id\":\"https:\/\/vinodeli.ee\/#organization\",\"name\":\"Vinodeli O\u00dc\",\"url\":\"https:\/\/vinodeli.ee\/\",\"logo\":{\"@type\":\"ImageObject\",\"inLanguage\":\"en-US\",\"@id\":\"https:\/\/vinodeli.ee\/#\/schema\/logo\/image\/\",\"url\":\"https:\/\/vinodeli.ee\/wp-content\/uploads\/2024\/02\/logo-winodeli-1.png\",\"contentUrl\":\"https:\/\/vinodeli.ee\/wp-content\/uploads\/2024\/02\/logo-winodeli-1.png\",\"width\":1500,\"height\":1150,\"caption\":\"Vinodeli O\u00dc\"},\"image\":{\"@id\":\"https:\/\/vinodeli.ee\/#\/schema\/logo\/image\/\"}}]}<\/script>\n<!-- \/ Yoast SEO plugin. -->","yoast_head_json":{"title":"Jordan SteinZeit Gr\u00fcner Veltliner Gro\u00dfe Reserve 2020 13.5% vol. - Vinodeli","robots":{"index":"index","follow":"follow","max-snippet":"max-snippet:-1","max-image-preview":"max-image-preview:large","max-video-preview":"max-video-preview:-1"},"canonical":"https:\/\/vinodeli.ee\/en\/product\/steinzeit-gruner-veltliner-grosse-reserve-jordan\/","og_locale":"en_US","og_type":"article","og_title":"Jordan SteinZeit Gr\u00fcner Veltliner Gro\u00dfe Reserve 2020 13.5% vol. - Vinodeli","og_description":"Grape variety:100% Gr\u00fcner Veltliner Mundus Vini - Gold Frankfurt Wein Trophy - Gold A La Carte - 94 points Falstaff - 93 points Gault & Millau Wine Guide - 18 points and 3 grapes Vinaria - 4 stars Berliner Wein Trophy - Gold Genussmagazin - very good","og_url":"https:\/\/vinodeli.ee\/en\/product\/steinzeit-gruner-veltliner-grosse-reserve-jordan\/","og_site_name":"Vinodeli","article_modified_time":"2023-12-20T11:41:12+00:00","og_image":[{"width":2300,"height":2300,"url":"https:\/\/vinodeli.ee\/wp-content\/uploads\/2023\/11\/jordan-steinzeit-jpg-2.webp","type":"image\/webp"}],"twitter_card":"summary_large_image","twitter_misc":{"Est. reading time":"1 minute"},"schema":{"@context":"https:\/\/schema.org","@graph":[{"@type":"WebPage","@id":"https:\/\/vinodeli.ee\/en\/product\/steinzeit-gruner-veltliner-grosse-reserve-jordan\/","url":"https:\/\/vinodeli.ee\/en\/product\/steinzeit-gruner-veltliner-grosse-reserve-jordan\/","name":"Jordan SteinZeit Gr\u00fcner Veltliner Gro\u00dfe Reserve 2020 13.5% vol. - Vinodeli","isPartOf":{"@id":"https:\/\/vinodeli.ee\/#website"},"primaryImageOfPage":{"@id":"https:\/\/vinodeli.ee\/en\/product\/steinzeit-gruner-veltliner-grosse-reserve-jordan\/#primaryimage"},"image":{"@id":"https:\/\/vinodeli.ee\/en\/product\/steinzeit-gruner-veltliner-grosse-reserve-jordan\/#primaryimage"},"thumbnailUrl":"https:\/\/vinodeli.ee\/wp-content\/uploads\/2023\/11\/jordan-steinzeit-jpg-2.webp","datePublished":"2023-07-10T10:32:29+00:00","dateModified":"2023-12-20T11:41:12+00:00","breadcrumb":{"@id":"https:\/\/vinodeli.ee\/en\/product\/steinzeit-gruner-veltliner-grosse-reserve-jordan\/#breadcrumb"},"inLanguage":"en-US","potentialAction":[{"@type":"ReadAction","target":["https:\/\/vinodeli.ee\/en\/product\/steinzeit-gruner-veltliner-grosse-reserve-jordan\/"]}]},{"@type":"ImageObject","inLanguage":"en-US","@id":"https:\/\/vinodeli.ee\/en\/product\/steinzeit-gruner-veltliner-grosse-reserve-jordan\/#primaryimage","url":"https:\/\/vinodeli.ee\/wp-content\/uploads\/2023\/11\/jordan-steinzeit-jpg-2.webp","contentUrl":"https:\/\/vinodeli.ee\/wp-content\/uploads\/2023\/11\/jordan-steinzeit-jpg-2.webp","width":2300,"height":2300},{"@type":"BreadcrumbList","@id":"https:\/\/vinodeli.ee\/en\/product\/steinzeit-gruner-veltliner-grosse-reserve-jordan\/#breadcrumb","itemListElement":[{"@type":"ListItem","position":1,"name":"Home","item":"https:\/\/vinodeli.ee\/en\/"},{"@type":"ListItem","position":2,"name":"Shop","item":"https:\/\/vinodeli.ee\/pood\/"},{"@type":"ListItem","position":3,"name":"Jordan SteinZeit Gr\u00fcner Veltliner Gro\u00dfe Reserve 2020 13.5% vol."}]},{"@type":"WebSite","@id":"https:\/\/vinodeli.ee\/#website","url":"https:\/\/vinodeli.ee\/","name":"Vinodeli","description":"","publisher":{"@id":"https:\/\/vinodeli.ee\/#organization"},"potentialAction":[{"@type":"SearchAction","target":{"@type":"EntryPoint","urlTemplate":"https:\/\/vinodeli.ee\/?s={search_term_string}"},"query-input":{"@type":"PropertyValueSpecification","valueRequired":true,"valueName":"search_term_string"}}],"inLanguage":"en-US"},{"@type":"Organization","@id":"https:\/\/vinodeli.ee\/#organization","name":"Vinodeli O\u00dc","url":"https:\/\/vinodeli.ee\/","logo":{"@type":"ImageObject","inLanguage":"en-US","@id":"https:\/\/vinodeli.ee\/#\/schema\/logo\/image\/","url":"https:\/\/vinodeli.ee\/wp-content\/uploads\/2024\/02\/logo-winodeli-1.png","contentUrl":"https:\/\/vinodeli.ee\/wp-content\/uploads\/2024\/02\/logo-winodeli-1.png","width":1500,"height":1150,"caption":"Vinodeli O\u00dc"},"image":{"@id":"https:\/\/vinodeli.ee\/#\/schema\/logo\/image\/"}}]}},"_links":{"self":[{"href":"https:\/\/vinodeli.ee\/en\/wp-json\/wp\/v2\/product\/46951","targetHints":{"allow":["GET"]}}],"collection":[{"href":"https:\/\/vinodeli.ee\/en\/wp-json\/wp\/v2\/product"}],"about":[{"href":"https:\/\/vinodeli.ee\/en\/wp-json\/wp\/v2\/types\/product"}],"version-history":[{"count":0,"href":"https:\/\/vinodeli.ee\/en\/wp-json\/wp\/v2\/product\/46951\/revisions"}],"wp:featuredmedia":[{"embeddable":true,"href":"https:\/\/vinodeli.ee\/en\/wp-json\/wp\/v2\/media\/43518"}],"wp:attachment":[{"href":"https:\/\/vinodeli.ee\/en\/wp-json\/wp\/v2\/media?parent=46951"}],"wp:term":[{"taxonomy":"product_brand","embeddable":true,"href":"https:\/\/vinodeli.ee\/en\/wp-json\/wp\/v2\/product_brand?post=46951"},{"taxonomy":"product_cat","embeddable":true,"href":"https:\/\/vinodeli.ee\/en\/wp-json\/wp\/v2\/product_cat?post=46951"},{"taxonomy":"product_tag","embeddable":true,"href":"https:\/\/vinodeli.ee\/en\/wp-json\/wp\/v2\/product_tag?post=46951"}],"curies":[{"name":"wp","href":"https:\/\/api.w.org\/{rel}","templated":true}]}}