{"id":47006,"date":"2023-06-03T15:49:51","date_gmt":"2023-06-03T12:49:51","guid":{"rendered":"https:\/\/vinodeli.ee\/product\/cava-rabetllat-i-vidal-brut-nature\/"},"modified":"2023-12-20T13:42:37","modified_gmt":"2023-12-20T11:42:37","slug":"cava-rabetllat-i-vidal-brut-nature","status":"publish","type":"product","link":"https:\/\/vinodeli.ee\/en\/product\/cava-rabetllat-i-vidal-brut-nature\/","title":{"rendered":"Cava Rabetllat i Vidal Brut Nature 12% vol."},"content":{"rendered":"<blockquote>\n<h5>Finca Ca n\u2019Estella is a family-owned winery managed by the same family, the Rabetllat and Vidal. Delf\u00ed Rabetllat was a great lover of wine culture who had even participated in vintages and decided to acquire the property in 1964. In 1992, Merc\u00e8 Rabetllat and her husband, Jaume Vidal, decided to resume the traditional dedication winery of the farm. Today it is the third generation that has taken over together with a team of external professionals.<\/h5>\n<\/blockquote>\n<h3>Winemaking<\/h3>\n<p>Cava made from Chardonnay, Macabeo and Xarel-lo grapes from the estate.<\/p>\n<h3>Tasting notes<\/h3>\n<p>Straw-coloured with fine, elegant bubbles that move continuously and form a persistent crown. The nose is reminiscent of pastries, chocolate and nuts. Pleasant on the palate with a very well-integrated, fine and elegant carbonation. Balanced acidity. Ample and persistent with a very pleasant aftertaste.<em>Recommended serving temperature: 6 \u2013 8\u00b0C<\/em><\/p>\n<h3>Food pairing<\/h3>\n<p>Ideal with appetizers and seafood.<\/p>\n","protected":false},"excerpt":{"rendered":"<blockquote>\n<h4>Grape varieties:Chardonnay, Macabeo and Xarel\u00b7lo<\/h4>\n<\/blockquote>\n<ul>\n<li>Gu\u00eda Pe\u00f1\u00edn (2015) &#8211; 88 points<\/li>\n<\/ul>\n","protected":false},"featured_media":43683,"template":"","meta":{"_acf_changed":false},"product_brand":[],"product_cat":[19488,22136,19500,19495],"product_tag":[],"class_list":{"0":"post-47006","1":"product","2":"type-product","3":"status-publish","4":"has-post-thumbnail","6":"product_cat-sparkling-wine","7":"product_cat-only-brut-nature","8":"product_cat-cava-en","9":"product_cat-all-champagne-method","11":"first","12":"instock","13":"downloadable","14":"taxable","15":"shipping-taxable","16":"purchasable","17":"product-type-simple"},"acf":[],"yoast_head":"<!-- This site is optimized with the Yoast SEO plugin v25.7 - https:\/\/yoast.com\/wordpress\/plugins\/seo\/ -->\n<title>Cava Rabetllat i Vidal Brut Nature 12% vol. - Vinodeli<\/title>\n<meta name=\"robots\" content=\"index, follow, max-snippet:-1, max-image-preview:large, max-video-preview:-1\" \/>\n<link rel=\"canonical\" href=\"https:\/\/vinodeli.ee\/product\/brut_nature_rabetllat_vidal\/\" \/>\n<meta property=\"og:locale\" content=\"en_US\" \/>\n<meta property=\"og:type\" content=\"article\" \/>\n<meta property=\"og:title\" content=\"Cava Rabetllat i Vidal Brut Nature 12% vol. - Vinodeli\" \/>\n<meta property=\"og:description\" content=\"Grape varieties:Chardonnay, Macabeo and Xarel\u00b7lo Gu\u00eda Pe\u00f1\u00edn (2015) - 88 points\" \/>\n<meta property=\"og:url\" content=\"https:\/\/vinodeli.ee\/product\/brut_nature_rabetllat_vidal\/\" \/>\n<meta property=\"og:site_name\" content=\"Vinodeli\" \/>\n<meta property=\"article:modified_time\" content=\"2023-12-20T11:42:37+00:00\" \/>\n<meta property=\"og:image\" content=\"https:\/\/vinodeli.ee\/wp-content\/uploads\/2023\/11\/rabetllat-i-vidal-brut-nature-scaled-1-2.webp\" \/>\n\t<meta property=\"og:image:width\" content=\"2560\" \/>\n\t<meta property=\"og:image:height\" content=\"2560\" \/>\n\t<meta property=\"og:image:type\" content=\"image\/webp\" \/>\n<meta name=\"twitter:card\" content=\"summary_large_image\" \/>\n<meta name=\"twitter:label1\" content=\"Est. reading time\" \/>\n\t<meta name=\"twitter:data1\" content=\"1 minute\" \/>\n<script type=\"application\/ld+json\" class=\"yoast-schema-graph\">{\"@context\":\"https:\/\/schema.org\",\"@graph\":[{\"@type\":\"WebPage\",\"@id\":\"https:\/\/vinodeli.ee\/product\/brut_nature_rabetllat_vidal\/\",\"url\":\"https:\/\/vinodeli.ee\/product\/brut_nature_rabetllat_vidal\/\",\"name\":\"Cava Rabetllat i Vidal Brut Nature 12% vol. - Vinodeli\",\"isPartOf\":{\"@id\":\"https:\/\/vinodeli.ee\/#website\"},\"primaryImageOfPage\":{\"@id\":\"https:\/\/vinodeli.ee\/product\/brut_nature_rabetllat_vidal\/#primaryimage\"},\"image\":{\"@id\":\"https:\/\/vinodeli.ee\/product\/brut_nature_rabetllat_vidal\/#primaryimage\"},\"thumbnailUrl\":\"https:\/\/vinodeli.ee\/wp-content\/uploads\/2023\/11\/rabetllat-i-vidal-brut-nature-scaled-1-2.webp\",\"datePublished\":\"2023-06-03T12:49:51+00:00\",\"dateModified\":\"2023-12-20T11:42:37+00:00\",\"breadcrumb\":{\"@id\":\"https:\/\/vinodeli.ee\/product\/brut_nature_rabetllat_vidal\/#breadcrumb\"},\"inLanguage\":\"en-US\",\"potentialAction\":[{\"@type\":\"ReadAction\",\"target\":[\"https:\/\/vinodeli.ee\/product\/brut_nature_rabetllat_vidal\/\"]}]},{\"@type\":\"ImageObject\",\"inLanguage\":\"en-US\",\"@id\":\"https:\/\/vinodeli.ee\/product\/brut_nature_rabetllat_vidal\/#primaryimage\",\"url\":\"https:\/\/vinodeli.ee\/wp-content\/uploads\/2023\/11\/rabetllat-i-vidal-brut-nature-scaled-1-2.webp\",\"contentUrl\":\"https:\/\/vinodeli.ee\/wp-content\/uploads\/2023\/11\/rabetllat-i-vidal-brut-nature-scaled-1-2.webp\",\"width\":2560,\"height\":2560},{\"@type\":\"BreadcrumbList\",\"@id\":\"https:\/\/vinodeli.ee\/product\/brut_nature_rabetllat_vidal\/#breadcrumb\",\"itemListElement\":[{\"@type\":\"ListItem\",\"position\":1,\"name\":\"Home\",\"item\":\"https:\/\/vinodeli.ee\/en\/\"},{\"@type\":\"ListItem\",\"position\":2,\"name\":\"Shop\",\"item\":\"https:\/\/vinodeli.ee\/pood\/\"},{\"@type\":\"ListItem\",\"position\":3,\"name\":\"Cava Rabetllat i Vidal Brut Nature 12% vol.\"}]},{\"@type\":\"WebSite\",\"@id\":\"https:\/\/vinodeli.ee\/#website\",\"url\":\"https:\/\/vinodeli.ee\/\",\"name\":\"Vinodeli\",\"description\":\"\",\"publisher\":{\"@id\":\"https:\/\/vinodeli.ee\/#organization\"},\"potentialAction\":[{\"@type\":\"SearchAction\",\"target\":{\"@type\":\"EntryPoint\",\"urlTemplate\":\"https:\/\/vinodeli.ee\/?s={search_term_string}\"},\"query-input\":{\"@type\":\"PropertyValueSpecification\",\"valueRequired\":true,\"valueName\":\"search_term_string\"}}],\"inLanguage\":\"en-US\"},{\"@type\":\"Organization\",\"@id\":\"https:\/\/vinodeli.ee\/#organization\",\"name\":\"Vinodeli O\u00dc\",\"url\":\"https:\/\/vinodeli.ee\/\",\"logo\":{\"@type\":\"ImageObject\",\"inLanguage\":\"en-US\",\"@id\":\"https:\/\/vinodeli.ee\/#\/schema\/logo\/image\/\",\"url\":\"https:\/\/vinodeli.ee\/wp-content\/uploads\/2024\/02\/logo-winodeli-1.png\",\"contentUrl\":\"https:\/\/vinodeli.ee\/wp-content\/uploads\/2024\/02\/logo-winodeli-1.png\",\"width\":1500,\"height\":1150,\"caption\":\"Vinodeli O\u00dc\"},\"image\":{\"@id\":\"https:\/\/vinodeli.ee\/#\/schema\/logo\/image\/\"}}]}<\/script>\n<!-- \/ Yoast SEO plugin. -->","yoast_head_json":{"title":"Cava Rabetllat i Vidal Brut Nature 12% vol. - Vinodeli","robots":{"index":"index","follow":"follow","max-snippet":"max-snippet:-1","max-image-preview":"max-image-preview:large","max-video-preview":"max-video-preview:-1"},"canonical":"https:\/\/vinodeli.ee\/product\/brut_nature_rabetllat_vidal\/","og_locale":"en_US","og_type":"article","og_title":"Cava Rabetllat i Vidal Brut Nature 12% vol. - Vinodeli","og_description":"Grape varieties:Chardonnay, Macabeo and Xarel\u00b7lo Gu\u00eda Pe\u00f1\u00edn (2015) - 88 points","og_url":"https:\/\/vinodeli.ee\/product\/brut_nature_rabetllat_vidal\/","og_site_name":"Vinodeli","article_modified_time":"2023-12-20T11:42:37+00:00","og_image":[{"width":2560,"height":2560,"url":"https:\/\/vinodeli.ee\/wp-content\/uploads\/2023\/11\/rabetllat-i-vidal-brut-nature-scaled-1-2.webp","type":"image\/webp"}],"twitter_card":"summary_large_image","twitter_misc":{"Est. reading time":"1 minute"},"schema":{"@context":"https:\/\/schema.org","@graph":[{"@type":"WebPage","@id":"https:\/\/vinodeli.ee\/product\/brut_nature_rabetllat_vidal\/","url":"https:\/\/vinodeli.ee\/product\/brut_nature_rabetllat_vidal\/","name":"Cava Rabetllat i Vidal Brut Nature 12% vol. - Vinodeli","isPartOf":{"@id":"https:\/\/vinodeli.ee\/#website"},"primaryImageOfPage":{"@id":"https:\/\/vinodeli.ee\/product\/brut_nature_rabetllat_vidal\/#primaryimage"},"image":{"@id":"https:\/\/vinodeli.ee\/product\/brut_nature_rabetllat_vidal\/#primaryimage"},"thumbnailUrl":"https:\/\/vinodeli.ee\/wp-content\/uploads\/2023\/11\/rabetllat-i-vidal-brut-nature-scaled-1-2.webp","datePublished":"2023-06-03T12:49:51+00:00","dateModified":"2023-12-20T11:42:37+00:00","breadcrumb":{"@id":"https:\/\/vinodeli.ee\/product\/brut_nature_rabetllat_vidal\/#breadcrumb"},"inLanguage":"en-US","potentialAction":[{"@type":"ReadAction","target":["https:\/\/vinodeli.ee\/product\/brut_nature_rabetllat_vidal\/"]}]},{"@type":"ImageObject","inLanguage":"en-US","@id":"https:\/\/vinodeli.ee\/product\/brut_nature_rabetllat_vidal\/#primaryimage","url":"https:\/\/vinodeli.ee\/wp-content\/uploads\/2023\/11\/rabetllat-i-vidal-brut-nature-scaled-1-2.webp","contentUrl":"https:\/\/vinodeli.ee\/wp-content\/uploads\/2023\/11\/rabetllat-i-vidal-brut-nature-scaled-1-2.webp","width":2560,"height":2560},{"@type":"BreadcrumbList","@id":"https:\/\/vinodeli.ee\/product\/brut_nature_rabetllat_vidal\/#breadcrumb","itemListElement":[{"@type":"ListItem","position":1,"name":"Home","item":"https:\/\/vinodeli.ee\/en\/"},{"@type":"ListItem","position":2,"name":"Shop","item":"https:\/\/vinodeli.ee\/pood\/"},{"@type":"ListItem","position":3,"name":"Cava Rabetllat i Vidal Brut Nature 12% vol."}]},{"@type":"WebSite","@id":"https:\/\/vinodeli.ee\/#website","url":"https:\/\/vinodeli.ee\/","name":"Vinodeli","description":"","publisher":{"@id":"https:\/\/vinodeli.ee\/#organization"},"potentialAction":[{"@type":"SearchAction","target":{"@type":"EntryPoint","urlTemplate":"https:\/\/vinodeli.ee\/?s={search_term_string}"},"query-input":{"@type":"PropertyValueSpecification","valueRequired":true,"valueName":"search_term_string"}}],"inLanguage":"en-US"},{"@type":"Organization","@id":"https:\/\/vinodeli.ee\/#organization","name":"Vinodeli O\u00dc","url":"https:\/\/vinodeli.ee\/","logo":{"@type":"ImageObject","inLanguage":"en-US","@id":"https:\/\/vinodeli.ee\/#\/schema\/logo\/image\/","url":"https:\/\/vinodeli.ee\/wp-content\/uploads\/2024\/02\/logo-winodeli-1.png","contentUrl":"https:\/\/vinodeli.ee\/wp-content\/uploads\/2024\/02\/logo-winodeli-1.png","width":1500,"height":1150,"caption":"Vinodeli O\u00dc"},"image":{"@id":"https:\/\/vinodeli.ee\/#\/schema\/logo\/image\/"}}]}},"_links":{"self":[{"href":"https:\/\/vinodeli.ee\/en\/wp-json\/wp\/v2\/product\/47006","targetHints":{"allow":["GET"]}}],"collection":[{"href":"https:\/\/vinodeli.ee\/en\/wp-json\/wp\/v2\/product"}],"about":[{"href":"https:\/\/vinodeli.ee\/en\/wp-json\/wp\/v2\/types\/product"}],"version-history":[{"count":0,"href":"https:\/\/vinodeli.ee\/en\/wp-json\/wp\/v2\/product\/47006\/revisions"}],"wp:featuredmedia":[{"embeddable":true,"href":"https:\/\/vinodeli.ee\/en\/wp-json\/wp\/v2\/media\/43683"}],"wp:attachment":[{"href":"https:\/\/vinodeli.ee\/en\/wp-json\/wp\/v2\/media?parent=47006"}],"wp:term":[{"taxonomy":"product_brand","embeddable":true,"href":"https:\/\/vinodeli.ee\/en\/wp-json\/wp\/v2\/product_brand?post=47006"},{"taxonomy":"product_cat","embeddable":true,"href":"https:\/\/vinodeli.ee\/en\/wp-json\/wp\/v2\/product_cat?post=47006"},{"taxonomy":"product_tag","embeddable":true,"href":"https:\/\/vinodeli.ee\/en\/wp-json\/wp\/v2\/product_tag?post=47006"}],"curies":[{"name":"wp","href":"https:\/\/api.w.org\/{rel}","templated":true}]}}