{"id":47009,"date":"2023-06-01T16:47:51","date_gmt":"2023-06-01T13:47:51","guid":{"rendered":"https:\/\/vinodeli.ee\/product\/cava-rabetllat-i-vidal-brut\/"},"modified":"2026-03-07T11:59:44","modified_gmt":"2026-03-07T09:59:44","slug":"brut_rabetllat_i_vidal","status":"publish","type":"product","link":"https:\/\/vinodeli.ee\/en\/product\/brut_rabetllat_i_vidal\/","title":{"rendered":"Cava Rabetllat i Vidal Brut 11,5% vol. 0,75L"},"content":{"rendered":"<blockquote>\n<h5>Finca Ca n&#8217;Estella is a family\u2011run estate managed by the Rabetllat and Vidal family. Delf\u00ed Rabetllat was a great lover of wine culture, had even participated in vintages, and decided to acquire the property in 1964.<br \/>In that same year, Merc\u00e8 Rabetllat and her husband Jaume Vidal decided to revive the traditional winemaking activity of the estate. Today, the third generation, together with a team of external professionals, continues this work.   <\/h5>\n<\/blockquote>\n<h3>Winemaking<\/h3>\n<p>A cava produced from Xarel\u00b7lo and Macabeo varieties grown on the estate. The grapes are harvested by hand, and part of them is destemmed to optimize the pressing process. The must is left to settle for 36 hours at 14\u00b0C to separate the clean juice from the sediment. Alcoholic fermentation then begins, taking place at 17\u00b0C for 15 days. Once fermentation is complete, blending, stabilization, filtration, and preparation of the base wine follow. This occurs between January and February, after which the bottles are stored in the cellars for the second fermentation and ageing. With a minimum ageing period of 12 months, disgorgement is carried out at the right moment to ensure the product reaches its highest quality.      <\/p>\n<h3>Tasting notes<\/h3>\n<p>Good foam formation with abundant fine bubbles. Straw\u2011yellow colour with greenish hues. Intense nose with hints of almond and walnut. Pleasant first impression: the carbon dioxide integrates very well with the initially acidic and then slightly sweet flavours. Recommended serving temperature: 6\u20138\u00b0C   <\/p>\n<h3>Food pairing<\/h3>\n<p>A great choice for appetizers and desserts that are not overly sweet.<\/p>\n","protected":false},"excerpt":{"rendered":"<blockquote>\n<h4>Grape variety: Xarel\u00b7lo and Macabeo<\/h4>\n<\/blockquote>\n<ul>\n<li>Gu\u00eda Pe\u00f1\u00edn 2020 &#8211; 88 punkti<\/li>\n<\/ul>\n","protected":false},"featured_media":43692,"template":"","meta":{"_acf_changed":false},"product_brand":[],"product_cat":[19488,19500,19495],"product_tag":[],"class_list":{"0":"post-47009","1":"product","2":"type-product","3":"status-publish","4":"has-post-thumbnail","6":"product_cat-sparkling-wine","7":"product_cat-cava-en","8":"product_cat-all-champagne-method","10":"first","11":"instock","12":"downloadable","13":"taxable","14":"shipping-taxable","15":"purchasable","16":"product-type-simple"},"acf":[],"yoast_head":"<!-- This site is optimized with the Yoast SEO plugin v25.7 - https:\/\/yoast.com\/wordpress\/plugins\/seo\/ -->\n<title>Cava Rabetllat i Vidal Brut 11,5% vol. 0,75L - Vinodeli<\/title>\n<meta name=\"robots\" content=\"index, follow, max-snippet:-1, max-image-preview:large, max-video-preview:-1\" \/>\n<link rel=\"canonical\" href=\"https:\/\/vinodeli.ee\/en\/product\/brut_rabetllat_i_vidal\/\" \/>\n<meta property=\"og:locale\" content=\"en_US\" \/>\n<meta property=\"og:type\" content=\"article\" \/>\n<meta property=\"og:title\" content=\"Cava Rabetllat i Vidal Brut 11,5% vol. 0,75L - Vinodeli\" \/>\n<meta property=\"og:description\" content=\"Grape variety: Xarel\u00b7lo and Macabeo   Gu\u00eda Pe\u00f1\u00edn 2020 - 88 punkti\" \/>\n<meta property=\"og:url\" content=\"https:\/\/vinodeli.ee\/en\/product\/brut_rabetllat_i_vidal\/\" \/>\n<meta property=\"og:site_name\" content=\"Vinodeli\" \/>\n<meta property=\"article:modified_time\" content=\"2026-03-07T09:59:44+00:00\" \/>\n<meta property=\"og:image\" content=\"https:\/\/vinodeli.ee\/wp-content\/uploads\/2023\/11\/rabetllat-i-vidal-brut-2.webp\" \/>\n\t<meta property=\"og:image:width\" content=\"2200\" \/>\n\t<meta property=\"og:image:height\" content=\"2200\" \/>\n\t<meta property=\"og:image:type\" content=\"image\/webp\" \/>\n<meta name=\"twitter:card\" content=\"summary_large_image\" \/>\n<meta name=\"twitter:label1\" content=\"Est. reading time\" \/>\n\t<meta name=\"twitter:data1\" content=\"1 minute\" \/>\n<script type=\"application\/ld+json\" class=\"yoast-schema-graph\">{\"@context\":\"https:\/\/schema.org\",\"@graph\":[{\"@type\":\"WebPage\",\"@id\":\"https:\/\/vinodeli.ee\/en\/product\/brut_rabetllat_i_vidal\/\",\"url\":\"https:\/\/vinodeli.ee\/en\/product\/brut_rabetllat_i_vidal\/\",\"name\":\"Cava Rabetllat i Vidal Brut 11,5% vol. 0,75L - Vinodeli\",\"isPartOf\":{\"@id\":\"https:\/\/vinodeli.ee\/#website\"},\"primaryImageOfPage\":{\"@id\":\"https:\/\/vinodeli.ee\/en\/product\/brut_rabetllat_i_vidal\/#primaryimage\"},\"image\":{\"@id\":\"https:\/\/vinodeli.ee\/en\/product\/brut_rabetllat_i_vidal\/#primaryimage\"},\"thumbnailUrl\":\"https:\/\/vinodeli.ee\/wp-content\/uploads\/2023\/11\/rabetllat-i-vidal-brut-2.webp\",\"datePublished\":\"2023-06-01T13:47:51+00:00\",\"dateModified\":\"2026-03-07T09:59:44+00:00\",\"breadcrumb\":{\"@id\":\"https:\/\/vinodeli.ee\/en\/product\/brut_rabetllat_i_vidal\/#breadcrumb\"},\"inLanguage\":\"en-US\",\"potentialAction\":[{\"@type\":\"ReadAction\",\"target\":[\"https:\/\/vinodeli.ee\/en\/product\/brut_rabetllat_i_vidal\/\"]}]},{\"@type\":\"ImageObject\",\"inLanguage\":\"en-US\",\"@id\":\"https:\/\/vinodeli.ee\/en\/product\/brut_rabetllat_i_vidal\/#primaryimage\",\"url\":\"https:\/\/vinodeli.ee\/wp-content\/uploads\/2023\/11\/rabetllat-i-vidal-brut-2.webp\",\"contentUrl\":\"https:\/\/vinodeli.ee\/wp-content\/uploads\/2023\/11\/rabetllat-i-vidal-brut-2.webp\",\"width\":2200,\"height\":2200},{\"@type\":\"BreadcrumbList\",\"@id\":\"https:\/\/vinodeli.ee\/en\/product\/brut_rabetllat_i_vidal\/#breadcrumb\",\"itemListElement\":[{\"@type\":\"ListItem\",\"position\":1,\"name\":\"Home\",\"item\":\"https:\/\/vinodeli.ee\/en\/\"},{\"@type\":\"ListItem\",\"position\":2,\"name\":\"Shop\",\"item\":\"https:\/\/vinodeli.ee\/pood\/\"},{\"@type\":\"ListItem\",\"position\":3,\"name\":\"Cava Rabetllat i Vidal Brut 11,5% vol. 0,75L\"}]},{\"@type\":\"WebSite\",\"@id\":\"https:\/\/vinodeli.ee\/#website\",\"url\":\"https:\/\/vinodeli.ee\/\",\"name\":\"Vinodeli\",\"description\":\"\",\"publisher\":{\"@id\":\"https:\/\/vinodeli.ee\/#organization\"},\"potentialAction\":[{\"@type\":\"SearchAction\",\"target\":{\"@type\":\"EntryPoint\",\"urlTemplate\":\"https:\/\/vinodeli.ee\/?s={search_term_string}\"},\"query-input\":{\"@type\":\"PropertyValueSpecification\",\"valueRequired\":true,\"valueName\":\"search_term_string\"}}],\"inLanguage\":\"en-US\"},{\"@type\":\"Organization\",\"@id\":\"https:\/\/vinodeli.ee\/#organization\",\"name\":\"Vinodeli O\u00dc\",\"url\":\"https:\/\/vinodeli.ee\/\",\"logo\":{\"@type\":\"ImageObject\",\"inLanguage\":\"en-US\",\"@id\":\"https:\/\/vinodeli.ee\/#\/schema\/logo\/image\/\",\"url\":\"https:\/\/vinodeli.ee\/wp-content\/uploads\/2024\/02\/logo-winodeli-1.png\",\"contentUrl\":\"https:\/\/vinodeli.ee\/wp-content\/uploads\/2024\/02\/logo-winodeli-1.png\",\"width\":1500,\"height\":1150,\"caption\":\"Vinodeli O\u00dc\"},\"image\":{\"@id\":\"https:\/\/vinodeli.ee\/#\/schema\/logo\/image\/\"}}]}<\/script>\n<!-- \/ Yoast SEO plugin. -->","yoast_head_json":{"title":"Cava Rabetllat i Vidal Brut 11,5% vol. 0,75L - Vinodeli","robots":{"index":"index","follow":"follow","max-snippet":"max-snippet:-1","max-image-preview":"max-image-preview:large","max-video-preview":"max-video-preview:-1"},"canonical":"https:\/\/vinodeli.ee\/en\/product\/brut_rabetllat_i_vidal\/","og_locale":"en_US","og_type":"article","og_title":"Cava Rabetllat i Vidal Brut 11,5% vol. 0,75L - Vinodeli","og_description":"Grape variety: Xarel\u00b7lo and Macabeo   Gu\u00eda Pe\u00f1\u00edn 2020 - 88 punkti","og_url":"https:\/\/vinodeli.ee\/en\/product\/brut_rabetllat_i_vidal\/","og_site_name":"Vinodeli","article_modified_time":"2026-03-07T09:59:44+00:00","og_image":[{"width":2200,"height":2200,"url":"https:\/\/vinodeli.ee\/wp-content\/uploads\/2023\/11\/rabetllat-i-vidal-brut-2.webp","type":"image\/webp"}],"twitter_card":"summary_large_image","twitter_misc":{"Est. reading time":"1 minute"},"schema":{"@context":"https:\/\/schema.org","@graph":[{"@type":"WebPage","@id":"https:\/\/vinodeli.ee\/en\/product\/brut_rabetllat_i_vidal\/","url":"https:\/\/vinodeli.ee\/en\/product\/brut_rabetllat_i_vidal\/","name":"Cava Rabetllat i Vidal Brut 11,5% vol. 0,75L - Vinodeli","isPartOf":{"@id":"https:\/\/vinodeli.ee\/#website"},"primaryImageOfPage":{"@id":"https:\/\/vinodeli.ee\/en\/product\/brut_rabetllat_i_vidal\/#primaryimage"},"image":{"@id":"https:\/\/vinodeli.ee\/en\/product\/brut_rabetllat_i_vidal\/#primaryimage"},"thumbnailUrl":"https:\/\/vinodeli.ee\/wp-content\/uploads\/2023\/11\/rabetllat-i-vidal-brut-2.webp","datePublished":"2023-06-01T13:47:51+00:00","dateModified":"2026-03-07T09:59:44+00:00","breadcrumb":{"@id":"https:\/\/vinodeli.ee\/en\/product\/brut_rabetllat_i_vidal\/#breadcrumb"},"inLanguage":"en-US","potentialAction":[{"@type":"ReadAction","target":["https:\/\/vinodeli.ee\/en\/product\/brut_rabetllat_i_vidal\/"]}]},{"@type":"ImageObject","inLanguage":"en-US","@id":"https:\/\/vinodeli.ee\/en\/product\/brut_rabetllat_i_vidal\/#primaryimage","url":"https:\/\/vinodeli.ee\/wp-content\/uploads\/2023\/11\/rabetllat-i-vidal-brut-2.webp","contentUrl":"https:\/\/vinodeli.ee\/wp-content\/uploads\/2023\/11\/rabetllat-i-vidal-brut-2.webp","width":2200,"height":2200},{"@type":"BreadcrumbList","@id":"https:\/\/vinodeli.ee\/en\/product\/brut_rabetllat_i_vidal\/#breadcrumb","itemListElement":[{"@type":"ListItem","position":1,"name":"Home","item":"https:\/\/vinodeli.ee\/en\/"},{"@type":"ListItem","position":2,"name":"Shop","item":"https:\/\/vinodeli.ee\/pood\/"},{"@type":"ListItem","position":3,"name":"Cava Rabetllat i Vidal Brut 11,5% vol. 0,75L"}]},{"@type":"WebSite","@id":"https:\/\/vinodeli.ee\/#website","url":"https:\/\/vinodeli.ee\/","name":"Vinodeli","description":"","publisher":{"@id":"https:\/\/vinodeli.ee\/#organization"},"potentialAction":[{"@type":"SearchAction","target":{"@type":"EntryPoint","urlTemplate":"https:\/\/vinodeli.ee\/?s={search_term_string}"},"query-input":{"@type":"PropertyValueSpecification","valueRequired":true,"valueName":"search_term_string"}}],"inLanguage":"en-US"},{"@type":"Organization","@id":"https:\/\/vinodeli.ee\/#organization","name":"Vinodeli O\u00dc","url":"https:\/\/vinodeli.ee\/","logo":{"@type":"ImageObject","inLanguage":"en-US","@id":"https:\/\/vinodeli.ee\/#\/schema\/logo\/image\/","url":"https:\/\/vinodeli.ee\/wp-content\/uploads\/2024\/02\/logo-winodeli-1.png","contentUrl":"https:\/\/vinodeli.ee\/wp-content\/uploads\/2024\/02\/logo-winodeli-1.png","width":1500,"height":1150,"caption":"Vinodeli O\u00dc"},"image":{"@id":"https:\/\/vinodeli.ee\/#\/schema\/logo\/image\/"}}]}},"_links":{"self":[{"href":"https:\/\/vinodeli.ee\/en\/wp-json\/wp\/v2\/product\/47009","targetHints":{"allow":["GET"]}}],"collection":[{"href":"https:\/\/vinodeli.ee\/en\/wp-json\/wp\/v2\/product"}],"about":[{"href":"https:\/\/vinodeli.ee\/en\/wp-json\/wp\/v2\/types\/product"}],"version-history":[{"count":0,"href":"https:\/\/vinodeli.ee\/en\/wp-json\/wp\/v2\/product\/47009\/revisions"}],"wp:featuredmedia":[{"embeddable":true,"href":"https:\/\/vinodeli.ee\/en\/wp-json\/wp\/v2\/media\/43692"}],"wp:attachment":[{"href":"https:\/\/vinodeli.ee\/en\/wp-json\/wp\/v2\/media?parent=47009"}],"wp:term":[{"taxonomy":"product_brand","embeddable":true,"href":"https:\/\/vinodeli.ee\/en\/wp-json\/wp\/v2\/product_brand?post=47009"},{"taxonomy":"product_cat","embeddable":true,"href":"https:\/\/vinodeli.ee\/en\/wp-json\/wp\/v2\/product_cat?post=47009"},{"taxonomy":"product_tag","embeddable":true,"href":"https:\/\/vinodeli.ee\/en\/wp-json\/wp\/v2\/product_tag?post=47009"}],"curies":[{"name":"wp","href":"https:\/\/api.w.org\/{rel}","templated":true}]}}