{"id":47022,"date":"2023-05-28T17:14:26","date_gmt":"2023-05-28T14:14:26","guid":{"rendered":"https:\/\/vinodeli.ee\/product\/les-bouchots-chartron-et-trebuchet\/"},"modified":"2024-12-17T18:48:31","modified_gmt":"2024-12-17T16:48:31","slug":"les-bouchots-chartron-trebuchet","status":"publish","type":"product","link":"https:\/\/vinodeli.ee\/en\/product\/les-bouchots-chartron-trebuchet\/","title":{"rendered":"Chartron et Tr\u00e9buchet Les Bouchots Montagny AOC 1er Cru 2023 13.5% vol. 0.75l"},"content":{"rendered":"<blockquote>\n<h5>Located in the heart of the Burgundian Golden Triangle (Puligny-Montrachet, Chassagne-Montrachet and Meursault), Chartron et Tr\u00e9buchet is today recognised for the very high quality of its white wines, including 5 Grands Crus, and is remembered by connoisseurs as the creator of the greatest Puligny-Montrachet wines, symbols of the House.<\/h5>\n<\/blockquote>\n<h3>Winemaking<\/h3>\n<p>At the southern tip of the C\u00f4te Chalonnaise, 4 villages (Buxy, Montagny-l\u00e8s-Buxy, Jully-l\u00e8s-Buxy and St. Vallerin) share the appellation Montagny, which produces only white wines. The Climat called &#8220;Les Bouchots&#8221; means &#8220;Bushes&#8221; and refers to the clearing of the land.Traditionnal vinification. The grapes are pressed immediately upon arrival at the winery in pneumatic presses. Fermentation partly in thermo-regulated stainless steel tanks at 16\u00b0C and partly in oak barrels. The wine is then aged for 10 months. The wine aged in oak barrels is then assembled with the wine in stainless steel vats.<\/p>\n<h3>Tasting notes<\/h3>\n<p>Bright yellow color with green hues. A complex and expressive nose of white flowers, underlined by some lime notes. The palate is ample, well-balanced with aromatic notes of citrus fruits and honeysuckle. A mineral and long finish.<\/p>\n<h3>Food pairing<\/h3>\n<p>Ideal as an aperitif. It also pairs well with white meat and sauce.<\/p>\n","protected":false},"excerpt":{"rendered":"<blockquote>\n<h4>Grape variety:100% Chardonnay<\/h4>\n<\/blockquote>\n","protected":false},"featured_media":43729,"template":"","meta":{"_acf_changed":false},"product_brand":[],"product_cat":[19460],"product_tag":[],"class_list":{"0":"post-47022","1":"product","2":"type-product","3":"status-publish","4":"has-post-thumbnail","6":"product_cat-white-wine","8":"first","9":"instock","10":"taxable","11":"shipping-taxable","12":"purchasable","13":"product-type-simple"},"acf":[],"yoast_head":"<!-- This site is optimized with the Yoast SEO plugin v25.7 - https:\/\/yoast.com\/wordpress\/plugins\/seo\/ -->\n<title>Chartron et Tr\u00e9buchet Les Bouchots Montagny AOC 1er Cru 2023 13.5% vol. 0.75l - Vinodeli<\/title>\n<meta name=\"robots\" content=\"index, follow, max-snippet:-1, max-image-preview:large, max-video-preview:-1\" \/>\n<link rel=\"canonical\" href=\"https:\/\/vinodeli.ee\/en\/product\/les-bouchots-chartron-trebuchet\/\" \/>\n<meta property=\"og:locale\" content=\"en_US\" \/>\n<meta property=\"og:type\" content=\"article\" \/>\n<meta property=\"og:title\" content=\"Chartron et Tr\u00e9buchet Les Bouchots Montagny AOC 1er Cru 2023 13.5% vol. 0.75l - Vinodeli\" \/>\n<meta property=\"og:description\" content=\"Grape variety:100% Chardonnay\" \/>\n<meta property=\"og:url\" content=\"https:\/\/vinodeli.ee\/en\/product\/les-bouchots-chartron-trebuchet\/\" \/>\n<meta property=\"og:site_name\" content=\"Vinodeli\" \/>\n<meta property=\"article:modified_time\" content=\"2024-12-17T16:48:31+00:00\" \/>\n<meta property=\"og:image\" content=\"https:\/\/vinodeli.ee\/wp-content\/uploads\/2023\/11\/chartron-et-trebuchet-montagny-1er-cru-scaled-1-2.webp\" \/>\n\t<meta property=\"og:image:width\" content=\"2560\" \/>\n\t<meta property=\"og:image:height\" content=\"2560\" \/>\n\t<meta property=\"og:image:type\" content=\"image\/webp\" \/>\n<meta name=\"twitter:card\" content=\"summary_large_image\" \/>\n<meta name=\"twitter:label1\" content=\"Est. reading time\" \/>\n\t<meta name=\"twitter:data1\" content=\"1 minute\" \/>\n<script type=\"application\/ld+json\" class=\"yoast-schema-graph\">{\"@context\":\"https:\/\/schema.org\",\"@graph\":[{\"@type\":\"WebPage\",\"@id\":\"https:\/\/vinodeli.ee\/en\/product\/les-bouchots-chartron-trebuchet\/\",\"url\":\"https:\/\/vinodeli.ee\/en\/product\/les-bouchots-chartron-trebuchet\/\",\"name\":\"Chartron et Tr\u00e9buchet Les Bouchots Montagny AOC 1er Cru 2023 13.5% vol. 0.75l - Vinodeli\",\"isPartOf\":{\"@id\":\"https:\/\/vinodeli.ee\/#website\"},\"primaryImageOfPage\":{\"@id\":\"https:\/\/vinodeli.ee\/en\/product\/les-bouchots-chartron-trebuchet\/#primaryimage\"},\"image\":{\"@id\":\"https:\/\/vinodeli.ee\/en\/product\/les-bouchots-chartron-trebuchet\/#primaryimage\"},\"thumbnailUrl\":\"https:\/\/vinodeli.ee\/wp-content\/uploads\/2023\/11\/chartron-et-trebuchet-montagny-1er-cru-scaled-1-2.webp\",\"datePublished\":\"2023-05-28T14:14:26+00:00\",\"dateModified\":\"2024-12-17T16:48:31+00:00\",\"breadcrumb\":{\"@id\":\"https:\/\/vinodeli.ee\/en\/product\/les-bouchots-chartron-trebuchet\/#breadcrumb\"},\"inLanguage\":\"en-US\",\"potentialAction\":[{\"@type\":\"ReadAction\",\"target\":[\"https:\/\/vinodeli.ee\/en\/product\/les-bouchots-chartron-trebuchet\/\"]}]},{\"@type\":\"ImageObject\",\"inLanguage\":\"en-US\",\"@id\":\"https:\/\/vinodeli.ee\/en\/product\/les-bouchots-chartron-trebuchet\/#primaryimage\",\"url\":\"https:\/\/vinodeli.ee\/wp-content\/uploads\/2023\/11\/chartron-et-trebuchet-montagny-1er-cru-scaled-1-2.webp\",\"contentUrl\":\"https:\/\/vinodeli.ee\/wp-content\/uploads\/2023\/11\/chartron-et-trebuchet-montagny-1er-cru-scaled-1-2.webp\",\"width\":2560,\"height\":2560},{\"@type\":\"BreadcrumbList\",\"@id\":\"https:\/\/vinodeli.ee\/en\/product\/les-bouchots-chartron-trebuchet\/#breadcrumb\",\"itemListElement\":[{\"@type\":\"ListItem\",\"position\":1,\"name\":\"Home\",\"item\":\"https:\/\/vinodeli.ee\/en\/\"},{\"@type\":\"ListItem\",\"position\":2,\"name\":\"Shop\",\"item\":\"https:\/\/vinodeli.ee\/pood\/\"},{\"@type\":\"ListItem\",\"position\":3,\"name\":\"Chartron et Tr\u00e9buchet Les Bouchots Montagny AOC 1er Cru 2023 13.5% vol. 0.75l\"}]},{\"@type\":\"WebSite\",\"@id\":\"https:\/\/vinodeli.ee\/#website\",\"url\":\"https:\/\/vinodeli.ee\/\",\"name\":\"Vinodeli\",\"description\":\"\",\"publisher\":{\"@id\":\"https:\/\/vinodeli.ee\/#organization\"},\"potentialAction\":[{\"@type\":\"SearchAction\",\"target\":{\"@type\":\"EntryPoint\",\"urlTemplate\":\"https:\/\/vinodeli.ee\/?s={search_term_string}\"},\"query-input\":{\"@type\":\"PropertyValueSpecification\",\"valueRequired\":true,\"valueName\":\"search_term_string\"}}],\"inLanguage\":\"en-US\"},{\"@type\":\"Organization\",\"@id\":\"https:\/\/vinodeli.ee\/#organization\",\"name\":\"Vinodeli O\u00dc\",\"url\":\"https:\/\/vinodeli.ee\/\",\"logo\":{\"@type\":\"ImageObject\",\"inLanguage\":\"en-US\",\"@id\":\"https:\/\/vinodeli.ee\/#\/schema\/logo\/image\/\",\"url\":\"https:\/\/vinodeli.ee\/wp-content\/uploads\/2024\/02\/logo-winodeli-1.png\",\"contentUrl\":\"https:\/\/vinodeli.ee\/wp-content\/uploads\/2024\/02\/logo-winodeli-1.png\",\"width\":1500,\"height\":1150,\"caption\":\"Vinodeli O\u00dc\"},\"image\":{\"@id\":\"https:\/\/vinodeli.ee\/#\/schema\/logo\/image\/\"}}]}<\/script>\n<!-- \/ Yoast SEO plugin. -->","yoast_head_json":{"title":"Chartron et Tr\u00e9buchet Les Bouchots Montagny AOC 1er Cru 2023 13.5% vol. 0.75l - Vinodeli","robots":{"index":"index","follow":"follow","max-snippet":"max-snippet:-1","max-image-preview":"max-image-preview:large","max-video-preview":"max-video-preview:-1"},"canonical":"https:\/\/vinodeli.ee\/en\/product\/les-bouchots-chartron-trebuchet\/","og_locale":"en_US","og_type":"article","og_title":"Chartron et Tr\u00e9buchet Les Bouchots Montagny AOC 1er Cru 2023 13.5% vol. 0.75l - Vinodeli","og_description":"Grape variety:100% Chardonnay","og_url":"https:\/\/vinodeli.ee\/en\/product\/les-bouchots-chartron-trebuchet\/","og_site_name":"Vinodeli","article_modified_time":"2024-12-17T16:48:31+00:00","og_image":[{"width":2560,"height":2560,"url":"https:\/\/vinodeli.ee\/wp-content\/uploads\/2023\/11\/chartron-et-trebuchet-montagny-1er-cru-scaled-1-2.webp","type":"image\/webp"}],"twitter_card":"summary_large_image","twitter_misc":{"Est. reading time":"1 minute"},"schema":{"@context":"https:\/\/schema.org","@graph":[{"@type":"WebPage","@id":"https:\/\/vinodeli.ee\/en\/product\/les-bouchots-chartron-trebuchet\/","url":"https:\/\/vinodeli.ee\/en\/product\/les-bouchots-chartron-trebuchet\/","name":"Chartron et Tr\u00e9buchet Les Bouchots Montagny AOC 1er Cru 2023 13.5% vol. 0.75l - Vinodeli","isPartOf":{"@id":"https:\/\/vinodeli.ee\/#website"},"primaryImageOfPage":{"@id":"https:\/\/vinodeli.ee\/en\/product\/les-bouchots-chartron-trebuchet\/#primaryimage"},"image":{"@id":"https:\/\/vinodeli.ee\/en\/product\/les-bouchots-chartron-trebuchet\/#primaryimage"},"thumbnailUrl":"https:\/\/vinodeli.ee\/wp-content\/uploads\/2023\/11\/chartron-et-trebuchet-montagny-1er-cru-scaled-1-2.webp","datePublished":"2023-05-28T14:14:26+00:00","dateModified":"2024-12-17T16:48:31+00:00","breadcrumb":{"@id":"https:\/\/vinodeli.ee\/en\/product\/les-bouchots-chartron-trebuchet\/#breadcrumb"},"inLanguage":"en-US","potentialAction":[{"@type":"ReadAction","target":["https:\/\/vinodeli.ee\/en\/product\/les-bouchots-chartron-trebuchet\/"]}]},{"@type":"ImageObject","inLanguage":"en-US","@id":"https:\/\/vinodeli.ee\/en\/product\/les-bouchots-chartron-trebuchet\/#primaryimage","url":"https:\/\/vinodeli.ee\/wp-content\/uploads\/2023\/11\/chartron-et-trebuchet-montagny-1er-cru-scaled-1-2.webp","contentUrl":"https:\/\/vinodeli.ee\/wp-content\/uploads\/2023\/11\/chartron-et-trebuchet-montagny-1er-cru-scaled-1-2.webp","width":2560,"height":2560},{"@type":"BreadcrumbList","@id":"https:\/\/vinodeli.ee\/en\/product\/les-bouchots-chartron-trebuchet\/#breadcrumb","itemListElement":[{"@type":"ListItem","position":1,"name":"Home","item":"https:\/\/vinodeli.ee\/en\/"},{"@type":"ListItem","position":2,"name":"Shop","item":"https:\/\/vinodeli.ee\/pood\/"},{"@type":"ListItem","position":3,"name":"Chartron et Tr\u00e9buchet Les Bouchots Montagny AOC 1er Cru 2023 13.5% vol. 0.75l"}]},{"@type":"WebSite","@id":"https:\/\/vinodeli.ee\/#website","url":"https:\/\/vinodeli.ee\/","name":"Vinodeli","description":"","publisher":{"@id":"https:\/\/vinodeli.ee\/#organization"},"potentialAction":[{"@type":"SearchAction","target":{"@type":"EntryPoint","urlTemplate":"https:\/\/vinodeli.ee\/?s={search_term_string}"},"query-input":{"@type":"PropertyValueSpecification","valueRequired":true,"valueName":"search_term_string"}}],"inLanguage":"en-US"},{"@type":"Organization","@id":"https:\/\/vinodeli.ee\/#organization","name":"Vinodeli O\u00dc","url":"https:\/\/vinodeli.ee\/","logo":{"@type":"ImageObject","inLanguage":"en-US","@id":"https:\/\/vinodeli.ee\/#\/schema\/logo\/image\/","url":"https:\/\/vinodeli.ee\/wp-content\/uploads\/2024\/02\/logo-winodeli-1.png","contentUrl":"https:\/\/vinodeli.ee\/wp-content\/uploads\/2024\/02\/logo-winodeli-1.png","width":1500,"height":1150,"caption":"Vinodeli O\u00dc"},"image":{"@id":"https:\/\/vinodeli.ee\/#\/schema\/logo\/image\/"}}]}},"_links":{"self":[{"href":"https:\/\/vinodeli.ee\/en\/wp-json\/wp\/v2\/product\/47022","targetHints":{"allow":["GET"]}}],"collection":[{"href":"https:\/\/vinodeli.ee\/en\/wp-json\/wp\/v2\/product"}],"about":[{"href":"https:\/\/vinodeli.ee\/en\/wp-json\/wp\/v2\/types\/product"}],"version-history":[{"count":0,"href":"https:\/\/vinodeli.ee\/en\/wp-json\/wp\/v2\/product\/47022\/revisions"}],"wp:featuredmedia":[{"embeddable":true,"href":"https:\/\/vinodeli.ee\/en\/wp-json\/wp\/v2\/media\/43729"}],"wp:attachment":[{"href":"https:\/\/vinodeli.ee\/en\/wp-json\/wp\/v2\/media?parent=47022"}],"wp:term":[{"taxonomy":"product_brand","embeddable":true,"href":"https:\/\/vinodeli.ee\/en\/wp-json\/wp\/v2\/product_brand?post=47022"},{"taxonomy":"product_cat","embeddable":true,"href":"https:\/\/vinodeli.ee\/en\/wp-json\/wp\/v2\/product_cat?post=47022"},{"taxonomy":"product_tag","embeddable":true,"href":"https:\/\/vinodeli.ee\/en\/wp-json\/wp\/v2\/product_tag?post=47022"}],"curies":[{"name":"wp","href":"https:\/\/api.w.org\/{rel}","templated":true}]}}