{"id":47047,"date":"2023-05-17T17:54:32","date_gmt":"2023-05-17T14:54:32","guid":{"rendered":"https:\/\/vinodeli.ee\/product\/red-crozes-hermitage-jaboulet\/"},"modified":"2023-12-20T13:44:08","modified_gmt":"2023-12-20T11:44:08","slug":"red-crozes-hermitage-jaboulet","status":"publish","type":"product","link":"https:\/\/vinodeli.ee\/en\/product\/red-crozes-hermitage-jaboulet\/","title":{"rendered":"Domaine Philippe &#038; Vincent Jaboulet Red Crozes-Hermitage AOC 2019 15% vol."},"content":{"rendered":"<blockquote>\n<h5>After 30 years with the family estate Paul Jaboulet A\u00een\u00e9, as head of production, Philippe Jaboulet and his son have taken over a property in the Northern C\u00f4tes du Rh\u00f4ne as well as a family estate. Philippe Jaboulet has spent a lifetime at the service of wine. The vineyard is his domain. Vincent Jaboulet, oenologist, 4 years of studies on vine and wine, internships in France and in the new world (Australia), embodies the sixth generation of Jaboulet.<\/h5>\n<\/blockquote>\n<h3>Winemaking<\/h3>\n<p>Following a selection of plots, the vineyards over 30 years old are chosen for this cuv\u00e9e. The tannins are more present and can partly withstand the time spent in barrels or foudre for a year. After an evolution, the tannins melt and the aromas evolve on black fruits.<\/p>\n<h3>Tasting notes<\/h3>\n<p>Black and jammy fruits aromas. Good volume and complexity in the mouth. Supple tannins.<\/p>\n","protected":false},"excerpt":{"rendered":"<blockquote>\n<h4>Grape variety:100% Syrah<\/h4>\n<\/blockquote>\n","protected":false},"featured_media":43804,"template":"","meta":{"_acf_changed":false},"product_brand":[],"product_cat":[19462],"product_tag":[],"class_list":{"0":"post-47047","1":"product","2":"type-product","3":"status-publish","4":"has-post-thumbnail","6":"product_cat-red-wine","8":"first","9":"instock","10":"downloadable","11":"taxable","12":"shipping-taxable","13":"purchasable","14":"product-type-simple"},"acf":[],"yoast_head":"<!-- This site is optimized with the Yoast SEO plugin v25.7 - https:\/\/yoast.com\/wordpress\/plugins\/seo\/ -->\n<title>Domaine Philippe &amp; Vincent Jaboulet Red Crozes-Hermitage AOC 2019 15% vol. - Vinodeli<\/title>\n<meta name=\"robots\" content=\"index, follow, max-snippet:-1, max-image-preview:large, max-video-preview:-1\" \/>\n<link rel=\"canonical\" href=\"https:\/\/vinodeli.ee\/en\/product\/red-crozes-hermitage-jaboulet\/\" \/>\n<meta property=\"og:locale\" content=\"en_US\" \/>\n<meta property=\"og:type\" content=\"article\" \/>\n<meta property=\"og:title\" content=\"Domaine Philippe &amp; Vincent Jaboulet Red Crozes-Hermitage AOC 2019 15% vol. - Vinodeli\" \/>\n<meta property=\"og:description\" content=\"Grape variety:100% Syrah\" \/>\n<meta property=\"og:url\" content=\"https:\/\/vinodeli.ee\/en\/product\/red-crozes-hermitage-jaboulet\/\" \/>\n<meta property=\"og:site_name\" content=\"Vinodeli\" \/>\n<meta property=\"article:modified_time\" content=\"2023-12-20T11:44:08+00:00\" \/>\n<meta property=\"og:image\" content=\"https:\/\/vinodeli.ee\/wp-content\/uploads\/2023\/11\/crozes-hermitage-rouge-jaboulet-2.webp\" \/>\n\t<meta property=\"og:image:width\" content=\"1100\" \/>\n\t<meta property=\"og:image:height\" content=\"1100\" \/>\n\t<meta property=\"og:image:type\" content=\"image\/webp\" \/>\n<meta name=\"twitter:card\" content=\"summary_large_image\" \/>\n<meta name=\"twitter:label1\" content=\"Est. reading time\" \/>\n\t<meta name=\"twitter:data1\" content=\"1 minute\" \/>\n<script type=\"application\/ld+json\" class=\"yoast-schema-graph\">{\"@context\":\"https:\/\/schema.org\",\"@graph\":[{\"@type\":\"WebPage\",\"@id\":\"https:\/\/vinodeli.ee\/en\/product\/red-crozes-hermitage-jaboulet\/\",\"url\":\"https:\/\/vinodeli.ee\/en\/product\/red-crozes-hermitage-jaboulet\/\",\"name\":\"Domaine Philippe & Vincent Jaboulet Red Crozes-Hermitage AOC 2019 15% vol. - Vinodeli\",\"isPartOf\":{\"@id\":\"https:\/\/vinodeli.ee\/#website\"},\"primaryImageOfPage\":{\"@id\":\"https:\/\/vinodeli.ee\/en\/product\/red-crozes-hermitage-jaboulet\/#primaryimage\"},\"image\":{\"@id\":\"https:\/\/vinodeli.ee\/en\/product\/red-crozes-hermitage-jaboulet\/#primaryimage\"},\"thumbnailUrl\":\"https:\/\/vinodeli.ee\/wp-content\/uploads\/2023\/11\/crozes-hermitage-rouge-jaboulet-2.webp\",\"datePublished\":\"2023-05-17T14:54:32+00:00\",\"dateModified\":\"2023-12-20T11:44:08+00:00\",\"breadcrumb\":{\"@id\":\"https:\/\/vinodeli.ee\/en\/product\/red-crozes-hermitage-jaboulet\/#breadcrumb\"},\"inLanguage\":\"en-US\",\"potentialAction\":[{\"@type\":\"ReadAction\",\"target\":[\"https:\/\/vinodeli.ee\/en\/product\/red-crozes-hermitage-jaboulet\/\"]}]},{\"@type\":\"ImageObject\",\"inLanguage\":\"en-US\",\"@id\":\"https:\/\/vinodeli.ee\/en\/product\/red-crozes-hermitage-jaboulet\/#primaryimage\",\"url\":\"https:\/\/vinodeli.ee\/wp-content\/uploads\/2023\/11\/crozes-hermitage-rouge-jaboulet-2.webp\",\"contentUrl\":\"https:\/\/vinodeli.ee\/wp-content\/uploads\/2023\/11\/crozes-hermitage-rouge-jaboulet-2.webp\",\"width\":1100,\"height\":1100},{\"@type\":\"BreadcrumbList\",\"@id\":\"https:\/\/vinodeli.ee\/en\/product\/red-crozes-hermitage-jaboulet\/#breadcrumb\",\"itemListElement\":[{\"@type\":\"ListItem\",\"position\":1,\"name\":\"Home\",\"item\":\"https:\/\/vinodeli.ee\/en\/\"},{\"@type\":\"ListItem\",\"position\":2,\"name\":\"Shop\",\"item\":\"https:\/\/vinodeli.ee\/pood\/\"},{\"@type\":\"ListItem\",\"position\":3,\"name\":\"Domaine Philippe &#038; Vincent Jaboulet Red Crozes-Hermitage AOC 2019 15% vol.\"}]},{\"@type\":\"WebSite\",\"@id\":\"https:\/\/vinodeli.ee\/#website\",\"url\":\"https:\/\/vinodeli.ee\/\",\"name\":\"Vinodeli\",\"description\":\"\",\"publisher\":{\"@id\":\"https:\/\/vinodeli.ee\/#organization\"},\"potentialAction\":[{\"@type\":\"SearchAction\",\"target\":{\"@type\":\"EntryPoint\",\"urlTemplate\":\"https:\/\/vinodeli.ee\/?s={search_term_string}\"},\"query-input\":{\"@type\":\"PropertyValueSpecification\",\"valueRequired\":true,\"valueName\":\"search_term_string\"}}],\"inLanguage\":\"en-US\"},{\"@type\":\"Organization\",\"@id\":\"https:\/\/vinodeli.ee\/#organization\",\"name\":\"Vinodeli O\u00dc\",\"url\":\"https:\/\/vinodeli.ee\/\",\"logo\":{\"@type\":\"ImageObject\",\"inLanguage\":\"en-US\",\"@id\":\"https:\/\/vinodeli.ee\/#\/schema\/logo\/image\/\",\"url\":\"https:\/\/vinodeli.ee\/wp-content\/uploads\/2024\/02\/logo-winodeli-1.png\",\"contentUrl\":\"https:\/\/vinodeli.ee\/wp-content\/uploads\/2024\/02\/logo-winodeli-1.png\",\"width\":1500,\"height\":1150,\"caption\":\"Vinodeli O\u00dc\"},\"image\":{\"@id\":\"https:\/\/vinodeli.ee\/#\/schema\/logo\/image\/\"}}]}<\/script>\n<!-- \/ Yoast SEO plugin. -->","yoast_head_json":{"title":"Domaine Philippe & Vincent Jaboulet Red Crozes-Hermitage AOC 2019 15% vol. - Vinodeli","robots":{"index":"index","follow":"follow","max-snippet":"max-snippet:-1","max-image-preview":"max-image-preview:large","max-video-preview":"max-video-preview:-1"},"canonical":"https:\/\/vinodeli.ee\/en\/product\/red-crozes-hermitage-jaboulet\/","og_locale":"en_US","og_type":"article","og_title":"Domaine Philippe & Vincent Jaboulet Red Crozes-Hermitage AOC 2019 15% vol. - Vinodeli","og_description":"Grape variety:100% Syrah","og_url":"https:\/\/vinodeli.ee\/en\/product\/red-crozes-hermitage-jaboulet\/","og_site_name":"Vinodeli","article_modified_time":"2023-12-20T11:44:08+00:00","og_image":[{"width":1100,"height":1100,"url":"https:\/\/vinodeli.ee\/wp-content\/uploads\/2023\/11\/crozes-hermitage-rouge-jaboulet-2.webp","type":"image\/webp"}],"twitter_card":"summary_large_image","twitter_misc":{"Est. reading time":"1 minute"},"schema":{"@context":"https:\/\/schema.org","@graph":[{"@type":"WebPage","@id":"https:\/\/vinodeli.ee\/en\/product\/red-crozes-hermitage-jaboulet\/","url":"https:\/\/vinodeli.ee\/en\/product\/red-crozes-hermitage-jaboulet\/","name":"Domaine Philippe & Vincent Jaboulet Red Crozes-Hermitage AOC 2019 15% vol. - Vinodeli","isPartOf":{"@id":"https:\/\/vinodeli.ee\/#website"},"primaryImageOfPage":{"@id":"https:\/\/vinodeli.ee\/en\/product\/red-crozes-hermitage-jaboulet\/#primaryimage"},"image":{"@id":"https:\/\/vinodeli.ee\/en\/product\/red-crozes-hermitage-jaboulet\/#primaryimage"},"thumbnailUrl":"https:\/\/vinodeli.ee\/wp-content\/uploads\/2023\/11\/crozes-hermitage-rouge-jaboulet-2.webp","datePublished":"2023-05-17T14:54:32+00:00","dateModified":"2023-12-20T11:44:08+00:00","breadcrumb":{"@id":"https:\/\/vinodeli.ee\/en\/product\/red-crozes-hermitage-jaboulet\/#breadcrumb"},"inLanguage":"en-US","potentialAction":[{"@type":"ReadAction","target":["https:\/\/vinodeli.ee\/en\/product\/red-crozes-hermitage-jaboulet\/"]}]},{"@type":"ImageObject","inLanguage":"en-US","@id":"https:\/\/vinodeli.ee\/en\/product\/red-crozes-hermitage-jaboulet\/#primaryimage","url":"https:\/\/vinodeli.ee\/wp-content\/uploads\/2023\/11\/crozes-hermitage-rouge-jaboulet-2.webp","contentUrl":"https:\/\/vinodeli.ee\/wp-content\/uploads\/2023\/11\/crozes-hermitage-rouge-jaboulet-2.webp","width":1100,"height":1100},{"@type":"BreadcrumbList","@id":"https:\/\/vinodeli.ee\/en\/product\/red-crozes-hermitage-jaboulet\/#breadcrumb","itemListElement":[{"@type":"ListItem","position":1,"name":"Home","item":"https:\/\/vinodeli.ee\/en\/"},{"@type":"ListItem","position":2,"name":"Shop","item":"https:\/\/vinodeli.ee\/pood\/"},{"@type":"ListItem","position":3,"name":"Domaine Philippe &#038; Vincent Jaboulet Red Crozes-Hermitage AOC 2019 15% vol."}]},{"@type":"WebSite","@id":"https:\/\/vinodeli.ee\/#website","url":"https:\/\/vinodeli.ee\/","name":"Vinodeli","description":"","publisher":{"@id":"https:\/\/vinodeli.ee\/#organization"},"potentialAction":[{"@type":"SearchAction","target":{"@type":"EntryPoint","urlTemplate":"https:\/\/vinodeli.ee\/?s={search_term_string}"},"query-input":{"@type":"PropertyValueSpecification","valueRequired":true,"valueName":"search_term_string"}}],"inLanguage":"en-US"},{"@type":"Organization","@id":"https:\/\/vinodeli.ee\/#organization","name":"Vinodeli O\u00dc","url":"https:\/\/vinodeli.ee\/","logo":{"@type":"ImageObject","inLanguage":"en-US","@id":"https:\/\/vinodeli.ee\/#\/schema\/logo\/image\/","url":"https:\/\/vinodeli.ee\/wp-content\/uploads\/2024\/02\/logo-winodeli-1.png","contentUrl":"https:\/\/vinodeli.ee\/wp-content\/uploads\/2024\/02\/logo-winodeli-1.png","width":1500,"height":1150,"caption":"Vinodeli O\u00dc"},"image":{"@id":"https:\/\/vinodeli.ee\/#\/schema\/logo\/image\/"}}]}},"_links":{"self":[{"href":"https:\/\/vinodeli.ee\/en\/wp-json\/wp\/v2\/product\/47047","targetHints":{"allow":["GET"]}}],"collection":[{"href":"https:\/\/vinodeli.ee\/en\/wp-json\/wp\/v2\/product"}],"about":[{"href":"https:\/\/vinodeli.ee\/en\/wp-json\/wp\/v2\/types\/product"}],"version-history":[{"count":0,"href":"https:\/\/vinodeli.ee\/en\/wp-json\/wp\/v2\/product\/47047\/revisions"}],"wp:featuredmedia":[{"embeddable":true,"href":"https:\/\/vinodeli.ee\/en\/wp-json\/wp\/v2\/media\/43804"}],"wp:attachment":[{"href":"https:\/\/vinodeli.ee\/en\/wp-json\/wp\/v2\/media?parent=47047"}],"wp:term":[{"taxonomy":"product_brand","embeddable":true,"href":"https:\/\/vinodeli.ee\/en\/wp-json\/wp\/v2\/product_brand?post=47047"},{"taxonomy":"product_cat","embeddable":true,"href":"https:\/\/vinodeli.ee\/en\/wp-json\/wp\/v2\/product_cat?post=47047"},{"taxonomy":"product_tag","embeddable":true,"href":"https:\/\/vinodeli.ee\/en\/wp-json\/wp\/v2\/product_tag?post=47047"}],"curies":[{"name":"wp","href":"https:\/\/api.w.org\/{rel}","templated":true}]}}