{"id":47053,"date":"2023-05-13T14:39:35","date_gmt":"2023-05-13T11:39:35","guid":{"rendered":"https:\/\/vinodeli.ee\/product\/1944-devesa\/"},"modified":"2023-12-20T13:44:21","modified_gmt":"2023-12-20T11:44:21","slug":"1944-devesa","status":"publish","type":"product","link":"https:\/\/vinodeli.ee\/en\/product\/1944-devesa\/","title":{"rendered":"Quinta da Devesa Port Wine Colheita 1944 Tawny 20% vol. 500 ml"},"content":{"rendered":"<blockquote>\n<h5>Quinta da Devesa kannab ilmalikku ajalugu. 1844. aastal kandis tuntud parun Forrester selle kinnistu Douro piiritletud piirkonna esimesse kaardile. Kuid selle kinnistu k\u00f5ige olulisem ajalugu algas eelmisel sajandil, 1941. aastal, kui Fortunato perekond omandas Quinta, millega algas uus etapp suuremate investeeringute tegemiseks veinitootmisse, keskendudes eelk\u00f5ige portveinidele. Hiljem on olemas ka viited DOC Douro veinidele, mis on tugevdanud selle kohalolekut riiklikul ja rahvusvahelisel veiniturul. Quinta da Devesa on t\u00e4nap\u00e4eval endiselt s\u00f5ltumatu pereettev\u00f5te, mis on orienteeritud tulevikule ja on esindatud mitmel rahvusvahelisel turul. Viimastel aastatel tehtud investeeringud on toonud kaasa suurema tunnustuse veinis\u00f5prade ja spetsialiseerunud kriitikute poolt. K\u00f5ige selle tulemus on n\u00e4htav ka t\u00e4naseks saavutatud suure hulga riiklike ja rahvusvaheliste auhindade kaudu.<\/h5>\n<\/blockquote>\n<h3>Veini valmistamine<\/h3>\n<p>Quinta da Devesa was from the beginning included in the first map of the Douro Demarcated Region, created by Baron Forrester in 1844. Since 1941, when it was acquired by the Fortunato family, is dedicated to the production of Port and Douro wines. Located in the sub-region Baixo Corgo, 10 kms from Peso da R\u00e9gua, it is situated on a promontory that dominates the affluence of the Rivers Douro and Corgo and from where one can enjoy a majestic panorama that embraces the valleys of those rivers and the region&#8217;s mountains. Its 34 hectares, planted with the grape varieties recommended for the region, extend from an elevation of 60m to 500m, partly facing south, receiving an excellent exposure to the sun, and partly facing north, from where it receives the coolest prevailing winds. This diversity of sun and wind exposure causes varying levels of maturation and development that allow for the timing of harvests under optimal conditions.Since 1941, the vintages considered of superior quality by the family&#8217;s winemakers have been stored and aged in wooden casks.Colheita are Tawny Ports from a single vintage year. The minimum age required is seven years, but it is Quinta da Devesa tradition to age the wine for many more years before bottling. The wine ages in cellars in vats, barrels or casks of 550 litres. The Colheita Port 1944 has an extraordinary bouquet and a surprising acidity, due to the complexity, quality and refined flavors.<\/p>\n<h3>Maistmism\u00e4rkused<\/h3>\n<p>Produced and aged in Quinta da Devesa for over 70 years, its colour shows greenish hints, demonstrating its long age. The aromas and flavors range from notes of dried fruits, nougat, honey, caramel, tobacco and coffee, finishing with a silky and incredible texture. Bottled in 2018.<\/p>\n","protected":false},"excerpt":{"rendered":"<ul>\n<li>Robert Parker Wine Advocate \u2014 95 points<\/li>\n<\/ul>\n","protected":false},"featured_media":43822,"template":"","meta":{"_acf_changed":false},"product_brand":[],"product_cat":[19479],"product_tag":[],"class_list":{"0":"post-47053","1":"product","2":"type-product","3":"status-publish","4":"has-post-thumbnail","6":"product_cat-port-wine","8":"first","9":"instock","10":"downloadable","11":"taxable","12":"shipping-taxable","13":"purchasable","14":"product-type-simple"},"acf":[],"yoast_head":"<!-- This site is optimized with the Yoast SEO plugin v25.7 - https:\/\/yoast.com\/wordpress\/plugins\/seo\/ -->\n<title>Quinta da Devesa Port Wine Colheita 1944 Tawny 20% vol. 500 ml - Vinodeli<\/title>\n<meta name=\"robots\" content=\"index, follow, max-snippet:-1, max-image-preview:large, max-video-preview:-1\" \/>\n<link rel=\"canonical\" href=\"https:\/\/vinodeli.ee\/en\/product\/1944-devesa\/\" \/>\n<meta property=\"og:locale\" content=\"en_US\" \/>\n<meta property=\"og:type\" content=\"article\" \/>\n<meta property=\"og:title\" content=\"Quinta da Devesa Port Wine Colheita 1944 Tawny 20% vol. 500 ml - Vinodeli\" \/>\n<meta property=\"og:description\" content=\"Robert Parker Wine Advocate \u2014 95 points\" \/>\n<meta property=\"og:url\" content=\"https:\/\/vinodeli.ee\/en\/product\/1944-devesa\/\" \/>\n<meta property=\"og:site_name\" content=\"Vinodeli\" \/>\n<meta property=\"article:modified_time\" content=\"2023-12-20T11:44:21+00:00\" \/>\n<meta property=\"og:image\" content=\"https:\/\/vinodeli.ee\/wp-content\/uploads\/2023\/11\/quinta-da-devesa-1944-2.webp\" \/>\n\t<meta property=\"og:image:width\" content=\"1100\" \/>\n\t<meta property=\"og:image:height\" content=\"1100\" \/>\n\t<meta property=\"og:image:type\" content=\"image\/webp\" \/>\n<meta name=\"twitter:card\" content=\"summary_large_image\" \/>\n<meta name=\"twitter:label1\" content=\"Est. reading time\" \/>\n\t<meta name=\"twitter:data1\" content=\"2 minutes\" \/>\n<script type=\"application\/ld+json\" class=\"yoast-schema-graph\">{\"@context\":\"https:\/\/schema.org\",\"@graph\":[{\"@type\":\"WebPage\",\"@id\":\"https:\/\/vinodeli.ee\/en\/product\/1944-devesa\/\",\"url\":\"https:\/\/vinodeli.ee\/en\/product\/1944-devesa\/\",\"name\":\"Quinta da Devesa Port Wine Colheita 1944 Tawny 20% vol. 500 ml - Vinodeli\",\"isPartOf\":{\"@id\":\"https:\/\/vinodeli.ee\/#website\"},\"primaryImageOfPage\":{\"@id\":\"https:\/\/vinodeli.ee\/en\/product\/1944-devesa\/#primaryimage\"},\"image\":{\"@id\":\"https:\/\/vinodeli.ee\/en\/product\/1944-devesa\/#primaryimage\"},\"thumbnailUrl\":\"https:\/\/vinodeli.ee\/wp-content\/uploads\/2023\/11\/quinta-da-devesa-1944-2.webp\",\"datePublished\":\"2023-05-13T11:39:35+00:00\",\"dateModified\":\"2023-12-20T11:44:21+00:00\",\"breadcrumb\":{\"@id\":\"https:\/\/vinodeli.ee\/en\/product\/1944-devesa\/#breadcrumb\"},\"inLanguage\":\"en-US\",\"potentialAction\":[{\"@type\":\"ReadAction\",\"target\":[\"https:\/\/vinodeli.ee\/en\/product\/1944-devesa\/\"]}]},{\"@type\":\"ImageObject\",\"inLanguage\":\"en-US\",\"@id\":\"https:\/\/vinodeli.ee\/en\/product\/1944-devesa\/#primaryimage\",\"url\":\"https:\/\/vinodeli.ee\/wp-content\/uploads\/2023\/11\/quinta-da-devesa-1944-2.webp\",\"contentUrl\":\"https:\/\/vinodeli.ee\/wp-content\/uploads\/2023\/11\/quinta-da-devesa-1944-2.webp\",\"width\":1100,\"height\":1100},{\"@type\":\"BreadcrumbList\",\"@id\":\"https:\/\/vinodeli.ee\/en\/product\/1944-devesa\/#breadcrumb\",\"itemListElement\":[{\"@type\":\"ListItem\",\"position\":1,\"name\":\"Home\",\"item\":\"https:\/\/vinodeli.ee\/en\/\"},{\"@type\":\"ListItem\",\"position\":2,\"name\":\"Shop\",\"item\":\"https:\/\/vinodeli.ee\/pood\/\"},{\"@type\":\"ListItem\",\"position\":3,\"name\":\"Quinta da Devesa Port Wine Colheita 1944 Tawny 20% vol. 500 ml\"}]},{\"@type\":\"WebSite\",\"@id\":\"https:\/\/vinodeli.ee\/#website\",\"url\":\"https:\/\/vinodeli.ee\/\",\"name\":\"Vinodeli\",\"description\":\"\",\"publisher\":{\"@id\":\"https:\/\/vinodeli.ee\/#organization\"},\"potentialAction\":[{\"@type\":\"SearchAction\",\"target\":{\"@type\":\"EntryPoint\",\"urlTemplate\":\"https:\/\/vinodeli.ee\/?s={search_term_string}\"},\"query-input\":{\"@type\":\"PropertyValueSpecification\",\"valueRequired\":true,\"valueName\":\"search_term_string\"}}],\"inLanguage\":\"en-US\"},{\"@type\":\"Organization\",\"@id\":\"https:\/\/vinodeli.ee\/#organization\",\"name\":\"Vinodeli O\u00dc\",\"url\":\"https:\/\/vinodeli.ee\/\",\"logo\":{\"@type\":\"ImageObject\",\"inLanguage\":\"en-US\",\"@id\":\"https:\/\/vinodeli.ee\/#\/schema\/logo\/image\/\",\"url\":\"https:\/\/vinodeli.ee\/wp-content\/uploads\/2024\/02\/logo-winodeli-1.png\",\"contentUrl\":\"https:\/\/vinodeli.ee\/wp-content\/uploads\/2024\/02\/logo-winodeli-1.png\",\"width\":1500,\"height\":1150,\"caption\":\"Vinodeli O\u00dc\"},\"image\":{\"@id\":\"https:\/\/vinodeli.ee\/#\/schema\/logo\/image\/\"}}]}<\/script>\n<!-- \/ Yoast SEO plugin. -->","yoast_head_json":{"title":"Quinta da Devesa Port Wine Colheita 1944 Tawny 20% vol. 500 ml - Vinodeli","robots":{"index":"index","follow":"follow","max-snippet":"max-snippet:-1","max-image-preview":"max-image-preview:large","max-video-preview":"max-video-preview:-1"},"canonical":"https:\/\/vinodeli.ee\/en\/product\/1944-devesa\/","og_locale":"en_US","og_type":"article","og_title":"Quinta da Devesa Port Wine Colheita 1944 Tawny 20% vol. 500 ml - Vinodeli","og_description":"Robert Parker Wine Advocate \u2014 95 points","og_url":"https:\/\/vinodeli.ee\/en\/product\/1944-devesa\/","og_site_name":"Vinodeli","article_modified_time":"2023-12-20T11:44:21+00:00","og_image":[{"width":1100,"height":1100,"url":"https:\/\/vinodeli.ee\/wp-content\/uploads\/2023\/11\/quinta-da-devesa-1944-2.webp","type":"image\/webp"}],"twitter_card":"summary_large_image","twitter_misc":{"Est. reading time":"2 minutes"},"schema":{"@context":"https:\/\/schema.org","@graph":[{"@type":"WebPage","@id":"https:\/\/vinodeli.ee\/en\/product\/1944-devesa\/","url":"https:\/\/vinodeli.ee\/en\/product\/1944-devesa\/","name":"Quinta da Devesa Port Wine Colheita 1944 Tawny 20% vol. 500 ml - Vinodeli","isPartOf":{"@id":"https:\/\/vinodeli.ee\/#website"},"primaryImageOfPage":{"@id":"https:\/\/vinodeli.ee\/en\/product\/1944-devesa\/#primaryimage"},"image":{"@id":"https:\/\/vinodeli.ee\/en\/product\/1944-devesa\/#primaryimage"},"thumbnailUrl":"https:\/\/vinodeli.ee\/wp-content\/uploads\/2023\/11\/quinta-da-devesa-1944-2.webp","datePublished":"2023-05-13T11:39:35+00:00","dateModified":"2023-12-20T11:44:21+00:00","breadcrumb":{"@id":"https:\/\/vinodeli.ee\/en\/product\/1944-devesa\/#breadcrumb"},"inLanguage":"en-US","potentialAction":[{"@type":"ReadAction","target":["https:\/\/vinodeli.ee\/en\/product\/1944-devesa\/"]}]},{"@type":"ImageObject","inLanguage":"en-US","@id":"https:\/\/vinodeli.ee\/en\/product\/1944-devesa\/#primaryimage","url":"https:\/\/vinodeli.ee\/wp-content\/uploads\/2023\/11\/quinta-da-devesa-1944-2.webp","contentUrl":"https:\/\/vinodeli.ee\/wp-content\/uploads\/2023\/11\/quinta-da-devesa-1944-2.webp","width":1100,"height":1100},{"@type":"BreadcrumbList","@id":"https:\/\/vinodeli.ee\/en\/product\/1944-devesa\/#breadcrumb","itemListElement":[{"@type":"ListItem","position":1,"name":"Home","item":"https:\/\/vinodeli.ee\/en\/"},{"@type":"ListItem","position":2,"name":"Shop","item":"https:\/\/vinodeli.ee\/pood\/"},{"@type":"ListItem","position":3,"name":"Quinta da Devesa Port Wine Colheita 1944 Tawny 20% vol. 500 ml"}]},{"@type":"WebSite","@id":"https:\/\/vinodeli.ee\/#website","url":"https:\/\/vinodeli.ee\/","name":"Vinodeli","description":"","publisher":{"@id":"https:\/\/vinodeli.ee\/#organization"},"potentialAction":[{"@type":"SearchAction","target":{"@type":"EntryPoint","urlTemplate":"https:\/\/vinodeli.ee\/?s={search_term_string}"},"query-input":{"@type":"PropertyValueSpecification","valueRequired":true,"valueName":"search_term_string"}}],"inLanguage":"en-US"},{"@type":"Organization","@id":"https:\/\/vinodeli.ee\/#organization","name":"Vinodeli O\u00dc","url":"https:\/\/vinodeli.ee\/","logo":{"@type":"ImageObject","inLanguage":"en-US","@id":"https:\/\/vinodeli.ee\/#\/schema\/logo\/image\/","url":"https:\/\/vinodeli.ee\/wp-content\/uploads\/2024\/02\/logo-winodeli-1.png","contentUrl":"https:\/\/vinodeli.ee\/wp-content\/uploads\/2024\/02\/logo-winodeli-1.png","width":1500,"height":1150,"caption":"Vinodeli O\u00dc"},"image":{"@id":"https:\/\/vinodeli.ee\/#\/schema\/logo\/image\/"}}]}},"_links":{"self":[{"href":"https:\/\/vinodeli.ee\/en\/wp-json\/wp\/v2\/product\/47053","targetHints":{"allow":["GET"]}}],"collection":[{"href":"https:\/\/vinodeli.ee\/en\/wp-json\/wp\/v2\/product"}],"about":[{"href":"https:\/\/vinodeli.ee\/en\/wp-json\/wp\/v2\/types\/product"}],"version-history":[{"count":0,"href":"https:\/\/vinodeli.ee\/en\/wp-json\/wp\/v2\/product\/47053\/revisions"}],"wp:featuredmedia":[{"embeddable":true,"href":"https:\/\/vinodeli.ee\/en\/wp-json\/wp\/v2\/media\/43822"}],"wp:attachment":[{"href":"https:\/\/vinodeli.ee\/en\/wp-json\/wp\/v2\/media?parent=47053"}],"wp:term":[{"taxonomy":"product_brand","embeddable":true,"href":"https:\/\/vinodeli.ee\/en\/wp-json\/wp\/v2\/product_brand?post=47053"},{"taxonomy":"product_cat","embeddable":true,"href":"https:\/\/vinodeli.ee\/en\/wp-json\/wp\/v2\/product_cat?post=47053"},{"taxonomy":"product_tag","embeddable":true,"href":"https:\/\/vinodeli.ee\/en\/wp-json\/wp\/v2\/product_tag?post=47053"}],"curies":[{"name":"wp","href":"https:\/\/api.w.org\/{rel}","templated":true}]}}