{"id":47135,"date":"2023-04-12T23:32:45","date_gmt":"2023-04-12T20:32:45","guid":{"rendered":"https:\/\/vinodeli.ee\/product\/mcm-82-magnum-yves-jacques\/"},"modified":"2023-12-20T13:46:17","modified_gmt":"2023-12-20T11:46:17","slug":"mcm-82-magnum-yves-jacques","status":"publish","type":"product","link":"https:\/\/vinodeli.ee\/en\/product\/mcm-82-magnum-yves-jacques\/","title":{"rendered":"Yves Jacques MCM 82 Brut Ros\u00e9 Champagne AOC 12.5% vol. 1.5 L"},"content":{"rendered":"<blockquote>\n<h5>Guardians of the heritage and know-how of their ancestors for 3 generations, Champagne Yves Jacques run the family vineyard planted with the three Champagne grape varieties in the Marne Valley, the Cote des Blancs and the Aube, in the communes of S\u00e9zanne, Baye, but also Chouilly and Ay, classified as Grand Cru. Their Champagne wines are made in Baye, in their own cellars and in accordance with the traditional method.<\/h5>\n<\/blockquote>\n<h3>MCM 82<\/h3>\n<p>MCM in roman numerals means 1900 so the cuv\u00e9e&#8217;s name is 1982, the year of return of R\u00e9mi after his oenologist studies in Bordeaux where he learned to master red winemaking. He has applied his knowledge. Thus, the Pinot Noirs planted on clay soils in Passy-Grigny make it possible to obtain structured red wines with delicious aromas of red fruits such as blackcurrant and Morello cherry. It is also present in this blend vinified in white with Meunier and Chardonnay. The result is a light and fresh Champagne to be enjoyed during moments of relaxation and pleasure.<\/p>\n<h3>Winemaking<\/h3>\n<p>Picking 100% by hand with rigourous sorting. Maceration with daily pumping over for 10 days. Alcoholic and malolactic fermentation at low temperature in stainless steel tanks. Ageing on lees before bottling for 3 months, ageing on laths minimum 24 months.<\/p>\n","protected":false},"excerpt":{"rendered":"<blockquote>\n<h4>Grape varieties:60% Pinot Noir, 30% Meunier and 10% Chardonnay<\/h4>\n<\/blockquote>\n<ul>\n<li>30% Pinot Noir (Vall\u00e9e de la Marne)<\/li>\n<li>20% Pinot Noir (C\u00f4teaux du S\u00e9zannais)<\/li>\n<li>30% Meunier (Vall\u00e9e de la Marne)<\/li>\n<li>10% Chardonnay (C\u00f4teaux du S\u00e9zannais)<\/li>\n<li>10% Pinot Noir vinified in Red (Vall\u00e9e de la Marne)<\/li>\n<\/ul>\n","protected":false},"featured_media":44056,"template":"","meta":{"_acf_changed":false},"product_brand":[],"product_cat":[19488,19493,19495],"product_tag":[],"class_list":{"0":"post-47135","1":"product","2":"type-product","3":"status-publish","4":"has-post-thumbnail","6":"product_cat-sparkling-wine","7":"product_cat-champagne","8":"product_cat-all-champagne-method","10":"first","11":"instock","12":"downloadable","13":"taxable","14":"shipping-taxable","15":"purchasable","16":"product-type-simple"},"acf":[],"yoast_head":"<!-- This site is optimized with the Yoast SEO plugin v25.7 - https:\/\/yoast.com\/wordpress\/plugins\/seo\/ -->\n<title>Yves Jacques MCM 82 Brut Ros\u00e9 Champagne AOC 12.5% vol. 1.5 L - Vinodeli<\/title>\n<meta name=\"robots\" content=\"index, follow, max-snippet:-1, max-image-preview:large, max-video-preview:-1\" \/>\n<link rel=\"canonical\" href=\"https:\/\/vinodeli.ee\/en\/product\/mcm-82-magnum-yves-jacques\/\" \/>\n<meta property=\"og:locale\" content=\"en_US\" \/>\n<meta property=\"og:type\" content=\"article\" \/>\n<meta property=\"og:title\" content=\"Yves Jacques MCM 82 Brut Ros\u00e9 Champagne AOC 12.5% vol. 1.5 L - Vinodeli\" \/>\n<meta property=\"og:description\" content=\"Grape varieties:60% Pinot Noir, 30% Meunier and 10% Chardonnay 30% Pinot Noir (Vall\u00e9e de la Marne) 20% Pinot Noir (C\u00f4teaux du S\u00e9zannais) 30% Meunier (Vall\u00e9e de la Marne) 10% Chardonnay (C\u00f4teaux du S\u00e9zannais) 10% Pinot Noir vinified in Red (Vall\u00e9e de la Marne)\" \/>\n<meta property=\"og:url\" content=\"https:\/\/vinodeli.ee\/en\/product\/mcm-82-magnum-yves-jacques\/\" \/>\n<meta property=\"og:site_name\" content=\"Vinodeli\" \/>\n<meta property=\"article:modified_time\" content=\"2023-12-20T11:46:17+00:00\" \/>\n<meta property=\"og:image\" content=\"https:\/\/vinodeli.ee\/wp-content\/uploads\/2023\/11\/mcm-82-yves-jacques-2.webp\" \/>\n\t<meta property=\"og:image:width\" content=\"700\" \/>\n\t<meta property=\"og:image:height\" content=\"700\" \/>\n\t<meta property=\"og:image:type\" content=\"image\/webp\" \/>\n<meta name=\"twitter:card\" content=\"summary_large_image\" \/>\n<meta name=\"twitter:label1\" content=\"Est. reading time\" \/>\n\t<meta name=\"twitter:data1\" content=\"1 minute\" \/>\n<script type=\"application\/ld+json\" class=\"yoast-schema-graph\">{\"@context\":\"https:\/\/schema.org\",\"@graph\":[{\"@type\":\"WebPage\",\"@id\":\"https:\/\/vinodeli.ee\/en\/product\/mcm-82-magnum-yves-jacques\/\",\"url\":\"https:\/\/vinodeli.ee\/en\/product\/mcm-82-magnum-yves-jacques\/\",\"name\":\"Yves Jacques MCM 82 Brut Ros\u00e9 Champagne AOC 12.5% vol. 1.5 L - Vinodeli\",\"isPartOf\":{\"@id\":\"https:\/\/vinodeli.ee\/#website\"},\"primaryImageOfPage\":{\"@id\":\"https:\/\/vinodeli.ee\/en\/product\/mcm-82-magnum-yves-jacques\/#primaryimage\"},\"image\":{\"@id\":\"https:\/\/vinodeli.ee\/en\/product\/mcm-82-magnum-yves-jacques\/#primaryimage\"},\"thumbnailUrl\":\"https:\/\/vinodeli.ee\/wp-content\/uploads\/2023\/11\/mcm-82-yves-jacques-2.webp\",\"datePublished\":\"2023-04-12T20:32:45+00:00\",\"dateModified\":\"2023-12-20T11:46:17+00:00\",\"breadcrumb\":{\"@id\":\"https:\/\/vinodeli.ee\/en\/product\/mcm-82-magnum-yves-jacques\/#breadcrumb\"},\"inLanguage\":\"en-US\",\"potentialAction\":[{\"@type\":\"ReadAction\",\"target\":[\"https:\/\/vinodeli.ee\/en\/product\/mcm-82-magnum-yves-jacques\/\"]}]},{\"@type\":\"ImageObject\",\"inLanguage\":\"en-US\",\"@id\":\"https:\/\/vinodeli.ee\/en\/product\/mcm-82-magnum-yves-jacques\/#primaryimage\",\"url\":\"https:\/\/vinodeli.ee\/wp-content\/uploads\/2023\/11\/mcm-82-yves-jacques-2.webp\",\"contentUrl\":\"https:\/\/vinodeli.ee\/wp-content\/uploads\/2023\/11\/mcm-82-yves-jacques-2.webp\",\"width\":700,\"height\":700},{\"@type\":\"BreadcrumbList\",\"@id\":\"https:\/\/vinodeli.ee\/en\/product\/mcm-82-magnum-yves-jacques\/#breadcrumb\",\"itemListElement\":[{\"@type\":\"ListItem\",\"position\":1,\"name\":\"Home\",\"item\":\"https:\/\/vinodeli.ee\/en\/\"},{\"@type\":\"ListItem\",\"position\":2,\"name\":\"Shop\",\"item\":\"https:\/\/vinodeli.ee\/pood\/\"},{\"@type\":\"ListItem\",\"position\":3,\"name\":\"Yves Jacques MCM 82 Brut Ros\u00e9 Champagne AOC 12.5% vol. 1.5 L\"}]},{\"@type\":\"WebSite\",\"@id\":\"https:\/\/vinodeli.ee\/#website\",\"url\":\"https:\/\/vinodeli.ee\/\",\"name\":\"Vinodeli\",\"description\":\"\",\"publisher\":{\"@id\":\"https:\/\/vinodeli.ee\/#organization\"},\"potentialAction\":[{\"@type\":\"SearchAction\",\"target\":{\"@type\":\"EntryPoint\",\"urlTemplate\":\"https:\/\/vinodeli.ee\/?s={search_term_string}\"},\"query-input\":{\"@type\":\"PropertyValueSpecification\",\"valueRequired\":true,\"valueName\":\"search_term_string\"}}],\"inLanguage\":\"en-US\"},{\"@type\":\"Organization\",\"@id\":\"https:\/\/vinodeli.ee\/#organization\",\"name\":\"Vinodeli O\u00dc\",\"url\":\"https:\/\/vinodeli.ee\/\",\"logo\":{\"@type\":\"ImageObject\",\"inLanguage\":\"en-US\",\"@id\":\"https:\/\/vinodeli.ee\/#\/schema\/logo\/image\/\",\"url\":\"https:\/\/vinodeli.ee\/wp-content\/uploads\/2024\/02\/logo-winodeli-1.png\",\"contentUrl\":\"https:\/\/vinodeli.ee\/wp-content\/uploads\/2024\/02\/logo-winodeli-1.png\",\"width\":1500,\"height\":1150,\"caption\":\"Vinodeli O\u00dc\"},\"image\":{\"@id\":\"https:\/\/vinodeli.ee\/#\/schema\/logo\/image\/\"}}]}<\/script>\n<!-- \/ Yoast SEO plugin. -->","yoast_head_json":{"title":"Yves Jacques MCM 82 Brut Ros\u00e9 Champagne AOC 12.5% vol. 1.5 L - Vinodeli","robots":{"index":"index","follow":"follow","max-snippet":"max-snippet:-1","max-image-preview":"max-image-preview:large","max-video-preview":"max-video-preview:-1"},"canonical":"https:\/\/vinodeli.ee\/en\/product\/mcm-82-magnum-yves-jacques\/","og_locale":"en_US","og_type":"article","og_title":"Yves Jacques MCM 82 Brut Ros\u00e9 Champagne AOC 12.5% vol. 1.5 L - Vinodeli","og_description":"Grape varieties:60% Pinot Noir, 30% Meunier and 10% Chardonnay 30% Pinot Noir (Vall\u00e9e de la Marne) 20% Pinot Noir (C\u00f4teaux du S\u00e9zannais) 30% Meunier (Vall\u00e9e de la Marne) 10% Chardonnay (C\u00f4teaux du S\u00e9zannais) 10% Pinot Noir vinified in Red (Vall\u00e9e de la Marne)","og_url":"https:\/\/vinodeli.ee\/en\/product\/mcm-82-magnum-yves-jacques\/","og_site_name":"Vinodeli","article_modified_time":"2023-12-20T11:46:17+00:00","og_image":[{"width":700,"height":700,"url":"https:\/\/vinodeli.ee\/wp-content\/uploads\/2023\/11\/mcm-82-yves-jacques-2.webp","type":"image\/webp"}],"twitter_card":"summary_large_image","twitter_misc":{"Est. reading time":"1 minute"},"schema":{"@context":"https:\/\/schema.org","@graph":[{"@type":"WebPage","@id":"https:\/\/vinodeli.ee\/en\/product\/mcm-82-magnum-yves-jacques\/","url":"https:\/\/vinodeli.ee\/en\/product\/mcm-82-magnum-yves-jacques\/","name":"Yves Jacques MCM 82 Brut Ros\u00e9 Champagne AOC 12.5% vol. 1.5 L - Vinodeli","isPartOf":{"@id":"https:\/\/vinodeli.ee\/#website"},"primaryImageOfPage":{"@id":"https:\/\/vinodeli.ee\/en\/product\/mcm-82-magnum-yves-jacques\/#primaryimage"},"image":{"@id":"https:\/\/vinodeli.ee\/en\/product\/mcm-82-magnum-yves-jacques\/#primaryimage"},"thumbnailUrl":"https:\/\/vinodeli.ee\/wp-content\/uploads\/2023\/11\/mcm-82-yves-jacques-2.webp","datePublished":"2023-04-12T20:32:45+00:00","dateModified":"2023-12-20T11:46:17+00:00","breadcrumb":{"@id":"https:\/\/vinodeli.ee\/en\/product\/mcm-82-magnum-yves-jacques\/#breadcrumb"},"inLanguage":"en-US","potentialAction":[{"@type":"ReadAction","target":["https:\/\/vinodeli.ee\/en\/product\/mcm-82-magnum-yves-jacques\/"]}]},{"@type":"ImageObject","inLanguage":"en-US","@id":"https:\/\/vinodeli.ee\/en\/product\/mcm-82-magnum-yves-jacques\/#primaryimage","url":"https:\/\/vinodeli.ee\/wp-content\/uploads\/2023\/11\/mcm-82-yves-jacques-2.webp","contentUrl":"https:\/\/vinodeli.ee\/wp-content\/uploads\/2023\/11\/mcm-82-yves-jacques-2.webp","width":700,"height":700},{"@type":"BreadcrumbList","@id":"https:\/\/vinodeli.ee\/en\/product\/mcm-82-magnum-yves-jacques\/#breadcrumb","itemListElement":[{"@type":"ListItem","position":1,"name":"Home","item":"https:\/\/vinodeli.ee\/en\/"},{"@type":"ListItem","position":2,"name":"Shop","item":"https:\/\/vinodeli.ee\/pood\/"},{"@type":"ListItem","position":3,"name":"Yves Jacques MCM 82 Brut Ros\u00e9 Champagne AOC 12.5% vol. 1.5 L"}]},{"@type":"WebSite","@id":"https:\/\/vinodeli.ee\/#website","url":"https:\/\/vinodeli.ee\/","name":"Vinodeli","description":"","publisher":{"@id":"https:\/\/vinodeli.ee\/#organization"},"potentialAction":[{"@type":"SearchAction","target":{"@type":"EntryPoint","urlTemplate":"https:\/\/vinodeli.ee\/?s={search_term_string}"},"query-input":{"@type":"PropertyValueSpecification","valueRequired":true,"valueName":"search_term_string"}}],"inLanguage":"en-US"},{"@type":"Organization","@id":"https:\/\/vinodeli.ee\/#organization","name":"Vinodeli O\u00dc","url":"https:\/\/vinodeli.ee\/","logo":{"@type":"ImageObject","inLanguage":"en-US","@id":"https:\/\/vinodeli.ee\/#\/schema\/logo\/image\/","url":"https:\/\/vinodeli.ee\/wp-content\/uploads\/2024\/02\/logo-winodeli-1.png","contentUrl":"https:\/\/vinodeli.ee\/wp-content\/uploads\/2024\/02\/logo-winodeli-1.png","width":1500,"height":1150,"caption":"Vinodeli O\u00dc"},"image":{"@id":"https:\/\/vinodeli.ee\/#\/schema\/logo\/image\/"}}]}},"_links":{"self":[{"href":"https:\/\/vinodeli.ee\/en\/wp-json\/wp\/v2\/product\/47135","targetHints":{"allow":["GET"]}}],"collection":[{"href":"https:\/\/vinodeli.ee\/en\/wp-json\/wp\/v2\/product"}],"about":[{"href":"https:\/\/vinodeli.ee\/en\/wp-json\/wp\/v2\/types\/product"}],"version-history":[{"count":0,"href":"https:\/\/vinodeli.ee\/en\/wp-json\/wp\/v2\/product\/47135\/revisions"}],"wp:featuredmedia":[{"embeddable":true,"href":"https:\/\/vinodeli.ee\/en\/wp-json\/wp\/v2\/media\/44056"}],"wp:attachment":[{"href":"https:\/\/vinodeli.ee\/en\/wp-json\/wp\/v2\/media?parent=47135"}],"wp:term":[{"taxonomy":"product_brand","embeddable":true,"href":"https:\/\/vinodeli.ee\/en\/wp-json\/wp\/v2\/product_brand?post=47135"},{"taxonomy":"product_cat","embeddable":true,"href":"https:\/\/vinodeli.ee\/en\/wp-json\/wp\/v2\/product_cat?post=47135"},{"taxonomy":"product_tag","embeddable":true,"href":"https:\/\/vinodeli.ee\/en\/wp-json\/wp\/v2\/product_tag?post=47135"}],"curies":[{"name":"wp","href":"https:\/\/api.w.org\/{rel}","templated":true}]}}