{"id":47140,"date":"2023-04-12T13:38:24","date_gmt":"2023-04-12T10:38:24","guid":{"rendered":"https:\/\/vinodeli.ee\/product\/anamnesis-yves-jacques\/"},"modified":"2025-06-19T13:43:57","modified_gmt":"2025-06-19T10:43:57","slug":"anamnesis-yves-jacques","status":"publish","type":"product","link":"https:\/\/vinodeli.ee\/en\/product\/anamnesis-yves-jacques\/","title":{"rendered":"Yves Jacques Anamnesis Brut Champagne AOC 2019 12.5% vol. 0.75l"},"content":{"rendered":"<blockquote>\n<h5>Guardians of the heritage and know-how of their ancestors for 3 generations, Champagne Yves Jacques run the family vineyard planted with the three Champagne grape varieties in the Marne Valley, the Cote des Blancs and the Aube, in the communes of S\u00e9zanne, Baye, but also Chouilly and Ay, classified as Grand Cru. Their Champagne wines are made in Baye, in their own cellars and in accordance with the traditional method.<\/h5>\n<\/blockquote>\n<h3>&#8220;Anamnesis&#8221;<\/h3>\n<p>Vintage Champagnes are the memory of a family estate. The 2015 vintage was marked by exceptional sunshine between March and August. Strong heat between June and July with very little rain in contrast to a rather cool and rainy month of August allowing the grapes to ripen nicely. This Champagne is an homage to the terroir of S\u00e9zanne because it combines Chardonnays on chalky soils with Pinot Noirs on sandy soils. This vintage and the terroir offer us wines of exceptional freshness and delicacy. A Champagne to enjoy during intimate and prestigious moments.<\/p>\n<h3>Winemaking<\/h3>\n<p>Picking 100% by hand with rigourous sorting. Alcoholic and malolactic fermentation at low temperature in stainless steel tanks. Ageing on lees before bottling for 3 months, ageing on laths minimum 90 months.<\/p>\n","protected":false},"excerpt":{"rendered":"<blockquote>\n<h4>Grape varieties:60% Chardonnay and 40% Pinot Noir<\/h4>\n<\/blockquote>\n<ul>\n<li>60% Chardonnay (C\u00f4teaux du S\u00e9zannais)<\/li>\n<li>40% Pinot Noir (C\u00f4teaux du S\u00e9zannais)<\/li>\n<\/ul>\n","protected":false},"featured_media":65070,"template":"","meta":{"_acf_changed":false},"product_brand":[],"product_cat":[19488,19493,19495],"product_tag":[],"class_list":{"0":"post-47140","1":"product","2":"type-product","3":"status-publish","4":"has-post-thumbnail","6":"product_cat-sparkling-wine","7":"product_cat-champagne","8":"product_cat-all-champagne-method","10":"first","11":"instock","12":"taxable","13":"shipping-taxable","14":"purchasable","15":"product-type-simple"},"acf":[],"yoast_head":"<!-- This site is optimized with the Yoast SEO plugin v25.7 - https:\/\/yoast.com\/wordpress\/plugins\/seo\/ -->\n<title>Yves Jacques Anamnesis Brut Champagne AOC 2019 12.5% vol. 0.75l - Vinodeli<\/title>\n<meta name=\"robots\" content=\"index, follow, max-snippet:-1, max-image-preview:large, max-video-preview:-1\" \/>\n<link rel=\"canonical\" href=\"https:\/\/vinodeli.ee\/en\/product\/anamnesis-yves-jacques\/\" \/>\n<meta property=\"og:locale\" content=\"en_US\" \/>\n<meta property=\"og:type\" content=\"article\" \/>\n<meta property=\"og:title\" content=\"Yves Jacques Anamnesis Brut Champagne AOC 2019 12.5% vol. 0.75l - Vinodeli\" \/>\n<meta property=\"og:description\" content=\"Grape varieties:60% Chardonnay and 40% Pinot Noir    60% Chardonnay (C\u00f4teaux du S\u00e9zannais)  40% Pinot Noir (C\u00f4teaux du S\u00e9zannais)\" \/>\n<meta property=\"og:url\" content=\"https:\/\/vinodeli.ee\/en\/product\/anamnesis-yves-jacques\/\" \/>\n<meta property=\"og:site_name\" content=\"Vinodeli\" \/>\n<meta property=\"article:modified_time\" content=\"2025-06-19T10:43:57+00:00\" \/>\n<meta property=\"og:image\" content=\"https:\/\/vinodeli.ee\/wp-content\/uploads\/2023\/04\/yves-jacques-anamnesis.jpg\" \/>\n\t<meta property=\"og:image:width\" content=\"900\" \/>\n\t<meta property=\"og:image:height\" content=\"900\" \/>\n\t<meta property=\"og:image:type\" content=\"image\/jpeg\" \/>\n<meta name=\"twitter:card\" content=\"summary_large_image\" \/>\n<meta name=\"twitter:label1\" content=\"Est. reading time\" \/>\n\t<meta name=\"twitter:data1\" content=\"1 minute\" \/>\n<script type=\"application\/ld+json\" class=\"yoast-schema-graph\">{\"@context\":\"https:\/\/schema.org\",\"@graph\":[{\"@type\":\"WebPage\",\"@id\":\"https:\/\/vinodeli.ee\/en\/product\/anamnesis-yves-jacques\/\",\"url\":\"https:\/\/vinodeli.ee\/en\/product\/anamnesis-yves-jacques\/\",\"name\":\"Yves Jacques Anamnesis Brut Champagne AOC 2019 12.5% vol. 0.75l - Vinodeli\",\"isPartOf\":{\"@id\":\"https:\/\/vinodeli.ee\/#website\"},\"primaryImageOfPage\":{\"@id\":\"https:\/\/vinodeli.ee\/en\/product\/anamnesis-yves-jacques\/#primaryimage\"},\"image\":{\"@id\":\"https:\/\/vinodeli.ee\/en\/product\/anamnesis-yves-jacques\/#primaryimage\"},\"thumbnailUrl\":\"https:\/\/vinodeli.ee\/wp-content\/uploads\/2023\/04\/yves-jacques-anamnesis.jpg\",\"datePublished\":\"2023-04-12T10:38:24+00:00\",\"dateModified\":\"2025-06-19T10:43:57+00:00\",\"breadcrumb\":{\"@id\":\"https:\/\/vinodeli.ee\/en\/product\/anamnesis-yves-jacques\/#breadcrumb\"},\"inLanguage\":\"en-US\",\"potentialAction\":[{\"@type\":\"ReadAction\",\"target\":[\"https:\/\/vinodeli.ee\/en\/product\/anamnesis-yves-jacques\/\"]}]},{\"@type\":\"ImageObject\",\"inLanguage\":\"en-US\",\"@id\":\"https:\/\/vinodeli.ee\/en\/product\/anamnesis-yves-jacques\/#primaryimage\",\"url\":\"https:\/\/vinodeli.ee\/wp-content\/uploads\/2023\/04\/yves-jacques-anamnesis.jpg\",\"contentUrl\":\"https:\/\/vinodeli.ee\/wp-content\/uploads\/2023\/04\/yves-jacques-anamnesis.jpg\",\"width\":900,\"height\":900},{\"@type\":\"BreadcrumbList\",\"@id\":\"https:\/\/vinodeli.ee\/en\/product\/anamnesis-yves-jacques\/#breadcrumb\",\"itemListElement\":[{\"@type\":\"ListItem\",\"position\":1,\"name\":\"Home\",\"item\":\"https:\/\/vinodeli.ee\/en\/\"},{\"@type\":\"ListItem\",\"position\":2,\"name\":\"Shop\",\"item\":\"https:\/\/vinodeli.ee\/pood\/\"},{\"@type\":\"ListItem\",\"position\":3,\"name\":\"Yves Jacques Anamnesis Brut Champagne AOC 2019 12.5% vol. 0.75l\"}]},{\"@type\":\"WebSite\",\"@id\":\"https:\/\/vinodeli.ee\/#website\",\"url\":\"https:\/\/vinodeli.ee\/\",\"name\":\"Vinodeli\",\"description\":\"\",\"publisher\":{\"@id\":\"https:\/\/vinodeli.ee\/#organization\"},\"potentialAction\":[{\"@type\":\"SearchAction\",\"target\":{\"@type\":\"EntryPoint\",\"urlTemplate\":\"https:\/\/vinodeli.ee\/?s={search_term_string}\"},\"query-input\":{\"@type\":\"PropertyValueSpecification\",\"valueRequired\":true,\"valueName\":\"search_term_string\"}}],\"inLanguage\":\"en-US\"},{\"@type\":\"Organization\",\"@id\":\"https:\/\/vinodeli.ee\/#organization\",\"name\":\"Vinodeli O\u00dc\",\"url\":\"https:\/\/vinodeli.ee\/\",\"logo\":{\"@type\":\"ImageObject\",\"inLanguage\":\"en-US\",\"@id\":\"https:\/\/vinodeli.ee\/#\/schema\/logo\/image\/\",\"url\":\"https:\/\/vinodeli.ee\/wp-content\/uploads\/2024\/02\/logo-winodeli-1.png\",\"contentUrl\":\"https:\/\/vinodeli.ee\/wp-content\/uploads\/2024\/02\/logo-winodeli-1.png\",\"width\":1500,\"height\":1150,\"caption\":\"Vinodeli O\u00dc\"},\"image\":{\"@id\":\"https:\/\/vinodeli.ee\/#\/schema\/logo\/image\/\"}}]}<\/script>\n<!-- \/ Yoast SEO plugin. -->","yoast_head_json":{"title":"Yves Jacques Anamnesis Brut Champagne AOC 2019 12.5% vol. 0.75l - Vinodeli","robots":{"index":"index","follow":"follow","max-snippet":"max-snippet:-1","max-image-preview":"max-image-preview:large","max-video-preview":"max-video-preview:-1"},"canonical":"https:\/\/vinodeli.ee\/en\/product\/anamnesis-yves-jacques\/","og_locale":"en_US","og_type":"article","og_title":"Yves Jacques Anamnesis Brut Champagne AOC 2019 12.5% vol. 0.75l - Vinodeli","og_description":"Grape varieties:60% Chardonnay and 40% Pinot Noir    60% Chardonnay (C\u00f4teaux du S\u00e9zannais)  40% Pinot Noir (C\u00f4teaux du S\u00e9zannais)","og_url":"https:\/\/vinodeli.ee\/en\/product\/anamnesis-yves-jacques\/","og_site_name":"Vinodeli","article_modified_time":"2025-06-19T10:43:57+00:00","og_image":[{"width":900,"height":900,"url":"https:\/\/vinodeli.ee\/wp-content\/uploads\/2023\/04\/yves-jacques-anamnesis.jpg","type":"image\/jpeg"}],"twitter_card":"summary_large_image","twitter_misc":{"Est. reading time":"1 minute"},"schema":{"@context":"https:\/\/schema.org","@graph":[{"@type":"WebPage","@id":"https:\/\/vinodeli.ee\/en\/product\/anamnesis-yves-jacques\/","url":"https:\/\/vinodeli.ee\/en\/product\/anamnesis-yves-jacques\/","name":"Yves Jacques Anamnesis Brut Champagne AOC 2019 12.5% vol. 0.75l - Vinodeli","isPartOf":{"@id":"https:\/\/vinodeli.ee\/#website"},"primaryImageOfPage":{"@id":"https:\/\/vinodeli.ee\/en\/product\/anamnesis-yves-jacques\/#primaryimage"},"image":{"@id":"https:\/\/vinodeli.ee\/en\/product\/anamnesis-yves-jacques\/#primaryimage"},"thumbnailUrl":"https:\/\/vinodeli.ee\/wp-content\/uploads\/2023\/04\/yves-jacques-anamnesis.jpg","datePublished":"2023-04-12T10:38:24+00:00","dateModified":"2025-06-19T10:43:57+00:00","breadcrumb":{"@id":"https:\/\/vinodeli.ee\/en\/product\/anamnesis-yves-jacques\/#breadcrumb"},"inLanguage":"en-US","potentialAction":[{"@type":"ReadAction","target":["https:\/\/vinodeli.ee\/en\/product\/anamnesis-yves-jacques\/"]}]},{"@type":"ImageObject","inLanguage":"en-US","@id":"https:\/\/vinodeli.ee\/en\/product\/anamnesis-yves-jacques\/#primaryimage","url":"https:\/\/vinodeli.ee\/wp-content\/uploads\/2023\/04\/yves-jacques-anamnesis.jpg","contentUrl":"https:\/\/vinodeli.ee\/wp-content\/uploads\/2023\/04\/yves-jacques-anamnesis.jpg","width":900,"height":900},{"@type":"BreadcrumbList","@id":"https:\/\/vinodeli.ee\/en\/product\/anamnesis-yves-jacques\/#breadcrumb","itemListElement":[{"@type":"ListItem","position":1,"name":"Home","item":"https:\/\/vinodeli.ee\/en\/"},{"@type":"ListItem","position":2,"name":"Shop","item":"https:\/\/vinodeli.ee\/pood\/"},{"@type":"ListItem","position":3,"name":"Yves Jacques Anamnesis Brut Champagne AOC 2019 12.5% vol. 0.75l"}]},{"@type":"WebSite","@id":"https:\/\/vinodeli.ee\/#website","url":"https:\/\/vinodeli.ee\/","name":"Vinodeli","description":"","publisher":{"@id":"https:\/\/vinodeli.ee\/#organization"},"potentialAction":[{"@type":"SearchAction","target":{"@type":"EntryPoint","urlTemplate":"https:\/\/vinodeli.ee\/?s={search_term_string}"},"query-input":{"@type":"PropertyValueSpecification","valueRequired":true,"valueName":"search_term_string"}}],"inLanguage":"en-US"},{"@type":"Organization","@id":"https:\/\/vinodeli.ee\/#organization","name":"Vinodeli O\u00dc","url":"https:\/\/vinodeli.ee\/","logo":{"@type":"ImageObject","inLanguage":"en-US","@id":"https:\/\/vinodeli.ee\/#\/schema\/logo\/image\/","url":"https:\/\/vinodeli.ee\/wp-content\/uploads\/2024\/02\/logo-winodeli-1.png","contentUrl":"https:\/\/vinodeli.ee\/wp-content\/uploads\/2024\/02\/logo-winodeli-1.png","width":1500,"height":1150,"caption":"Vinodeli O\u00dc"},"image":{"@id":"https:\/\/vinodeli.ee\/#\/schema\/logo\/image\/"}}]}},"_links":{"self":[{"href":"https:\/\/vinodeli.ee\/en\/wp-json\/wp\/v2\/product\/47140","targetHints":{"allow":["GET"]}}],"collection":[{"href":"https:\/\/vinodeli.ee\/en\/wp-json\/wp\/v2\/product"}],"about":[{"href":"https:\/\/vinodeli.ee\/en\/wp-json\/wp\/v2\/types\/product"}],"version-history":[{"count":0,"href":"https:\/\/vinodeli.ee\/en\/wp-json\/wp\/v2\/product\/47140\/revisions"}],"wp:featuredmedia":[{"embeddable":true,"href":"https:\/\/vinodeli.ee\/en\/wp-json\/wp\/v2\/media\/65070"}],"wp:attachment":[{"href":"https:\/\/vinodeli.ee\/en\/wp-json\/wp\/v2\/media?parent=47140"}],"wp:term":[{"taxonomy":"product_brand","embeddable":true,"href":"https:\/\/vinodeli.ee\/en\/wp-json\/wp\/v2\/product_brand?post=47140"},{"taxonomy":"product_cat","embeddable":true,"href":"https:\/\/vinodeli.ee\/en\/wp-json\/wp\/v2\/product_cat?post=47140"},{"taxonomy":"product_tag","embeddable":true,"href":"https:\/\/vinodeli.ee\/en\/wp-json\/wp\/v2\/product_tag?post=47140"}],"curies":[{"name":"wp","href":"https:\/\/api.w.org\/{rel}","templated":true}]}}