{"id":47151,"date":"2023-04-08T01:44:25","date_gmt":"2023-04-07T22:44:25","guid":{"rendered":"https:\/\/vinodeli.ee\/product\/michel-fonne-gewurztraminer-vendanges-tardives\/"},"modified":"2023-12-20T13:46:46","modified_gmt":"2023-12-20T11:46:46","slug":"michel-fonne-gewurztraminer-vendanges-tardives","status":"publish","type":"product","link":"https:\/\/vinodeli.ee\/en\/product\/michel-fonne-gewurztraminer-vendanges-tardives\/","title":{"rendered":"Michel Fonn\u00e9 Gew\u00fcrztraminer Vendanges Tardives Alsace AOC 2018 12.5% vol."},"content":{"rendered":"<blockquote>\n<h5>The story begins in 1747 with their ancestor, who decided to invest in a piece of land to work the vine. With great fascination and curiosity, he cultivated the vine to harvest its fruit, the grape. This passion has been passed on from generation to generation until today. Seven generations later, the Domaine works 13 hectares of vines, spread over 5 communes and a hundred or so plots. Today, Michel Fonn\u00e9 has been at the head of the estate since 1989. He himself took over from his uncle Ren\u00e9 Barth, a winegrower, by adding the land of his parents, winegrowers.<\/h5>\n<\/blockquote>\n<h3>Vendanges Tardives<\/h3>\n<p>Since 1984, the Vendanges Tardives label has been used to designate great sweet wines made from berries harvested at over-ripeness. The development of\u00a0<span style=\"color: #0000ff\"><a style=\"color: #0000ff\" href=\"https:\/\/en.wikipedia.org\/wiki\/Botrytis_cinerea\"><em>Botrytis cinerea<\/em><\/a><\/span>\u00a0(noble rot) on the berries initiates an evaporation phenomenon, which favors the concentration of sugar and aromas.<\/p>\n<h3>Winemaking<\/h3>\n<p>The work in the vineyard is spread out over the whole year and starts with pruning (double Guyot), followed by the descent of the woods, arching, green work (de-budding) and manual tying-up. At the same time, work the soil is done and the grass is mown regularly while limiting soil compaction. Grapes are usually picked in October. The harvested fruits are introduced into a pneumatic press where the juice is left for a few hours in contact with the skin (which contains the aromas) for maceration; a process used for aromatic grape varieties. The juice is then slowly extracted and sent to a wooden cask. The most important stage then begins: fermentation. This degradation of sugars into alcohol, accomplished by the natural yeasts contained in the grapes, takes place over a few months. The wine thus obtained is then matured on fine lees until bottling.<\/p>\n<h3>Tasting notes<\/h3>\n<p>To the eye, we observe an intense golden yellow color. On the nose, we find on the Gewurztraminer Vendanges Tardives notes of candied fruits and honey. During the tasting, we discover a full and silky mellow wine. The aromas of candied fruits in the mouth as well as the floral expression of the rose make this wine very aromatic and give it a very long persistence.<\/p>\n<h3>Food pairing<\/h3>\n<p>This sweet wine is easily appreciated at the beginning of a meal, as an aperitif. Afterwards, because of its power, it can accompany foie gras in terrine or pan-fried. Cheeses of character such as Munster, a typical cheese of the region, or Roquefort can be enjoyed with this wine. Finally, it can crown a dinner with a sweet chocolate or fruity sweetness.<\/p>\n","protected":false},"excerpt":{"rendered":"<blockquote>\n<h4>Grape variety:100% Gew\u00fcrztraminer<\/h4>\n<\/blockquote>\n","protected":false},"featured_media":44092,"template":"","meta":{"_acf_changed":false},"product_brand":[],"product_cat":[19460],"product_tag":[],"class_list":{"0":"post-47151","1":"product","2":"type-product","3":"status-publish","4":"has-post-thumbnail","6":"product_cat-white-wine","8":"first","9":"instock","10":"downloadable","11":"taxable","12":"shipping-taxable","13":"purchasable","14":"product-type-simple"},"acf":[],"yoast_head":"<!-- This site is optimized with the Yoast SEO plugin v25.7 - https:\/\/yoast.com\/wordpress\/plugins\/seo\/ -->\n<title>Michel Fonn\u00e9 Gew\u00fcrztraminer Vendanges Tardives Alsace AOC 2018 12.5% vol. - Vinodeli<\/title>\n<meta name=\"robots\" content=\"index, follow, max-snippet:-1, max-image-preview:large, max-video-preview:-1\" \/>\n<link rel=\"canonical\" href=\"https:\/\/vinodeli.ee\/product\/gewurztraminer_vendanges_tardives_fonne\/\" \/>\n<meta property=\"og:locale\" content=\"en_US\" \/>\n<meta property=\"og:type\" content=\"article\" \/>\n<meta property=\"og:title\" content=\"Michel Fonn\u00e9 Gew\u00fcrztraminer Vendanges Tardives Alsace AOC 2018 12.5% vol. - Vinodeli\" \/>\n<meta property=\"og:description\" content=\"Grape variety:100% Gew\u00fcrztraminer\" \/>\n<meta property=\"og:url\" content=\"https:\/\/vinodeli.ee\/product\/gewurztraminer_vendanges_tardives_fonne\/\" \/>\n<meta property=\"og:site_name\" content=\"Vinodeli\" \/>\n<meta property=\"article:modified_time\" content=\"2023-12-20T11:46:46+00:00\" \/>\n<meta property=\"og:image\" content=\"https:\/\/vinodeli.ee\/wp-content\/uploads\/2023\/11\/gewurztraminer-vendanges-tardives-michel-fonne-2.webp\" \/>\n\t<meta property=\"og:image:width\" content=\"1000\" \/>\n\t<meta property=\"og:image:height\" content=\"1000\" \/>\n\t<meta property=\"og:image:type\" content=\"image\/webp\" \/>\n<meta name=\"twitter:card\" content=\"summary_large_image\" \/>\n<meta name=\"twitter:label1\" content=\"Est. reading time\" \/>\n\t<meta name=\"twitter:data1\" content=\"2 minutes\" \/>\n<script type=\"application\/ld+json\" class=\"yoast-schema-graph\">{\"@context\":\"https:\/\/schema.org\",\"@graph\":[{\"@type\":\"WebPage\",\"@id\":\"https:\/\/vinodeli.ee\/product\/gewurztraminer_vendanges_tardives_fonne\/\",\"url\":\"https:\/\/vinodeli.ee\/product\/gewurztraminer_vendanges_tardives_fonne\/\",\"name\":\"Michel Fonn\u00e9 Gew\u00fcrztraminer Vendanges Tardives Alsace AOC 2018 12.5% vol. - Vinodeli\",\"isPartOf\":{\"@id\":\"https:\/\/vinodeli.ee\/#website\"},\"primaryImageOfPage\":{\"@id\":\"https:\/\/vinodeli.ee\/product\/gewurztraminer_vendanges_tardives_fonne\/#primaryimage\"},\"image\":{\"@id\":\"https:\/\/vinodeli.ee\/product\/gewurztraminer_vendanges_tardives_fonne\/#primaryimage\"},\"thumbnailUrl\":\"https:\/\/vinodeli.ee\/wp-content\/uploads\/2023\/11\/gewurztraminer-vendanges-tardives-michel-fonne-2.webp\",\"datePublished\":\"2023-04-07T22:44:25+00:00\",\"dateModified\":\"2023-12-20T11:46:46+00:00\",\"breadcrumb\":{\"@id\":\"https:\/\/vinodeli.ee\/product\/gewurztraminer_vendanges_tardives_fonne\/#breadcrumb\"},\"inLanguage\":\"en-US\",\"potentialAction\":[{\"@type\":\"ReadAction\",\"target\":[\"https:\/\/vinodeli.ee\/product\/gewurztraminer_vendanges_tardives_fonne\/\"]}]},{\"@type\":\"ImageObject\",\"inLanguage\":\"en-US\",\"@id\":\"https:\/\/vinodeli.ee\/product\/gewurztraminer_vendanges_tardives_fonne\/#primaryimage\",\"url\":\"https:\/\/vinodeli.ee\/wp-content\/uploads\/2023\/11\/gewurztraminer-vendanges-tardives-michel-fonne-2.webp\",\"contentUrl\":\"https:\/\/vinodeli.ee\/wp-content\/uploads\/2023\/11\/gewurztraminer-vendanges-tardives-michel-fonne-2.webp\",\"width\":1000,\"height\":1000},{\"@type\":\"BreadcrumbList\",\"@id\":\"https:\/\/vinodeli.ee\/product\/gewurztraminer_vendanges_tardives_fonne\/#breadcrumb\",\"itemListElement\":[{\"@type\":\"ListItem\",\"position\":1,\"name\":\"Home\",\"item\":\"https:\/\/vinodeli.ee\/en\/\"},{\"@type\":\"ListItem\",\"position\":2,\"name\":\"Shop\",\"item\":\"https:\/\/vinodeli.ee\/pood\/\"},{\"@type\":\"ListItem\",\"position\":3,\"name\":\"Michel Fonn\u00e9 Gew\u00fcrztraminer Vendanges Tardives Alsace AOC 2018 12.5% vol.\"}]},{\"@type\":\"WebSite\",\"@id\":\"https:\/\/vinodeli.ee\/#website\",\"url\":\"https:\/\/vinodeli.ee\/\",\"name\":\"Vinodeli\",\"description\":\"\",\"publisher\":{\"@id\":\"https:\/\/vinodeli.ee\/#organization\"},\"potentialAction\":[{\"@type\":\"SearchAction\",\"target\":{\"@type\":\"EntryPoint\",\"urlTemplate\":\"https:\/\/vinodeli.ee\/?s={search_term_string}\"},\"query-input\":{\"@type\":\"PropertyValueSpecification\",\"valueRequired\":true,\"valueName\":\"search_term_string\"}}],\"inLanguage\":\"en-US\"},{\"@type\":\"Organization\",\"@id\":\"https:\/\/vinodeli.ee\/#organization\",\"name\":\"Vinodeli O\u00dc\",\"url\":\"https:\/\/vinodeli.ee\/\",\"logo\":{\"@type\":\"ImageObject\",\"inLanguage\":\"en-US\",\"@id\":\"https:\/\/vinodeli.ee\/#\/schema\/logo\/image\/\",\"url\":\"https:\/\/vinodeli.ee\/wp-content\/uploads\/2024\/02\/logo-winodeli-1.png\",\"contentUrl\":\"https:\/\/vinodeli.ee\/wp-content\/uploads\/2024\/02\/logo-winodeli-1.png\",\"width\":1500,\"height\":1150,\"caption\":\"Vinodeli O\u00dc\"},\"image\":{\"@id\":\"https:\/\/vinodeli.ee\/#\/schema\/logo\/image\/\"}}]}<\/script>\n<!-- \/ Yoast SEO plugin. -->","yoast_head_json":{"title":"Michel Fonn\u00e9 Gew\u00fcrztraminer Vendanges Tardives Alsace AOC 2018 12.5% vol. - Vinodeli","robots":{"index":"index","follow":"follow","max-snippet":"max-snippet:-1","max-image-preview":"max-image-preview:large","max-video-preview":"max-video-preview:-1"},"canonical":"https:\/\/vinodeli.ee\/product\/gewurztraminer_vendanges_tardives_fonne\/","og_locale":"en_US","og_type":"article","og_title":"Michel Fonn\u00e9 Gew\u00fcrztraminer Vendanges Tardives Alsace AOC 2018 12.5% vol. - Vinodeli","og_description":"Grape variety:100% Gew\u00fcrztraminer","og_url":"https:\/\/vinodeli.ee\/product\/gewurztraminer_vendanges_tardives_fonne\/","og_site_name":"Vinodeli","article_modified_time":"2023-12-20T11:46:46+00:00","og_image":[{"width":1000,"height":1000,"url":"https:\/\/vinodeli.ee\/wp-content\/uploads\/2023\/11\/gewurztraminer-vendanges-tardives-michel-fonne-2.webp","type":"image\/webp"}],"twitter_card":"summary_large_image","twitter_misc":{"Est. reading time":"2 minutes"},"schema":{"@context":"https:\/\/schema.org","@graph":[{"@type":"WebPage","@id":"https:\/\/vinodeli.ee\/product\/gewurztraminer_vendanges_tardives_fonne\/","url":"https:\/\/vinodeli.ee\/product\/gewurztraminer_vendanges_tardives_fonne\/","name":"Michel Fonn\u00e9 Gew\u00fcrztraminer Vendanges Tardives Alsace AOC 2018 12.5% vol. - Vinodeli","isPartOf":{"@id":"https:\/\/vinodeli.ee\/#website"},"primaryImageOfPage":{"@id":"https:\/\/vinodeli.ee\/product\/gewurztraminer_vendanges_tardives_fonne\/#primaryimage"},"image":{"@id":"https:\/\/vinodeli.ee\/product\/gewurztraminer_vendanges_tardives_fonne\/#primaryimage"},"thumbnailUrl":"https:\/\/vinodeli.ee\/wp-content\/uploads\/2023\/11\/gewurztraminer-vendanges-tardives-michel-fonne-2.webp","datePublished":"2023-04-07T22:44:25+00:00","dateModified":"2023-12-20T11:46:46+00:00","breadcrumb":{"@id":"https:\/\/vinodeli.ee\/product\/gewurztraminer_vendanges_tardives_fonne\/#breadcrumb"},"inLanguage":"en-US","potentialAction":[{"@type":"ReadAction","target":["https:\/\/vinodeli.ee\/product\/gewurztraminer_vendanges_tardives_fonne\/"]}]},{"@type":"ImageObject","inLanguage":"en-US","@id":"https:\/\/vinodeli.ee\/product\/gewurztraminer_vendanges_tardives_fonne\/#primaryimage","url":"https:\/\/vinodeli.ee\/wp-content\/uploads\/2023\/11\/gewurztraminer-vendanges-tardives-michel-fonne-2.webp","contentUrl":"https:\/\/vinodeli.ee\/wp-content\/uploads\/2023\/11\/gewurztraminer-vendanges-tardives-michel-fonne-2.webp","width":1000,"height":1000},{"@type":"BreadcrumbList","@id":"https:\/\/vinodeli.ee\/product\/gewurztraminer_vendanges_tardives_fonne\/#breadcrumb","itemListElement":[{"@type":"ListItem","position":1,"name":"Home","item":"https:\/\/vinodeli.ee\/en\/"},{"@type":"ListItem","position":2,"name":"Shop","item":"https:\/\/vinodeli.ee\/pood\/"},{"@type":"ListItem","position":3,"name":"Michel Fonn\u00e9 Gew\u00fcrztraminer Vendanges Tardives Alsace AOC 2018 12.5% vol."}]},{"@type":"WebSite","@id":"https:\/\/vinodeli.ee\/#website","url":"https:\/\/vinodeli.ee\/","name":"Vinodeli","description":"","publisher":{"@id":"https:\/\/vinodeli.ee\/#organization"},"potentialAction":[{"@type":"SearchAction","target":{"@type":"EntryPoint","urlTemplate":"https:\/\/vinodeli.ee\/?s={search_term_string}"},"query-input":{"@type":"PropertyValueSpecification","valueRequired":true,"valueName":"search_term_string"}}],"inLanguage":"en-US"},{"@type":"Organization","@id":"https:\/\/vinodeli.ee\/#organization","name":"Vinodeli O\u00dc","url":"https:\/\/vinodeli.ee\/","logo":{"@type":"ImageObject","inLanguage":"en-US","@id":"https:\/\/vinodeli.ee\/#\/schema\/logo\/image\/","url":"https:\/\/vinodeli.ee\/wp-content\/uploads\/2024\/02\/logo-winodeli-1.png","contentUrl":"https:\/\/vinodeli.ee\/wp-content\/uploads\/2024\/02\/logo-winodeli-1.png","width":1500,"height":1150,"caption":"Vinodeli O\u00dc"},"image":{"@id":"https:\/\/vinodeli.ee\/#\/schema\/logo\/image\/"}}]}},"_links":{"self":[{"href":"https:\/\/vinodeli.ee\/en\/wp-json\/wp\/v2\/product\/47151","targetHints":{"allow":["GET"]}}],"collection":[{"href":"https:\/\/vinodeli.ee\/en\/wp-json\/wp\/v2\/product"}],"about":[{"href":"https:\/\/vinodeli.ee\/en\/wp-json\/wp\/v2\/types\/product"}],"version-history":[{"count":0,"href":"https:\/\/vinodeli.ee\/en\/wp-json\/wp\/v2\/product\/47151\/revisions"}],"wp:featuredmedia":[{"embeddable":true,"href":"https:\/\/vinodeli.ee\/en\/wp-json\/wp\/v2\/media\/44092"}],"wp:attachment":[{"href":"https:\/\/vinodeli.ee\/en\/wp-json\/wp\/v2\/media?parent=47151"}],"wp:term":[{"taxonomy":"product_brand","embeddable":true,"href":"https:\/\/vinodeli.ee\/en\/wp-json\/wp\/v2\/product_brand?post=47151"},{"taxonomy":"product_cat","embeddable":true,"href":"https:\/\/vinodeli.ee\/en\/wp-json\/wp\/v2\/product_cat?post=47151"},{"taxonomy":"product_tag","embeddable":true,"href":"https:\/\/vinodeli.ee\/en\/wp-json\/wp\/v2\/product_tag?post=47151"}],"curies":[{"name":"wp","href":"https:\/\/api.w.org\/{rel}","templated":true}]}}