{"id":47164,"date":"2023-04-01T13:52:50","date_gmt":"2023-04-01T10:52:50","guid":{"rendered":"https:\/\/vinodeli.ee\/product\/michel-fonne-gewuerztraminer-tradition\/"},"modified":"2025-12-22T23:07:45","modified_gmt":"2025-12-22T21:07:45","slug":"michel-fonne-gewuerztraminer-tradition","status":"publish","type":"product","link":"https:\/\/vinodeli.ee\/en\/product\/michel-fonne-gewuerztraminer-tradition\/","title":{"rendered":"Michel Fonn\u00e9 Gew\u00fcrztraminer Tradition Alsace AOC 2024 14% vol."},"content":{"rendered":"<blockquote>\n<h5>The story begins in 1747 with their ancestor, who decided to invest in a piece of land to work the vine. With great fascination and curiosity, he cultivated the vine to harvest its fruit, the grape. This passion has been passed on from generation to generation until today. Seven generations later, the Domaine works 13 hectares of vines, spread over 5 communes and a hundred or so plots. Today, Michel Fonn\u00e9 has been at the head of the estate since 1989. He himself took over from his uncle Ren\u00e9 Barth, a winegrower, by adding the land of his parents, winegrowers.<\/h5>\n<\/blockquote>\n<h3>Tasting notes<\/h3>\n<p>A rounded, semi-dry and oily wine. It has a very rich nose dominated by tropical fruits, flowers and spices.<\/p>\n<h3>Food pairing<\/h3>\n<p>Ideal as an aperitif and with spicy dishes such as Asian cuisine, poultry and seafood.<\/p>\n","protected":false},"excerpt":{"rendered":"<blockquote>\n<h4>Grape variety:100% Gew\u00fcrztraminer<\/h4>\n<\/blockquote>\n","protected":false},"featured_media":44131,"template":"","meta":{"_acf_changed":false},"product_brand":[],"product_cat":[19460],"product_tag":[],"class_list":{"0":"post-47164","1":"product","2":"type-product","3":"status-publish","4":"has-post-thumbnail","6":"product_cat-white-wine","8":"first","9":"instock","10":"downloadable","11":"taxable","12":"shipping-taxable","13":"purchasable","14":"product-type-simple"},"acf":[],"yoast_head":"<!-- This site is optimized with the Yoast SEO plugin v25.7 - https:\/\/yoast.com\/wordpress\/plugins\/seo\/ -->\n<title>Michel Fonn\u00e9 Gew\u00fcrztraminer Tradition Alsace AOC 2024 14% vol. - Vinodeli<\/title>\n<meta name=\"robots\" content=\"index, follow, max-snippet:-1, max-image-preview:large, max-video-preview:-1\" \/>\n<link rel=\"canonical\" href=\"https:\/\/vinodeli.ee\/en\/product\/michel-fonne-gewuerztraminer-tradition\/\" \/>\n<meta property=\"og:locale\" content=\"en_US\" \/>\n<meta property=\"og:type\" content=\"article\" \/>\n<meta property=\"og:title\" content=\"Michel Fonn\u00e9 Gew\u00fcrztraminer Tradition Alsace AOC 2024 14% vol. - Vinodeli\" \/>\n<meta property=\"og:description\" content=\"Grape variety:100% Gew\u00fcrztraminer\" \/>\n<meta property=\"og:url\" content=\"https:\/\/vinodeli.ee\/en\/product\/michel-fonne-gewuerztraminer-tradition\/\" \/>\n<meta property=\"og:site_name\" content=\"Vinodeli\" \/>\n<meta property=\"article:modified_time\" content=\"2025-12-22T21:07:45+00:00\" \/>\n<meta property=\"og:image\" content=\"https:\/\/vinodeli.ee\/wp-content\/uploads\/2023\/11\/gewurztraminer-tradition-michel-fonne-2.webp\" \/>\n\t<meta property=\"og:image:width\" content=\"1000\" \/>\n\t<meta property=\"og:image:height\" content=\"1000\" \/>\n\t<meta property=\"og:image:type\" content=\"image\/webp\" \/>\n<meta name=\"twitter:card\" content=\"summary_large_image\" \/>\n<meta name=\"twitter:label1\" content=\"Est. reading time\" \/>\n\t<meta name=\"twitter:data1\" content=\"1 minute\" \/>\n<script type=\"application\/ld+json\" class=\"yoast-schema-graph\">{\"@context\":\"https:\/\/schema.org\",\"@graph\":[{\"@type\":\"WebPage\",\"@id\":\"https:\/\/vinodeli.ee\/en\/product\/michel-fonne-gewuerztraminer-tradition\/\",\"url\":\"https:\/\/vinodeli.ee\/en\/product\/michel-fonne-gewuerztraminer-tradition\/\",\"name\":\"Michel Fonn\u00e9 Gew\u00fcrztraminer Tradition Alsace AOC 2024 14% vol. - Vinodeli\",\"isPartOf\":{\"@id\":\"https:\/\/vinodeli.ee\/#website\"},\"primaryImageOfPage\":{\"@id\":\"https:\/\/vinodeli.ee\/en\/product\/michel-fonne-gewuerztraminer-tradition\/#primaryimage\"},\"image\":{\"@id\":\"https:\/\/vinodeli.ee\/en\/product\/michel-fonne-gewuerztraminer-tradition\/#primaryimage\"},\"thumbnailUrl\":\"https:\/\/vinodeli.ee\/wp-content\/uploads\/2023\/11\/gewurztraminer-tradition-michel-fonne-2.webp\",\"datePublished\":\"2023-04-01T10:52:50+00:00\",\"dateModified\":\"2025-12-22T21:07:45+00:00\",\"breadcrumb\":{\"@id\":\"https:\/\/vinodeli.ee\/en\/product\/michel-fonne-gewuerztraminer-tradition\/#breadcrumb\"},\"inLanguage\":\"en-US\",\"potentialAction\":[{\"@type\":\"ReadAction\",\"target\":[\"https:\/\/vinodeli.ee\/en\/product\/michel-fonne-gewuerztraminer-tradition\/\"]}]},{\"@type\":\"ImageObject\",\"inLanguage\":\"en-US\",\"@id\":\"https:\/\/vinodeli.ee\/en\/product\/michel-fonne-gewuerztraminer-tradition\/#primaryimage\",\"url\":\"https:\/\/vinodeli.ee\/wp-content\/uploads\/2023\/11\/gewurztraminer-tradition-michel-fonne-2.webp\",\"contentUrl\":\"https:\/\/vinodeli.ee\/wp-content\/uploads\/2023\/11\/gewurztraminer-tradition-michel-fonne-2.webp\",\"width\":1000,\"height\":1000},{\"@type\":\"BreadcrumbList\",\"@id\":\"https:\/\/vinodeli.ee\/en\/product\/michel-fonne-gewuerztraminer-tradition\/#breadcrumb\",\"itemListElement\":[{\"@type\":\"ListItem\",\"position\":1,\"name\":\"Home\",\"item\":\"https:\/\/vinodeli.ee\/en\/\"},{\"@type\":\"ListItem\",\"position\":2,\"name\":\"Shop\",\"item\":\"https:\/\/vinodeli.ee\/pood\/\"},{\"@type\":\"ListItem\",\"position\":3,\"name\":\"Michel Fonn\u00e9 Gew\u00fcrztraminer Tradition Alsace AOC 2024 14% vol.\"}]},{\"@type\":\"WebSite\",\"@id\":\"https:\/\/vinodeli.ee\/#website\",\"url\":\"https:\/\/vinodeli.ee\/\",\"name\":\"Vinodeli\",\"description\":\"\",\"publisher\":{\"@id\":\"https:\/\/vinodeli.ee\/#organization\"},\"potentialAction\":[{\"@type\":\"SearchAction\",\"target\":{\"@type\":\"EntryPoint\",\"urlTemplate\":\"https:\/\/vinodeli.ee\/?s={search_term_string}\"},\"query-input\":{\"@type\":\"PropertyValueSpecification\",\"valueRequired\":true,\"valueName\":\"search_term_string\"}}],\"inLanguage\":\"en-US\"},{\"@type\":\"Organization\",\"@id\":\"https:\/\/vinodeli.ee\/#organization\",\"name\":\"Vinodeli O\u00dc\",\"url\":\"https:\/\/vinodeli.ee\/\",\"logo\":{\"@type\":\"ImageObject\",\"inLanguage\":\"en-US\",\"@id\":\"https:\/\/vinodeli.ee\/#\/schema\/logo\/image\/\",\"url\":\"https:\/\/vinodeli.ee\/wp-content\/uploads\/2024\/02\/logo-winodeli-1.png\",\"contentUrl\":\"https:\/\/vinodeli.ee\/wp-content\/uploads\/2024\/02\/logo-winodeli-1.png\",\"width\":1500,\"height\":1150,\"caption\":\"Vinodeli O\u00dc\"},\"image\":{\"@id\":\"https:\/\/vinodeli.ee\/#\/schema\/logo\/image\/\"}}]}<\/script>\n<!-- \/ Yoast SEO plugin. -->","yoast_head_json":{"title":"Michel Fonn\u00e9 Gew\u00fcrztraminer Tradition Alsace AOC 2024 14% vol. - Vinodeli","robots":{"index":"index","follow":"follow","max-snippet":"max-snippet:-1","max-image-preview":"max-image-preview:large","max-video-preview":"max-video-preview:-1"},"canonical":"https:\/\/vinodeli.ee\/en\/product\/michel-fonne-gewuerztraminer-tradition\/","og_locale":"en_US","og_type":"article","og_title":"Michel Fonn\u00e9 Gew\u00fcrztraminer Tradition Alsace AOC 2024 14% vol. - Vinodeli","og_description":"Grape variety:100% Gew\u00fcrztraminer","og_url":"https:\/\/vinodeli.ee\/en\/product\/michel-fonne-gewuerztraminer-tradition\/","og_site_name":"Vinodeli","article_modified_time":"2025-12-22T21:07:45+00:00","og_image":[{"width":1000,"height":1000,"url":"https:\/\/vinodeli.ee\/wp-content\/uploads\/2023\/11\/gewurztraminer-tradition-michel-fonne-2.webp","type":"image\/webp"}],"twitter_card":"summary_large_image","twitter_misc":{"Est. reading time":"1 minute"},"schema":{"@context":"https:\/\/schema.org","@graph":[{"@type":"WebPage","@id":"https:\/\/vinodeli.ee\/en\/product\/michel-fonne-gewuerztraminer-tradition\/","url":"https:\/\/vinodeli.ee\/en\/product\/michel-fonne-gewuerztraminer-tradition\/","name":"Michel Fonn\u00e9 Gew\u00fcrztraminer Tradition Alsace AOC 2024 14% vol. - Vinodeli","isPartOf":{"@id":"https:\/\/vinodeli.ee\/#website"},"primaryImageOfPage":{"@id":"https:\/\/vinodeli.ee\/en\/product\/michel-fonne-gewuerztraminer-tradition\/#primaryimage"},"image":{"@id":"https:\/\/vinodeli.ee\/en\/product\/michel-fonne-gewuerztraminer-tradition\/#primaryimage"},"thumbnailUrl":"https:\/\/vinodeli.ee\/wp-content\/uploads\/2023\/11\/gewurztraminer-tradition-michel-fonne-2.webp","datePublished":"2023-04-01T10:52:50+00:00","dateModified":"2025-12-22T21:07:45+00:00","breadcrumb":{"@id":"https:\/\/vinodeli.ee\/en\/product\/michel-fonne-gewuerztraminer-tradition\/#breadcrumb"},"inLanguage":"en-US","potentialAction":[{"@type":"ReadAction","target":["https:\/\/vinodeli.ee\/en\/product\/michel-fonne-gewuerztraminer-tradition\/"]}]},{"@type":"ImageObject","inLanguage":"en-US","@id":"https:\/\/vinodeli.ee\/en\/product\/michel-fonne-gewuerztraminer-tradition\/#primaryimage","url":"https:\/\/vinodeli.ee\/wp-content\/uploads\/2023\/11\/gewurztraminer-tradition-michel-fonne-2.webp","contentUrl":"https:\/\/vinodeli.ee\/wp-content\/uploads\/2023\/11\/gewurztraminer-tradition-michel-fonne-2.webp","width":1000,"height":1000},{"@type":"BreadcrumbList","@id":"https:\/\/vinodeli.ee\/en\/product\/michel-fonne-gewuerztraminer-tradition\/#breadcrumb","itemListElement":[{"@type":"ListItem","position":1,"name":"Home","item":"https:\/\/vinodeli.ee\/en\/"},{"@type":"ListItem","position":2,"name":"Shop","item":"https:\/\/vinodeli.ee\/pood\/"},{"@type":"ListItem","position":3,"name":"Michel Fonn\u00e9 Gew\u00fcrztraminer Tradition Alsace AOC 2024 14% vol."}]},{"@type":"WebSite","@id":"https:\/\/vinodeli.ee\/#website","url":"https:\/\/vinodeli.ee\/","name":"Vinodeli","description":"","publisher":{"@id":"https:\/\/vinodeli.ee\/#organization"},"potentialAction":[{"@type":"SearchAction","target":{"@type":"EntryPoint","urlTemplate":"https:\/\/vinodeli.ee\/?s={search_term_string}"},"query-input":{"@type":"PropertyValueSpecification","valueRequired":true,"valueName":"search_term_string"}}],"inLanguage":"en-US"},{"@type":"Organization","@id":"https:\/\/vinodeli.ee\/#organization","name":"Vinodeli O\u00dc","url":"https:\/\/vinodeli.ee\/","logo":{"@type":"ImageObject","inLanguage":"en-US","@id":"https:\/\/vinodeli.ee\/#\/schema\/logo\/image\/","url":"https:\/\/vinodeli.ee\/wp-content\/uploads\/2024\/02\/logo-winodeli-1.png","contentUrl":"https:\/\/vinodeli.ee\/wp-content\/uploads\/2024\/02\/logo-winodeli-1.png","width":1500,"height":1150,"caption":"Vinodeli O\u00dc"},"image":{"@id":"https:\/\/vinodeli.ee\/#\/schema\/logo\/image\/"}}]}},"_links":{"self":[{"href":"https:\/\/vinodeli.ee\/en\/wp-json\/wp\/v2\/product\/47164","targetHints":{"allow":["GET"]}}],"collection":[{"href":"https:\/\/vinodeli.ee\/en\/wp-json\/wp\/v2\/product"}],"about":[{"href":"https:\/\/vinodeli.ee\/en\/wp-json\/wp\/v2\/types\/product"}],"version-history":[{"count":0,"href":"https:\/\/vinodeli.ee\/en\/wp-json\/wp\/v2\/product\/47164\/revisions"}],"wp:featuredmedia":[{"embeddable":true,"href":"https:\/\/vinodeli.ee\/en\/wp-json\/wp\/v2\/media\/44131"}],"wp:attachment":[{"href":"https:\/\/vinodeli.ee\/en\/wp-json\/wp\/v2\/media?parent=47164"}],"wp:term":[{"taxonomy":"product_brand","embeddable":true,"href":"https:\/\/vinodeli.ee\/en\/wp-json\/wp\/v2\/product_brand?post=47164"},{"taxonomy":"product_cat","embeddable":true,"href":"https:\/\/vinodeli.ee\/en\/wp-json\/wp\/v2\/product_cat?post=47164"},{"taxonomy":"product_tag","embeddable":true,"href":"https:\/\/vinodeli.ee\/en\/wp-json\/wp\/v2\/product_tag?post=47164"}],"curies":[{"name":"wp","href":"https:\/\/api.w.org\/{rel}","templated":true}]}}