{"id":47168,"date":"2023-04-01T13:16:54","date_gmt":"2023-04-01T10:16:54","guid":{"rendered":"https:\/\/vinodeli.ee\/product\/michel-fonne-cuvee-premium\/"},"modified":"2025-12-20T13:34:13","modified_gmt":"2025-12-20T11:34:13","slug":"cuvee_premium_fonne","status":"publish","type":"product","link":"https:\/\/vinodeli.ee\/en\/product\/cuvee_premium_fonne\/","title":{"rendered":"Michel Fonn\u00e9 Cuv\u00e9e Premium Cr\u00e9mant d\u2019Alsace AOC Extra Brut 12% vol."},"content":{"rendered":"<blockquote>\n<h5>The story begins in 1747 with their ancestor, who decided to invest in a plot of land in order to cultivate vines. With great enthusiasm and curiosity, he tended the vineyard to harvest its fruit \u2014 the grape. This passion has been passed down from generation to generation and lives on to this day.<br \/>Seven generations later, the Domaine now works 13 hectares of vineyards spread across five communes and around one hundred individual plots. Today, Michel Fonn\u00e9 has been at the head of the estate since 1989. He took over from his uncle, Ren\u00e9 Barth, a winegrower, and added the land owned by his parents, who were also vine growers.       <\/h5>\n<\/blockquote>\n<h3>Tasting notes<\/h3>\n<p>A pure and bright colour with pale\u2011green and straw\u2011yellow reflections. A fresh aroma featuring floral, fruity and spicy notes such as rose, mignonette, lily of the valley, mango, lychee, pineapple, passion fruit, cardamom, saffron and hops. <\/p>\n<h3>Food pairing<\/h3>\n<p>This wine is excellent as an aperitif and pairs beautifully with spicy dishes, smoked fish and the aromatic, spicy cuisine of the Far East.<\/p>\n","protected":false},"excerpt":{"rendered":"<blockquote>\n<h4>100% Pinot Noir<\/h4>\n<\/blockquote>\n","protected":false},"featured_media":79775,"template":"","meta":{"_acf_changed":false},"product_brand":[],"product_cat":[19488,19489,19495],"product_tag":[],"class_list":{"0":"post-47168","1":"product","2":"type-product","3":"status-publish","4":"has-post-thumbnail","6":"product_cat-sparkling-wine","7":"product_cat-cremant-en","8":"product_cat-all-champagne-method","10":"first","11":"instock","12":"downloadable","13":"taxable","14":"shipping-taxable","15":"purchasable","16":"product-type-simple"},"acf":[],"yoast_head":"<!-- This site is optimized with the Yoast SEO plugin v25.7 - https:\/\/yoast.com\/wordpress\/plugins\/seo\/ -->\n<title>Michel Fonn\u00e9 Cuv\u00e9e Premium Cr\u00e9mant d\u2019Alsace AOC Extra Brut 12% vol. - Vinodeli<\/title>\n<meta name=\"robots\" content=\"index, follow, max-snippet:-1, max-image-preview:large, max-video-preview:-1\" \/>\n<link rel=\"canonical\" href=\"https:\/\/vinodeli.ee\/en\/product\/cuvee_premium_fonne\/\" \/>\n<meta property=\"og:locale\" content=\"en_US\" \/>\n<meta property=\"og:type\" content=\"article\" \/>\n<meta property=\"og:title\" content=\"Michel Fonn\u00e9 Cuv\u00e9e Premium Cr\u00e9mant d\u2019Alsace AOC Extra Brut 12% vol. - Vinodeli\" \/>\n<meta property=\"og:description\" content=\"100% Pinot Noir\" \/>\n<meta property=\"og:url\" content=\"https:\/\/vinodeli.ee\/en\/product\/cuvee_premium_fonne\/\" \/>\n<meta property=\"og:site_name\" content=\"Vinodeli\" \/>\n<meta property=\"article:modified_time\" content=\"2025-12-20T11:34:13+00:00\" \/>\n<meta property=\"og:image\" content=\"https:\/\/vinodeli.ee\/wp-content\/uploads\/2023\/11\/cremant-dalsace-premium-michel-fonne-2.webp\" \/>\n\t<meta property=\"og:image:width\" content=\"1000\" \/>\n\t<meta property=\"og:image:height\" content=\"1000\" \/>\n\t<meta property=\"og:image:type\" content=\"image\/webp\" \/>\n<meta name=\"twitter:card\" content=\"summary_large_image\" \/>\n<meta name=\"twitter:label1\" content=\"Est. reading time\" \/>\n\t<meta name=\"twitter:data1\" content=\"1 minute\" \/>\n<script type=\"application\/ld+json\" class=\"yoast-schema-graph\">{\"@context\":\"https:\/\/schema.org\",\"@graph\":[{\"@type\":\"WebPage\",\"@id\":\"https:\/\/vinodeli.ee\/en\/product\/cuvee_premium_fonne\/\",\"url\":\"https:\/\/vinodeli.ee\/en\/product\/cuvee_premium_fonne\/\",\"name\":\"Michel Fonn\u00e9 Cuv\u00e9e Premium Cr\u00e9mant d\u2019Alsace AOC Extra Brut 12% vol. - Vinodeli\",\"isPartOf\":{\"@id\":\"https:\/\/vinodeli.ee\/#website\"},\"primaryImageOfPage\":{\"@id\":\"https:\/\/vinodeli.ee\/en\/product\/cuvee_premium_fonne\/#primaryimage\"},\"image\":{\"@id\":\"https:\/\/vinodeli.ee\/en\/product\/cuvee_premium_fonne\/#primaryimage\"},\"thumbnailUrl\":\"https:\/\/vinodeli.ee\/wp-content\/uploads\/2023\/04\/fonne-premium-new.webp\",\"datePublished\":\"2023-04-01T10:16:54+00:00\",\"dateModified\":\"2025-12-20T11:34:13+00:00\",\"breadcrumb\":{\"@id\":\"https:\/\/vinodeli.ee\/en\/product\/cuvee_premium_fonne\/#breadcrumb\"},\"inLanguage\":\"en-US\",\"potentialAction\":[{\"@type\":\"ReadAction\",\"target\":[\"https:\/\/vinodeli.ee\/en\/product\/cuvee_premium_fonne\/\"]}]},{\"@type\":\"ImageObject\",\"inLanguage\":\"en-US\",\"@id\":\"https:\/\/vinodeli.ee\/en\/product\/cuvee_premium_fonne\/#primaryimage\",\"url\":\"https:\/\/vinodeli.ee\/wp-content\/uploads\/2023\/04\/fonne-premium-new.webp\",\"contentUrl\":\"https:\/\/vinodeli.ee\/wp-content\/uploads\/2023\/04\/fonne-premium-new.webp\",\"width\":1200,\"height\":1200},{\"@type\":\"BreadcrumbList\",\"@id\":\"https:\/\/vinodeli.ee\/en\/product\/cuvee_premium_fonne\/#breadcrumb\",\"itemListElement\":[{\"@type\":\"ListItem\",\"position\":1,\"name\":\"Home\",\"item\":\"https:\/\/vinodeli.ee\/en\/\"},{\"@type\":\"ListItem\",\"position\":2,\"name\":\"Shop\",\"item\":\"https:\/\/vinodeli.ee\/pood\/\"},{\"@type\":\"ListItem\",\"position\":3,\"name\":\"Michel Fonn\u00e9 Cuv\u00e9e Premium Cr\u00e9mant d\u2019Alsace AOC Extra Brut 12% vol.\"}]},{\"@type\":\"WebSite\",\"@id\":\"https:\/\/vinodeli.ee\/#website\",\"url\":\"https:\/\/vinodeli.ee\/\",\"name\":\"Vinodeli\",\"description\":\"\",\"publisher\":{\"@id\":\"https:\/\/vinodeli.ee\/#organization\"},\"potentialAction\":[{\"@type\":\"SearchAction\",\"target\":{\"@type\":\"EntryPoint\",\"urlTemplate\":\"https:\/\/vinodeli.ee\/?s={search_term_string}\"},\"query-input\":{\"@type\":\"PropertyValueSpecification\",\"valueRequired\":true,\"valueName\":\"search_term_string\"}}],\"inLanguage\":\"en-US\"},{\"@type\":\"Organization\",\"@id\":\"https:\/\/vinodeli.ee\/#organization\",\"name\":\"Vinodeli O\u00dc\",\"url\":\"https:\/\/vinodeli.ee\/\",\"logo\":{\"@type\":\"ImageObject\",\"inLanguage\":\"en-US\",\"@id\":\"https:\/\/vinodeli.ee\/#\/schema\/logo\/image\/\",\"url\":\"https:\/\/vinodeli.ee\/wp-content\/uploads\/2024\/02\/logo-winodeli-1.png\",\"contentUrl\":\"https:\/\/vinodeli.ee\/wp-content\/uploads\/2024\/02\/logo-winodeli-1.png\",\"width\":1500,\"height\":1150,\"caption\":\"Vinodeli O\u00dc\"},\"image\":{\"@id\":\"https:\/\/vinodeli.ee\/#\/schema\/logo\/image\/\"}}]}<\/script>\n<!-- \/ Yoast SEO plugin. -->","yoast_head_json":{"title":"Michel Fonn\u00e9 Cuv\u00e9e Premium Cr\u00e9mant d\u2019Alsace AOC Extra Brut 12% vol. - Vinodeli","robots":{"index":"index","follow":"follow","max-snippet":"max-snippet:-1","max-image-preview":"max-image-preview:large","max-video-preview":"max-video-preview:-1"},"canonical":"https:\/\/vinodeli.ee\/en\/product\/cuvee_premium_fonne\/","og_locale":"en_US","og_type":"article","og_title":"Michel Fonn\u00e9 Cuv\u00e9e Premium Cr\u00e9mant d\u2019Alsace AOC Extra Brut 12% vol. - Vinodeli","og_description":"100% Pinot Noir","og_url":"https:\/\/vinodeli.ee\/en\/product\/cuvee_premium_fonne\/","og_site_name":"Vinodeli","article_modified_time":"2025-12-20T11:34:13+00:00","og_image":[{"width":1000,"height":1000,"url":"https:\/\/vinodeli.ee\/wp-content\/uploads\/2023\/11\/cremant-dalsace-premium-michel-fonne-2.webp","type":"image\/webp"}],"twitter_card":"summary_large_image","twitter_misc":{"Est. reading time":"1 minute"},"schema":{"@context":"https:\/\/schema.org","@graph":[{"@type":"WebPage","@id":"https:\/\/vinodeli.ee\/en\/product\/cuvee_premium_fonne\/","url":"https:\/\/vinodeli.ee\/en\/product\/cuvee_premium_fonne\/","name":"Michel Fonn\u00e9 Cuv\u00e9e Premium Cr\u00e9mant d\u2019Alsace AOC Extra Brut 12% vol. - Vinodeli","isPartOf":{"@id":"https:\/\/vinodeli.ee\/#website"},"primaryImageOfPage":{"@id":"https:\/\/vinodeli.ee\/en\/product\/cuvee_premium_fonne\/#primaryimage"},"image":{"@id":"https:\/\/vinodeli.ee\/en\/product\/cuvee_premium_fonne\/#primaryimage"},"thumbnailUrl":"https:\/\/vinodeli.ee\/wp-content\/uploads\/2023\/04\/fonne-premium-new.webp","datePublished":"2023-04-01T10:16:54+00:00","dateModified":"2025-12-20T11:34:13+00:00","breadcrumb":{"@id":"https:\/\/vinodeli.ee\/en\/product\/cuvee_premium_fonne\/#breadcrumb"},"inLanguage":"en-US","potentialAction":[{"@type":"ReadAction","target":["https:\/\/vinodeli.ee\/en\/product\/cuvee_premium_fonne\/"]}]},{"@type":"ImageObject","inLanguage":"en-US","@id":"https:\/\/vinodeli.ee\/en\/product\/cuvee_premium_fonne\/#primaryimage","url":"https:\/\/vinodeli.ee\/wp-content\/uploads\/2023\/04\/fonne-premium-new.webp","contentUrl":"https:\/\/vinodeli.ee\/wp-content\/uploads\/2023\/04\/fonne-premium-new.webp","width":1200,"height":1200},{"@type":"BreadcrumbList","@id":"https:\/\/vinodeli.ee\/en\/product\/cuvee_premium_fonne\/#breadcrumb","itemListElement":[{"@type":"ListItem","position":1,"name":"Home","item":"https:\/\/vinodeli.ee\/en\/"},{"@type":"ListItem","position":2,"name":"Shop","item":"https:\/\/vinodeli.ee\/pood\/"},{"@type":"ListItem","position":3,"name":"Michel Fonn\u00e9 Cuv\u00e9e Premium Cr\u00e9mant d\u2019Alsace AOC Extra Brut 12% vol."}]},{"@type":"WebSite","@id":"https:\/\/vinodeli.ee\/#website","url":"https:\/\/vinodeli.ee\/","name":"Vinodeli","description":"","publisher":{"@id":"https:\/\/vinodeli.ee\/#organization"},"potentialAction":[{"@type":"SearchAction","target":{"@type":"EntryPoint","urlTemplate":"https:\/\/vinodeli.ee\/?s={search_term_string}"},"query-input":{"@type":"PropertyValueSpecification","valueRequired":true,"valueName":"search_term_string"}}],"inLanguage":"en-US"},{"@type":"Organization","@id":"https:\/\/vinodeli.ee\/#organization","name":"Vinodeli O\u00dc","url":"https:\/\/vinodeli.ee\/","logo":{"@type":"ImageObject","inLanguage":"en-US","@id":"https:\/\/vinodeli.ee\/#\/schema\/logo\/image\/","url":"https:\/\/vinodeli.ee\/wp-content\/uploads\/2024\/02\/logo-winodeli-1.png","contentUrl":"https:\/\/vinodeli.ee\/wp-content\/uploads\/2024\/02\/logo-winodeli-1.png","width":1500,"height":1150,"caption":"Vinodeli O\u00dc"},"image":{"@id":"https:\/\/vinodeli.ee\/#\/schema\/logo\/image\/"}}]}},"_links":{"self":[{"href":"https:\/\/vinodeli.ee\/en\/wp-json\/wp\/v2\/product\/47168","targetHints":{"allow":["GET"]}}],"collection":[{"href":"https:\/\/vinodeli.ee\/en\/wp-json\/wp\/v2\/product"}],"about":[{"href":"https:\/\/vinodeli.ee\/en\/wp-json\/wp\/v2\/types\/product"}],"version-history":[{"count":0,"href":"https:\/\/vinodeli.ee\/en\/wp-json\/wp\/v2\/product\/47168\/revisions"}],"wp:featuredmedia":[{"embeddable":true,"href":"https:\/\/vinodeli.ee\/en\/wp-json\/wp\/v2\/media\/79775"}],"wp:attachment":[{"href":"https:\/\/vinodeli.ee\/en\/wp-json\/wp\/v2\/media?parent=47168"}],"wp:term":[{"taxonomy":"product_brand","embeddable":true,"href":"https:\/\/vinodeli.ee\/en\/wp-json\/wp\/v2\/product_brand?post=47168"},{"taxonomy":"product_cat","embeddable":true,"href":"https:\/\/vinodeli.ee\/en\/wp-json\/wp\/v2\/product_cat?post=47168"},{"taxonomy":"product_tag","embeddable":true,"href":"https:\/\/vinodeli.ee\/en\/wp-json\/wp\/v2\/product_tag?post=47168"}],"curies":[{"name":"wp","href":"https:\/\/api.w.org\/{rel}","templated":true}]}}