{"id":47178,"date":"2023-03-25T16:55:22","date_gmt":"2023-03-25T14:55:22","guid":{"rendered":"https:\/\/vinodeli.ee\/product\/cuvee-royale-celene\/"},"modified":"2023-12-20T13:47:23","modified_gmt":"2023-12-20T11:47:23","slug":"cuvee-royale-celene","status":"publish","type":"product","link":"https:\/\/vinodeli.ee\/en\/product\/cuvee-royale-celene\/","title":{"rendered":"Celene Cuv\u00e9e Royale Brut Cr\u00e9mant de Bordeaux AOC 12% vol."},"content":{"rendered":"<blockquote>\n<h5>Celene Bordeaux was born from the merger of the historic Cr\u00e9mant de Bordeaux producer (formerly named Ballarin) and the Lannoye vineyards. The latter are made up of three estates on the right bank of the Garonne and located in the Castillon C\u00f4tes de Bordeaux, Puisseguin Saint-\u00c9milion and Saint-\u00c9milion Grand Cru appellations. They have adopted Bordeaux as their home, and are committed to respecting the winegrowing heritage of a region with a worldwide reputation, but also to bringing their own personal touch to it, while always listening to their consumers. Their key words are identity, quality and authenticity. They like to break the mould: their wines must express the full richness of their terroir. For them, the key to a successful wine lies in its ability to appeal through its organoleptic signature and its style: the combination of the good and the beautiful.<\/h5>\n<\/blockquote>\n<h3>Winemaking<\/h3>\n<p>Manual harvest on racks, second fermentation in the bottle. Ageing 12 months.<\/p>\n<h3>Tasting notes<\/h3>\n<p>The colour is golden yellow with brilliant reflections, the bubbles are fine with a persistent mousse. On the nose, aromas of fruit emerge, with floral, spicy and roasted notes. The structure in the mouth is characteristic of Cr\u00e9mants de Bordeaux, with a non-aggressive effervescence. Long and fruity finish.<em>Recommended serving temperature: 5\u00b0 \u2014 8\u00b0C<\/em><\/p>\n","protected":false},"excerpt":{"rendered":"<blockquote>\n<h4>Grape varieties:50% Cabernet, 30% S\u00e9million and 20% Muscadelle<\/h4>\n<\/blockquote>\n<ul>\n<li>Challenge de l\u2019Entre-deux-mers (2017) \u2014 Gold medal<\/li>\n<\/ul>\n","protected":false},"featured_media":44170,"template":"","meta":{"_acf_changed":false},"product_brand":[],"product_cat":[19488,19489,19495],"product_tag":[],"class_list":{"0":"post-47178","1":"product","2":"type-product","3":"status-publish","4":"has-post-thumbnail","6":"product_cat-sparkling-wine","7":"product_cat-cremant-en","8":"product_cat-all-champagne-method","10":"first","11":"instock","12":"downloadable","13":"taxable","14":"shipping-taxable","15":"purchasable","16":"product-type-simple"},"acf":[],"yoast_head":"<!-- This site is optimized with the Yoast SEO plugin v25.7 - https:\/\/yoast.com\/wordpress\/plugins\/seo\/ -->\n<title>Celene Cuv\u00e9e Royale Brut Cr\u00e9mant de Bordeaux AOC 12% vol. - Vinodeli<\/title>\n<meta name=\"robots\" content=\"index, follow, max-snippet:-1, max-image-preview:large, max-video-preview:-1\" \/>\n<link rel=\"canonical\" href=\"https:\/\/vinodeli.ee\/en\/product\/cuvee-royale-celene\/\" \/>\n<meta property=\"og:locale\" content=\"en_US\" \/>\n<meta property=\"og:type\" content=\"article\" \/>\n<meta property=\"og:title\" content=\"Celene Cuv\u00e9e Royale Brut Cr\u00e9mant de Bordeaux AOC 12% vol. - Vinodeli\" \/>\n<meta property=\"og:description\" content=\"Grape varieties:50% Cabernet, 30% S\u00e9million and 20% Muscadelle Challenge de l\u2019Entre-deux-mers (2017) \u2014 Gold medal\" \/>\n<meta property=\"og:url\" content=\"https:\/\/vinodeli.ee\/en\/product\/cuvee-royale-celene\/\" \/>\n<meta property=\"og:site_name\" content=\"Vinodeli\" \/>\n<meta property=\"article:modified_time\" content=\"2023-12-20T11:47:23+00:00\" \/>\n<meta property=\"og:image\" content=\"https:\/\/vinodeli.ee\/wp-content\/uploads\/2023\/11\/celene-cuvee-royale-2.webp\" \/>\n\t<meta property=\"og:image:width\" content=\"1300\" \/>\n\t<meta property=\"og:image:height\" content=\"1300\" \/>\n\t<meta property=\"og:image:type\" content=\"image\/webp\" \/>\n<meta name=\"twitter:card\" content=\"summary_large_image\" \/>\n<meta name=\"twitter:label1\" content=\"Est. reading time\" \/>\n\t<meta name=\"twitter:data1\" content=\"1 minute\" \/>\n<script type=\"application\/ld+json\" class=\"yoast-schema-graph\">{\"@context\":\"https:\/\/schema.org\",\"@graph\":[{\"@type\":\"WebPage\",\"@id\":\"https:\/\/vinodeli.ee\/en\/product\/cuvee-royale-celene\/\",\"url\":\"https:\/\/vinodeli.ee\/en\/product\/cuvee-royale-celene\/\",\"name\":\"Celene Cuv\u00e9e Royale Brut Cr\u00e9mant de Bordeaux AOC 12% vol. - Vinodeli\",\"isPartOf\":{\"@id\":\"https:\/\/vinodeli.ee\/#website\"},\"primaryImageOfPage\":{\"@id\":\"https:\/\/vinodeli.ee\/en\/product\/cuvee-royale-celene\/#primaryimage\"},\"image\":{\"@id\":\"https:\/\/vinodeli.ee\/en\/product\/cuvee-royale-celene\/#primaryimage\"},\"thumbnailUrl\":\"https:\/\/vinodeli.ee\/wp-content\/uploads\/2023\/11\/celene-cuvee-royale-2.webp\",\"datePublished\":\"2023-03-25T14:55:22+00:00\",\"dateModified\":\"2023-12-20T11:47:23+00:00\",\"breadcrumb\":{\"@id\":\"https:\/\/vinodeli.ee\/en\/product\/cuvee-royale-celene\/#breadcrumb\"},\"inLanguage\":\"en-US\",\"potentialAction\":[{\"@type\":\"ReadAction\",\"target\":[\"https:\/\/vinodeli.ee\/en\/product\/cuvee-royale-celene\/\"]}]},{\"@type\":\"ImageObject\",\"inLanguage\":\"en-US\",\"@id\":\"https:\/\/vinodeli.ee\/en\/product\/cuvee-royale-celene\/#primaryimage\",\"url\":\"https:\/\/vinodeli.ee\/wp-content\/uploads\/2023\/11\/celene-cuvee-royale-2.webp\",\"contentUrl\":\"https:\/\/vinodeli.ee\/wp-content\/uploads\/2023\/11\/celene-cuvee-royale-2.webp\",\"width\":1300,\"height\":1300},{\"@type\":\"BreadcrumbList\",\"@id\":\"https:\/\/vinodeli.ee\/en\/product\/cuvee-royale-celene\/#breadcrumb\",\"itemListElement\":[{\"@type\":\"ListItem\",\"position\":1,\"name\":\"Home\",\"item\":\"https:\/\/vinodeli.ee\/en\/\"},{\"@type\":\"ListItem\",\"position\":2,\"name\":\"Shop\",\"item\":\"https:\/\/vinodeli.ee\/pood\/\"},{\"@type\":\"ListItem\",\"position\":3,\"name\":\"Celene Cuv\u00e9e Royale Brut Cr\u00e9mant de Bordeaux AOC 12% vol.\"}]},{\"@type\":\"WebSite\",\"@id\":\"https:\/\/vinodeli.ee\/#website\",\"url\":\"https:\/\/vinodeli.ee\/\",\"name\":\"Vinodeli\",\"description\":\"\",\"publisher\":{\"@id\":\"https:\/\/vinodeli.ee\/#organization\"},\"potentialAction\":[{\"@type\":\"SearchAction\",\"target\":{\"@type\":\"EntryPoint\",\"urlTemplate\":\"https:\/\/vinodeli.ee\/?s={search_term_string}\"},\"query-input\":{\"@type\":\"PropertyValueSpecification\",\"valueRequired\":true,\"valueName\":\"search_term_string\"}}],\"inLanguage\":\"en-US\"},{\"@type\":\"Organization\",\"@id\":\"https:\/\/vinodeli.ee\/#organization\",\"name\":\"Vinodeli O\u00dc\",\"url\":\"https:\/\/vinodeli.ee\/\",\"logo\":{\"@type\":\"ImageObject\",\"inLanguage\":\"en-US\",\"@id\":\"https:\/\/vinodeli.ee\/#\/schema\/logo\/image\/\",\"url\":\"https:\/\/vinodeli.ee\/wp-content\/uploads\/2024\/02\/logo-winodeli-1.png\",\"contentUrl\":\"https:\/\/vinodeli.ee\/wp-content\/uploads\/2024\/02\/logo-winodeli-1.png\",\"width\":1500,\"height\":1150,\"caption\":\"Vinodeli O\u00dc\"},\"image\":{\"@id\":\"https:\/\/vinodeli.ee\/#\/schema\/logo\/image\/\"}}]}<\/script>\n<!-- \/ Yoast SEO plugin. -->","yoast_head_json":{"title":"Celene Cuv\u00e9e Royale Brut Cr\u00e9mant de Bordeaux AOC 12% vol. - Vinodeli","robots":{"index":"index","follow":"follow","max-snippet":"max-snippet:-1","max-image-preview":"max-image-preview:large","max-video-preview":"max-video-preview:-1"},"canonical":"https:\/\/vinodeli.ee\/en\/product\/cuvee-royale-celene\/","og_locale":"en_US","og_type":"article","og_title":"Celene Cuv\u00e9e Royale Brut Cr\u00e9mant de Bordeaux AOC 12% vol. - Vinodeli","og_description":"Grape varieties:50% Cabernet, 30% S\u00e9million and 20% Muscadelle Challenge de l\u2019Entre-deux-mers (2017) \u2014 Gold medal","og_url":"https:\/\/vinodeli.ee\/en\/product\/cuvee-royale-celene\/","og_site_name":"Vinodeli","article_modified_time":"2023-12-20T11:47:23+00:00","og_image":[{"width":1300,"height":1300,"url":"https:\/\/vinodeli.ee\/wp-content\/uploads\/2023\/11\/celene-cuvee-royale-2.webp","type":"image\/webp"}],"twitter_card":"summary_large_image","twitter_misc":{"Est. reading time":"1 minute"},"schema":{"@context":"https:\/\/schema.org","@graph":[{"@type":"WebPage","@id":"https:\/\/vinodeli.ee\/en\/product\/cuvee-royale-celene\/","url":"https:\/\/vinodeli.ee\/en\/product\/cuvee-royale-celene\/","name":"Celene Cuv\u00e9e Royale Brut Cr\u00e9mant de Bordeaux AOC 12% vol. - Vinodeli","isPartOf":{"@id":"https:\/\/vinodeli.ee\/#website"},"primaryImageOfPage":{"@id":"https:\/\/vinodeli.ee\/en\/product\/cuvee-royale-celene\/#primaryimage"},"image":{"@id":"https:\/\/vinodeli.ee\/en\/product\/cuvee-royale-celene\/#primaryimage"},"thumbnailUrl":"https:\/\/vinodeli.ee\/wp-content\/uploads\/2023\/11\/celene-cuvee-royale-2.webp","datePublished":"2023-03-25T14:55:22+00:00","dateModified":"2023-12-20T11:47:23+00:00","breadcrumb":{"@id":"https:\/\/vinodeli.ee\/en\/product\/cuvee-royale-celene\/#breadcrumb"},"inLanguage":"en-US","potentialAction":[{"@type":"ReadAction","target":["https:\/\/vinodeli.ee\/en\/product\/cuvee-royale-celene\/"]}]},{"@type":"ImageObject","inLanguage":"en-US","@id":"https:\/\/vinodeli.ee\/en\/product\/cuvee-royale-celene\/#primaryimage","url":"https:\/\/vinodeli.ee\/wp-content\/uploads\/2023\/11\/celene-cuvee-royale-2.webp","contentUrl":"https:\/\/vinodeli.ee\/wp-content\/uploads\/2023\/11\/celene-cuvee-royale-2.webp","width":1300,"height":1300},{"@type":"BreadcrumbList","@id":"https:\/\/vinodeli.ee\/en\/product\/cuvee-royale-celene\/#breadcrumb","itemListElement":[{"@type":"ListItem","position":1,"name":"Home","item":"https:\/\/vinodeli.ee\/en\/"},{"@type":"ListItem","position":2,"name":"Shop","item":"https:\/\/vinodeli.ee\/pood\/"},{"@type":"ListItem","position":3,"name":"Celene Cuv\u00e9e Royale Brut Cr\u00e9mant de Bordeaux AOC 12% vol."}]},{"@type":"WebSite","@id":"https:\/\/vinodeli.ee\/#website","url":"https:\/\/vinodeli.ee\/","name":"Vinodeli","description":"","publisher":{"@id":"https:\/\/vinodeli.ee\/#organization"},"potentialAction":[{"@type":"SearchAction","target":{"@type":"EntryPoint","urlTemplate":"https:\/\/vinodeli.ee\/?s={search_term_string}"},"query-input":{"@type":"PropertyValueSpecification","valueRequired":true,"valueName":"search_term_string"}}],"inLanguage":"en-US"},{"@type":"Organization","@id":"https:\/\/vinodeli.ee\/#organization","name":"Vinodeli O\u00dc","url":"https:\/\/vinodeli.ee\/","logo":{"@type":"ImageObject","inLanguage":"en-US","@id":"https:\/\/vinodeli.ee\/#\/schema\/logo\/image\/","url":"https:\/\/vinodeli.ee\/wp-content\/uploads\/2024\/02\/logo-winodeli-1.png","contentUrl":"https:\/\/vinodeli.ee\/wp-content\/uploads\/2024\/02\/logo-winodeli-1.png","width":1500,"height":1150,"caption":"Vinodeli O\u00dc"},"image":{"@id":"https:\/\/vinodeli.ee\/#\/schema\/logo\/image\/"}}]}},"_links":{"self":[{"href":"https:\/\/vinodeli.ee\/en\/wp-json\/wp\/v2\/product\/47178","targetHints":{"allow":["GET"]}}],"collection":[{"href":"https:\/\/vinodeli.ee\/en\/wp-json\/wp\/v2\/product"}],"about":[{"href":"https:\/\/vinodeli.ee\/en\/wp-json\/wp\/v2\/types\/product"}],"version-history":[{"count":0,"href":"https:\/\/vinodeli.ee\/en\/wp-json\/wp\/v2\/product\/47178\/revisions"}],"wp:featuredmedia":[{"embeddable":true,"href":"https:\/\/vinodeli.ee\/en\/wp-json\/wp\/v2\/media\/44170"}],"wp:attachment":[{"href":"https:\/\/vinodeli.ee\/en\/wp-json\/wp\/v2\/media?parent=47178"}],"wp:term":[{"taxonomy":"product_brand","embeddable":true,"href":"https:\/\/vinodeli.ee\/en\/wp-json\/wp\/v2\/product_brand?post=47178"},{"taxonomy":"product_cat","embeddable":true,"href":"https:\/\/vinodeli.ee\/en\/wp-json\/wp\/v2\/product_cat?post=47178"},{"taxonomy":"product_tag","embeddable":true,"href":"https:\/\/vinodeli.ee\/en\/wp-json\/wp\/v2\/product_tag?post=47178"}],"curies":[{"name":"wp","href":"https:\/\/api.w.org\/{rel}","templated":true}]}}