{"id":47222,"date":"2023-02-23T19:04:29","date_gmt":"2023-02-23T17:04:29","guid":{"rendered":"https:\/\/vinodeli.ee\/product\/les-brulieres-de-beychevelle\/"},"modified":"2023-12-20T13:48:18","modified_gmt":"2023-12-20T11:48:18","slug":"les-brulieres-de-beychevelle","status":"publish","type":"product","link":"https:\/\/vinodeli.ee\/en\/product\/les-brulieres-de-beychevelle\/","title":{"rendered":"Les Bruli\u00e8res de Beychevelle Haut-M\u00e9doc AOC 2019 13.5% vol."},"content":{"rendered":"<blockquote>\n<h5>&#8220;Bruli\u00e8res&#8221; is a wine from Ch\u00e2teau Beychevelle&#8217;s 12 hectares just south of Saint-Julien. The vineyard belongs to Ch\u00e2teau Beychevelle. Vineyard management and vinification are carried out by the Ch\u00e2teau Beychevelle team, headed by Philippe Blanc.<\/h5>\n<\/blockquote>\n<h3>Winemaking<\/h3>\n<p>Gravel and clay soil. Area of the vineyard is 12 ha. Partially manual harvesting. The grapes are brought to Ch\u00e2teau Beychevelle to be sorted. Bottled at the Ch\u00e2teau.<\/p>\n<h3>Tasting notes<\/h3>\n<p>Full-bodied wine with rich and expressive aromas of plums and red berries. Nice balance, good structure and good length. Les Bruli\u00e8res is a classic Bordeaux red wine that stands out from most of the best Crus Bourgeois.<\/p>\n","protected":false},"excerpt":{"rendered":"<blockquote>\n<h4>Grape varieties:56% Cabernet Sauvignon and 44% Merlot<\/h4>\n<\/blockquote>\n","protected":false},"featured_media":44284,"template":"","meta":{"_acf_changed":false},"product_brand":[],"product_cat":[19462],"product_tag":[],"class_list":{"0":"post-47222","1":"product","2":"type-product","3":"status-publish","4":"has-post-thumbnail","6":"product_cat-red-wine","8":"first","9":"instock","10":"taxable","11":"shipping-taxable","12":"purchasable","13":"product-type-simple"},"acf":[],"yoast_head":"<!-- This site is optimized with the Yoast SEO plugin v25.7 - https:\/\/yoast.com\/wordpress\/plugins\/seo\/ -->\n<title>Les Bruli\u00e8res de Beychevelle Haut-M\u00e9doc AOC 2019 13.5% vol. - Vinodeli<\/title>\n<meta name=\"robots\" content=\"index, follow, max-snippet:-1, max-image-preview:large, max-video-preview:-1\" \/>\n<link rel=\"canonical\" href=\"https:\/\/vinodeli.ee\/en\/product\/les-brulieres-de-beychevelle\/\" \/>\n<meta property=\"og:locale\" content=\"en_US\" \/>\n<meta property=\"og:type\" content=\"article\" \/>\n<meta property=\"og:title\" content=\"Les Bruli\u00e8res de Beychevelle Haut-M\u00e9doc AOC 2019 13.5% vol. - Vinodeli\" \/>\n<meta property=\"og:description\" content=\"Grape varieties:56% Cabernet Sauvignon and 44% Merlot\" \/>\n<meta property=\"og:url\" content=\"https:\/\/vinodeli.ee\/en\/product\/les-brulieres-de-beychevelle\/\" \/>\n<meta property=\"og:site_name\" content=\"Vinodeli\" \/>\n<meta property=\"article:modified_time\" content=\"2023-12-20T11:48:18+00:00\" \/>\n<meta property=\"og:image\" content=\"https:\/\/vinodeli.ee\/wp-content\/uploads\/2023\/11\/les-brulieres-de-beychevelle-haut-medoc-aoc-2.webp\" \/>\n\t<meta property=\"og:image:width\" content=\"950\" \/>\n\t<meta property=\"og:image:height\" content=\"950\" \/>\n\t<meta property=\"og:image:type\" content=\"image\/webp\" \/>\n<meta name=\"twitter:card\" content=\"summary_large_image\" \/>\n<meta name=\"twitter:label1\" content=\"Est. reading time\" \/>\n\t<meta name=\"twitter:data1\" content=\"1 minute\" \/>\n<script type=\"application\/ld+json\" class=\"yoast-schema-graph\">{\"@context\":\"https:\/\/schema.org\",\"@graph\":[{\"@type\":\"WebPage\",\"@id\":\"https:\/\/vinodeli.ee\/en\/product\/les-brulieres-de-beychevelle\/\",\"url\":\"https:\/\/vinodeli.ee\/en\/product\/les-brulieres-de-beychevelle\/\",\"name\":\"Les Bruli\u00e8res de Beychevelle Haut-M\u00e9doc AOC 2019 13.5% vol. - Vinodeli\",\"isPartOf\":{\"@id\":\"https:\/\/vinodeli.ee\/#website\"},\"primaryImageOfPage\":{\"@id\":\"https:\/\/vinodeli.ee\/en\/product\/les-brulieres-de-beychevelle\/#primaryimage\"},\"image\":{\"@id\":\"https:\/\/vinodeli.ee\/en\/product\/les-brulieres-de-beychevelle\/#primaryimage\"},\"thumbnailUrl\":\"https:\/\/vinodeli.ee\/wp-content\/uploads\/2023\/11\/les-brulieres-de-beychevelle-haut-medoc-aoc-2.webp\",\"datePublished\":\"2023-02-23T17:04:29+00:00\",\"dateModified\":\"2023-12-20T11:48:18+00:00\",\"breadcrumb\":{\"@id\":\"https:\/\/vinodeli.ee\/en\/product\/les-brulieres-de-beychevelle\/#breadcrumb\"},\"inLanguage\":\"en-US\",\"potentialAction\":[{\"@type\":\"ReadAction\",\"target\":[\"https:\/\/vinodeli.ee\/en\/product\/les-brulieres-de-beychevelle\/\"]}]},{\"@type\":\"ImageObject\",\"inLanguage\":\"en-US\",\"@id\":\"https:\/\/vinodeli.ee\/en\/product\/les-brulieres-de-beychevelle\/#primaryimage\",\"url\":\"https:\/\/vinodeli.ee\/wp-content\/uploads\/2023\/11\/les-brulieres-de-beychevelle-haut-medoc-aoc-2.webp\",\"contentUrl\":\"https:\/\/vinodeli.ee\/wp-content\/uploads\/2023\/11\/les-brulieres-de-beychevelle-haut-medoc-aoc-2.webp\",\"width\":950,\"height\":950},{\"@type\":\"BreadcrumbList\",\"@id\":\"https:\/\/vinodeli.ee\/en\/product\/les-brulieres-de-beychevelle\/#breadcrumb\",\"itemListElement\":[{\"@type\":\"ListItem\",\"position\":1,\"name\":\"Home\",\"item\":\"https:\/\/vinodeli.ee\/en\/\"},{\"@type\":\"ListItem\",\"position\":2,\"name\":\"Shop\",\"item\":\"https:\/\/vinodeli.ee\/pood\/\"},{\"@type\":\"ListItem\",\"position\":3,\"name\":\"Les Bruli\u00e8res de Beychevelle Haut-M\u00e9doc AOC 2019 13.5% vol.\"}]},{\"@type\":\"WebSite\",\"@id\":\"https:\/\/vinodeli.ee\/#website\",\"url\":\"https:\/\/vinodeli.ee\/\",\"name\":\"Vinodeli\",\"description\":\"\",\"publisher\":{\"@id\":\"https:\/\/vinodeli.ee\/#organization\"},\"potentialAction\":[{\"@type\":\"SearchAction\",\"target\":{\"@type\":\"EntryPoint\",\"urlTemplate\":\"https:\/\/vinodeli.ee\/?s={search_term_string}\"},\"query-input\":{\"@type\":\"PropertyValueSpecification\",\"valueRequired\":true,\"valueName\":\"search_term_string\"}}],\"inLanguage\":\"en-US\"},{\"@type\":\"Organization\",\"@id\":\"https:\/\/vinodeli.ee\/#organization\",\"name\":\"Vinodeli O\u00dc\",\"url\":\"https:\/\/vinodeli.ee\/\",\"logo\":{\"@type\":\"ImageObject\",\"inLanguage\":\"en-US\",\"@id\":\"https:\/\/vinodeli.ee\/#\/schema\/logo\/image\/\",\"url\":\"https:\/\/vinodeli.ee\/wp-content\/uploads\/2024\/02\/logo-winodeli-1.png\",\"contentUrl\":\"https:\/\/vinodeli.ee\/wp-content\/uploads\/2024\/02\/logo-winodeli-1.png\",\"width\":1500,\"height\":1150,\"caption\":\"Vinodeli O\u00dc\"},\"image\":{\"@id\":\"https:\/\/vinodeli.ee\/#\/schema\/logo\/image\/\"}}]}<\/script>\n<!-- \/ Yoast SEO plugin. -->","yoast_head_json":{"title":"Les Bruli\u00e8res de Beychevelle Haut-M\u00e9doc AOC 2019 13.5% vol. - Vinodeli","robots":{"index":"index","follow":"follow","max-snippet":"max-snippet:-1","max-image-preview":"max-image-preview:large","max-video-preview":"max-video-preview:-1"},"canonical":"https:\/\/vinodeli.ee\/en\/product\/les-brulieres-de-beychevelle\/","og_locale":"en_US","og_type":"article","og_title":"Les Bruli\u00e8res de Beychevelle Haut-M\u00e9doc AOC 2019 13.5% vol. - Vinodeli","og_description":"Grape varieties:56% Cabernet Sauvignon and 44% Merlot","og_url":"https:\/\/vinodeli.ee\/en\/product\/les-brulieres-de-beychevelle\/","og_site_name":"Vinodeli","article_modified_time":"2023-12-20T11:48:18+00:00","og_image":[{"width":950,"height":950,"url":"https:\/\/vinodeli.ee\/wp-content\/uploads\/2023\/11\/les-brulieres-de-beychevelle-haut-medoc-aoc-2.webp","type":"image\/webp"}],"twitter_card":"summary_large_image","twitter_misc":{"Est. reading time":"1 minute"},"schema":{"@context":"https:\/\/schema.org","@graph":[{"@type":"WebPage","@id":"https:\/\/vinodeli.ee\/en\/product\/les-brulieres-de-beychevelle\/","url":"https:\/\/vinodeli.ee\/en\/product\/les-brulieres-de-beychevelle\/","name":"Les Bruli\u00e8res de Beychevelle Haut-M\u00e9doc AOC 2019 13.5% vol. - Vinodeli","isPartOf":{"@id":"https:\/\/vinodeli.ee\/#website"},"primaryImageOfPage":{"@id":"https:\/\/vinodeli.ee\/en\/product\/les-brulieres-de-beychevelle\/#primaryimage"},"image":{"@id":"https:\/\/vinodeli.ee\/en\/product\/les-brulieres-de-beychevelle\/#primaryimage"},"thumbnailUrl":"https:\/\/vinodeli.ee\/wp-content\/uploads\/2023\/11\/les-brulieres-de-beychevelle-haut-medoc-aoc-2.webp","datePublished":"2023-02-23T17:04:29+00:00","dateModified":"2023-12-20T11:48:18+00:00","breadcrumb":{"@id":"https:\/\/vinodeli.ee\/en\/product\/les-brulieres-de-beychevelle\/#breadcrumb"},"inLanguage":"en-US","potentialAction":[{"@type":"ReadAction","target":["https:\/\/vinodeli.ee\/en\/product\/les-brulieres-de-beychevelle\/"]}]},{"@type":"ImageObject","inLanguage":"en-US","@id":"https:\/\/vinodeli.ee\/en\/product\/les-brulieres-de-beychevelle\/#primaryimage","url":"https:\/\/vinodeli.ee\/wp-content\/uploads\/2023\/11\/les-brulieres-de-beychevelle-haut-medoc-aoc-2.webp","contentUrl":"https:\/\/vinodeli.ee\/wp-content\/uploads\/2023\/11\/les-brulieres-de-beychevelle-haut-medoc-aoc-2.webp","width":950,"height":950},{"@type":"BreadcrumbList","@id":"https:\/\/vinodeli.ee\/en\/product\/les-brulieres-de-beychevelle\/#breadcrumb","itemListElement":[{"@type":"ListItem","position":1,"name":"Home","item":"https:\/\/vinodeli.ee\/en\/"},{"@type":"ListItem","position":2,"name":"Shop","item":"https:\/\/vinodeli.ee\/pood\/"},{"@type":"ListItem","position":3,"name":"Les Bruli\u00e8res de Beychevelle Haut-M\u00e9doc AOC 2019 13.5% vol."}]},{"@type":"WebSite","@id":"https:\/\/vinodeli.ee\/#website","url":"https:\/\/vinodeli.ee\/","name":"Vinodeli","description":"","publisher":{"@id":"https:\/\/vinodeli.ee\/#organization"},"potentialAction":[{"@type":"SearchAction","target":{"@type":"EntryPoint","urlTemplate":"https:\/\/vinodeli.ee\/?s={search_term_string}"},"query-input":{"@type":"PropertyValueSpecification","valueRequired":true,"valueName":"search_term_string"}}],"inLanguage":"en-US"},{"@type":"Organization","@id":"https:\/\/vinodeli.ee\/#organization","name":"Vinodeli O\u00dc","url":"https:\/\/vinodeli.ee\/","logo":{"@type":"ImageObject","inLanguage":"en-US","@id":"https:\/\/vinodeli.ee\/#\/schema\/logo\/image\/","url":"https:\/\/vinodeli.ee\/wp-content\/uploads\/2024\/02\/logo-winodeli-1.png","contentUrl":"https:\/\/vinodeli.ee\/wp-content\/uploads\/2024\/02\/logo-winodeli-1.png","width":1500,"height":1150,"caption":"Vinodeli O\u00dc"},"image":{"@id":"https:\/\/vinodeli.ee\/#\/schema\/logo\/image\/"}}]}},"_links":{"self":[{"href":"https:\/\/vinodeli.ee\/en\/wp-json\/wp\/v2\/product\/47222","targetHints":{"allow":["GET"]}}],"collection":[{"href":"https:\/\/vinodeli.ee\/en\/wp-json\/wp\/v2\/product"}],"about":[{"href":"https:\/\/vinodeli.ee\/en\/wp-json\/wp\/v2\/types\/product"}],"version-history":[{"count":0,"href":"https:\/\/vinodeli.ee\/en\/wp-json\/wp\/v2\/product\/47222\/revisions"}],"wp:featuredmedia":[{"embeddable":true,"href":"https:\/\/vinodeli.ee\/en\/wp-json\/wp\/v2\/media\/44284"}],"wp:attachment":[{"href":"https:\/\/vinodeli.ee\/en\/wp-json\/wp\/v2\/media?parent=47222"}],"wp:term":[{"taxonomy":"product_brand","embeddable":true,"href":"https:\/\/vinodeli.ee\/en\/wp-json\/wp\/v2\/product_brand?post=47222"},{"taxonomy":"product_cat","embeddable":true,"href":"https:\/\/vinodeli.ee\/en\/wp-json\/wp\/v2\/product_cat?post=47222"},{"taxonomy":"product_tag","embeddable":true,"href":"https:\/\/vinodeli.ee\/en\/wp-json\/wp\/v2\/product_tag?post=47222"}],"curies":[{"name":"wp","href":"https:\/\/api.w.org\/{rel}","templated":true}]}}