{"id":47250,"date":"2023-02-06T18:43:46","date_gmt":"2023-02-06T16:43:46","guid":{"rendered":"https:\/\/vinodeli.ee\/product\/batailley-lions\/"},"modified":"2025-12-24T14:26:51","modified_gmt":"2025-12-24T12:26:51","slug":"lions_de_batailley","status":"publish","type":"product","link":"https:\/\/vinodeli.ee\/en\/product\/lions_de_batailley\/","title":{"rendered":"Lions de Batailley Pauillac AOC 2019 13,5% vol."},"content":{"rendered":"<blockquote>\n<h5>\u201cLions de Batailley\u201d is the second wine of Ch\u00e2teau Batailley, named after the two lions that guard the main entrance gate of the estate. Ch\u00e2teau Batailley, classified as a 5th Grand Cru Class\u00e9 in 1855, is the flagship of the Cast\u00e9ja family and of Borie\u2011Manoux. It is one of the oldest estates in the M\u00e9doc. Lions de Batailley comes mainly from younger vines (10\u201340 years old), as well as from vineyard parcels not included in the final blend of the Grand Vin.     <\/h5>\n<\/blockquote>\n<h3>Winemaking<\/h3>\n<p>Fermentation and maceration for about 25 days. Aged for 4 months in French oak barrels. <\/p>\n<h3>Tasting notes<\/h3>\n<p>\u201cThe second wine of Ch\u00e2teau Batailley is well crafted, with notes of blackcurrant and blackberry, as well as black olives. It is full\u2011bodied and tannic, with a savoury finish.\u201d \u2014 James Suckling.<\/p>\n<p>Pairs beautifully with Pauillac lamb, lamprey, and cheeses.<\/p>\n","protected":false},"excerpt":{"rendered":"<blockquote>\n<h4>Grapes varieties :61% Cabernet Sauvignon, 31% Merlot ja 8% Cabernet Franc<\/h4>\n<\/blockquote>\n","protected":false},"featured_media":44360,"template":"","meta":{"_acf_changed":false},"product_brand":[],"product_cat":[19462],"product_tag":[],"class_list":{"0":"post-47250","1":"product","2":"type-product","3":"status-publish","4":"has-post-thumbnail","6":"product_cat-red-wine","8":"first","9":"instock","10":"taxable","11":"shipping-taxable","12":"purchasable","13":"product-type-simple"},"acf":[],"yoast_head":"<!-- This site is optimized with the Yoast SEO plugin v25.7 - https:\/\/yoast.com\/wordpress\/plugins\/seo\/ -->\n<title>Lions de Batailley Pauillac AOC 2019 13,5% vol. - Vinodeli<\/title>\n<meta name=\"robots\" content=\"index, follow, max-snippet:-1, max-image-preview:large, max-video-preview:-1\" \/>\n<link rel=\"canonical\" href=\"https:\/\/vinodeli.ee\/en\/product\/lions_de_batailley\/\" \/>\n<meta property=\"og:locale\" content=\"en_US\" \/>\n<meta property=\"og:type\" content=\"article\" \/>\n<meta property=\"og:title\" content=\"Lions de Batailley Pauillac AOC 2019 13,5% vol. - Vinodeli\" \/>\n<meta property=\"og:description\" content=\"Grapes varieties :61% Cabernet Sauvignon, 31% Merlot ja 8% Cabernet Franc\" \/>\n<meta property=\"og:url\" content=\"https:\/\/vinodeli.ee\/en\/product\/lions_de_batailley\/\" \/>\n<meta property=\"og:site_name\" content=\"Vinodeli\" \/>\n<meta property=\"article:modified_time\" content=\"2025-12-24T12:26:51+00:00\" \/>\n<meta property=\"og:image\" content=\"https:\/\/vinodeli.ee\/wp-content\/uploads\/2023\/11\/lions-de-batailley-pauillac-aoc-2.webp\" \/>\n\t<meta property=\"og:image:width\" content=\"1600\" \/>\n\t<meta property=\"og:image:height\" content=\"1600\" \/>\n\t<meta property=\"og:image:type\" content=\"image\/webp\" \/>\n<meta name=\"twitter:card\" content=\"summary_large_image\" \/>\n<meta name=\"twitter:label1\" content=\"Est. reading time\" \/>\n\t<meta name=\"twitter:data1\" content=\"1 minute\" \/>\n<script type=\"application\/ld+json\" class=\"yoast-schema-graph\">{\"@context\":\"https:\/\/schema.org\",\"@graph\":[{\"@type\":\"WebPage\",\"@id\":\"https:\/\/vinodeli.ee\/en\/product\/lions_de_batailley\/\",\"url\":\"https:\/\/vinodeli.ee\/en\/product\/lions_de_batailley\/\",\"name\":\"Lions de Batailley Pauillac AOC 2019 13,5% vol. - Vinodeli\",\"isPartOf\":{\"@id\":\"https:\/\/vinodeli.ee\/#website\"},\"primaryImageOfPage\":{\"@id\":\"https:\/\/vinodeli.ee\/en\/product\/lions_de_batailley\/#primaryimage\"},\"image\":{\"@id\":\"https:\/\/vinodeli.ee\/en\/product\/lions_de_batailley\/#primaryimage\"},\"thumbnailUrl\":\"https:\/\/vinodeli.ee\/wp-content\/uploads\/2023\/11\/lions-de-batailley-pauillac-aoc-2.webp\",\"datePublished\":\"2023-02-06T16:43:46+00:00\",\"dateModified\":\"2025-12-24T12:26:51+00:00\",\"breadcrumb\":{\"@id\":\"https:\/\/vinodeli.ee\/en\/product\/lions_de_batailley\/#breadcrumb\"},\"inLanguage\":\"en-US\",\"potentialAction\":[{\"@type\":\"ReadAction\",\"target\":[\"https:\/\/vinodeli.ee\/en\/product\/lions_de_batailley\/\"]}]},{\"@type\":\"ImageObject\",\"inLanguage\":\"en-US\",\"@id\":\"https:\/\/vinodeli.ee\/en\/product\/lions_de_batailley\/#primaryimage\",\"url\":\"https:\/\/vinodeli.ee\/wp-content\/uploads\/2023\/11\/lions-de-batailley-pauillac-aoc-2.webp\",\"contentUrl\":\"https:\/\/vinodeli.ee\/wp-content\/uploads\/2023\/11\/lions-de-batailley-pauillac-aoc-2.webp\",\"width\":1600,\"height\":1600},{\"@type\":\"BreadcrumbList\",\"@id\":\"https:\/\/vinodeli.ee\/en\/product\/lions_de_batailley\/#breadcrumb\",\"itemListElement\":[{\"@type\":\"ListItem\",\"position\":1,\"name\":\"Home\",\"item\":\"https:\/\/vinodeli.ee\/en\/\"},{\"@type\":\"ListItem\",\"position\":2,\"name\":\"Shop\",\"item\":\"https:\/\/vinodeli.ee\/pood\/\"},{\"@type\":\"ListItem\",\"position\":3,\"name\":\"Lions de Batailley Pauillac AOC 2019 13,5% vol.\"}]},{\"@type\":\"WebSite\",\"@id\":\"https:\/\/vinodeli.ee\/#website\",\"url\":\"https:\/\/vinodeli.ee\/\",\"name\":\"Vinodeli\",\"description\":\"\",\"publisher\":{\"@id\":\"https:\/\/vinodeli.ee\/#organization\"},\"potentialAction\":[{\"@type\":\"SearchAction\",\"target\":{\"@type\":\"EntryPoint\",\"urlTemplate\":\"https:\/\/vinodeli.ee\/?s={search_term_string}\"},\"query-input\":{\"@type\":\"PropertyValueSpecification\",\"valueRequired\":true,\"valueName\":\"search_term_string\"}}],\"inLanguage\":\"en-US\"},{\"@type\":\"Organization\",\"@id\":\"https:\/\/vinodeli.ee\/#organization\",\"name\":\"Vinodeli O\u00dc\",\"url\":\"https:\/\/vinodeli.ee\/\",\"logo\":{\"@type\":\"ImageObject\",\"inLanguage\":\"en-US\",\"@id\":\"https:\/\/vinodeli.ee\/#\/schema\/logo\/image\/\",\"url\":\"https:\/\/vinodeli.ee\/wp-content\/uploads\/2024\/02\/logo-winodeli-1.png\",\"contentUrl\":\"https:\/\/vinodeli.ee\/wp-content\/uploads\/2024\/02\/logo-winodeli-1.png\",\"width\":1500,\"height\":1150,\"caption\":\"Vinodeli O\u00dc\"},\"image\":{\"@id\":\"https:\/\/vinodeli.ee\/#\/schema\/logo\/image\/\"}}]}<\/script>\n<!-- \/ Yoast SEO plugin. -->","yoast_head_json":{"title":"Lions de Batailley Pauillac AOC 2019 13,5% vol. - Vinodeli","robots":{"index":"index","follow":"follow","max-snippet":"max-snippet:-1","max-image-preview":"max-image-preview:large","max-video-preview":"max-video-preview:-1"},"canonical":"https:\/\/vinodeli.ee\/en\/product\/lions_de_batailley\/","og_locale":"en_US","og_type":"article","og_title":"Lions de Batailley Pauillac AOC 2019 13,5% vol. - Vinodeli","og_description":"Grapes varieties :61% Cabernet Sauvignon, 31% Merlot ja 8% Cabernet Franc","og_url":"https:\/\/vinodeli.ee\/en\/product\/lions_de_batailley\/","og_site_name":"Vinodeli","article_modified_time":"2025-12-24T12:26:51+00:00","og_image":[{"width":1600,"height":1600,"url":"https:\/\/vinodeli.ee\/wp-content\/uploads\/2023\/11\/lions-de-batailley-pauillac-aoc-2.webp","type":"image\/webp"}],"twitter_card":"summary_large_image","twitter_misc":{"Est. reading time":"1 minute"},"schema":{"@context":"https:\/\/schema.org","@graph":[{"@type":"WebPage","@id":"https:\/\/vinodeli.ee\/en\/product\/lions_de_batailley\/","url":"https:\/\/vinodeli.ee\/en\/product\/lions_de_batailley\/","name":"Lions de Batailley Pauillac AOC 2019 13,5% vol. - Vinodeli","isPartOf":{"@id":"https:\/\/vinodeli.ee\/#website"},"primaryImageOfPage":{"@id":"https:\/\/vinodeli.ee\/en\/product\/lions_de_batailley\/#primaryimage"},"image":{"@id":"https:\/\/vinodeli.ee\/en\/product\/lions_de_batailley\/#primaryimage"},"thumbnailUrl":"https:\/\/vinodeli.ee\/wp-content\/uploads\/2023\/11\/lions-de-batailley-pauillac-aoc-2.webp","datePublished":"2023-02-06T16:43:46+00:00","dateModified":"2025-12-24T12:26:51+00:00","breadcrumb":{"@id":"https:\/\/vinodeli.ee\/en\/product\/lions_de_batailley\/#breadcrumb"},"inLanguage":"en-US","potentialAction":[{"@type":"ReadAction","target":["https:\/\/vinodeli.ee\/en\/product\/lions_de_batailley\/"]}]},{"@type":"ImageObject","inLanguage":"en-US","@id":"https:\/\/vinodeli.ee\/en\/product\/lions_de_batailley\/#primaryimage","url":"https:\/\/vinodeli.ee\/wp-content\/uploads\/2023\/11\/lions-de-batailley-pauillac-aoc-2.webp","contentUrl":"https:\/\/vinodeli.ee\/wp-content\/uploads\/2023\/11\/lions-de-batailley-pauillac-aoc-2.webp","width":1600,"height":1600},{"@type":"BreadcrumbList","@id":"https:\/\/vinodeli.ee\/en\/product\/lions_de_batailley\/#breadcrumb","itemListElement":[{"@type":"ListItem","position":1,"name":"Home","item":"https:\/\/vinodeli.ee\/en\/"},{"@type":"ListItem","position":2,"name":"Shop","item":"https:\/\/vinodeli.ee\/pood\/"},{"@type":"ListItem","position":3,"name":"Lions de Batailley Pauillac AOC 2019 13,5% vol."}]},{"@type":"WebSite","@id":"https:\/\/vinodeli.ee\/#website","url":"https:\/\/vinodeli.ee\/","name":"Vinodeli","description":"","publisher":{"@id":"https:\/\/vinodeli.ee\/#organization"},"potentialAction":[{"@type":"SearchAction","target":{"@type":"EntryPoint","urlTemplate":"https:\/\/vinodeli.ee\/?s={search_term_string}"},"query-input":{"@type":"PropertyValueSpecification","valueRequired":true,"valueName":"search_term_string"}}],"inLanguage":"en-US"},{"@type":"Organization","@id":"https:\/\/vinodeli.ee\/#organization","name":"Vinodeli O\u00dc","url":"https:\/\/vinodeli.ee\/","logo":{"@type":"ImageObject","inLanguage":"en-US","@id":"https:\/\/vinodeli.ee\/#\/schema\/logo\/image\/","url":"https:\/\/vinodeli.ee\/wp-content\/uploads\/2024\/02\/logo-winodeli-1.png","contentUrl":"https:\/\/vinodeli.ee\/wp-content\/uploads\/2024\/02\/logo-winodeli-1.png","width":1500,"height":1150,"caption":"Vinodeli O\u00dc"},"image":{"@id":"https:\/\/vinodeli.ee\/#\/schema\/logo\/image\/"}}]}},"_links":{"self":[{"href":"https:\/\/vinodeli.ee\/en\/wp-json\/wp\/v2\/product\/47250","targetHints":{"allow":["GET"]}}],"collection":[{"href":"https:\/\/vinodeli.ee\/en\/wp-json\/wp\/v2\/product"}],"about":[{"href":"https:\/\/vinodeli.ee\/en\/wp-json\/wp\/v2\/types\/product"}],"version-history":[{"count":0,"href":"https:\/\/vinodeli.ee\/en\/wp-json\/wp\/v2\/product\/47250\/revisions"}],"wp:featuredmedia":[{"embeddable":true,"href":"https:\/\/vinodeli.ee\/en\/wp-json\/wp\/v2\/media\/44360"}],"wp:attachment":[{"href":"https:\/\/vinodeli.ee\/en\/wp-json\/wp\/v2\/media?parent=47250"}],"wp:term":[{"taxonomy":"product_brand","embeddable":true,"href":"https:\/\/vinodeli.ee\/en\/wp-json\/wp\/v2\/product_brand?post=47250"},{"taxonomy":"product_cat","embeddable":true,"href":"https:\/\/vinodeli.ee\/en\/wp-json\/wp\/v2\/product_cat?post=47250"},{"taxonomy":"product_tag","embeddable":true,"href":"https:\/\/vinodeli.ee\/en\/wp-json\/wp\/v2\/product_tag?post=47250"}],"curies":[{"name":"wp","href":"https:\/\/api.w.org\/{rel}","templated":true}]}}