{"id":47284,"date":"2022-11-28T23:03:33","date_gmt":"2022-11-28T21:03:33","guid":{"rendered":"https:\/\/vinodeli.ee\/product\/chateau_peyrabon\/"},"modified":"2026-01-09T17:52:38","modified_gmt":"2026-01-09T15:52:38","slug":"peyrabon","status":"publish","type":"product","link":"https:\/\/vinodeli.ee\/en\/product\/peyrabon\/","title":{"rendered":"Ch\u00e2teau Peyrabon Haut-M\u00e9doc AOC 2020 Cru Bourgeois 13% vol."},"content":{"rendered":"<blockquote>\n<h5>Cartographer Pierre Belleyme documented the existence of this estate as early as 1766. The ch\u00e2teau changed owners several times until 1958, when it was acquired by the Counts of Courcelles and the Babeau family. <\/h5>\n<\/blockquote>\n<h3>Winemaking<\/h3>\n<p>This balanced French Haut\u2011M\u00e9doc Cru Bourgeois Sup\u00e9rieur is a cuv\u00e9e made from Cabernet Franc, Cabernet Sauvignon, Merlot and Petit Verdot. The grapes grow in the optimal conditions of Bordeaux, where the vines dig their roots deep into clay and gravel soils. This wine is a true Old World expression, radiating classic European charm and the elegance typical of traditional French wines.<br \/>Once fully ripe, the grapes for Haut\u2011M\u00e9doc Cru Bourgeois Sup\u00e9rieur are harvested exclusively by hand, without the use of machines that could damage the fruit. After picking, the grapes are brought to the winery as quickly as possible, where they are sorted and gently crushed. Fermentation follows in small wooden vats at controlled temperatures. After fermentation, the wine is aged 14 months in oak barrels.        <\/p>\n<h3>Tasting notes<\/h3>\n<p>On the palate, Ch\u00e2teau Peyrabon Haut\u2011M\u00e9doc Cru Bourgeois Sup\u00e9rieur opens wonderfully dry, aromatic and well\u2011structured. The texture of this balanced red wine is beautifully velvety. The finish, typical of the Haut\u2011M\u00e9doc region, offers an impressive, lingering aftertaste. Mineral notes from the gravel\u2011 and clay\u2011rich soils accompany the finale.<br \/>Recommended serving temperature: 16\u201318\u00b0C   <\/p>\n","protected":false},"excerpt":{"rendered":"<blockquote>\n<h4>Grape varieties: Cabernet Sauvignon, Merlot, Petit Verdot, Cabernet Franc<\/h4>\n<\/blockquote>\n","protected":false},"featured_media":78972,"template":"","meta":{"_acf_changed":false},"product_brand":[],"product_cat":[19462],"product_tag":[],"class_list":{"0":"post-47284","1":"product","2":"type-product","3":"status-publish","4":"has-post-thumbnail","6":"product_cat-red-wine","8":"first","9":"instock","10":"downloadable","11":"taxable","12":"shipping-taxable","13":"purchasable","14":"product-type-simple"},"acf":[],"yoast_head":"<!-- This site is optimized with the Yoast SEO plugin v25.7 - https:\/\/yoast.com\/wordpress\/plugins\/seo\/ -->\n<title>Ch\u00e2teau Peyrabon Haut-M\u00e9doc AOC 2020 Cru Bourgeois 13% vol. - Vinodeli<\/title>\n<meta name=\"robots\" content=\"index, follow, max-snippet:-1, max-image-preview:large, max-video-preview:-1\" \/>\n<link rel=\"canonical\" href=\"https:\/\/vinodeli.ee\/en\/product\/peyrabon\/\" \/>\n<meta property=\"og:locale\" content=\"en_US\" \/>\n<meta property=\"og:type\" content=\"article\" \/>\n<meta property=\"og:title\" content=\"Ch\u00e2teau Peyrabon Haut-M\u00e9doc AOC 2020 Cru Bourgeois 13% vol. - Vinodeli\" \/>\n<meta property=\"og:description\" content=\"Grape varieties: Cabernet Sauvignon, Merlot, Petit Verdot, Cabernet Franc\" \/>\n<meta property=\"og:url\" content=\"https:\/\/vinodeli.ee\/en\/product\/peyrabon\/\" \/>\n<meta property=\"og:site_name\" content=\"Vinodeli\" \/>\n<meta property=\"article:modified_time\" content=\"2026-01-09T15:52:38+00:00\" \/>\n<meta property=\"og:image\" content=\"https:\/\/vinodeli.ee\/wp-content\/uploads\/2022\/11\/peyrabon.jpg\" \/>\n\t<meta property=\"og:image:width\" content=\"750\" \/>\n\t<meta property=\"og:image:height\" content=\"750\" \/>\n\t<meta property=\"og:image:type\" content=\"image\/jpeg\" \/>\n<meta name=\"twitter:card\" content=\"summary_large_image\" \/>\n<meta name=\"twitter:label1\" content=\"Est. reading time\" \/>\n\t<meta name=\"twitter:data1\" content=\"1 minute\" \/>\n<script type=\"application\/ld+json\" class=\"yoast-schema-graph\">{\"@context\":\"https:\/\/schema.org\",\"@graph\":[{\"@type\":\"WebPage\",\"@id\":\"https:\/\/vinodeli.ee\/en\/product\/peyrabon\/\",\"url\":\"https:\/\/vinodeli.ee\/en\/product\/peyrabon\/\",\"name\":\"Ch\u00e2teau Peyrabon Haut-M\u00e9doc AOC 2020 Cru Bourgeois 13% vol. - Vinodeli\",\"isPartOf\":{\"@id\":\"https:\/\/vinodeli.ee\/#website\"},\"primaryImageOfPage\":{\"@id\":\"https:\/\/vinodeli.ee\/en\/product\/peyrabon\/#primaryimage\"},\"image\":{\"@id\":\"https:\/\/vinodeli.ee\/en\/product\/peyrabon\/#primaryimage\"},\"thumbnailUrl\":\"https:\/\/vinodeli.ee\/wp-content\/uploads\/2022\/11\/peyrabon.jpg\",\"datePublished\":\"2022-11-28T21:03:33+00:00\",\"dateModified\":\"2026-01-09T15:52:38+00:00\",\"breadcrumb\":{\"@id\":\"https:\/\/vinodeli.ee\/en\/product\/peyrabon\/#breadcrumb\"},\"inLanguage\":\"en-US\",\"potentialAction\":[{\"@type\":\"ReadAction\",\"target\":[\"https:\/\/vinodeli.ee\/en\/product\/peyrabon\/\"]}]},{\"@type\":\"ImageObject\",\"inLanguage\":\"en-US\",\"@id\":\"https:\/\/vinodeli.ee\/en\/product\/peyrabon\/#primaryimage\",\"url\":\"https:\/\/vinodeli.ee\/wp-content\/uploads\/2022\/11\/peyrabon.jpg\",\"contentUrl\":\"https:\/\/vinodeli.ee\/wp-content\/uploads\/2022\/11\/peyrabon.jpg\",\"width\":750,\"height\":750},{\"@type\":\"BreadcrumbList\",\"@id\":\"https:\/\/vinodeli.ee\/en\/product\/peyrabon\/#breadcrumb\",\"itemListElement\":[{\"@type\":\"ListItem\",\"position\":1,\"name\":\"Home\",\"item\":\"https:\/\/vinodeli.ee\/en\/\"},{\"@type\":\"ListItem\",\"position\":2,\"name\":\"Shop\",\"item\":\"https:\/\/vinodeli.ee\/pood\/\"},{\"@type\":\"ListItem\",\"position\":3,\"name\":\"Ch\u00e2teau Peyrabon Haut-M\u00e9doc AOC 2020 Cru Bourgeois 13% vol.\"}]},{\"@type\":\"WebSite\",\"@id\":\"https:\/\/vinodeli.ee\/#website\",\"url\":\"https:\/\/vinodeli.ee\/\",\"name\":\"Vinodeli\",\"description\":\"\",\"publisher\":{\"@id\":\"https:\/\/vinodeli.ee\/#organization\"},\"potentialAction\":[{\"@type\":\"SearchAction\",\"target\":{\"@type\":\"EntryPoint\",\"urlTemplate\":\"https:\/\/vinodeli.ee\/?s={search_term_string}\"},\"query-input\":{\"@type\":\"PropertyValueSpecification\",\"valueRequired\":true,\"valueName\":\"search_term_string\"}}],\"inLanguage\":\"en-US\"},{\"@type\":\"Organization\",\"@id\":\"https:\/\/vinodeli.ee\/#organization\",\"name\":\"Vinodeli O\u00dc\",\"url\":\"https:\/\/vinodeli.ee\/\",\"logo\":{\"@type\":\"ImageObject\",\"inLanguage\":\"en-US\",\"@id\":\"https:\/\/vinodeli.ee\/#\/schema\/logo\/image\/\",\"url\":\"https:\/\/vinodeli.ee\/wp-content\/uploads\/2024\/02\/logo-winodeli-1.png\",\"contentUrl\":\"https:\/\/vinodeli.ee\/wp-content\/uploads\/2024\/02\/logo-winodeli-1.png\",\"width\":1500,\"height\":1150,\"caption\":\"Vinodeli O\u00dc\"},\"image\":{\"@id\":\"https:\/\/vinodeli.ee\/#\/schema\/logo\/image\/\"}}]}<\/script>\n<!-- \/ Yoast SEO plugin. -->","yoast_head_json":{"title":"Ch\u00e2teau Peyrabon Haut-M\u00e9doc AOC 2020 Cru Bourgeois 13% vol. - Vinodeli","robots":{"index":"index","follow":"follow","max-snippet":"max-snippet:-1","max-image-preview":"max-image-preview:large","max-video-preview":"max-video-preview:-1"},"canonical":"https:\/\/vinodeli.ee\/en\/product\/peyrabon\/","og_locale":"en_US","og_type":"article","og_title":"Ch\u00e2teau Peyrabon Haut-M\u00e9doc AOC 2020 Cru Bourgeois 13% vol. - Vinodeli","og_description":"Grape varieties: Cabernet Sauvignon, Merlot, Petit Verdot, Cabernet Franc","og_url":"https:\/\/vinodeli.ee\/en\/product\/peyrabon\/","og_site_name":"Vinodeli","article_modified_time":"2026-01-09T15:52:38+00:00","og_image":[{"width":750,"height":750,"url":"https:\/\/vinodeli.ee\/wp-content\/uploads\/2022\/11\/peyrabon.jpg","type":"image\/jpeg"}],"twitter_card":"summary_large_image","twitter_misc":{"Est. reading time":"1 minute"},"schema":{"@context":"https:\/\/schema.org","@graph":[{"@type":"WebPage","@id":"https:\/\/vinodeli.ee\/en\/product\/peyrabon\/","url":"https:\/\/vinodeli.ee\/en\/product\/peyrabon\/","name":"Ch\u00e2teau Peyrabon Haut-M\u00e9doc AOC 2020 Cru Bourgeois 13% vol. - Vinodeli","isPartOf":{"@id":"https:\/\/vinodeli.ee\/#website"},"primaryImageOfPage":{"@id":"https:\/\/vinodeli.ee\/en\/product\/peyrabon\/#primaryimage"},"image":{"@id":"https:\/\/vinodeli.ee\/en\/product\/peyrabon\/#primaryimage"},"thumbnailUrl":"https:\/\/vinodeli.ee\/wp-content\/uploads\/2022\/11\/peyrabon.jpg","datePublished":"2022-11-28T21:03:33+00:00","dateModified":"2026-01-09T15:52:38+00:00","breadcrumb":{"@id":"https:\/\/vinodeli.ee\/en\/product\/peyrabon\/#breadcrumb"},"inLanguage":"en-US","potentialAction":[{"@type":"ReadAction","target":["https:\/\/vinodeli.ee\/en\/product\/peyrabon\/"]}]},{"@type":"ImageObject","inLanguage":"en-US","@id":"https:\/\/vinodeli.ee\/en\/product\/peyrabon\/#primaryimage","url":"https:\/\/vinodeli.ee\/wp-content\/uploads\/2022\/11\/peyrabon.jpg","contentUrl":"https:\/\/vinodeli.ee\/wp-content\/uploads\/2022\/11\/peyrabon.jpg","width":750,"height":750},{"@type":"BreadcrumbList","@id":"https:\/\/vinodeli.ee\/en\/product\/peyrabon\/#breadcrumb","itemListElement":[{"@type":"ListItem","position":1,"name":"Home","item":"https:\/\/vinodeli.ee\/en\/"},{"@type":"ListItem","position":2,"name":"Shop","item":"https:\/\/vinodeli.ee\/pood\/"},{"@type":"ListItem","position":3,"name":"Ch\u00e2teau Peyrabon Haut-M\u00e9doc AOC 2020 Cru Bourgeois 13% vol."}]},{"@type":"WebSite","@id":"https:\/\/vinodeli.ee\/#website","url":"https:\/\/vinodeli.ee\/","name":"Vinodeli","description":"","publisher":{"@id":"https:\/\/vinodeli.ee\/#organization"},"potentialAction":[{"@type":"SearchAction","target":{"@type":"EntryPoint","urlTemplate":"https:\/\/vinodeli.ee\/?s={search_term_string}"},"query-input":{"@type":"PropertyValueSpecification","valueRequired":true,"valueName":"search_term_string"}}],"inLanguage":"en-US"},{"@type":"Organization","@id":"https:\/\/vinodeli.ee\/#organization","name":"Vinodeli O\u00dc","url":"https:\/\/vinodeli.ee\/","logo":{"@type":"ImageObject","inLanguage":"en-US","@id":"https:\/\/vinodeli.ee\/#\/schema\/logo\/image\/","url":"https:\/\/vinodeli.ee\/wp-content\/uploads\/2024\/02\/logo-winodeli-1.png","contentUrl":"https:\/\/vinodeli.ee\/wp-content\/uploads\/2024\/02\/logo-winodeli-1.png","width":1500,"height":1150,"caption":"Vinodeli O\u00dc"},"image":{"@id":"https:\/\/vinodeli.ee\/#\/schema\/logo\/image\/"}}]}},"_links":{"self":[{"href":"https:\/\/vinodeli.ee\/en\/wp-json\/wp\/v2\/product\/47284","targetHints":{"allow":["GET"]}}],"collection":[{"href":"https:\/\/vinodeli.ee\/en\/wp-json\/wp\/v2\/product"}],"about":[{"href":"https:\/\/vinodeli.ee\/en\/wp-json\/wp\/v2\/types\/product"}],"version-history":[{"count":0,"href":"https:\/\/vinodeli.ee\/en\/wp-json\/wp\/v2\/product\/47284\/revisions"}],"wp:featuredmedia":[{"embeddable":true,"href":"https:\/\/vinodeli.ee\/en\/wp-json\/wp\/v2\/media\/78972"}],"wp:attachment":[{"href":"https:\/\/vinodeli.ee\/en\/wp-json\/wp\/v2\/media?parent=47284"}],"wp:term":[{"taxonomy":"product_brand","embeddable":true,"href":"https:\/\/vinodeli.ee\/en\/wp-json\/wp\/v2\/product_brand?post=47284"},{"taxonomy":"product_cat","embeddable":true,"href":"https:\/\/vinodeli.ee\/en\/wp-json\/wp\/v2\/product_cat?post=47284"},{"taxonomy":"product_tag","embeddable":true,"href":"https:\/\/vinodeli.ee\/en\/wp-json\/wp\/v2\/product_tag?post=47284"}],"curies":[{"name":"wp","href":"https:\/\/api.w.org\/{rel}","templated":true}]}}