{"id":47314,"date":"2022-10-23T22:12:27","date_gmt":"2022-10-23T19:12:27","guid":{"rendered":"https:\/\/vinodeli.ee\/product\/chateau-du-domaine-de-l-eglise\/"},"modified":"2025-12-25T17:00:22","modified_gmt":"2025-12-25T15:00:22","slug":"chateau_domaine_eglise","status":"publish","type":"product","link":"https:\/\/vinodeli.ee\/en\/product\/chateau_domaine_eglise\/","title":{"rendered":"Ch\u00e2teau du Domaine de l\u2019\u00c9glise Pomerol AOC 2014 13.5% vol."},"content":{"rendered":"<blockquote>\n<h5>1973. Acquired in the same year as Ch\u00e2teau Pignon (Lalande\u2011de\u2011Pomerol) by \u00c9mile Cast\u00e9ja, the estate is now managed by his son Philippe Cast\u00e9ja. The vineyard of Ch\u00e2teau du Domaine de l\u2019\u00c9glise lies in the shadow of the Pomerol church tower and covers 7 hectares. Planted on gravel and clay soils, with 95% Merlot and 5% Cabernet Franc, it produces grapes of excellent quality.  <\/h5>\n<\/blockquote>\n<h3>Winemaking<\/h3>\n<p>Gravel soils, clay and iron-rich subsoil. Fermentation and maceration last nearly 4 weeks. Aged for 18 months in barrels (around 60% new).  <\/p>\n<h3>Tasting notes<\/h3>\n<p>A robe with violet reflections. Fresh, fruity and floral on the nose. On the palate, the wine is elegant, round, pleasantly full-bodied, with velvety tannins and a slight herbal touch. One of the finest vintages of Ch\u00e2teau du Domaine de l\u2019\u00c9glise.   <\/p>\n<h3>Food pairings<\/h3>\n<p>Pan\u2011seared warm foie gras<br \/>Duck \u00e0 l\u2019orange<br \/>Turkey with chestnuts<br \/>Hare \u00e0 la Lucullus<br \/>Tournedos Rossini with porcini mushrooms<\/p>\n","protected":false},"excerpt":{"rendered":"<blockquote>\n<h4>Grape varieties: 97% Merlot and 3% Cabernet Franc<\/h4>\n<\/blockquote>\n<ul>\n<li>James Suckling: 93 points<\/li>\n<li>Robert Parker Wine Advocate: 90 points<\/li>\n<li>Ren\u00e9 Gabriel: 92 points<\/li>\n<\/ul>\n","protected":false},"featured_media":44533,"template":"","meta":{"_acf_changed":false},"product_brand":[],"product_cat":[19462],"product_tag":[],"class_list":{"0":"post-47314","1":"product","2":"type-product","3":"status-publish","4":"has-post-thumbnail","6":"product_cat-red-wine","8":"first","9":"instock","10":"downloadable","11":"taxable","12":"shipping-taxable","13":"purchasable","14":"product-type-simple"},"acf":[],"yoast_head":"<!-- This site is optimized with the Yoast SEO plugin v25.7 - https:\/\/yoast.com\/wordpress\/plugins\/seo\/ -->\n<title>Ch\u00e2teau du Domaine de l\u2019\u00c9glise Pomerol AOC 2014 13.5% vol. - Vinodeli<\/title>\n<meta name=\"robots\" content=\"index, follow, max-snippet:-1, max-image-preview:large, max-video-preview:-1\" \/>\n<link rel=\"canonical\" href=\"https:\/\/vinodeli.ee\/en\/product\/chateau_domaine_eglise\/\" \/>\n<meta property=\"og:locale\" content=\"en_US\" \/>\n<meta property=\"og:type\" content=\"article\" \/>\n<meta property=\"og:title\" content=\"Ch\u00e2teau du Domaine de l\u2019\u00c9glise Pomerol AOC 2014 13.5% vol. - Vinodeli\" \/>\n<meta property=\"og:description\" content=\"Grape varieties: 97% Merlot and 3% Cabernet Franc   James Suckling: 93 points  Robert Parker Wine Advocate: 90 points  Ren\u00e9 Gabriel: 92 points\" \/>\n<meta property=\"og:url\" content=\"https:\/\/vinodeli.ee\/en\/product\/chateau_domaine_eglise\/\" \/>\n<meta property=\"og:site_name\" content=\"Vinodeli\" \/>\n<meta property=\"article:modified_time\" content=\"2025-12-25T15:00:22+00:00\" \/>\n<meta property=\"og:image\" content=\"https:\/\/vinodeli.ee\/wp-content\/uploads\/2023\/11\/Chateau-du-Domaine-de-lEglise-Pomerol-AOC-2.webp\" \/>\n\t<meta property=\"og:image:width\" content=\"1100\" \/>\n\t<meta property=\"og:image:height\" content=\"1100\" \/>\n\t<meta property=\"og:image:type\" content=\"image\/webp\" \/>\n<meta name=\"twitter:card\" content=\"summary_large_image\" \/>\n<meta name=\"twitter:label1\" content=\"Est. reading time\" \/>\n\t<meta name=\"twitter:data1\" content=\"1 minute\" \/>\n<script type=\"application\/ld+json\" class=\"yoast-schema-graph\">{\"@context\":\"https:\/\/schema.org\",\"@graph\":[{\"@type\":\"WebPage\",\"@id\":\"https:\/\/vinodeli.ee\/en\/product\/chateau_domaine_eglise\/\",\"url\":\"https:\/\/vinodeli.ee\/en\/product\/chateau_domaine_eglise\/\",\"name\":\"Ch\u00e2teau du Domaine de l\u2019\u00c9glise Pomerol AOC 2014 13.5% vol. - Vinodeli\",\"isPartOf\":{\"@id\":\"https:\/\/vinodeli.ee\/#website\"},\"primaryImageOfPage\":{\"@id\":\"https:\/\/vinodeli.ee\/en\/product\/chateau_domaine_eglise\/#primaryimage\"},\"image\":{\"@id\":\"https:\/\/vinodeli.ee\/en\/product\/chateau_domaine_eglise\/#primaryimage\"},\"thumbnailUrl\":\"https:\/\/vinodeli.ee\/wp-content\/uploads\/2023\/11\/Chateau-du-Domaine-de-lEglise-Pomerol-AOC-2.webp\",\"datePublished\":\"2022-10-23T19:12:27+00:00\",\"dateModified\":\"2025-12-25T15:00:22+00:00\",\"breadcrumb\":{\"@id\":\"https:\/\/vinodeli.ee\/en\/product\/chateau_domaine_eglise\/#breadcrumb\"},\"inLanguage\":\"en-US\",\"potentialAction\":[{\"@type\":\"ReadAction\",\"target\":[\"https:\/\/vinodeli.ee\/en\/product\/chateau_domaine_eglise\/\"]}]},{\"@type\":\"ImageObject\",\"inLanguage\":\"en-US\",\"@id\":\"https:\/\/vinodeli.ee\/en\/product\/chateau_domaine_eglise\/#primaryimage\",\"url\":\"https:\/\/vinodeli.ee\/wp-content\/uploads\/2023\/11\/Chateau-du-Domaine-de-lEglise-Pomerol-AOC-2.webp\",\"contentUrl\":\"https:\/\/vinodeli.ee\/wp-content\/uploads\/2023\/11\/Chateau-du-Domaine-de-lEglise-Pomerol-AOC-2.webp\",\"width\":1100,\"height\":1100},{\"@type\":\"BreadcrumbList\",\"@id\":\"https:\/\/vinodeli.ee\/en\/product\/chateau_domaine_eglise\/#breadcrumb\",\"itemListElement\":[{\"@type\":\"ListItem\",\"position\":1,\"name\":\"Home\",\"item\":\"https:\/\/vinodeli.ee\/en\/\"},{\"@type\":\"ListItem\",\"position\":2,\"name\":\"Shop\",\"item\":\"https:\/\/vinodeli.ee\/pood\/\"},{\"@type\":\"ListItem\",\"position\":3,\"name\":\"Ch\u00e2teau du Domaine de l\u2019\u00c9glise Pomerol AOC 2014 13.5% vol.\"}]},{\"@type\":\"WebSite\",\"@id\":\"https:\/\/vinodeli.ee\/#website\",\"url\":\"https:\/\/vinodeli.ee\/\",\"name\":\"Vinodeli\",\"description\":\"\",\"publisher\":{\"@id\":\"https:\/\/vinodeli.ee\/#organization\"},\"potentialAction\":[{\"@type\":\"SearchAction\",\"target\":{\"@type\":\"EntryPoint\",\"urlTemplate\":\"https:\/\/vinodeli.ee\/?s={search_term_string}\"},\"query-input\":{\"@type\":\"PropertyValueSpecification\",\"valueRequired\":true,\"valueName\":\"search_term_string\"}}],\"inLanguage\":\"en-US\"},{\"@type\":\"Organization\",\"@id\":\"https:\/\/vinodeli.ee\/#organization\",\"name\":\"Vinodeli O\u00dc\",\"url\":\"https:\/\/vinodeli.ee\/\",\"logo\":{\"@type\":\"ImageObject\",\"inLanguage\":\"en-US\",\"@id\":\"https:\/\/vinodeli.ee\/#\/schema\/logo\/image\/\",\"url\":\"https:\/\/vinodeli.ee\/wp-content\/uploads\/2024\/02\/logo-winodeli-1.png\",\"contentUrl\":\"https:\/\/vinodeli.ee\/wp-content\/uploads\/2024\/02\/logo-winodeli-1.png\",\"width\":1500,\"height\":1150,\"caption\":\"Vinodeli O\u00dc\"},\"image\":{\"@id\":\"https:\/\/vinodeli.ee\/#\/schema\/logo\/image\/\"}}]}<\/script>\n<!-- \/ Yoast SEO plugin. -->","yoast_head_json":{"title":"Ch\u00e2teau du Domaine de l\u2019\u00c9glise Pomerol AOC 2014 13.5% vol. - Vinodeli","robots":{"index":"index","follow":"follow","max-snippet":"max-snippet:-1","max-image-preview":"max-image-preview:large","max-video-preview":"max-video-preview:-1"},"canonical":"https:\/\/vinodeli.ee\/en\/product\/chateau_domaine_eglise\/","og_locale":"en_US","og_type":"article","og_title":"Ch\u00e2teau du Domaine de l\u2019\u00c9glise Pomerol AOC 2014 13.5% vol. - Vinodeli","og_description":"Grape varieties: 97% Merlot and 3% Cabernet Franc   James Suckling: 93 points  Robert Parker Wine Advocate: 90 points  Ren\u00e9 Gabriel: 92 points","og_url":"https:\/\/vinodeli.ee\/en\/product\/chateau_domaine_eglise\/","og_site_name":"Vinodeli","article_modified_time":"2025-12-25T15:00:22+00:00","og_image":[{"width":1100,"height":1100,"url":"https:\/\/vinodeli.ee\/wp-content\/uploads\/2023\/11\/Chateau-du-Domaine-de-lEglise-Pomerol-AOC-2.webp","type":"image\/webp"}],"twitter_card":"summary_large_image","twitter_misc":{"Est. reading time":"1 minute"},"schema":{"@context":"https:\/\/schema.org","@graph":[{"@type":"WebPage","@id":"https:\/\/vinodeli.ee\/en\/product\/chateau_domaine_eglise\/","url":"https:\/\/vinodeli.ee\/en\/product\/chateau_domaine_eglise\/","name":"Ch\u00e2teau du Domaine de l\u2019\u00c9glise Pomerol AOC 2014 13.5% vol. - Vinodeli","isPartOf":{"@id":"https:\/\/vinodeli.ee\/#website"},"primaryImageOfPage":{"@id":"https:\/\/vinodeli.ee\/en\/product\/chateau_domaine_eglise\/#primaryimage"},"image":{"@id":"https:\/\/vinodeli.ee\/en\/product\/chateau_domaine_eglise\/#primaryimage"},"thumbnailUrl":"https:\/\/vinodeli.ee\/wp-content\/uploads\/2023\/11\/Chateau-du-Domaine-de-lEglise-Pomerol-AOC-2.webp","datePublished":"2022-10-23T19:12:27+00:00","dateModified":"2025-12-25T15:00:22+00:00","breadcrumb":{"@id":"https:\/\/vinodeli.ee\/en\/product\/chateau_domaine_eglise\/#breadcrumb"},"inLanguage":"en-US","potentialAction":[{"@type":"ReadAction","target":["https:\/\/vinodeli.ee\/en\/product\/chateau_domaine_eglise\/"]}]},{"@type":"ImageObject","inLanguage":"en-US","@id":"https:\/\/vinodeli.ee\/en\/product\/chateau_domaine_eglise\/#primaryimage","url":"https:\/\/vinodeli.ee\/wp-content\/uploads\/2023\/11\/Chateau-du-Domaine-de-lEglise-Pomerol-AOC-2.webp","contentUrl":"https:\/\/vinodeli.ee\/wp-content\/uploads\/2023\/11\/Chateau-du-Domaine-de-lEglise-Pomerol-AOC-2.webp","width":1100,"height":1100},{"@type":"BreadcrumbList","@id":"https:\/\/vinodeli.ee\/en\/product\/chateau_domaine_eglise\/#breadcrumb","itemListElement":[{"@type":"ListItem","position":1,"name":"Home","item":"https:\/\/vinodeli.ee\/en\/"},{"@type":"ListItem","position":2,"name":"Shop","item":"https:\/\/vinodeli.ee\/pood\/"},{"@type":"ListItem","position":3,"name":"Ch\u00e2teau du Domaine de l\u2019\u00c9glise Pomerol AOC 2014 13.5% vol."}]},{"@type":"WebSite","@id":"https:\/\/vinodeli.ee\/#website","url":"https:\/\/vinodeli.ee\/","name":"Vinodeli","description":"","publisher":{"@id":"https:\/\/vinodeli.ee\/#organization"},"potentialAction":[{"@type":"SearchAction","target":{"@type":"EntryPoint","urlTemplate":"https:\/\/vinodeli.ee\/?s={search_term_string}"},"query-input":{"@type":"PropertyValueSpecification","valueRequired":true,"valueName":"search_term_string"}}],"inLanguage":"en-US"},{"@type":"Organization","@id":"https:\/\/vinodeli.ee\/#organization","name":"Vinodeli O\u00dc","url":"https:\/\/vinodeli.ee\/","logo":{"@type":"ImageObject","inLanguage":"en-US","@id":"https:\/\/vinodeli.ee\/#\/schema\/logo\/image\/","url":"https:\/\/vinodeli.ee\/wp-content\/uploads\/2024\/02\/logo-winodeli-1.png","contentUrl":"https:\/\/vinodeli.ee\/wp-content\/uploads\/2024\/02\/logo-winodeli-1.png","width":1500,"height":1150,"caption":"Vinodeli O\u00dc"},"image":{"@id":"https:\/\/vinodeli.ee\/#\/schema\/logo\/image\/"}}]}},"_links":{"self":[{"href":"https:\/\/vinodeli.ee\/en\/wp-json\/wp\/v2\/product\/47314","targetHints":{"allow":["GET"]}}],"collection":[{"href":"https:\/\/vinodeli.ee\/en\/wp-json\/wp\/v2\/product"}],"about":[{"href":"https:\/\/vinodeli.ee\/en\/wp-json\/wp\/v2\/types\/product"}],"version-history":[{"count":0,"href":"https:\/\/vinodeli.ee\/en\/wp-json\/wp\/v2\/product\/47314\/revisions"}],"wp:featuredmedia":[{"embeddable":true,"href":"https:\/\/vinodeli.ee\/en\/wp-json\/wp\/v2\/media\/44533"}],"wp:attachment":[{"href":"https:\/\/vinodeli.ee\/en\/wp-json\/wp\/v2\/media?parent=47314"}],"wp:term":[{"taxonomy":"product_brand","embeddable":true,"href":"https:\/\/vinodeli.ee\/en\/wp-json\/wp\/v2\/product_brand?post=47314"},{"taxonomy":"product_cat","embeddable":true,"href":"https:\/\/vinodeli.ee\/en\/wp-json\/wp\/v2\/product_cat?post=47314"},{"taxonomy":"product_tag","embeddable":true,"href":"https:\/\/vinodeli.ee\/en\/wp-json\/wp\/v2\/product_tag?post=47314"}],"curies":[{"name":"wp","href":"https:\/\/api.w.org\/{rel}","templated":true}]}}