{"id":47316,"date":"2022-10-23T21:40:30","date_gmt":"2022-10-23T18:40:30","guid":{"rendered":"https:\/\/vinodeli.ee\/product\/chateau-trottevieille\/"},"modified":"2023-12-20T13:49:59","modified_gmt":"2023-12-20T11:49:59","slug":"chateau-trottevieille","status":"publish","type":"product","link":"https:\/\/vinodeli.ee\/en\/product\/chateau-trottevieille\/","title":{"rendered":"Ch\u00e2teau TrotteVieille Premier Grand-Cru Class\u00e9 Saint-\u00c9milion AOC 2011 14% vol."},"content":{"rendered":"<blockquote>\n<h5>Classified Premier Grand Cru AOC Saint-\u00c9milion since 1955, Ch\u00e2teau TrotteVieille is acknowledged as one of the greatest wines in Saint-\u00c9milion. Having fallen in love with it, Marcel Borie purchased the property in 1947. The estate is run today by the Cast\u00e9ja family. Ch\u00e2teau TrotteVieille is located on a superb slope to the east of the village of Saint-\u00c9milion. The vineyard covers a terroir of 12 hectares made up of 49% Merlot, 46% Cabernet Franc and 5% Cabernet Sauvignon. It is one of the rare estates to still have very old Cabernet Franc vines dating back to before the outbreak of phylloxera.<\/h5>\n<\/blockquote>\n<h3>Winemaking<\/h3>\n<p>Thin clay coating on limestone soil. A meticulous fermentation takes place in a plot sized tank room during about 4 weeks. Wine is aged in 100% French oak new barrels during 18 to 24 months.<\/p>\n<h3>Tasting notes<\/h3>\n<p>Chateau TrotteVieille from the masculine vintage of 2011 is powerful and dense with notes of cassis and licorice, elegant oak and juicy blueberry, toast, coffee, and cigar. Good acidity. Complex, this wine is an investment for many years to come. Give it some time in the carafe. On the palate full bodied, textured and firm, with present tannins, an impressive structure and a very long finish.<\/p>\n<h3>Pairing recommendation<\/h3>\n<p>Ideal with red meats and strong cheeses.<\/p>\n","protected":false},"excerpt":{"rendered":"<blockquote>\n<h4>Grape varieties:50% Merlot 48% Cabernet Franc and 2% Cabernet Sauvignon<\/h4>\n<\/blockquote>\n<ul>\n<li>La Revue du Vin de France: 94 points<\/li>\n<li>Ren\u00e9 Gabriel: 94 points<\/li>\n<li>Wine Enthusiast: 94 points<\/li>\n<\/ul>\n","protected":false},"featured_media":44543,"template":"","meta":{"_acf_changed":false},"product_brand":[],"product_cat":[19462],"product_tag":[],"class_list":{"0":"post-47316","1":"product","2":"type-product","3":"status-publish","4":"has-post-thumbnail","6":"product_cat-red-wine","8":"first","9":"instock","10":"downloadable","11":"taxable","12":"shipping-taxable","13":"purchasable","14":"product-type-simple"},"acf":[],"yoast_head":"<!-- This site is optimized with the Yoast SEO plugin v25.7 - https:\/\/yoast.com\/wordpress\/plugins\/seo\/ -->\n<title>Ch\u00e2teau TrotteVieille Premier Grand-Cru Class\u00e9 Saint-\u00c9milion AOC 2011 14% vol. - Vinodeli<\/title>\n<meta name=\"robots\" content=\"index, follow, max-snippet:-1, max-image-preview:large, max-video-preview:-1\" \/>\n<link rel=\"canonical\" href=\"https:\/\/vinodeli.ee\/en\/product\/chateau-trottevieille\/\" \/>\n<meta property=\"og:locale\" content=\"en_US\" \/>\n<meta property=\"og:type\" content=\"article\" \/>\n<meta property=\"og:title\" content=\"Ch\u00e2teau TrotteVieille Premier Grand-Cru Class\u00e9 Saint-\u00c9milion AOC 2011 14% vol. - Vinodeli\" \/>\n<meta property=\"og:description\" content=\"Grape varieties:50% Merlot 48% Cabernet Franc and 2% Cabernet Sauvignon La Revue du Vin de France: 94 points Ren\u00e9 Gabriel: 94 points Wine Enthusiast: 94 points\" \/>\n<meta property=\"og:url\" content=\"https:\/\/vinodeli.ee\/en\/product\/chateau-trottevieille\/\" \/>\n<meta property=\"og:site_name\" content=\"Vinodeli\" \/>\n<meta property=\"article:modified_time\" content=\"2023-12-20T11:49:59+00:00\" \/>\n<meta property=\"og:image\" content=\"https:\/\/vinodeli.ee\/wp-content\/uploads\/2023\/11\/Chateau-TrotteVieille-St.-Emilion-AOC-2.webp\" \/>\n\t<meta property=\"og:image:width\" content=\"1150\" \/>\n\t<meta property=\"og:image:height\" content=\"1150\" \/>\n\t<meta property=\"og:image:type\" content=\"image\/webp\" \/>\n<meta name=\"twitter:card\" content=\"summary_large_image\" \/>\n<meta name=\"twitter:label1\" content=\"Est. reading time\" \/>\n\t<meta name=\"twitter:data1\" content=\"1 minute\" \/>\n<script type=\"application\/ld+json\" class=\"yoast-schema-graph\">{\"@context\":\"https:\/\/schema.org\",\"@graph\":[{\"@type\":\"WebPage\",\"@id\":\"https:\/\/vinodeli.ee\/en\/product\/chateau-trottevieille\/\",\"url\":\"https:\/\/vinodeli.ee\/en\/product\/chateau-trottevieille\/\",\"name\":\"Ch\u00e2teau TrotteVieille Premier Grand-Cru Class\u00e9 Saint-\u00c9milion AOC 2011 14% vol. - Vinodeli\",\"isPartOf\":{\"@id\":\"https:\/\/vinodeli.ee\/#website\"},\"primaryImageOfPage\":{\"@id\":\"https:\/\/vinodeli.ee\/en\/product\/chateau-trottevieille\/#primaryimage\"},\"image\":{\"@id\":\"https:\/\/vinodeli.ee\/en\/product\/chateau-trottevieille\/#primaryimage\"},\"thumbnailUrl\":\"https:\/\/vinodeli.ee\/wp-content\/uploads\/2023\/11\/Chateau-TrotteVieille-St.-Emilion-AOC-2.webp\",\"datePublished\":\"2022-10-23T18:40:30+00:00\",\"dateModified\":\"2023-12-20T11:49:59+00:00\",\"breadcrumb\":{\"@id\":\"https:\/\/vinodeli.ee\/en\/product\/chateau-trottevieille\/#breadcrumb\"},\"inLanguage\":\"en-US\",\"potentialAction\":[{\"@type\":\"ReadAction\",\"target\":[\"https:\/\/vinodeli.ee\/en\/product\/chateau-trottevieille\/\"]}]},{\"@type\":\"ImageObject\",\"inLanguage\":\"en-US\",\"@id\":\"https:\/\/vinodeli.ee\/en\/product\/chateau-trottevieille\/#primaryimage\",\"url\":\"https:\/\/vinodeli.ee\/wp-content\/uploads\/2023\/11\/Chateau-TrotteVieille-St.-Emilion-AOC-2.webp\",\"contentUrl\":\"https:\/\/vinodeli.ee\/wp-content\/uploads\/2023\/11\/Chateau-TrotteVieille-St.-Emilion-AOC-2.webp\",\"width\":1150,\"height\":1150},{\"@type\":\"BreadcrumbList\",\"@id\":\"https:\/\/vinodeli.ee\/en\/product\/chateau-trottevieille\/#breadcrumb\",\"itemListElement\":[{\"@type\":\"ListItem\",\"position\":1,\"name\":\"Home\",\"item\":\"https:\/\/vinodeli.ee\/en\/\"},{\"@type\":\"ListItem\",\"position\":2,\"name\":\"Shop\",\"item\":\"https:\/\/vinodeli.ee\/pood\/\"},{\"@type\":\"ListItem\",\"position\":3,\"name\":\"Ch\u00e2teau TrotteVieille Premier Grand-Cru Class\u00e9 Saint-\u00c9milion AOC 2011 14% vol.\"}]},{\"@type\":\"WebSite\",\"@id\":\"https:\/\/vinodeli.ee\/#website\",\"url\":\"https:\/\/vinodeli.ee\/\",\"name\":\"Vinodeli\",\"description\":\"\",\"publisher\":{\"@id\":\"https:\/\/vinodeli.ee\/#organization\"},\"potentialAction\":[{\"@type\":\"SearchAction\",\"target\":{\"@type\":\"EntryPoint\",\"urlTemplate\":\"https:\/\/vinodeli.ee\/?s={search_term_string}\"},\"query-input\":{\"@type\":\"PropertyValueSpecification\",\"valueRequired\":true,\"valueName\":\"search_term_string\"}}],\"inLanguage\":\"en-US\"},{\"@type\":\"Organization\",\"@id\":\"https:\/\/vinodeli.ee\/#organization\",\"name\":\"Vinodeli O\u00dc\",\"url\":\"https:\/\/vinodeli.ee\/\",\"logo\":{\"@type\":\"ImageObject\",\"inLanguage\":\"en-US\",\"@id\":\"https:\/\/vinodeli.ee\/#\/schema\/logo\/image\/\",\"url\":\"https:\/\/vinodeli.ee\/wp-content\/uploads\/2024\/02\/logo-winodeli-1.png\",\"contentUrl\":\"https:\/\/vinodeli.ee\/wp-content\/uploads\/2024\/02\/logo-winodeli-1.png\",\"width\":1500,\"height\":1150,\"caption\":\"Vinodeli O\u00dc\"},\"image\":{\"@id\":\"https:\/\/vinodeli.ee\/#\/schema\/logo\/image\/\"}}]}<\/script>\n<!-- \/ Yoast SEO plugin. -->","yoast_head_json":{"title":"Ch\u00e2teau TrotteVieille Premier Grand-Cru Class\u00e9 Saint-\u00c9milion AOC 2011 14% vol. - Vinodeli","robots":{"index":"index","follow":"follow","max-snippet":"max-snippet:-1","max-image-preview":"max-image-preview:large","max-video-preview":"max-video-preview:-1"},"canonical":"https:\/\/vinodeli.ee\/en\/product\/chateau-trottevieille\/","og_locale":"en_US","og_type":"article","og_title":"Ch\u00e2teau TrotteVieille Premier Grand-Cru Class\u00e9 Saint-\u00c9milion AOC 2011 14% vol. - Vinodeli","og_description":"Grape varieties:50% Merlot 48% Cabernet Franc and 2% Cabernet Sauvignon La Revue du Vin de France: 94 points Ren\u00e9 Gabriel: 94 points Wine Enthusiast: 94 points","og_url":"https:\/\/vinodeli.ee\/en\/product\/chateau-trottevieille\/","og_site_name":"Vinodeli","article_modified_time":"2023-12-20T11:49:59+00:00","og_image":[{"width":1150,"height":1150,"url":"https:\/\/vinodeli.ee\/wp-content\/uploads\/2023\/11\/Chateau-TrotteVieille-St.-Emilion-AOC-2.webp","type":"image\/webp"}],"twitter_card":"summary_large_image","twitter_misc":{"Est. reading time":"1 minute"},"schema":{"@context":"https:\/\/schema.org","@graph":[{"@type":"WebPage","@id":"https:\/\/vinodeli.ee\/en\/product\/chateau-trottevieille\/","url":"https:\/\/vinodeli.ee\/en\/product\/chateau-trottevieille\/","name":"Ch\u00e2teau TrotteVieille Premier Grand-Cru Class\u00e9 Saint-\u00c9milion AOC 2011 14% vol. - Vinodeli","isPartOf":{"@id":"https:\/\/vinodeli.ee\/#website"},"primaryImageOfPage":{"@id":"https:\/\/vinodeli.ee\/en\/product\/chateau-trottevieille\/#primaryimage"},"image":{"@id":"https:\/\/vinodeli.ee\/en\/product\/chateau-trottevieille\/#primaryimage"},"thumbnailUrl":"https:\/\/vinodeli.ee\/wp-content\/uploads\/2023\/11\/Chateau-TrotteVieille-St.-Emilion-AOC-2.webp","datePublished":"2022-10-23T18:40:30+00:00","dateModified":"2023-12-20T11:49:59+00:00","breadcrumb":{"@id":"https:\/\/vinodeli.ee\/en\/product\/chateau-trottevieille\/#breadcrumb"},"inLanguage":"en-US","potentialAction":[{"@type":"ReadAction","target":["https:\/\/vinodeli.ee\/en\/product\/chateau-trottevieille\/"]}]},{"@type":"ImageObject","inLanguage":"en-US","@id":"https:\/\/vinodeli.ee\/en\/product\/chateau-trottevieille\/#primaryimage","url":"https:\/\/vinodeli.ee\/wp-content\/uploads\/2023\/11\/Chateau-TrotteVieille-St.-Emilion-AOC-2.webp","contentUrl":"https:\/\/vinodeli.ee\/wp-content\/uploads\/2023\/11\/Chateau-TrotteVieille-St.-Emilion-AOC-2.webp","width":1150,"height":1150},{"@type":"BreadcrumbList","@id":"https:\/\/vinodeli.ee\/en\/product\/chateau-trottevieille\/#breadcrumb","itemListElement":[{"@type":"ListItem","position":1,"name":"Home","item":"https:\/\/vinodeli.ee\/en\/"},{"@type":"ListItem","position":2,"name":"Shop","item":"https:\/\/vinodeli.ee\/pood\/"},{"@type":"ListItem","position":3,"name":"Ch\u00e2teau TrotteVieille Premier Grand-Cru Class\u00e9 Saint-\u00c9milion AOC 2011 14% vol."}]},{"@type":"WebSite","@id":"https:\/\/vinodeli.ee\/#website","url":"https:\/\/vinodeli.ee\/","name":"Vinodeli","description":"","publisher":{"@id":"https:\/\/vinodeli.ee\/#organization"},"potentialAction":[{"@type":"SearchAction","target":{"@type":"EntryPoint","urlTemplate":"https:\/\/vinodeli.ee\/?s={search_term_string}"},"query-input":{"@type":"PropertyValueSpecification","valueRequired":true,"valueName":"search_term_string"}}],"inLanguage":"en-US"},{"@type":"Organization","@id":"https:\/\/vinodeli.ee\/#organization","name":"Vinodeli O\u00dc","url":"https:\/\/vinodeli.ee\/","logo":{"@type":"ImageObject","inLanguage":"en-US","@id":"https:\/\/vinodeli.ee\/#\/schema\/logo\/image\/","url":"https:\/\/vinodeli.ee\/wp-content\/uploads\/2024\/02\/logo-winodeli-1.png","contentUrl":"https:\/\/vinodeli.ee\/wp-content\/uploads\/2024\/02\/logo-winodeli-1.png","width":1500,"height":1150,"caption":"Vinodeli O\u00dc"},"image":{"@id":"https:\/\/vinodeli.ee\/#\/schema\/logo\/image\/"}}]}},"_links":{"self":[{"href":"https:\/\/vinodeli.ee\/en\/wp-json\/wp\/v2\/product\/47316","targetHints":{"allow":["GET"]}}],"collection":[{"href":"https:\/\/vinodeli.ee\/en\/wp-json\/wp\/v2\/product"}],"about":[{"href":"https:\/\/vinodeli.ee\/en\/wp-json\/wp\/v2\/types\/product"}],"version-history":[{"count":0,"href":"https:\/\/vinodeli.ee\/en\/wp-json\/wp\/v2\/product\/47316\/revisions"}],"wp:featuredmedia":[{"embeddable":true,"href":"https:\/\/vinodeli.ee\/en\/wp-json\/wp\/v2\/media\/44543"}],"wp:attachment":[{"href":"https:\/\/vinodeli.ee\/en\/wp-json\/wp\/v2\/media?parent=47316"}],"wp:term":[{"taxonomy":"product_brand","embeddable":true,"href":"https:\/\/vinodeli.ee\/en\/wp-json\/wp\/v2\/product_brand?post=47316"},{"taxonomy":"product_cat","embeddable":true,"href":"https:\/\/vinodeli.ee\/en\/wp-json\/wp\/v2\/product_cat?post=47316"},{"taxonomy":"product_tag","embeddable":true,"href":"https:\/\/vinodeli.ee\/en\/wp-json\/wp\/v2\/product_tag?post=47316"}],"curies":[{"name":"wp","href":"https:\/\/api.w.org\/{rel}","templated":true}]}}