{"id":47317,"date":"2022-10-23T21:26:41","date_gmt":"2022-10-23T18:26:41","guid":{"rendered":"https:\/\/vinodeli.ee\/product\/les-hauts-de-lynch-moussas\/"},"modified":"2025-12-26T13:08:18","modified_gmt":"2025-12-26T11:08:18","slug":"hauts_lynch-moussas","status":"publish","type":"product","link":"https:\/\/vinodeli.ee\/en\/product\/hauts_lynch-moussas\/","title":{"rendered":"Les Hauts de Lynch-Moussas Haut-M\u00e9doc AOC 2020 13.5% vol."},"content":{"rendered":"<blockquote>\n<h5>Les Hauts de Lynch\u2011Moussas, the second wine of Ch\u00e2teau Lynch\u2011Moussas, classified as a Grand Cru Class\u00e9 in 1855, was created in 2001 by Philippe Cast\u00e9ja, who succeeded his father \u00c9mile. The name comes from the vineyards located on the heights above the estate. For this wine, grapes are mainly selected from the youngest vines on the sorting table, yet the winemaking is carried out with the same care and the same high standards as for the \u201cPremier Vin\u201d.    <\/h5>\n<\/blockquote>\n<h3>Winemaking<\/h3>\n<p>Deep gravel soils. Fermentation and maceration last 3 to 4 weeks. The wine is aged in oak barrels, part of which are new, for 24 months.  <\/p>\n<h3>Tasting notes<\/h3>\n<p>The nose is pleasantly fruity, with notes of exotic wood and cigars. On the palate, the wine is fruity and slightly saline, with soft tannins. An excellent vintage!  <\/p>\n<h3>Food pairings<\/h3>\n<p>Ideal with red meat and strong cheeses.<\/p>\n","protected":false},"excerpt":{"rendered":"<blockquote>\n<h4>Grape: 48 % Merlot, 52 % Cabernet Sauvignon<\/h4>\n<\/blockquote>\n<ul>\n<li>Robert Parker Wine Advocate: 92 points<\/li>\n<li>James Suckling: 92 points<\/li>\n<\/ul>\n","protected":false},"featured_media":44546,"template":"","meta":{"_acf_changed":false},"product_brand":[],"product_cat":[19462],"product_tag":[],"class_list":{"0":"post-47317","1":"product","2":"type-product","3":"status-publish","4":"has-post-thumbnail","6":"product_cat-red-wine","8":"first","9":"instock","10":"taxable","11":"shipping-taxable","12":"purchasable","13":"product-type-simple"},"acf":[],"yoast_head":"<!-- This site is optimized with the Yoast SEO plugin v25.7 - https:\/\/yoast.com\/wordpress\/plugins\/seo\/ -->\n<title>Les Hauts de Lynch-Moussas Haut-M\u00e9doc AOC 2020 13.5% vol. - Vinodeli<\/title>\n<meta name=\"robots\" content=\"index, follow, max-snippet:-1, max-image-preview:large, max-video-preview:-1\" \/>\n<link rel=\"canonical\" href=\"https:\/\/vinodeli.ee\/en\/product\/hauts_lynch-moussas\/\" \/>\n<meta property=\"og:locale\" content=\"en_US\" \/>\n<meta property=\"og:type\" content=\"article\" \/>\n<meta property=\"og:title\" content=\"Les Hauts de Lynch-Moussas Haut-M\u00e9doc AOC 2020 13.5% vol. - Vinodeli\" \/>\n<meta property=\"og:description\" content=\"Grape: 48 % Merlot, 52 % Cabernet Sauvignon   Robert Parker Wine Advocate: 92 points  James Suckling: 92 points\" \/>\n<meta property=\"og:url\" content=\"https:\/\/vinodeli.ee\/en\/product\/hauts_lynch-moussas\/\" \/>\n<meta property=\"og:site_name\" content=\"Vinodeli\" \/>\n<meta property=\"article:modified_time\" content=\"2025-12-26T11:08:18+00:00\" \/>\n<meta property=\"og:image\" content=\"https:\/\/vinodeli.ee\/wp-content\/uploads\/2023\/11\/Les-Hauts-de-Lynch-Moussas-Haut-Medoc-AOC-2.webp\" \/>\n\t<meta property=\"og:image:width\" content=\"1000\" \/>\n\t<meta property=\"og:image:height\" content=\"1000\" \/>\n\t<meta property=\"og:image:type\" content=\"image\/webp\" \/>\n<meta name=\"twitter:card\" content=\"summary_large_image\" \/>\n<meta name=\"twitter:label1\" content=\"Est. reading time\" \/>\n\t<meta name=\"twitter:data1\" content=\"1 minute\" \/>\n<script type=\"application\/ld+json\" class=\"yoast-schema-graph\">{\"@context\":\"https:\/\/schema.org\",\"@graph\":[{\"@type\":\"WebPage\",\"@id\":\"https:\/\/vinodeli.ee\/en\/product\/hauts_lynch-moussas\/\",\"url\":\"https:\/\/vinodeli.ee\/en\/product\/hauts_lynch-moussas\/\",\"name\":\"Les Hauts de Lynch-Moussas Haut-M\u00e9doc AOC 2020 13.5% vol. - Vinodeli\",\"isPartOf\":{\"@id\":\"https:\/\/vinodeli.ee\/#website\"},\"primaryImageOfPage\":{\"@id\":\"https:\/\/vinodeli.ee\/en\/product\/hauts_lynch-moussas\/#primaryimage\"},\"image\":{\"@id\":\"https:\/\/vinodeli.ee\/en\/product\/hauts_lynch-moussas\/#primaryimage\"},\"thumbnailUrl\":\"https:\/\/vinodeli.ee\/wp-content\/uploads\/2023\/11\/Les-Hauts-de-Lynch-Moussas-Haut-Medoc-AOC-2.webp\",\"datePublished\":\"2022-10-23T18:26:41+00:00\",\"dateModified\":\"2025-12-26T11:08:18+00:00\",\"breadcrumb\":{\"@id\":\"https:\/\/vinodeli.ee\/en\/product\/hauts_lynch-moussas\/#breadcrumb\"},\"inLanguage\":\"en-US\",\"potentialAction\":[{\"@type\":\"ReadAction\",\"target\":[\"https:\/\/vinodeli.ee\/en\/product\/hauts_lynch-moussas\/\"]}]},{\"@type\":\"ImageObject\",\"inLanguage\":\"en-US\",\"@id\":\"https:\/\/vinodeli.ee\/en\/product\/hauts_lynch-moussas\/#primaryimage\",\"url\":\"https:\/\/vinodeli.ee\/wp-content\/uploads\/2023\/11\/Les-Hauts-de-Lynch-Moussas-Haut-Medoc-AOC-2.webp\",\"contentUrl\":\"https:\/\/vinodeli.ee\/wp-content\/uploads\/2023\/11\/Les-Hauts-de-Lynch-Moussas-Haut-Medoc-AOC-2.webp\",\"width\":1000,\"height\":1000},{\"@type\":\"BreadcrumbList\",\"@id\":\"https:\/\/vinodeli.ee\/en\/product\/hauts_lynch-moussas\/#breadcrumb\",\"itemListElement\":[{\"@type\":\"ListItem\",\"position\":1,\"name\":\"Home\",\"item\":\"https:\/\/vinodeli.ee\/en\/\"},{\"@type\":\"ListItem\",\"position\":2,\"name\":\"Shop\",\"item\":\"https:\/\/vinodeli.ee\/pood\/\"},{\"@type\":\"ListItem\",\"position\":3,\"name\":\"Les Hauts de Lynch-Moussas Haut-M\u00e9doc AOC 2020 13.5% vol.\"}]},{\"@type\":\"WebSite\",\"@id\":\"https:\/\/vinodeli.ee\/#website\",\"url\":\"https:\/\/vinodeli.ee\/\",\"name\":\"Vinodeli\",\"description\":\"\",\"publisher\":{\"@id\":\"https:\/\/vinodeli.ee\/#organization\"},\"potentialAction\":[{\"@type\":\"SearchAction\",\"target\":{\"@type\":\"EntryPoint\",\"urlTemplate\":\"https:\/\/vinodeli.ee\/?s={search_term_string}\"},\"query-input\":{\"@type\":\"PropertyValueSpecification\",\"valueRequired\":true,\"valueName\":\"search_term_string\"}}],\"inLanguage\":\"en-US\"},{\"@type\":\"Organization\",\"@id\":\"https:\/\/vinodeli.ee\/#organization\",\"name\":\"Vinodeli O\u00dc\",\"url\":\"https:\/\/vinodeli.ee\/\",\"logo\":{\"@type\":\"ImageObject\",\"inLanguage\":\"en-US\",\"@id\":\"https:\/\/vinodeli.ee\/#\/schema\/logo\/image\/\",\"url\":\"https:\/\/vinodeli.ee\/wp-content\/uploads\/2024\/02\/logo-winodeli-1.png\",\"contentUrl\":\"https:\/\/vinodeli.ee\/wp-content\/uploads\/2024\/02\/logo-winodeli-1.png\",\"width\":1500,\"height\":1150,\"caption\":\"Vinodeli O\u00dc\"},\"image\":{\"@id\":\"https:\/\/vinodeli.ee\/#\/schema\/logo\/image\/\"}}]}<\/script>\n<!-- \/ Yoast SEO plugin. -->","yoast_head_json":{"title":"Les Hauts de Lynch-Moussas Haut-M\u00e9doc AOC 2020 13.5% vol. - Vinodeli","robots":{"index":"index","follow":"follow","max-snippet":"max-snippet:-1","max-image-preview":"max-image-preview:large","max-video-preview":"max-video-preview:-1"},"canonical":"https:\/\/vinodeli.ee\/en\/product\/hauts_lynch-moussas\/","og_locale":"en_US","og_type":"article","og_title":"Les Hauts de Lynch-Moussas Haut-M\u00e9doc AOC 2020 13.5% vol. - Vinodeli","og_description":"Grape: 48 % Merlot, 52 % Cabernet Sauvignon   Robert Parker Wine Advocate: 92 points  James Suckling: 92 points","og_url":"https:\/\/vinodeli.ee\/en\/product\/hauts_lynch-moussas\/","og_site_name":"Vinodeli","article_modified_time":"2025-12-26T11:08:18+00:00","og_image":[{"width":1000,"height":1000,"url":"https:\/\/vinodeli.ee\/wp-content\/uploads\/2023\/11\/Les-Hauts-de-Lynch-Moussas-Haut-Medoc-AOC-2.webp","type":"image\/webp"}],"twitter_card":"summary_large_image","twitter_misc":{"Est. reading time":"1 minute"},"schema":{"@context":"https:\/\/schema.org","@graph":[{"@type":"WebPage","@id":"https:\/\/vinodeli.ee\/en\/product\/hauts_lynch-moussas\/","url":"https:\/\/vinodeli.ee\/en\/product\/hauts_lynch-moussas\/","name":"Les Hauts de Lynch-Moussas Haut-M\u00e9doc AOC 2020 13.5% vol. - Vinodeli","isPartOf":{"@id":"https:\/\/vinodeli.ee\/#website"},"primaryImageOfPage":{"@id":"https:\/\/vinodeli.ee\/en\/product\/hauts_lynch-moussas\/#primaryimage"},"image":{"@id":"https:\/\/vinodeli.ee\/en\/product\/hauts_lynch-moussas\/#primaryimage"},"thumbnailUrl":"https:\/\/vinodeli.ee\/wp-content\/uploads\/2023\/11\/Les-Hauts-de-Lynch-Moussas-Haut-Medoc-AOC-2.webp","datePublished":"2022-10-23T18:26:41+00:00","dateModified":"2025-12-26T11:08:18+00:00","breadcrumb":{"@id":"https:\/\/vinodeli.ee\/en\/product\/hauts_lynch-moussas\/#breadcrumb"},"inLanguage":"en-US","potentialAction":[{"@type":"ReadAction","target":["https:\/\/vinodeli.ee\/en\/product\/hauts_lynch-moussas\/"]}]},{"@type":"ImageObject","inLanguage":"en-US","@id":"https:\/\/vinodeli.ee\/en\/product\/hauts_lynch-moussas\/#primaryimage","url":"https:\/\/vinodeli.ee\/wp-content\/uploads\/2023\/11\/Les-Hauts-de-Lynch-Moussas-Haut-Medoc-AOC-2.webp","contentUrl":"https:\/\/vinodeli.ee\/wp-content\/uploads\/2023\/11\/Les-Hauts-de-Lynch-Moussas-Haut-Medoc-AOC-2.webp","width":1000,"height":1000},{"@type":"BreadcrumbList","@id":"https:\/\/vinodeli.ee\/en\/product\/hauts_lynch-moussas\/#breadcrumb","itemListElement":[{"@type":"ListItem","position":1,"name":"Home","item":"https:\/\/vinodeli.ee\/en\/"},{"@type":"ListItem","position":2,"name":"Shop","item":"https:\/\/vinodeli.ee\/pood\/"},{"@type":"ListItem","position":3,"name":"Les Hauts de Lynch-Moussas Haut-M\u00e9doc AOC 2020 13.5% vol."}]},{"@type":"WebSite","@id":"https:\/\/vinodeli.ee\/#website","url":"https:\/\/vinodeli.ee\/","name":"Vinodeli","description":"","publisher":{"@id":"https:\/\/vinodeli.ee\/#organization"},"potentialAction":[{"@type":"SearchAction","target":{"@type":"EntryPoint","urlTemplate":"https:\/\/vinodeli.ee\/?s={search_term_string}"},"query-input":{"@type":"PropertyValueSpecification","valueRequired":true,"valueName":"search_term_string"}}],"inLanguage":"en-US"},{"@type":"Organization","@id":"https:\/\/vinodeli.ee\/#organization","name":"Vinodeli O\u00dc","url":"https:\/\/vinodeli.ee\/","logo":{"@type":"ImageObject","inLanguage":"en-US","@id":"https:\/\/vinodeli.ee\/#\/schema\/logo\/image\/","url":"https:\/\/vinodeli.ee\/wp-content\/uploads\/2024\/02\/logo-winodeli-1.png","contentUrl":"https:\/\/vinodeli.ee\/wp-content\/uploads\/2024\/02\/logo-winodeli-1.png","width":1500,"height":1150,"caption":"Vinodeli O\u00dc"},"image":{"@id":"https:\/\/vinodeli.ee\/#\/schema\/logo\/image\/"}}]}},"_links":{"self":[{"href":"https:\/\/vinodeli.ee\/en\/wp-json\/wp\/v2\/product\/47317","targetHints":{"allow":["GET"]}}],"collection":[{"href":"https:\/\/vinodeli.ee\/en\/wp-json\/wp\/v2\/product"}],"about":[{"href":"https:\/\/vinodeli.ee\/en\/wp-json\/wp\/v2\/types\/product"}],"version-history":[{"count":0,"href":"https:\/\/vinodeli.ee\/en\/wp-json\/wp\/v2\/product\/47317\/revisions"}],"wp:featuredmedia":[{"embeddable":true,"href":"https:\/\/vinodeli.ee\/en\/wp-json\/wp\/v2\/media\/44546"}],"wp:attachment":[{"href":"https:\/\/vinodeli.ee\/en\/wp-json\/wp\/v2\/media?parent=47317"}],"wp:term":[{"taxonomy":"product_brand","embeddable":true,"href":"https:\/\/vinodeli.ee\/en\/wp-json\/wp\/v2\/product_brand?post=47317"},{"taxonomy":"product_cat","embeddable":true,"href":"https:\/\/vinodeli.ee\/en\/wp-json\/wp\/v2\/product_cat?post=47317"},{"taxonomy":"product_tag","embeddable":true,"href":"https:\/\/vinodeli.ee\/en\/wp-json\/wp\/v2\/product_tag?post=47317"}],"curies":[{"name":"wp","href":"https:\/\/api.w.org\/{rel}","templated":true}]}}