{"id":47328,"date":"2022-10-09T16:27:08","date_gmt":"2022-10-09T13:27:08","guid":{"rendered":"https:\/\/vinodeli.ee\/product\/finca-terrerazo-mustiguillo\/"},"modified":"2024-07-04T13:32:06","modified_gmt":"2024-07-04T10:32:06","slug":"finca-terrerazo-mustiguillo","status":"publish","type":"product","link":"https:\/\/vinodeli.ee\/en\/product\/finca-terrerazo-mustiguillo\/","title":{"rendered":"Mustiguillo Finca Terrerazo ECO DO El Terrerazo 2020 14.5% vol."},"content":{"rendered":"<blockquote>\n<h5>At 800 meters above sea level, on the gentle hills that were once the seabed of the Mediterranean and under the shelter of the Sierra del Negrete (Utiel), a unique landscape opens up to the eye. An environment where pines, holm oaks and olive trees join the aromatic notes of thyme, rosemary and fennel that dot the valley and combine to wrap the fruit of the vineyards of the Sarri\u00f3n-Mart\u00ednez family, la Bobal. A strong grape that, withstanding extreme climates and apparently infertile limestone soils, cultivated through natural and pioneering processes in the area, offers a fruit full of nuances, elegant and delicate. A grape expression of the soil, the climate, the aromas of the mountains and the proximity of the sea that, together, give the wine its unique Mediterranean character.<\/h5>\n<\/blockquote>\n<h3>Winemaking<\/h3>\n<p>El Terrerazo at 800 m altitude. Limestone soil of dolomitic origin, with a loamy-sandy texture. Vines planted in 1945 and 1970 from adjoining plots. Conduction in a glass of strict dry land with tillage. Maximum respect for the environment. Manual harvest in boxes of 15 kg. Average yield 19 hl\/ha or 0.4 kg\/m2 of leaf surface. Selection table, cluster. Maceration and fermentation in French oak vats of 35 hl and 50 hl for 20-22 days with small &#8216;pigeages&#8217;. Very smooth extraction. All works are by hand. After the manual racking, only the flower wine is used for aging. Malolactic fermentation in vats of 35 hl and 50 hl. Batonage from 5 to 8 weeks. 18 months of aging in oak vats of 35 hl and 50 hl. Bottled between April and June. No stabilization or filtering treatments.<\/p>\n<h3>Tasting notes<\/h3>\n<p>\u0421herry red wine with high opacity. Intense and expressive nose with presence of red and black fruit, mineral notes. Enveloping entrance with silky steps. Balanced acidity and persistent finish.<\/p>\n<h3>Pairing recommendation<\/h3>\n<p>You can enjoy it with stews, roasted red meats or in its juice, game and mature cheeses.<\/p>\n","protected":false},"excerpt":{"rendered":"<blockquote>\n<h4>Grape varieties:100% Bobal<\/h4>\n<\/blockquote>\n<ul>\n<li>Gu\u00eda Pe\u00f1\u00edn (2018 vintage) \u2013 94 points<\/li>\n<li>Vinum Wine Magazine (2016 vintage) \u2013 18\/20<\/li>\n<li>Falstaff (2016 vintage) \u2013 92 points<\/li>\n<li>Gu\u00eda Repsol (2014 vintage) \u2013 91 points<\/li>\n<li>Decanter (2017 vintage) \u2013 91 points<\/li>\n<\/ul>\n","protected":false},"featured_media":44572,"template":"","meta":{"_acf_changed":false},"product_brand":[],"product_cat":[19462],"product_tag":[],"class_list":{"0":"post-47328","1":"product","2":"type-product","3":"status-publish","4":"has-post-thumbnail","6":"product_cat-red-wine","8":"first","9":"instock","10":"downloadable","11":"taxable","12":"shipping-taxable","13":"purchasable","14":"product-type-simple"},"acf":[],"yoast_head":"<!-- This site is optimized with the Yoast SEO plugin v25.7 - https:\/\/yoast.com\/wordpress\/plugins\/seo\/ -->\n<title>Mustiguillo Finca Terrerazo ECO DO El Terrerazo 2020 14.5% vol. - Vinodeli<\/title>\n<meta name=\"robots\" content=\"index, follow, max-snippet:-1, max-image-preview:large, max-video-preview:-1\" \/>\n<link rel=\"canonical\" href=\"https:\/\/vinodeli.ee\/en\/product\/finca-terrerazo-mustiguillo\/\" \/>\n<meta property=\"og:locale\" content=\"en_US\" \/>\n<meta property=\"og:type\" content=\"article\" \/>\n<meta property=\"og:title\" content=\"Mustiguillo Finca Terrerazo ECO DO El Terrerazo 2020 14.5% vol. - Vinodeli\" \/>\n<meta property=\"og:description\" content=\"Grape varieties:100% Bobal    Gu\u00eda Pe\u00f1\u00edn (2018 vintage) \u2013 94 points  Vinum Wine Magazine (2016 vintage) \u2013 18\/20  Falstaff (2016 vintage) \u2013 92 points  Gu\u00eda Repsol (2014 vintage) \u2013 91 points  Decanter (2017 vintage) \u2013 91 points\" \/>\n<meta property=\"og:url\" content=\"https:\/\/vinodeli.ee\/en\/product\/finca-terrerazo-mustiguillo\/\" \/>\n<meta property=\"og:site_name\" content=\"Vinodeli\" \/>\n<meta property=\"article:modified_time\" content=\"2024-07-04T10:32:06+00:00\" \/>\n<meta property=\"og:image\" content=\"https:\/\/vinodeli.ee\/wp-content\/uploads\/2023\/11\/Mustiguillo-Finca-Terrerazo-2.webp\" \/>\n\t<meta property=\"og:image:width\" content=\"1100\" \/>\n\t<meta property=\"og:image:height\" content=\"1100\" \/>\n\t<meta property=\"og:image:type\" content=\"image\/webp\" \/>\n<meta name=\"twitter:card\" content=\"summary_large_image\" \/>\n<meta name=\"twitter:label1\" content=\"Est. reading time\" \/>\n\t<meta name=\"twitter:data1\" content=\"2 minutes\" \/>\n<script type=\"application\/ld+json\" class=\"yoast-schema-graph\">{\"@context\":\"https:\/\/schema.org\",\"@graph\":[{\"@type\":\"WebPage\",\"@id\":\"https:\/\/vinodeli.ee\/en\/product\/finca-terrerazo-mustiguillo\/\",\"url\":\"https:\/\/vinodeli.ee\/en\/product\/finca-terrerazo-mustiguillo\/\",\"name\":\"Mustiguillo Finca Terrerazo ECO DO El Terrerazo 2020 14.5% vol. - Vinodeli\",\"isPartOf\":{\"@id\":\"https:\/\/vinodeli.ee\/#website\"},\"primaryImageOfPage\":{\"@id\":\"https:\/\/vinodeli.ee\/en\/product\/finca-terrerazo-mustiguillo\/#primaryimage\"},\"image\":{\"@id\":\"https:\/\/vinodeli.ee\/en\/product\/finca-terrerazo-mustiguillo\/#primaryimage\"},\"thumbnailUrl\":\"https:\/\/vinodeli.ee\/wp-content\/uploads\/2023\/11\/Mustiguillo-Finca-Terrerazo-2.webp\",\"datePublished\":\"2022-10-09T13:27:08+00:00\",\"dateModified\":\"2024-07-04T10:32:06+00:00\",\"breadcrumb\":{\"@id\":\"https:\/\/vinodeli.ee\/en\/product\/finca-terrerazo-mustiguillo\/#breadcrumb\"},\"inLanguage\":\"en-US\",\"potentialAction\":[{\"@type\":\"ReadAction\",\"target\":[\"https:\/\/vinodeli.ee\/en\/product\/finca-terrerazo-mustiguillo\/\"]}]},{\"@type\":\"ImageObject\",\"inLanguage\":\"en-US\",\"@id\":\"https:\/\/vinodeli.ee\/en\/product\/finca-terrerazo-mustiguillo\/#primaryimage\",\"url\":\"https:\/\/vinodeli.ee\/wp-content\/uploads\/2023\/11\/Mustiguillo-Finca-Terrerazo-2.webp\",\"contentUrl\":\"https:\/\/vinodeli.ee\/wp-content\/uploads\/2023\/11\/Mustiguillo-Finca-Terrerazo-2.webp\",\"width\":1100,\"height\":1100},{\"@type\":\"BreadcrumbList\",\"@id\":\"https:\/\/vinodeli.ee\/en\/product\/finca-terrerazo-mustiguillo\/#breadcrumb\",\"itemListElement\":[{\"@type\":\"ListItem\",\"position\":1,\"name\":\"Home\",\"item\":\"https:\/\/vinodeli.ee\/en\/\"},{\"@type\":\"ListItem\",\"position\":2,\"name\":\"Shop\",\"item\":\"https:\/\/vinodeli.ee\/pood\/\"},{\"@type\":\"ListItem\",\"position\":3,\"name\":\"Mustiguillo Finca Terrerazo ECO DO El Terrerazo 2020 14.5% vol.\"}]},{\"@type\":\"WebSite\",\"@id\":\"https:\/\/vinodeli.ee\/#website\",\"url\":\"https:\/\/vinodeli.ee\/\",\"name\":\"Vinodeli\",\"description\":\"\",\"publisher\":{\"@id\":\"https:\/\/vinodeli.ee\/#organization\"},\"potentialAction\":[{\"@type\":\"SearchAction\",\"target\":{\"@type\":\"EntryPoint\",\"urlTemplate\":\"https:\/\/vinodeli.ee\/?s={search_term_string}\"},\"query-input\":{\"@type\":\"PropertyValueSpecification\",\"valueRequired\":true,\"valueName\":\"search_term_string\"}}],\"inLanguage\":\"en-US\"},{\"@type\":\"Organization\",\"@id\":\"https:\/\/vinodeli.ee\/#organization\",\"name\":\"Vinodeli O\u00dc\",\"url\":\"https:\/\/vinodeli.ee\/\",\"logo\":{\"@type\":\"ImageObject\",\"inLanguage\":\"en-US\",\"@id\":\"https:\/\/vinodeli.ee\/#\/schema\/logo\/image\/\",\"url\":\"https:\/\/vinodeli.ee\/wp-content\/uploads\/2024\/02\/logo-winodeli-1.png\",\"contentUrl\":\"https:\/\/vinodeli.ee\/wp-content\/uploads\/2024\/02\/logo-winodeli-1.png\",\"width\":1500,\"height\":1150,\"caption\":\"Vinodeli O\u00dc\"},\"image\":{\"@id\":\"https:\/\/vinodeli.ee\/#\/schema\/logo\/image\/\"}}]}<\/script>\n<!-- \/ Yoast SEO plugin. -->","yoast_head_json":{"title":"Mustiguillo Finca Terrerazo ECO DO El Terrerazo 2020 14.5% vol. - Vinodeli","robots":{"index":"index","follow":"follow","max-snippet":"max-snippet:-1","max-image-preview":"max-image-preview:large","max-video-preview":"max-video-preview:-1"},"canonical":"https:\/\/vinodeli.ee\/en\/product\/finca-terrerazo-mustiguillo\/","og_locale":"en_US","og_type":"article","og_title":"Mustiguillo Finca Terrerazo ECO DO El Terrerazo 2020 14.5% vol. - Vinodeli","og_description":"Grape varieties:100% Bobal    Gu\u00eda Pe\u00f1\u00edn (2018 vintage) \u2013 94 points  Vinum Wine Magazine (2016 vintage) \u2013 18\/20  Falstaff (2016 vintage) \u2013 92 points  Gu\u00eda Repsol (2014 vintage) \u2013 91 points  Decanter (2017 vintage) \u2013 91 points","og_url":"https:\/\/vinodeli.ee\/en\/product\/finca-terrerazo-mustiguillo\/","og_site_name":"Vinodeli","article_modified_time":"2024-07-04T10:32:06+00:00","og_image":[{"width":1100,"height":1100,"url":"https:\/\/vinodeli.ee\/wp-content\/uploads\/2023\/11\/Mustiguillo-Finca-Terrerazo-2.webp","type":"image\/webp"}],"twitter_card":"summary_large_image","twitter_misc":{"Est. reading time":"2 minutes"},"schema":{"@context":"https:\/\/schema.org","@graph":[{"@type":"WebPage","@id":"https:\/\/vinodeli.ee\/en\/product\/finca-terrerazo-mustiguillo\/","url":"https:\/\/vinodeli.ee\/en\/product\/finca-terrerazo-mustiguillo\/","name":"Mustiguillo Finca Terrerazo ECO DO El Terrerazo 2020 14.5% vol. - Vinodeli","isPartOf":{"@id":"https:\/\/vinodeli.ee\/#website"},"primaryImageOfPage":{"@id":"https:\/\/vinodeli.ee\/en\/product\/finca-terrerazo-mustiguillo\/#primaryimage"},"image":{"@id":"https:\/\/vinodeli.ee\/en\/product\/finca-terrerazo-mustiguillo\/#primaryimage"},"thumbnailUrl":"https:\/\/vinodeli.ee\/wp-content\/uploads\/2023\/11\/Mustiguillo-Finca-Terrerazo-2.webp","datePublished":"2022-10-09T13:27:08+00:00","dateModified":"2024-07-04T10:32:06+00:00","breadcrumb":{"@id":"https:\/\/vinodeli.ee\/en\/product\/finca-terrerazo-mustiguillo\/#breadcrumb"},"inLanguage":"en-US","potentialAction":[{"@type":"ReadAction","target":["https:\/\/vinodeli.ee\/en\/product\/finca-terrerazo-mustiguillo\/"]}]},{"@type":"ImageObject","inLanguage":"en-US","@id":"https:\/\/vinodeli.ee\/en\/product\/finca-terrerazo-mustiguillo\/#primaryimage","url":"https:\/\/vinodeli.ee\/wp-content\/uploads\/2023\/11\/Mustiguillo-Finca-Terrerazo-2.webp","contentUrl":"https:\/\/vinodeli.ee\/wp-content\/uploads\/2023\/11\/Mustiguillo-Finca-Terrerazo-2.webp","width":1100,"height":1100},{"@type":"BreadcrumbList","@id":"https:\/\/vinodeli.ee\/en\/product\/finca-terrerazo-mustiguillo\/#breadcrumb","itemListElement":[{"@type":"ListItem","position":1,"name":"Home","item":"https:\/\/vinodeli.ee\/en\/"},{"@type":"ListItem","position":2,"name":"Shop","item":"https:\/\/vinodeli.ee\/pood\/"},{"@type":"ListItem","position":3,"name":"Mustiguillo Finca Terrerazo ECO DO El Terrerazo 2020 14.5% vol."}]},{"@type":"WebSite","@id":"https:\/\/vinodeli.ee\/#website","url":"https:\/\/vinodeli.ee\/","name":"Vinodeli","description":"","publisher":{"@id":"https:\/\/vinodeli.ee\/#organization"},"potentialAction":[{"@type":"SearchAction","target":{"@type":"EntryPoint","urlTemplate":"https:\/\/vinodeli.ee\/?s={search_term_string}"},"query-input":{"@type":"PropertyValueSpecification","valueRequired":true,"valueName":"search_term_string"}}],"inLanguage":"en-US"},{"@type":"Organization","@id":"https:\/\/vinodeli.ee\/#organization","name":"Vinodeli O\u00dc","url":"https:\/\/vinodeli.ee\/","logo":{"@type":"ImageObject","inLanguage":"en-US","@id":"https:\/\/vinodeli.ee\/#\/schema\/logo\/image\/","url":"https:\/\/vinodeli.ee\/wp-content\/uploads\/2024\/02\/logo-winodeli-1.png","contentUrl":"https:\/\/vinodeli.ee\/wp-content\/uploads\/2024\/02\/logo-winodeli-1.png","width":1500,"height":1150,"caption":"Vinodeli O\u00dc"},"image":{"@id":"https:\/\/vinodeli.ee\/#\/schema\/logo\/image\/"}}]}},"_links":{"self":[{"href":"https:\/\/vinodeli.ee\/en\/wp-json\/wp\/v2\/product\/47328","targetHints":{"allow":["GET"]}}],"collection":[{"href":"https:\/\/vinodeli.ee\/en\/wp-json\/wp\/v2\/product"}],"about":[{"href":"https:\/\/vinodeli.ee\/en\/wp-json\/wp\/v2\/types\/product"}],"version-history":[{"count":0,"href":"https:\/\/vinodeli.ee\/en\/wp-json\/wp\/v2\/product\/47328\/revisions"}],"wp:featuredmedia":[{"embeddable":true,"href":"https:\/\/vinodeli.ee\/en\/wp-json\/wp\/v2\/media\/44572"}],"wp:attachment":[{"href":"https:\/\/vinodeli.ee\/en\/wp-json\/wp\/v2\/media?parent=47328"}],"wp:term":[{"taxonomy":"product_brand","embeddable":true,"href":"https:\/\/vinodeli.ee\/en\/wp-json\/wp\/v2\/product_brand?post=47328"},{"taxonomy":"product_cat","embeddable":true,"href":"https:\/\/vinodeli.ee\/en\/wp-json\/wp\/v2\/product_cat?post=47328"},{"taxonomy":"product_tag","embeddable":true,"href":"https:\/\/vinodeli.ee\/en\/wp-json\/wp\/v2\/product_tag?post=47328"}],"curies":[{"name":"wp","href":"https:\/\/api.w.org\/{rel}","templated":true}]}}