{"id":47329,"date":"2022-10-09T15:01:31","date_gmt":"2022-10-09T12:01:31","guid":{"rendered":"https:\/\/vinodeli.ee\/product\/finca-calvestra-mustiguillo\/"},"modified":"2023-12-20T13:50:29","modified_gmt":"2023-12-20T11:50:29","slug":"finca-calvestra-mustiguillo","status":"publish","type":"product","link":"https:\/\/vinodeli.ee\/en\/product\/finca-calvestra-mustiguillo\/","title":{"rendered":"Mustiguillo Finca Calvestra ECO 2021 13.5% vol."},"content":{"rendered":"<blockquote>\n<h5>At 800 meters above sea level, on the gentle hills that were once the seabed of the Mediterranean and under the shelter of the Sierra del Negrete (Utiel), a unique landscape opens up to the eye. An environment where pines, holm oaks and olive trees join the aromatic notes of thyme, rosemary and fennel that dot the valley and combine to wrap the fruit of the vineyards of the Sarri\u00f3n-Mart\u00ednez family, la Bobal. A strong grape that, withstanding extreme climates and apparently infertile limestone soils, cultivated through natural and pioneering processes in the area, offers a fruit full of nuances, elegant and delicate. A grape expression of the soil, the climate, the aromas of the mountains and the proximity of the sea that, together, give the wine its unique Mediterranean character.<\/h5>\n<\/blockquote>\n<h3>Winemaking<\/h3>\n<p>Mediterranean mountain vineyard, at an altitude of 900 m. At the Calvestra estate, Requena. Merseguera grafted on old Bobal vines. Vineyards on limestone soil with a loamy-sandy texture. Conduction in glass in strict dry land with tillage. Manual harvest in boxes of 15 kg. Cluster selection table, destemming and light crushing. Soft pressing and only the flower must is chosen. Fermentation in 225 l barrels with native yeast. Aged for 11 months on fine lees in 225 l acacia Bordeaux barrels. Bottled between July and September. No stabilization or filtering treatments.<\/p>\n<h3>Tasting notes<\/h3>\n<p>Creamy, elegant and fresh wine. In this vintage the freshness is surprising, floral and mineral notes predominate on the nose. Agile and long in the mouth.<\/p>\n<h3>Pairing recommendation<\/h3>\n<p>It pairs perfectly with appetizers, white, smoked or marinated meats, salads, shellfish, shell molluscs, fish, pasta, spectacular with stews and seafood rice dishes.<\/p>\n","protected":false},"excerpt":{"rendered":"<blockquote>\n<h4>Grape variety:100% Merseguera<\/h4>\n<\/blockquote>\n<ul>\n<li>Gu\u00eda Pe\u00f1\u00edn (2020 vintage) &#8211; 93 points<\/li>\n<li>Decanter (2016 vintage) &#8211; 91 points<\/li>\n<li>Wine Enthusiast (2013 vintage) &#8211; 91 points<\/li>\n<li>Wine &#038; Spirits Magazine (2013 vintage) &#8211; 90 points<\/li>\n<\/ul>\n","protected":false},"featured_media":44576,"template":"","meta":{"_acf_changed":false},"product_brand":[],"product_cat":[19460],"product_tag":[],"class_list":{"0":"post-47329","1":"product","2":"type-product","3":"status-publish","4":"has-post-thumbnail","6":"product_cat-white-wine","8":"first","9":"instock","10":"downloadable","11":"taxable","12":"shipping-taxable","13":"purchasable","14":"product-type-simple"},"acf":[],"yoast_head":"<!-- This site is optimized with the Yoast SEO plugin v25.7 - https:\/\/yoast.com\/wordpress\/plugins\/seo\/ -->\n<title>Mustiguillo Finca Calvestra ECO 2021 13.5% vol. - Vinodeli<\/title>\n<meta name=\"robots\" content=\"index, follow, max-snippet:-1, max-image-preview:large, max-video-preview:-1\" \/>\n<link rel=\"canonical\" href=\"https:\/\/vinodeli.ee\/en\/product\/finca-calvestra-mustiguillo\/\" \/>\n<meta property=\"og:locale\" content=\"en_US\" \/>\n<meta property=\"og:type\" content=\"article\" \/>\n<meta property=\"og:title\" content=\"Mustiguillo Finca Calvestra ECO 2021 13.5% vol. - Vinodeli\" \/>\n<meta property=\"og:description\" content=\"Grape variety:100% Merseguera Gu\u00eda Pe\u00f1\u00edn (2020 vintage) - 93 points Decanter (2016 vintage) - 91 points Wine Enthusiast (2013 vintage) - 91 points Wine &amp; Spirits Magazine (2013 vintage) - 90 points\" \/>\n<meta property=\"og:url\" content=\"https:\/\/vinodeli.ee\/en\/product\/finca-calvestra-mustiguillo\/\" \/>\n<meta property=\"og:site_name\" content=\"Vinodeli\" \/>\n<meta property=\"article:modified_time\" content=\"2023-12-20T11:50:29+00:00\" \/>\n<meta property=\"og:image\" content=\"https:\/\/vinodeli.ee\/wp-content\/uploads\/2023\/11\/Mustiguillo-Finca-Calvestra-2.webp\" \/>\n\t<meta property=\"og:image:width\" content=\"1100\" \/>\n\t<meta property=\"og:image:height\" content=\"1100\" \/>\n\t<meta property=\"og:image:type\" content=\"image\/webp\" \/>\n<meta name=\"twitter:card\" content=\"summary_large_image\" \/>\n<meta name=\"twitter:label1\" content=\"Est. reading time\" \/>\n\t<meta name=\"twitter:data1\" content=\"1 minute\" \/>\n<script type=\"application\/ld+json\" class=\"yoast-schema-graph\">{\"@context\":\"https:\/\/schema.org\",\"@graph\":[{\"@type\":\"WebPage\",\"@id\":\"https:\/\/vinodeli.ee\/en\/product\/finca-calvestra-mustiguillo\/\",\"url\":\"https:\/\/vinodeli.ee\/en\/product\/finca-calvestra-mustiguillo\/\",\"name\":\"Mustiguillo Finca Calvestra ECO 2021 13.5% vol. - Vinodeli\",\"isPartOf\":{\"@id\":\"https:\/\/vinodeli.ee\/#website\"},\"primaryImageOfPage\":{\"@id\":\"https:\/\/vinodeli.ee\/en\/product\/finca-calvestra-mustiguillo\/#primaryimage\"},\"image\":{\"@id\":\"https:\/\/vinodeli.ee\/en\/product\/finca-calvestra-mustiguillo\/#primaryimage\"},\"thumbnailUrl\":\"https:\/\/vinodeli.ee\/wp-content\/uploads\/2023\/11\/Mustiguillo-Finca-Calvestra-2.webp\",\"datePublished\":\"2022-10-09T12:01:31+00:00\",\"dateModified\":\"2023-12-20T11:50:29+00:00\",\"breadcrumb\":{\"@id\":\"https:\/\/vinodeli.ee\/en\/product\/finca-calvestra-mustiguillo\/#breadcrumb\"},\"inLanguage\":\"en-US\",\"potentialAction\":[{\"@type\":\"ReadAction\",\"target\":[\"https:\/\/vinodeli.ee\/en\/product\/finca-calvestra-mustiguillo\/\"]}]},{\"@type\":\"ImageObject\",\"inLanguage\":\"en-US\",\"@id\":\"https:\/\/vinodeli.ee\/en\/product\/finca-calvestra-mustiguillo\/#primaryimage\",\"url\":\"https:\/\/vinodeli.ee\/wp-content\/uploads\/2023\/11\/Mustiguillo-Finca-Calvestra-2.webp\",\"contentUrl\":\"https:\/\/vinodeli.ee\/wp-content\/uploads\/2023\/11\/Mustiguillo-Finca-Calvestra-2.webp\",\"width\":1100,\"height\":1100},{\"@type\":\"BreadcrumbList\",\"@id\":\"https:\/\/vinodeli.ee\/en\/product\/finca-calvestra-mustiguillo\/#breadcrumb\",\"itemListElement\":[{\"@type\":\"ListItem\",\"position\":1,\"name\":\"Home\",\"item\":\"https:\/\/vinodeli.ee\/en\/\"},{\"@type\":\"ListItem\",\"position\":2,\"name\":\"Shop\",\"item\":\"https:\/\/vinodeli.ee\/pood\/\"},{\"@type\":\"ListItem\",\"position\":3,\"name\":\"Mustiguillo Finca Calvestra ECO 2021 13.5% vol.\"}]},{\"@type\":\"WebSite\",\"@id\":\"https:\/\/vinodeli.ee\/#website\",\"url\":\"https:\/\/vinodeli.ee\/\",\"name\":\"Vinodeli\",\"description\":\"\",\"publisher\":{\"@id\":\"https:\/\/vinodeli.ee\/#organization\"},\"potentialAction\":[{\"@type\":\"SearchAction\",\"target\":{\"@type\":\"EntryPoint\",\"urlTemplate\":\"https:\/\/vinodeli.ee\/?s={search_term_string}\"},\"query-input\":{\"@type\":\"PropertyValueSpecification\",\"valueRequired\":true,\"valueName\":\"search_term_string\"}}],\"inLanguage\":\"en-US\"},{\"@type\":\"Organization\",\"@id\":\"https:\/\/vinodeli.ee\/#organization\",\"name\":\"Vinodeli O\u00dc\",\"url\":\"https:\/\/vinodeli.ee\/\",\"logo\":{\"@type\":\"ImageObject\",\"inLanguage\":\"en-US\",\"@id\":\"https:\/\/vinodeli.ee\/#\/schema\/logo\/image\/\",\"url\":\"https:\/\/vinodeli.ee\/wp-content\/uploads\/2024\/02\/logo-winodeli-1.png\",\"contentUrl\":\"https:\/\/vinodeli.ee\/wp-content\/uploads\/2024\/02\/logo-winodeli-1.png\",\"width\":1500,\"height\":1150,\"caption\":\"Vinodeli O\u00dc\"},\"image\":{\"@id\":\"https:\/\/vinodeli.ee\/#\/schema\/logo\/image\/\"}}]}<\/script>\n<!-- \/ Yoast SEO plugin. -->","yoast_head_json":{"title":"Mustiguillo Finca Calvestra ECO 2021 13.5% vol. - Vinodeli","robots":{"index":"index","follow":"follow","max-snippet":"max-snippet:-1","max-image-preview":"max-image-preview:large","max-video-preview":"max-video-preview:-1"},"canonical":"https:\/\/vinodeli.ee\/en\/product\/finca-calvestra-mustiguillo\/","og_locale":"en_US","og_type":"article","og_title":"Mustiguillo Finca Calvestra ECO 2021 13.5% vol. - Vinodeli","og_description":"Grape variety:100% Merseguera Gu\u00eda Pe\u00f1\u00edn (2020 vintage) - 93 points Decanter (2016 vintage) - 91 points Wine Enthusiast (2013 vintage) - 91 points Wine & Spirits Magazine (2013 vintage) - 90 points","og_url":"https:\/\/vinodeli.ee\/en\/product\/finca-calvestra-mustiguillo\/","og_site_name":"Vinodeli","article_modified_time":"2023-12-20T11:50:29+00:00","og_image":[{"width":1100,"height":1100,"url":"https:\/\/vinodeli.ee\/wp-content\/uploads\/2023\/11\/Mustiguillo-Finca-Calvestra-2.webp","type":"image\/webp"}],"twitter_card":"summary_large_image","twitter_misc":{"Est. reading time":"1 minute"},"schema":{"@context":"https:\/\/schema.org","@graph":[{"@type":"WebPage","@id":"https:\/\/vinodeli.ee\/en\/product\/finca-calvestra-mustiguillo\/","url":"https:\/\/vinodeli.ee\/en\/product\/finca-calvestra-mustiguillo\/","name":"Mustiguillo Finca Calvestra ECO 2021 13.5% vol. - Vinodeli","isPartOf":{"@id":"https:\/\/vinodeli.ee\/#website"},"primaryImageOfPage":{"@id":"https:\/\/vinodeli.ee\/en\/product\/finca-calvestra-mustiguillo\/#primaryimage"},"image":{"@id":"https:\/\/vinodeli.ee\/en\/product\/finca-calvestra-mustiguillo\/#primaryimage"},"thumbnailUrl":"https:\/\/vinodeli.ee\/wp-content\/uploads\/2023\/11\/Mustiguillo-Finca-Calvestra-2.webp","datePublished":"2022-10-09T12:01:31+00:00","dateModified":"2023-12-20T11:50:29+00:00","breadcrumb":{"@id":"https:\/\/vinodeli.ee\/en\/product\/finca-calvestra-mustiguillo\/#breadcrumb"},"inLanguage":"en-US","potentialAction":[{"@type":"ReadAction","target":["https:\/\/vinodeli.ee\/en\/product\/finca-calvestra-mustiguillo\/"]}]},{"@type":"ImageObject","inLanguage":"en-US","@id":"https:\/\/vinodeli.ee\/en\/product\/finca-calvestra-mustiguillo\/#primaryimage","url":"https:\/\/vinodeli.ee\/wp-content\/uploads\/2023\/11\/Mustiguillo-Finca-Calvestra-2.webp","contentUrl":"https:\/\/vinodeli.ee\/wp-content\/uploads\/2023\/11\/Mustiguillo-Finca-Calvestra-2.webp","width":1100,"height":1100},{"@type":"BreadcrumbList","@id":"https:\/\/vinodeli.ee\/en\/product\/finca-calvestra-mustiguillo\/#breadcrumb","itemListElement":[{"@type":"ListItem","position":1,"name":"Home","item":"https:\/\/vinodeli.ee\/en\/"},{"@type":"ListItem","position":2,"name":"Shop","item":"https:\/\/vinodeli.ee\/pood\/"},{"@type":"ListItem","position":3,"name":"Mustiguillo Finca Calvestra ECO 2021 13.5% vol."}]},{"@type":"WebSite","@id":"https:\/\/vinodeli.ee\/#website","url":"https:\/\/vinodeli.ee\/","name":"Vinodeli","description":"","publisher":{"@id":"https:\/\/vinodeli.ee\/#organization"},"potentialAction":[{"@type":"SearchAction","target":{"@type":"EntryPoint","urlTemplate":"https:\/\/vinodeli.ee\/?s={search_term_string}"},"query-input":{"@type":"PropertyValueSpecification","valueRequired":true,"valueName":"search_term_string"}}],"inLanguage":"en-US"},{"@type":"Organization","@id":"https:\/\/vinodeli.ee\/#organization","name":"Vinodeli O\u00dc","url":"https:\/\/vinodeli.ee\/","logo":{"@type":"ImageObject","inLanguage":"en-US","@id":"https:\/\/vinodeli.ee\/#\/schema\/logo\/image\/","url":"https:\/\/vinodeli.ee\/wp-content\/uploads\/2024\/02\/logo-winodeli-1.png","contentUrl":"https:\/\/vinodeli.ee\/wp-content\/uploads\/2024\/02\/logo-winodeli-1.png","width":1500,"height":1150,"caption":"Vinodeli O\u00dc"},"image":{"@id":"https:\/\/vinodeli.ee\/#\/schema\/logo\/image\/"}}]}},"_links":{"self":[{"href":"https:\/\/vinodeli.ee\/en\/wp-json\/wp\/v2\/product\/47329","targetHints":{"allow":["GET"]}}],"collection":[{"href":"https:\/\/vinodeli.ee\/en\/wp-json\/wp\/v2\/product"}],"about":[{"href":"https:\/\/vinodeli.ee\/en\/wp-json\/wp\/v2\/types\/product"}],"version-history":[{"count":0,"href":"https:\/\/vinodeli.ee\/en\/wp-json\/wp\/v2\/product\/47329\/revisions"}],"wp:featuredmedia":[{"embeddable":true,"href":"https:\/\/vinodeli.ee\/en\/wp-json\/wp\/v2\/media\/44576"}],"wp:attachment":[{"href":"https:\/\/vinodeli.ee\/en\/wp-json\/wp\/v2\/media?parent=47329"}],"wp:term":[{"taxonomy":"product_brand","embeddable":true,"href":"https:\/\/vinodeli.ee\/en\/wp-json\/wp\/v2\/product_brand?post=47329"},{"taxonomy":"product_cat","embeddable":true,"href":"https:\/\/vinodeli.ee\/en\/wp-json\/wp\/v2\/product_cat?post=47329"},{"taxonomy":"product_tag","embeddable":true,"href":"https:\/\/vinodeli.ee\/en\/wp-json\/wp\/v2\/product_tag?post=47329"}],"curies":[{"name":"wp","href":"https:\/\/api.w.org\/{rel}","templated":true}]}}