{"id":47330,"date":"2022-10-09T14:51:08","date_gmt":"2022-10-09T11:51:08","guid":{"rendered":"https:\/\/vinodeli.ee\/product\/pela-roques-mustiguillo\/"},"modified":"2023-12-20T13:50:30","modified_gmt":"2023-12-20T11:50:30","slug":"pela-roques-mustiguillo","status":"publish","type":"product","link":"https:\/\/vinodeli.ee\/en\/product\/pela-roques-mustiguillo\/","title":{"rendered":"Mustiguillo Pela Roques ECO 2019 13.5% vol."},"content":{"rendered":"<blockquote>\n<h5>At 800 meters above sea level, on the gentle hills that were once the seabed of the Mediterranean and under the shelter of the Sierra del Negrete (Utiel), a unique landscape opens up to the eye. An environment where pines, holm oaks and olive trees join the aromatic notes of thyme, rosemary and fennel that dot the valley and combine to wrap the fruit of the vineyards of the Sarri\u00f3n-Mart\u00ednez family, la Bobal. A strong grape that, withstanding extreme climates and apparently infertile limestone soils, cultivated through natural and pioneering processes in the area, offers a fruit full of nuances, elegant and delicate. A grape expression of the soil, the climate, the aromas of the mountains and the proximity of the sea that, together, give the wine its unique Mediterranean character.<\/h5>\n<\/blockquote>\n<h3>Winemaking<\/h3>\n<p>Mediterranean mountain vineyard, at 850 meters of altitude. At our Finca Conejeros, north of Requena. Vineyard planted in 1998. Single plot of 3.3 ha. This wine is a true reflection of the terroir where it is planted, made up of sandstone rocks with quartz and feldspar from what was once sea mud, where we find pisoliths, very peculiar fossils from the Jurassic. Cluster selection table, fermentation with native yeasts in oak vats with 50% stems. Maceration of 5 weeks little extractive. Aged for 8 months in an 80-hl oak vat. Bottled in August without stabilization treatments.<\/p>\n<h3>Tasting notes<\/h3>\n<p>Medium opacity, bright red. With a surprising and intense nose, mineral notes of phosphorus and red fruit interspersed with coppice, thyme and burlap. Great freshness in the mouth, medium to light body, with a volume in the mouth, silky and very long. Very pleasant and balanced finish.<\/p>\n<h3>Pairing recommendation<\/h3>\n<p>You can take it with appetizers, grilled fish, white meats, pasta, dishes with creamy sauces and rice dishes.<\/p>\n","protected":false},"excerpt":{"rendered":"<blockquote>\n<h4>Grape variety:100% Syrah<\/h4>\n<\/blockquote>\n<ul>\n<li>Gu\u00eda Pe\u00f1\u00edn (2020 vintage) &#8211; 91 point<\/li>\n<\/ul>\n","protected":false},"featured_media":44579,"template":"","meta":{"_acf_changed":false},"product_brand":[],"product_cat":[19462],"product_tag":[],"class_list":{"0":"post-47330","1":"product","2":"type-product","3":"status-publish","4":"has-post-thumbnail","6":"product_cat-red-wine","8":"first","9":"instock","10":"downloadable","11":"taxable","12":"shipping-taxable","13":"purchasable","14":"product-type-simple"},"acf":[],"yoast_head":"<!-- This site is optimized with the Yoast SEO plugin v25.7 - https:\/\/yoast.com\/wordpress\/plugins\/seo\/ -->\n<title>Mustiguillo Pela Roques ECO 2019 13.5% vol. - Vinodeli<\/title>\n<meta name=\"robots\" content=\"index, follow, max-snippet:-1, max-image-preview:large, max-video-preview:-1\" \/>\n<link rel=\"canonical\" href=\"https:\/\/vinodeli.ee\/en\/product\/pela-roques-mustiguillo\/\" \/>\n<meta property=\"og:locale\" content=\"en_US\" \/>\n<meta property=\"og:type\" content=\"article\" \/>\n<meta property=\"og:title\" content=\"Mustiguillo Pela Roques ECO 2019 13.5% vol. - Vinodeli\" \/>\n<meta property=\"og:description\" content=\"Grape variety:100% Syrah Gu\u00eda Pe\u00f1\u00edn (2020 vintage) - 91 point\" \/>\n<meta property=\"og:url\" content=\"https:\/\/vinodeli.ee\/en\/product\/pela-roques-mustiguillo\/\" \/>\n<meta property=\"og:site_name\" content=\"Vinodeli\" \/>\n<meta property=\"article:modified_time\" content=\"2023-12-20T11:50:30+00:00\" \/>\n<meta property=\"og:image\" content=\"https:\/\/vinodeli.ee\/wp-content\/uploads\/2023\/11\/Mustiguillo-Pela-Roques-2.webp\" \/>\n\t<meta property=\"og:image:width\" content=\"1100\" \/>\n\t<meta property=\"og:image:height\" content=\"1100\" \/>\n\t<meta property=\"og:image:type\" content=\"image\/webp\" \/>\n<meta name=\"twitter:card\" content=\"summary_large_image\" \/>\n<meta name=\"twitter:label1\" content=\"Est. reading time\" \/>\n\t<meta name=\"twitter:data1\" content=\"1 minute\" \/>\n<script type=\"application\/ld+json\" class=\"yoast-schema-graph\">{\"@context\":\"https:\/\/schema.org\",\"@graph\":[{\"@type\":\"WebPage\",\"@id\":\"https:\/\/vinodeli.ee\/en\/product\/pela-roques-mustiguillo\/\",\"url\":\"https:\/\/vinodeli.ee\/en\/product\/pela-roques-mustiguillo\/\",\"name\":\"Mustiguillo Pela Roques ECO 2019 13.5% vol. - Vinodeli\",\"isPartOf\":{\"@id\":\"https:\/\/vinodeli.ee\/#website\"},\"primaryImageOfPage\":{\"@id\":\"https:\/\/vinodeli.ee\/en\/product\/pela-roques-mustiguillo\/#primaryimage\"},\"image\":{\"@id\":\"https:\/\/vinodeli.ee\/en\/product\/pela-roques-mustiguillo\/#primaryimage\"},\"thumbnailUrl\":\"https:\/\/vinodeli.ee\/wp-content\/uploads\/2023\/11\/Mustiguillo-Pela-Roques-2.webp\",\"datePublished\":\"2022-10-09T11:51:08+00:00\",\"dateModified\":\"2023-12-20T11:50:30+00:00\",\"breadcrumb\":{\"@id\":\"https:\/\/vinodeli.ee\/en\/product\/pela-roques-mustiguillo\/#breadcrumb\"},\"inLanguage\":\"en-US\",\"potentialAction\":[{\"@type\":\"ReadAction\",\"target\":[\"https:\/\/vinodeli.ee\/en\/product\/pela-roques-mustiguillo\/\"]}]},{\"@type\":\"ImageObject\",\"inLanguage\":\"en-US\",\"@id\":\"https:\/\/vinodeli.ee\/en\/product\/pela-roques-mustiguillo\/#primaryimage\",\"url\":\"https:\/\/vinodeli.ee\/wp-content\/uploads\/2023\/11\/Mustiguillo-Pela-Roques-2.webp\",\"contentUrl\":\"https:\/\/vinodeli.ee\/wp-content\/uploads\/2023\/11\/Mustiguillo-Pela-Roques-2.webp\",\"width\":1100,\"height\":1100},{\"@type\":\"BreadcrumbList\",\"@id\":\"https:\/\/vinodeli.ee\/en\/product\/pela-roques-mustiguillo\/#breadcrumb\",\"itemListElement\":[{\"@type\":\"ListItem\",\"position\":1,\"name\":\"Home\",\"item\":\"https:\/\/vinodeli.ee\/en\/\"},{\"@type\":\"ListItem\",\"position\":2,\"name\":\"Shop\",\"item\":\"https:\/\/vinodeli.ee\/pood\/\"},{\"@type\":\"ListItem\",\"position\":3,\"name\":\"Mustiguillo Pela Roques ECO 2019 13.5% vol.\"}]},{\"@type\":\"WebSite\",\"@id\":\"https:\/\/vinodeli.ee\/#website\",\"url\":\"https:\/\/vinodeli.ee\/\",\"name\":\"Vinodeli\",\"description\":\"\",\"publisher\":{\"@id\":\"https:\/\/vinodeli.ee\/#organization\"},\"potentialAction\":[{\"@type\":\"SearchAction\",\"target\":{\"@type\":\"EntryPoint\",\"urlTemplate\":\"https:\/\/vinodeli.ee\/?s={search_term_string}\"},\"query-input\":{\"@type\":\"PropertyValueSpecification\",\"valueRequired\":true,\"valueName\":\"search_term_string\"}}],\"inLanguage\":\"en-US\"},{\"@type\":\"Organization\",\"@id\":\"https:\/\/vinodeli.ee\/#organization\",\"name\":\"Vinodeli O\u00dc\",\"url\":\"https:\/\/vinodeli.ee\/\",\"logo\":{\"@type\":\"ImageObject\",\"inLanguage\":\"en-US\",\"@id\":\"https:\/\/vinodeli.ee\/#\/schema\/logo\/image\/\",\"url\":\"https:\/\/vinodeli.ee\/wp-content\/uploads\/2024\/02\/logo-winodeli-1.png\",\"contentUrl\":\"https:\/\/vinodeli.ee\/wp-content\/uploads\/2024\/02\/logo-winodeli-1.png\",\"width\":1500,\"height\":1150,\"caption\":\"Vinodeli O\u00dc\"},\"image\":{\"@id\":\"https:\/\/vinodeli.ee\/#\/schema\/logo\/image\/\"}}]}<\/script>\n<!-- \/ Yoast SEO plugin. -->","yoast_head_json":{"title":"Mustiguillo Pela Roques ECO 2019 13.5% vol. - Vinodeli","robots":{"index":"index","follow":"follow","max-snippet":"max-snippet:-1","max-image-preview":"max-image-preview:large","max-video-preview":"max-video-preview:-1"},"canonical":"https:\/\/vinodeli.ee\/en\/product\/pela-roques-mustiguillo\/","og_locale":"en_US","og_type":"article","og_title":"Mustiguillo Pela Roques ECO 2019 13.5% vol. - Vinodeli","og_description":"Grape variety:100% Syrah Gu\u00eda Pe\u00f1\u00edn (2020 vintage) - 91 point","og_url":"https:\/\/vinodeli.ee\/en\/product\/pela-roques-mustiguillo\/","og_site_name":"Vinodeli","article_modified_time":"2023-12-20T11:50:30+00:00","og_image":[{"width":1100,"height":1100,"url":"https:\/\/vinodeli.ee\/wp-content\/uploads\/2023\/11\/Mustiguillo-Pela-Roques-2.webp","type":"image\/webp"}],"twitter_card":"summary_large_image","twitter_misc":{"Est. reading time":"1 minute"},"schema":{"@context":"https:\/\/schema.org","@graph":[{"@type":"WebPage","@id":"https:\/\/vinodeli.ee\/en\/product\/pela-roques-mustiguillo\/","url":"https:\/\/vinodeli.ee\/en\/product\/pela-roques-mustiguillo\/","name":"Mustiguillo Pela Roques ECO 2019 13.5% vol. - Vinodeli","isPartOf":{"@id":"https:\/\/vinodeli.ee\/#website"},"primaryImageOfPage":{"@id":"https:\/\/vinodeli.ee\/en\/product\/pela-roques-mustiguillo\/#primaryimage"},"image":{"@id":"https:\/\/vinodeli.ee\/en\/product\/pela-roques-mustiguillo\/#primaryimage"},"thumbnailUrl":"https:\/\/vinodeli.ee\/wp-content\/uploads\/2023\/11\/Mustiguillo-Pela-Roques-2.webp","datePublished":"2022-10-09T11:51:08+00:00","dateModified":"2023-12-20T11:50:30+00:00","breadcrumb":{"@id":"https:\/\/vinodeli.ee\/en\/product\/pela-roques-mustiguillo\/#breadcrumb"},"inLanguage":"en-US","potentialAction":[{"@type":"ReadAction","target":["https:\/\/vinodeli.ee\/en\/product\/pela-roques-mustiguillo\/"]}]},{"@type":"ImageObject","inLanguage":"en-US","@id":"https:\/\/vinodeli.ee\/en\/product\/pela-roques-mustiguillo\/#primaryimage","url":"https:\/\/vinodeli.ee\/wp-content\/uploads\/2023\/11\/Mustiguillo-Pela-Roques-2.webp","contentUrl":"https:\/\/vinodeli.ee\/wp-content\/uploads\/2023\/11\/Mustiguillo-Pela-Roques-2.webp","width":1100,"height":1100},{"@type":"BreadcrumbList","@id":"https:\/\/vinodeli.ee\/en\/product\/pela-roques-mustiguillo\/#breadcrumb","itemListElement":[{"@type":"ListItem","position":1,"name":"Home","item":"https:\/\/vinodeli.ee\/en\/"},{"@type":"ListItem","position":2,"name":"Shop","item":"https:\/\/vinodeli.ee\/pood\/"},{"@type":"ListItem","position":3,"name":"Mustiguillo Pela Roques ECO 2019 13.5% vol."}]},{"@type":"WebSite","@id":"https:\/\/vinodeli.ee\/#website","url":"https:\/\/vinodeli.ee\/","name":"Vinodeli","description":"","publisher":{"@id":"https:\/\/vinodeli.ee\/#organization"},"potentialAction":[{"@type":"SearchAction","target":{"@type":"EntryPoint","urlTemplate":"https:\/\/vinodeli.ee\/?s={search_term_string}"},"query-input":{"@type":"PropertyValueSpecification","valueRequired":true,"valueName":"search_term_string"}}],"inLanguage":"en-US"},{"@type":"Organization","@id":"https:\/\/vinodeli.ee\/#organization","name":"Vinodeli O\u00dc","url":"https:\/\/vinodeli.ee\/","logo":{"@type":"ImageObject","inLanguage":"en-US","@id":"https:\/\/vinodeli.ee\/#\/schema\/logo\/image\/","url":"https:\/\/vinodeli.ee\/wp-content\/uploads\/2024\/02\/logo-winodeli-1.png","contentUrl":"https:\/\/vinodeli.ee\/wp-content\/uploads\/2024\/02\/logo-winodeli-1.png","width":1500,"height":1150,"caption":"Vinodeli O\u00dc"},"image":{"@id":"https:\/\/vinodeli.ee\/#\/schema\/logo\/image\/"}}]}},"_links":{"self":[{"href":"https:\/\/vinodeli.ee\/en\/wp-json\/wp\/v2\/product\/47330","targetHints":{"allow":["GET"]}}],"collection":[{"href":"https:\/\/vinodeli.ee\/en\/wp-json\/wp\/v2\/product"}],"about":[{"href":"https:\/\/vinodeli.ee\/en\/wp-json\/wp\/v2\/types\/product"}],"version-history":[{"count":0,"href":"https:\/\/vinodeli.ee\/en\/wp-json\/wp\/v2\/product\/47330\/revisions"}],"wp:featuredmedia":[{"embeddable":true,"href":"https:\/\/vinodeli.ee\/en\/wp-json\/wp\/v2\/media\/44579"}],"wp:attachment":[{"href":"https:\/\/vinodeli.ee\/en\/wp-json\/wp\/v2\/media?parent=47330"}],"wp:term":[{"taxonomy":"product_brand","embeddable":true,"href":"https:\/\/vinodeli.ee\/en\/wp-json\/wp\/v2\/product_brand?post=47330"},{"taxonomy":"product_cat","embeddable":true,"href":"https:\/\/vinodeli.ee\/en\/wp-json\/wp\/v2\/product_cat?post=47330"},{"taxonomy":"product_tag","embeddable":true,"href":"https:\/\/vinodeli.ee\/en\/wp-json\/wp\/v2\/product_tag?post=47330"}],"curies":[{"name":"wp","href":"https:\/\/api.w.org\/{rel}","templated":true}]}}