{"id":47334,"date":"2022-10-08T15:35:00","date_gmt":"2022-10-08T12:35:00","guid":{"rendered":"https:\/\/vinodeli.ee\/product\/mestizaje-tinto-mustiguillo\/"},"modified":"2023-12-20T13:50:32","modified_gmt":"2023-12-20T11:50:32","slug":"mestizaje-tinto-mustiguillo","status":"publish","type":"product","link":"https:\/\/vinodeli.ee\/en\/product\/mestizaje-tinto-mustiguillo\/","title":{"rendered":"Mustiguillo Mestizaje Tinto ECO 2020 13.5% vol."},"content":{"rendered":"<blockquote>\n<h5>At 800 meters above sea level, on the gentle hills that were once the seabed of the Mediterranean and under the shelter of the Sierra del Negrete (Utiel), a unique landscape opens up to the eye. An environment where pines, holm oaks and olive trees join the aromatic notes of thyme, rosemary and fennel that dot the valley and combine to wrap the fruit of the vineyards of the Sarri\u00f3n-Mart\u00ednez family, la Bobal. A strong grape that, withstanding extreme climates and apparently infertile limestone soils, cultivated through natural and pioneering processes in the area, offers a fruit full of nuances, elegant and delicate. A grape expression of the soil, the climate, the aromas of the mountains and the proximity of the sea that, together, give the wine its unique Mediterranean character.<\/h5>\n<\/blockquote>\n<h3>Winemaking<\/h3>\n<p>El Terrerazo, at 800 m altitude. Dolomitic limestone soil, with a loamy-sandy texture. Traditional viticulture, driving in glass in dry land with tillage. Soil maintenance with alternate plant covers. Maximum respect for the environment. Manual harvest in boxes of 15 kg. Average yield 0.9 kg\/m2 of leaf surface. Average yield per hectare: 4500 kg. Vinification of each variety and\/or plot separately. Bunch and grain selection table, destemming, light crushing. French oak and stainless steel vinification tanks from 80 Hl to 100 Hl with temperature control. Alcoholic fermentation for 11-13 days with small pumpovers and &#8216;pigeage&#8217;. Average temperature of 26\u00b0C. Post-fermentation maceration of 5 to 8 days. Discover manually by gravity, using only the flower wine. Aged for 10 months in French oak barrels and 50-80 Hl vats. Bottled between September and November without stabilization treatments.<\/p>\n<h3>Tasting notes<\/h3>\n<p>Cherry red color with violet reflections. Clean and bright. Expressive nose with notes of red and black fruit and spicy touches with a mineral background. On the palate it is fresh and silky on the palate.<\/p>\n<h3>Pairing recommendation<\/h3>\n<p>Good combination with rice dishes, Asian cuisine, sausages, pasta or not very cured cheeses. Ideal with mushrooms, salads or as an aperitif.<\/p>\n","protected":false},"excerpt":{"rendered":"<blockquote>\n<h4>Grape varieties:72% Bobal, 17% Garnacha and 11% Shiraz<\/h4>\n<\/blockquote>\n<ul>\n<li>Gu\u00eda Pe\u00f1\u00edn (2020 vintage) &#8211; 91 points<\/li>\n<li>Falstaff (2017 vintage) &#8211; 92 points<\/li>\n<li>Wine Enthusiast (2013 vintage) &#8211; 90 points<\/li>\n<li>Gu\u00eda Repsol (2015 vintage) &#8211; 91 points<\/li>\n<li>Decanter (2016 vintage) &#8211; 90 points<\/li>\n<\/ul>\n","protected":false},"featured_media":44586,"template":"","meta":{"_acf_changed":false},"product_brand":[],"product_cat":[19462],"product_tag":[],"class_list":{"0":"post-47334","1":"product","2":"type-product","3":"status-publish","4":"has-post-thumbnail","6":"product_cat-red-wine","8":"first","9":"instock","10":"downloadable","11":"taxable","12":"shipping-taxable","13":"purchasable","14":"product-type-simple"},"acf":[],"yoast_head":"<!-- This site is optimized with the Yoast SEO plugin v25.7 - https:\/\/yoast.com\/wordpress\/plugins\/seo\/ -->\n<title>Mustiguillo Mestizaje Tinto ECO 2020 13.5% vol. - Vinodeli<\/title>\n<meta name=\"robots\" content=\"index, follow, max-snippet:-1, max-image-preview:large, max-video-preview:-1\" \/>\n<link rel=\"canonical\" href=\"https:\/\/vinodeli.ee\/en\/product\/mestizaje-tinto-mustiguillo\/\" \/>\n<meta property=\"og:locale\" content=\"en_US\" \/>\n<meta property=\"og:type\" content=\"article\" \/>\n<meta property=\"og:title\" content=\"Mustiguillo Mestizaje Tinto ECO 2020 13.5% vol. - Vinodeli\" \/>\n<meta property=\"og:description\" content=\"Grape varieties:72% Bobal, 17% Garnacha and 11% Shiraz Gu\u00eda Pe\u00f1\u00edn (2020 vintage) - 91 points Falstaff (2017 vintage) - 92 points Wine Enthusiast (2013 vintage) - 90 points Gu\u00eda Repsol (2015 vintage) - 91 points Decanter (2016 vintage) - 90 points\" \/>\n<meta property=\"og:url\" content=\"https:\/\/vinodeli.ee\/en\/product\/mestizaje-tinto-mustiguillo\/\" \/>\n<meta property=\"og:site_name\" content=\"Vinodeli\" \/>\n<meta property=\"article:modified_time\" content=\"2023-12-20T11:50:32+00:00\" \/>\n<meta property=\"og:image\" content=\"https:\/\/vinodeli.ee\/wp-content\/uploads\/2023\/11\/Mustiguillo-Mestizaje-Tinto-2.webp\" \/>\n\t<meta property=\"og:image:width\" content=\"1300\" \/>\n\t<meta property=\"og:image:height\" content=\"1300\" \/>\n\t<meta property=\"og:image:type\" content=\"image\/webp\" \/>\n<meta name=\"twitter:card\" content=\"summary_large_image\" \/>\n<meta name=\"twitter:label1\" content=\"Est. reading time\" \/>\n\t<meta name=\"twitter:data1\" content=\"2 minutes\" \/>\n<script type=\"application\/ld+json\" class=\"yoast-schema-graph\">{\"@context\":\"https:\/\/schema.org\",\"@graph\":[{\"@type\":\"WebPage\",\"@id\":\"https:\/\/vinodeli.ee\/en\/product\/mestizaje-tinto-mustiguillo\/\",\"url\":\"https:\/\/vinodeli.ee\/en\/product\/mestizaje-tinto-mustiguillo\/\",\"name\":\"Mustiguillo Mestizaje Tinto ECO 2020 13.5% vol. - Vinodeli\",\"isPartOf\":{\"@id\":\"https:\/\/vinodeli.ee\/#website\"},\"primaryImageOfPage\":{\"@id\":\"https:\/\/vinodeli.ee\/en\/product\/mestizaje-tinto-mustiguillo\/#primaryimage\"},\"image\":{\"@id\":\"https:\/\/vinodeli.ee\/en\/product\/mestizaje-tinto-mustiguillo\/#primaryimage\"},\"thumbnailUrl\":\"https:\/\/vinodeli.ee\/wp-content\/uploads\/2023\/11\/Mustiguillo-Mestizaje-Tinto-2.webp\",\"datePublished\":\"2022-10-08T12:35:00+00:00\",\"dateModified\":\"2023-12-20T11:50:32+00:00\",\"breadcrumb\":{\"@id\":\"https:\/\/vinodeli.ee\/en\/product\/mestizaje-tinto-mustiguillo\/#breadcrumb\"},\"inLanguage\":\"en-US\",\"potentialAction\":[{\"@type\":\"ReadAction\",\"target\":[\"https:\/\/vinodeli.ee\/en\/product\/mestizaje-tinto-mustiguillo\/\"]}]},{\"@type\":\"ImageObject\",\"inLanguage\":\"en-US\",\"@id\":\"https:\/\/vinodeli.ee\/en\/product\/mestizaje-tinto-mustiguillo\/#primaryimage\",\"url\":\"https:\/\/vinodeli.ee\/wp-content\/uploads\/2023\/11\/Mustiguillo-Mestizaje-Tinto-2.webp\",\"contentUrl\":\"https:\/\/vinodeli.ee\/wp-content\/uploads\/2023\/11\/Mustiguillo-Mestizaje-Tinto-2.webp\",\"width\":1300,\"height\":1300},{\"@type\":\"BreadcrumbList\",\"@id\":\"https:\/\/vinodeli.ee\/en\/product\/mestizaje-tinto-mustiguillo\/#breadcrumb\",\"itemListElement\":[{\"@type\":\"ListItem\",\"position\":1,\"name\":\"Home\",\"item\":\"https:\/\/vinodeli.ee\/en\/\"},{\"@type\":\"ListItem\",\"position\":2,\"name\":\"Shop\",\"item\":\"https:\/\/vinodeli.ee\/pood\/\"},{\"@type\":\"ListItem\",\"position\":3,\"name\":\"Mustiguillo Mestizaje Tinto ECO 2020 13.5% vol.\"}]},{\"@type\":\"WebSite\",\"@id\":\"https:\/\/vinodeli.ee\/#website\",\"url\":\"https:\/\/vinodeli.ee\/\",\"name\":\"Vinodeli\",\"description\":\"\",\"publisher\":{\"@id\":\"https:\/\/vinodeli.ee\/#organization\"},\"potentialAction\":[{\"@type\":\"SearchAction\",\"target\":{\"@type\":\"EntryPoint\",\"urlTemplate\":\"https:\/\/vinodeli.ee\/?s={search_term_string}\"},\"query-input\":{\"@type\":\"PropertyValueSpecification\",\"valueRequired\":true,\"valueName\":\"search_term_string\"}}],\"inLanguage\":\"en-US\"},{\"@type\":\"Organization\",\"@id\":\"https:\/\/vinodeli.ee\/#organization\",\"name\":\"Vinodeli O\u00dc\",\"url\":\"https:\/\/vinodeli.ee\/\",\"logo\":{\"@type\":\"ImageObject\",\"inLanguage\":\"en-US\",\"@id\":\"https:\/\/vinodeli.ee\/#\/schema\/logo\/image\/\",\"url\":\"https:\/\/vinodeli.ee\/wp-content\/uploads\/2024\/02\/logo-winodeli-1.png\",\"contentUrl\":\"https:\/\/vinodeli.ee\/wp-content\/uploads\/2024\/02\/logo-winodeli-1.png\",\"width\":1500,\"height\":1150,\"caption\":\"Vinodeli O\u00dc\"},\"image\":{\"@id\":\"https:\/\/vinodeli.ee\/#\/schema\/logo\/image\/\"}}]}<\/script>\n<!-- \/ Yoast SEO plugin. -->","yoast_head_json":{"title":"Mustiguillo Mestizaje Tinto ECO 2020 13.5% vol. - Vinodeli","robots":{"index":"index","follow":"follow","max-snippet":"max-snippet:-1","max-image-preview":"max-image-preview:large","max-video-preview":"max-video-preview:-1"},"canonical":"https:\/\/vinodeli.ee\/en\/product\/mestizaje-tinto-mustiguillo\/","og_locale":"en_US","og_type":"article","og_title":"Mustiguillo Mestizaje Tinto ECO 2020 13.5% vol. - Vinodeli","og_description":"Grape varieties:72% Bobal, 17% Garnacha and 11% Shiraz Gu\u00eda Pe\u00f1\u00edn (2020 vintage) - 91 points Falstaff (2017 vintage) - 92 points Wine Enthusiast (2013 vintage) - 90 points Gu\u00eda Repsol (2015 vintage) - 91 points Decanter (2016 vintage) - 90 points","og_url":"https:\/\/vinodeli.ee\/en\/product\/mestizaje-tinto-mustiguillo\/","og_site_name":"Vinodeli","article_modified_time":"2023-12-20T11:50:32+00:00","og_image":[{"width":1300,"height":1300,"url":"https:\/\/vinodeli.ee\/wp-content\/uploads\/2023\/11\/Mustiguillo-Mestizaje-Tinto-2.webp","type":"image\/webp"}],"twitter_card":"summary_large_image","twitter_misc":{"Est. reading time":"2 minutes"},"schema":{"@context":"https:\/\/schema.org","@graph":[{"@type":"WebPage","@id":"https:\/\/vinodeli.ee\/en\/product\/mestizaje-tinto-mustiguillo\/","url":"https:\/\/vinodeli.ee\/en\/product\/mestizaje-tinto-mustiguillo\/","name":"Mustiguillo Mestizaje Tinto ECO 2020 13.5% vol. - Vinodeli","isPartOf":{"@id":"https:\/\/vinodeli.ee\/#website"},"primaryImageOfPage":{"@id":"https:\/\/vinodeli.ee\/en\/product\/mestizaje-tinto-mustiguillo\/#primaryimage"},"image":{"@id":"https:\/\/vinodeli.ee\/en\/product\/mestizaje-tinto-mustiguillo\/#primaryimage"},"thumbnailUrl":"https:\/\/vinodeli.ee\/wp-content\/uploads\/2023\/11\/Mustiguillo-Mestizaje-Tinto-2.webp","datePublished":"2022-10-08T12:35:00+00:00","dateModified":"2023-12-20T11:50:32+00:00","breadcrumb":{"@id":"https:\/\/vinodeli.ee\/en\/product\/mestizaje-tinto-mustiguillo\/#breadcrumb"},"inLanguage":"en-US","potentialAction":[{"@type":"ReadAction","target":["https:\/\/vinodeli.ee\/en\/product\/mestizaje-tinto-mustiguillo\/"]}]},{"@type":"ImageObject","inLanguage":"en-US","@id":"https:\/\/vinodeli.ee\/en\/product\/mestizaje-tinto-mustiguillo\/#primaryimage","url":"https:\/\/vinodeli.ee\/wp-content\/uploads\/2023\/11\/Mustiguillo-Mestizaje-Tinto-2.webp","contentUrl":"https:\/\/vinodeli.ee\/wp-content\/uploads\/2023\/11\/Mustiguillo-Mestizaje-Tinto-2.webp","width":1300,"height":1300},{"@type":"BreadcrumbList","@id":"https:\/\/vinodeli.ee\/en\/product\/mestizaje-tinto-mustiguillo\/#breadcrumb","itemListElement":[{"@type":"ListItem","position":1,"name":"Home","item":"https:\/\/vinodeli.ee\/en\/"},{"@type":"ListItem","position":2,"name":"Shop","item":"https:\/\/vinodeli.ee\/pood\/"},{"@type":"ListItem","position":3,"name":"Mustiguillo Mestizaje Tinto ECO 2020 13.5% vol."}]},{"@type":"WebSite","@id":"https:\/\/vinodeli.ee\/#website","url":"https:\/\/vinodeli.ee\/","name":"Vinodeli","description":"","publisher":{"@id":"https:\/\/vinodeli.ee\/#organization"},"potentialAction":[{"@type":"SearchAction","target":{"@type":"EntryPoint","urlTemplate":"https:\/\/vinodeli.ee\/?s={search_term_string}"},"query-input":{"@type":"PropertyValueSpecification","valueRequired":true,"valueName":"search_term_string"}}],"inLanguage":"en-US"},{"@type":"Organization","@id":"https:\/\/vinodeli.ee\/#organization","name":"Vinodeli O\u00dc","url":"https:\/\/vinodeli.ee\/","logo":{"@type":"ImageObject","inLanguage":"en-US","@id":"https:\/\/vinodeli.ee\/#\/schema\/logo\/image\/","url":"https:\/\/vinodeli.ee\/wp-content\/uploads\/2024\/02\/logo-winodeli-1.png","contentUrl":"https:\/\/vinodeli.ee\/wp-content\/uploads\/2024\/02\/logo-winodeli-1.png","width":1500,"height":1150,"caption":"Vinodeli O\u00dc"},"image":{"@id":"https:\/\/vinodeli.ee\/#\/schema\/logo\/image\/"}}]}},"_links":{"self":[{"href":"https:\/\/vinodeli.ee\/en\/wp-json\/wp\/v2\/product\/47334","targetHints":{"allow":["GET"]}}],"collection":[{"href":"https:\/\/vinodeli.ee\/en\/wp-json\/wp\/v2\/product"}],"about":[{"href":"https:\/\/vinodeli.ee\/en\/wp-json\/wp\/v2\/types\/product"}],"version-history":[{"count":0,"href":"https:\/\/vinodeli.ee\/en\/wp-json\/wp\/v2\/product\/47334\/revisions"}],"wp:featuredmedia":[{"embeddable":true,"href":"https:\/\/vinodeli.ee\/en\/wp-json\/wp\/v2\/media\/44586"}],"wp:attachment":[{"href":"https:\/\/vinodeli.ee\/en\/wp-json\/wp\/v2\/media?parent=47334"}],"wp:term":[{"taxonomy":"product_brand","embeddable":true,"href":"https:\/\/vinodeli.ee\/en\/wp-json\/wp\/v2\/product_brand?post=47334"},{"taxonomy":"product_cat","embeddable":true,"href":"https:\/\/vinodeli.ee\/en\/wp-json\/wp\/v2\/product_cat?post=47334"},{"taxonomy":"product_tag","embeddable":true,"href":"https:\/\/vinodeli.ee\/en\/wp-json\/wp\/v2\/product_tag?post=47334"}],"curies":[{"name":"wp","href":"https:\/\/api.w.org\/{rel}","templated":true}]}}