{"id":47382,"date":"2022-09-11T14:28:47","date_gmt":"2022-09-11T11:28:47","guid":{"rendered":"https:\/\/vinodeli.ee\/product\/2011-leoville-barton\/"},"modified":"2023-12-20T13:51:05","modified_gmt":"2023-12-20T11:51:05","slug":"2011-leoville-barton","status":"publish","type":"product","link":"https:\/\/vinodeli.ee\/en\/product\/2011-leoville-barton\/","title":{"rendered":"Ch\u00e2teau L\u00e9oville Barton Saint-Julien AOC 2011 13% vol."},"content":{"rendered":"<blockquote>\n<h5>The Barton family\u2019s passion for wine is reflected in the elegance and consistency of Ch\u00e2teau L\u00e9oville Barton. This estate was classified as a 2nd Grand Cru Class\u00e9 in 1855 and lies within the iconic terroir of Saint Julien in the M\u00e9doc.<\/h5>\n<\/blockquote>\n<h3>Terroir<\/h3>\n<p>The vineyard nestles in the heart of the St Julien terroir among the most beautiful slopes of Garonne gravel, facing the Gironde river. The clayey gravel subsoil allows excellent growing conditions whatever weather the vintage brings. The plowing is traditional, without weeding or herbicide. The grape varieties are Cabernet Sauvignon, Merlot and Cabernet Franc.<\/p>\n<h3>Winemaking<\/h3>\n<p>Manual harvest from 12th to 23rd of September. Aged in 60% new barrels.The harvesting is done entirely by hand. After the de-stemming, the berries are carefully sorted, crushed and poured in wooden vats thermo-regulated, according to their plots. The alcoholic fermentation lasts from 7 to 10 days and the extraction is always respectful of the juice by adjusting the number of pumping depending on the cuv\u00e9es and the vintages. The maceration is about 3 weeks then the juice is drawn in barrels, lot by lot. The wine is then aged between 16 and 18 months in French oak barrels of which 60% are brand new, in a cellar maintained at 15\u00b0C. The wines are topped up 3 times a week to avoid any contact between the wine and the air, the racking is traditional using the so-called \u201c\u00e0 l\u2019esquive\u201d method.<\/p>\n<h3>Tasting notes<\/h3>\n<p>Still quite closed but show great promise of both fresh and preserved fruits. Tannin is present but not dominant so the wine will be enjoyable within about 10 years.<\/p>\n","protected":false},"excerpt":{"rendered":"<blockquote>\n<h4>Grape varieties:80% Cabernet Sauvignon, 15% Merlot and 5% Cabernet Franc<\/h4>\n<\/blockquote>\n<ul>\n<li>Vinous: 93<\/li>\n<li>Wine Spectator: 92<\/li>\n<li>James Suckling: 92<\/li>\n<li>Decanter: 94<\/li>\n<li>Neal Martin: 93<\/li>\n<\/ul>\n","protected":false},"featured_media":44653,"template":"","meta":{"_acf_changed":false},"product_brand":[],"product_cat":[19462],"product_tag":[],"class_list":{"0":"post-47382","1":"product","2":"type-product","3":"status-publish","4":"has-post-thumbnail","6":"product_cat-red-wine","8":"first","9":"instock","10":"downloadable","11":"taxable","12":"shipping-taxable","13":"purchasable","14":"product-type-simple"},"acf":[],"yoast_head":"<!-- This site is optimized with the Yoast SEO plugin v25.7 - https:\/\/yoast.com\/wordpress\/plugins\/seo\/ -->\n<title>Ch\u00e2teau L\u00e9oville Barton Saint-Julien AOC 2011 13% vol. - Vinodeli<\/title>\n<meta name=\"robots\" content=\"index, follow, max-snippet:-1, max-image-preview:large, max-video-preview:-1\" \/>\n<link rel=\"canonical\" href=\"https:\/\/vinodeli.ee\/product\/2011_leoville_barton\/\" \/>\n<meta property=\"og:locale\" content=\"en_US\" \/>\n<meta property=\"og:type\" content=\"article\" \/>\n<meta property=\"og:title\" content=\"Ch\u00e2teau L\u00e9oville Barton Saint-Julien AOC 2011 13% vol. - Vinodeli\" \/>\n<meta property=\"og:description\" content=\"Grape varieties:80% Cabernet Sauvignon, 15% Merlot and 5% Cabernet Franc Vinous: 93 Wine Spectator: 92 James Suckling: 92 Decanter: 94 Neal Martin: 93\" \/>\n<meta property=\"og:url\" content=\"https:\/\/vinodeli.ee\/product\/2011_leoville_barton\/\" \/>\n<meta property=\"og:site_name\" content=\"Vinodeli\" \/>\n<meta property=\"article:modified_time\" content=\"2023-12-20T11:51:05+00:00\" \/>\n<meta property=\"og:image\" content=\"https:\/\/vinodeli.ee\/wp-content\/uploads\/2023\/11\/Chateau-Leoville-Barton-2.webp\" \/>\n\t<meta property=\"og:image:width\" content=\"1100\" \/>\n\t<meta property=\"og:image:height\" content=\"1100\" \/>\n\t<meta property=\"og:image:type\" content=\"image\/webp\" \/>\n<meta name=\"twitter:card\" content=\"summary_large_image\" \/>\n<meta name=\"twitter:label1\" content=\"Est. reading time\" \/>\n\t<meta name=\"twitter:data1\" content=\"1 minute\" \/>\n<script type=\"application\/ld+json\" class=\"yoast-schema-graph\">{\"@context\":\"https:\/\/schema.org\",\"@graph\":[{\"@type\":\"WebPage\",\"@id\":\"https:\/\/vinodeli.ee\/product\/2011_leoville_barton\/\",\"url\":\"https:\/\/vinodeli.ee\/product\/2011_leoville_barton\/\",\"name\":\"Ch\u00e2teau L\u00e9oville Barton Saint-Julien AOC 2011 13% vol. - Vinodeli\",\"isPartOf\":{\"@id\":\"https:\/\/vinodeli.ee\/#website\"},\"primaryImageOfPage\":{\"@id\":\"https:\/\/vinodeli.ee\/product\/2011_leoville_barton\/#primaryimage\"},\"image\":{\"@id\":\"https:\/\/vinodeli.ee\/product\/2011_leoville_barton\/#primaryimage\"},\"thumbnailUrl\":\"https:\/\/vinodeli.ee\/wp-content\/uploads\/2023\/11\/Chateau-Leoville-Barton-2.webp\",\"datePublished\":\"2022-09-11T11:28:47+00:00\",\"dateModified\":\"2023-12-20T11:51:05+00:00\",\"breadcrumb\":{\"@id\":\"https:\/\/vinodeli.ee\/product\/2011_leoville_barton\/#breadcrumb\"},\"inLanguage\":\"en-US\",\"potentialAction\":[{\"@type\":\"ReadAction\",\"target\":[\"https:\/\/vinodeli.ee\/product\/2011_leoville_barton\/\"]}]},{\"@type\":\"ImageObject\",\"inLanguage\":\"en-US\",\"@id\":\"https:\/\/vinodeli.ee\/product\/2011_leoville_barton\/#primaryimage\",\"url\":\"https:\/\/vinodeli.ee\/wp-content\/uploads\/2023\/11\/Chateau-Leoville-Barton-2.webp\",\"contentUrl\":\"https:\/\/vinodeli.ee\/wp-content\/uploads\/2023\/11\/Chateau-Leoville-Barton-2.webp\",\"width\":1100,\"height\":1100},{\"@type\":\"BreadcrumbList\",\"@id\":\"https:\/\/vinodeli.ee\/product\/2011_leoville_barton\/#breadcrumb\",\"itemListElement\":[{\"@type\":\"ListItem\",\"position\":1,\"name\":\"Home\",\"item\":\"https:\/\/vinodeli.ee\/en\/\"},{\"@type\":\"ListItem\",\"position\":2,\"name\":\"Shop\",\"item\":\"https:\/\/vinodeli.ee\/pood\/\"},{\"@type\":\"ListItem\",\"position\":3,\"name\":\"Ch\u00e2teau L\u00e9oville Barton Saint-Julien AOC 2011 13% vol.\"}]},{\"@type\":\"WebSite\",\"@id\":\"https:\/\/vinodeli.ee\/#website\",\"url\":\"https:\/\/vinodeli.ee\/\",\"name\":\"Vinodeli\",\"description\":\"\",\"publisher\":{\"@id\":\"https:\/\/vinodeli.ee\/#organization\"},\"potentialAction\":[{\"@type\":\"SearchAction\",\"target\":{\"@type\":\"EntryPoint\",\"urlTemplate\":\"https:\/\/vinodeli.ee\/?s={search_term_string}\"},\"query-input\":{\"@type\":\"PropertyValueSpecification\",\"valueRequired\":true,\"valueName\":\"search_term_string\"}}],\"inLanguage\":\"en-US\"},{\"@type\":\"Organization\",\"@id\":\"https:\/\/vinodeli.ee\/#organization\",\"name\":\"Vinodeli O\u00dc\",\"url\":\"https:\/\/vinodeli.ee\/\",\"logo\":{\"@type\":\"ImageObject\",\"inLanguage\":\"en-US\",\"@id\":\"https:\/\/vinodeli.ee\/#\/schema\/logo\/image\/\",\"url\":\"https:\/\/vinodeli.ee\/wp-content\/uploads\/2024\/02\/logo-winodeli-1.png\",\"contentUrl\":\"https:\/\/vinodeli.ee\/wp-content\/uploads\/2024\/02\/logo-winodeli-1.png\",\"width\":1500,\"height\":1150,\"caption\":\"Vinodeli O\u00dc\"},\"image\":{\"@id\":\"https:\/\/vinodeli.ee\/#\/schema\/logo\/image\/\"}}]}<\/script>\n<!-- \/ Yoast SEO plugin. -->","yoast_head_json":{"title":"Ch\u00e2teau L\u00e9oville Barton Saint-Julien AOC 2011 13% vol. - Vinodeli","robots":{"index":"index","follow":"follow","max-snippet":"max-snippet:-1","max-image-preview":"max-image-preview:large","max-video-preview":"max-video-preview:-1"},"canonical":"https:\/\/vinodeli.ee\/product\/2011_leoville_barton\/","og_locale":"en_US","og_type":"article","og_title":"Ch\u00e2teau L\u00e9oville Barton Saint-Julien AOC 2011 13% vol. - Vinodeli","og_description":"Grape varieties:80% Cabernet Sauvignon, 15% Merlot and 5% Cabernet Franc Vinous: 93 Wine Spectator: 92 James Suckling: 92 Decanter: 94 Neal Martin: 93","og_url":"https:\/\/vinodeli.ee\/product\/2011_leoville_barton\/","og_site_name":"Vinodeli","article_modified_time":"2023-12-20T11:51:05+00:00","og_image":[{"width":1100,"height":1100,"url":"https:\/\/vinodeli.ee\/wp-content\/uploads\/2023\/11\/Chateau-Leoville-Barton-2.webp","type":"image\/webp"}],"twitter_card":"summary_large_image","twitter_misc":{"Est. reading time":"1 minute"},"schema":{"@context":"https:\/\/schema.org","@graph":[{"@type":"WebPage","@id":"https:\/\/vinodeli.ee\/product\/2011_leoville_barton\/","url":"https:\/\/vinodeli.ee\/product\/2011_leoville_barton\/","name":"Ch\u00e2teau L\u00e9oville Barton Saint-Julien AOC 2011 13% vol. - Vinodeli","isPartOf":{"@id":"https:\/\/vinodeli.ee\/#website"},"primaryImageOfPage":{"@id":"https:\/\/vinodeli.ee\/product\/2011_leoville_barton\/#primaryimage"},"image":{"@id":"https:\/\/vinodeli.ee\/product\/2011_leoville_barton\/#primaryimage"},"thumbnailUrl":"https:\/\/vinodeli.ee\/wp-content\/uploads\/2023\/11\/Chateau-Leoville-Barton-2.webp","datePublished":"2022-09-11T11:28:47+00:00","dateModified":"2023-12-20T11:51:05+00:00","breadcrumb":{"@id":"https:\/\/vinodeli.ee\/product\/2011_leoville_barton\/#breadcrumb"},"inLanguage":"en-US","potentialAction":[{"@type":"ReadAction","target":["https:\/\/vinodeli.ee\/product\/2011_leoville_barton\/"]}]},{"@type":"ImageObject","inLanguage":"en-US","@id":"https:\/\/vinodeli.ee\/product\/2011_leoville_barton\/#primaryimage","url":"https:\/\/vinodeli.ee\/wp-content\/uploads\/2023\/11\/Chateau-Leoville-Barton-2.webp","contentUrl":"https:\/\/vinodeli.ee\/wp-content\/uploads\/2023\/11\/Chateau-Leoville-Barton-2.webp","width":1100,"height":1100},{"@type":"BreadcrumbList","@id":"https:\/\/vinodeli.ee\/product\/2011_leoville_barton\/#breadcrumb","itemListElement":[{"@type":"ListItem","position":1,"name":"Home","item":"https:\/\/vinodeli.ee\/en\/"},{"@type":"ListItem","position":2,"name":"Shop","item":"https:\/\/vinodeli.ee\/pood\/"},{"@type":"ListItem","position":3,"name":"Ch\u00e2teau L\u00e9oville Barton Saint-Julien AOC 2011 13% vol."}]},{"@type":"WebSite","@id":"https:\/\/vinodeli.ee\/#website","url":"https:\/\/vinodeli.ee\/","name":"Vinodeli","description":"","publisher":{"@id":"https:\/\/vinodeli.ee\/#organization"},"potentialAction":[{"@type":"SearchAction","target":{"@type":"EntryPoint","urlTemplate":"https:\/\/vinodeli.ee\/?s={search_term_string}"},"query-input":{"@type":"PropertyValueSpecification","valueRequired":true,"valueName":"search_term_string"}}],"inLanguage":"en-US"},{"@type":"Organization","@id":"https:\/\/vinodeli.ee\/#organization","name":"Vinodeli O\u00dc","url":"https:\/\/vinodeli.ee\/","logo":{"@type":"ImageObject","inLanguage":"en-US","@id":"https:\/\/vinodeli.ee\/#\/schema\/logo\/image\/","url":"https:\/\/vinodeli.ee\/wp-content\/uploads\/2024\/02\/logo-winodeli-1.png","contentUrl":"https:\/\/vinodeli.ee\/wp-content\/uploads\/2024\/02\/logo-winodeli-1.png","width":1500,"height":1150,"caption":"Vinodeli O\u00dc"},"image":{"@id":"https:\/\/vinodeli.ee\/#\/schema\/logo\/image\/"}}]}},"_links":{"self":[{"href":"https:\/\/vinodeli.ee\/en\/wp-json\/wp\/v2\/product\/47382","targetHints":{"allow":["GET"]}}],"collection":[{"href":"https:\/\/vinodeli.ee\/en\/wp-json\/wp\/v2\/product"}],"about":[{"href":"https:\/\/vinodeli.ee\/en\/wp-json\/wp\/v2\/types\/product"}],"version-history":[{"count":0,"href":"https:\/\/vinodeli.ee\/en\/wp-json\/wp\/v2\/product\/47382\/revisions"}],"wp:featuredmedia":[{"embeddable":true,"href":"https:\/\/vinodeli.ee\/en\/wp-json\/wp\/v2\/media\/44653"}],"wp:attachment":[{"href":"https:\/\/vinodeli.ee\/en\/wp-json\/wp\/v2\/media?parent=47382"}],"wp:term":[{"taxonomy":"product_brand","embeddable":true,"href":"https:\/\/vinodeli.ee\/en\/wp-json\/wp\/v2\/product_brand?post=47382"},{"taxonomy":"product_cat","embeddable":true,"href":"https:\/\/vinodeli.ee\/en\/wp-json\/wp\/v2\/product_cat?post=47382"},{"taxonomy":"product_tag","embeddable":true,"href":"https:\/\/vinodeli.ee\/en\/wp-json\/wp\/v2\/product_tag?post=47382"}],"curies":[{"name":"wp","href":"https:\/\/api.w.org\/{rel}","templated":true}]}}