{"id":47493,"date":"2022-07-13T17:09:37","date_gmt":"2022-07-13T14:09:37","guid":{"rendered":"https:\/\/vinodeli.ee\/product\/chateauneuf-du-pape-hommage-a-maryline\/"},"modified":"2023-12-20T13:53:12","modified_gmt":"2023-12-20T11:53:12","slug":"chateauneuf-du-pape-hommage-a-maryline","status":"publish","type":"product","link":"https:\/\/vinodeli.ee\/en\/product\/chateauneuf-du-pape-hommage-a-maryline\/","title":{"rendered":"Guillaume Gonnet Hommage \u00e0 Maryline Ch\u00e2teauneuf du Pape AOC 2017 14.5% vol."},"content":{"rendered":"<blockquote>\n<h5>Owner and winemaker of his family\u2019s Ch\u00e2teauneuf du Pape estate since 2006, \u2018Guillaume Gonnet, Vigneron\u2019, was created by Guillaume and his Australian wife Kelly. Guillaume and Kelly have always been fascinated by the notion of \u201cterroir\u201d, most notably about how the Southern Rh\u00f4ne varieties express themselves in diverse terroir. Guillaume Gonnet wines are the realisation of their dream to explore the potential of Southern Rh\u00f4ne grape varieties in varing terroir in the South of France, and around the world.<\/h5>\n<\/blockquote>\n<h3>Winemaking<\/h3>\n<p>Round pebbles on the surface, red clay soil, 2500 vines\/ha. 100 years old vines. Grapes are hand picked. Vinification in wooden and concrete vats. 50% to 100% stalk removed. 30 days fermentation and maceration, natural yeast.<\/p>\n<h3>Tasting notes<\/h3>\n<p>A bouquet of ripe fruits, morello cherries, blackcurrants, blackberries, licorice, bay leaves, thyme and rosemary, oriental spices and hints of dark chocolate. This wine will evolve beautifully in the glass or would benefit from decanting. A fine wine with a great aging potential.<\/p>\n<h3>Pairing recommendation<\/h3>\n<p>Slow roasted, French trimmed rack of lamb served with herb and cream patato bake, duck breast stuffed with sugared almonds, drizzled with a cranberry glaze accompanied by steamed baby potatoes. Hard, aged cheeses such as Comt\u00e9 or Beaufort.<\/p>\n","protected":false},"excerpt":{"rendered":"<blockquote>\n<h4>Grape varieties:70% Grenache, 20% Syrah ,8% Mouv\u00e8dre and 2% Counoise<\/h4>\n<\/blockquote>\n","protected":false},"featured_media":45000,"template":"","meta":{"_acf_changed":false},"product_brand":[],"product_cat":[19462],"product_tag":[],"class_list":{"0":"post-47493","1":"product","2":"type-product","3":"status-publish","4":"has-post-thumbnail","6":"product_cat-red-wine","8":"first","9":"instock","10":"downloadable","11":"taxable","12":"shipping-taxable","13":"purchasable","14":"product-type-simple"},"acf":[],"yoast_head":"<!-- This site is optimized with the Yoast SEO plugin v25.7 - https:\/\/yoast.com\/wordpress\/plugins\/seo\/ -->\n<title>Guillaume Gonnet Hommage \u00e0 Maryline Ch\u00e2teauneuf du Pape AOC 2017 14.5% vol. - Vinodeli<\/title>\n<meta name=\"robots\" content=\"index, follow, max-snippet:-1, max-image-preview:large, max-video-preview:-1\" \/>\n<link rel=\"canonical\" href=\"https:\/\/vinodeli.ee\/en\/product\/chateauneuf-du-pape-hommage-a-maryline\/\" \/>\n<meta property=\"og:locale\" content=\"en_US\" \/>\n<meta property=\"og:type\" content=\"article\" \/>\n<meta property=\"og:title\" content=\"Guillaume Gonnet Hommage \u00e0 Maryline Ch\u00e2teauneuf du Pape AOC 2017 14.5% vol. - Vinodeli\" \/>\n<meta property=\"og:description\" content=\"Grape varieties:70% Grenache, 20% Syrah ,8% Mouv\u00e8dre and 2% Counoise\" \/>\n<meta property=\"og:url\" content=\"https:\/\/vinodeli.ee\/en\/product\/chateauneuf-du-pape-hommage-a-maryline\/\" \/>\n<meta property=\"og:site_name\" content=\"Vinodeli\" \/>\n<meta property=\"article:modified_time\" content=\"2023-12-20T11:53:12+00:00\" \/>\n<meta property=\"og:image\" content=\"https:\/\/vinodeli.ee\/wp-content\/uploads\/2023\/11\/hommage-a-maryline-chateauneuf-du-pape-jpg-2.webp\" \/>\n\t<meta property=\"og:image:width\" content=\"960\" \/>\n\t<meta property=\"og:image:height\" content=\"960\" \/>\n\t<meta property=\"og:image:type\" content=\"image\/webp\" \/>\n<meta name=\"twitter:card\" content=\"summary_large_image\" \/>\n<meta name=\"twitter:label1\" content=\"Est. reading time\" \/>\n\t<meta name=\"twitter:data1\" content=\"1 minute\" \/>\n<script type=\"application\/ld+json\" class=\"yoast-schema-graph\">{\"@context\":\"https:\/\/schema.org\",\"@graph\":[{\"@type\":\"WebPage\",\"@id\":\"https:\/\/vinodeli.ee\/en\/product\/chateauneuf-du-pape-hommage-a-maryline\/\",\"url\":\"https:\/\/vinodeli.ee\/en\/product\/chateauneuf-du-pape-hommage-a-maryline\/\",\"name\":\"Guillaume Gonnet Hommage \u00e0 Maryline Ch\u00e2teauneuf du Pape AOC 2017 14.5% vol. - Vinodeli\",\"isPartOf\":{\"@id\":\"https:\/\/vinodeli.ee\/#website\"},\"primaryImageOfPage\":{\"@id\":\"https:\/\/vinodeli.ee\/en\/product\/chateauneuf-du-pape-hommage-a-maryline\/#primaryimage\"},\"image\":{\"@id\":\"https:\/\/vinodeli.ee\/en\/product\/chateauneuf-du-pape-hommage-a-maryline\/#primaryimage\"},\"thumbnailUrl\":\"https:\/\/vinodeli.ee\/wp-content\/uploads\/2023\/11\/hommage-a-maryline-chateauneuf-du-pape-jpg-2.webp\",\"datePublished\":\"2022-07-13T14:09:37+00:00\",\"dateModified\":\"2023-12-20T11:53:12+00:00\",\"breadcrumb\":{\"@id\":\"https:\/\/vinodeli.ee\/en\/product\/chateauneuf-du-pape-hommage-a-maryline\/#breadcrumb\"},\"inLanguage\":\"en-US\",\"potentialAction\":[{\"@type\":\"ReadAction\",\"target\":[\"https:\/\/vinodeli.ee\/en\/product\/chateauneuf-du-pape-hommage-a-maryline\/\"]}]},{\"@type\":\"ImageObject\",\"inLanguage\":\"en-US\",\"@id\":\"https:\/\/vinodeli.ee\/en\/product\/chateauneuf-du-pape-hommage-a-maryline\/#primaryimage\",\"url\":\"https:\/\/vinodeli.ee\/wp-content\/uploads\/2023\/11\/hommage-a-maryline-chateauneuf-du-pape-jpg-2.webp\",\"contentUrl\":\"https:\/\/vinodeli.ee\/wp-content\/uploads\/2023\/11\/hommage-a-maryline-chateauneuf-du-pape-jpg-2.webp\",\"width\":960,\"height\":960},{\"@type\":\"BreadcrumbList\",\"@id\":\"https:\/\/vinodeli.ee\/en\/product\/chateauneuf-du-pape-hommage-a-maryline\/#breadcrumb\",\"itemListElement\":[{\"@type\":\"ListItem\",\"position\":1,\"name\":\"Home\",\"item\":\"https:\/\/vinodeli.ee\/en\/\"},{\"@type\":\"ListItem\",\"position\":2,\"name\":\"Shop\",\"item\":\"https:\/\/vinodeli.ee\/pood\/\"},{\"@type\":\"ListItem\",\"position\":3,\"name\":\"Guillaume Gonnet Hommage \u00e0 Maryline Ch\u00e2teauneuf du Pape AOC 2017 14.5% vol.\"}]},{\"@type\":\"WebSite\",\"@id\":\"https:\/\/vinodeli.ee\/#website\",\"url\":\"https:\/\/vinodeli.ee\/\",\"name\":\"Vinodeli\",\"description\":\"\",\"publisher\":{\"@id\":\"https:\/\/vinodeli.ee\/#organization\"},\"potentialAction\":[{\"@type\":\"SearchAction\",\"target\":{\"@type\":\"EntryPoint\",\"urlTemplate\":\"https:\/\/vinodeli.ee\/?s={search_term_string}\"},\"query-input\":{\"@type\":\"PropertyValueSpecification\",\"valueRequired\":true,\"valueName\":\"search_term_string\"}}],\"inLanguage\":\"en-US\"},{\"@type\":\"Organization\",\"@id\":\"https:\/\/vinodeli.ee\/#organization\",\"name\":\"Vinodeli O\u00dc\",\"url\":\"https:\/\/vinodeli.ee\/\",\"logo\":{\"@type\":\"ImageObject\",\"inLanguage\":\"en-US\",\"@id\":\"https:\/\/vinodeli.ee\/#\/schema\/logo\/image\/\",\"url\":\"https:\/\/vinodeli.ee\/wp-content\/uploads\/2024\/02\/logo-winodeli-1.png\",\"contentUrl\":\"https:\/\/vinodeli.ee\/wp-content\/uploads\/2024\/02\/logo-winodeli-1.png\",\"width\":1500,\"height\":1150,\"caption\":\"Vinodeli O\u00dc\"},\"image\":{\"@id\":\"https:\/\/vinodeli.ee\/#\/schema\/logo\/image\/\"}}]}<\/script>\n<!-- \/ Yoast SEO plugin. -->","yoast_head_json":{"title":"Guillaume Gonnet Hommage \u00e0 Maryline Ch\u00e2teauneuf du Pape AOC 2017 14.5% vol. - Vinodeli","robots":{"index":"index","follow":"follow","max-snippet":"max-snippet:-1","max-image-preview":"max-image-preview:large","max-video-preview":"max-video-preview:-1"},"canonical":"https:\/\/vinodeli.ee\/en\/product\/chateauneuf-du-pape-hommage-a-maryline\/","og_locale":"en_US","og_type":"article","og_title":"Guillaume Gonnet Hommage \u00e0 Maryline Ch\u00e2teauneuf du Pape AOC 2017 14.5% vol. - Vinodeli","og_description":"Grape varieties:70% Grenache, 20% Syrah ,8% Mouv\u00e8dre and 2% Counoise","og_url":"https:\/\/vinodeli.ee\/en\/product\/chateauneuf-du-pape-hommage-a-maryline\/","og_site_name":"Vinodeli","article_modified_time":"2023-12-20T11:53:12+00:00","og_image":[{"width":960,"height":960,"url":"https:\/\/vinodeli.ee\/wp-content\/uploads\/2023\/11\/hommage-a-maryline-chateauneuf-du-pape-jpg-2.webp","type":"image\/webp"}],"twitter_card":"summary_large_image","twitter_misc":{"Est. reading time":"1 minute"},"schema":{"@context":"https:\/\/schema.org","@graph":[{"@type":"WebPage","@id":"https:\/\/vinodeli.ee\/en\/product\/chateauneuf-du-pape-hommage-a-maryline\/","url":"https:\/\/vinodeli.ee\/en\/product\/chateauneuf-du-pape-hommage-a-maryline\/","name":"Guillaume Gonnet Hommage \u00e0 Maryline Ch\u00e2teauneuf du Pape AOC 2017 14.5% vol. - Vinodeli","isPartOf":{"@id":"https:\/\/vinodeli.ee\/#website"},"primaryImageOfPage":{"@id":"https:\/\/vinodeli.ee\/en\/product\/chateauneuf-du-pape-hommage-a-maryline\/#primaryimage"},"image":{"@id":"https:\/\/vinodeli.ee\/en\/product\/chateauneuf-du-pape-hommage-a-maryline\/#primaryimage"},"thumbnailUrl":"https:\/\/vinodeli.ee\/wp-content\/uploads\/2023\/11\/hommage-a-maryline-chateauneuf-du-pape-jpg-2.webp","datePublished":"2022-07-13T14:09:37+00:00","dateModified":"2023-12-20T11:53:12+00:00","breadcrumb":{"@id":"https:\/\/vinodeli.ee\/en\/product\/chateauneuf-du-pape-hommage-a-maryline\/#breadcrumb"},"inLanguage":"en-US","potentialAction":[{"@type":"ReadAction","target":["https:\/\/vinodeli.ee\/en\/product\/chateauneuf-du-pape-hommage-a-maryline\/"]}]},{"@type":"ImageObject","inLanguage":"en-US","@id":"https:\/\/vinodeli.ee\/en\/product\/chateauneuf-du-pape-hommage-a-maryline\/#primaryimage","url":"https:\/\/vinodeli.ee\/wp-content\/uploads\/2023\/11\/hommage-a-maryline-chateauneuf-du-pape-jpg-2.webp","contentUrl":"https:\/\/vinodeli.ee\/wp-content\/uploads\/2023\/11\/hommage-a-maryline-chateauneuf-du-pape-jpg-2.webp","width":960,"height":960},{"@type":"BreadcrumbList","@id":"https:\/\/vinodeli.ee\/en\/product\/chateauneuf-du-pape-hommage-a-maryline\/#breadcrumb","itemListElement":[{"@type":"ListItem","position":1,"name":"Home","item":"https:\/\/vinodeli.ee\/en\/"},{"@type":"ListItem","position":2,"name":"Shop","item":"https:\/\/vinodeli.ee\/pood\/"},{"@type":"ListItem","position":3,"name":"Guillaume Gonnet Hommage \u00e0 Maryline Ch\u00e2teauneuf du Pape AOC 2017 14.5% vol."}]},{"@type":"WebSite","@id":"https:\/\/vinodeli.ee\/#website","url":"https:\/\/vinodeli.ee\/","name":"Vinodeli","description":"","publisher":{"@id":"https:\/\/vinodeli.ee\/#organization"},"potentialAction":[{"@type":"SearchAction","target":{"@type":"EntryPoint","urlTemplate":"https:\/\/vinodeli.ee\/?s={search_term_string}"},"query-input":{"@type":"PropertyValueSpecification","valueRequired":true,"valueName":"search_term_string"}}],"inLanguage":"en-US"},{"@type":"Organization","@id":"https:\/\/vinodeli.ee\/#organization","name":"Vinodeli O\u00dc","url":"https:\/\/vinodeli.ee\/","logo":{"@type":"ImageObject","inLanguage":"en-US","@id":"https:\/\/vinodeli.ee\/#\/schema\/logo\/image\/","url":"https:\/\/vinodeli.ee\/wp-content\/uploads\/2024\/02\/logo-winodeli-1.png","contentUrl":"https:\/\/vinodeli.ee\/wp-content\/uploads\/2024\/02\/logo-winodeli-1.png","width":1500,"height":1150,"caption":"Vinodeli O\u00dc"},"image":{"@id":"https:\/\/vinodeli.ee\/#\/schema\/logo\/image\/"}}]}},"_links":{"self":[{"href":"https:\/\/vinodeli.ee\/en\/wp-json\/wp\/v2\/product\/47493","targetHints":{"allow":["GET"]}}],"collection":[{"href":"https:\/\/vinodeli.ee\/en\/wp-json\/wp\/v2\/product"}],"about":[{"href":"https:\/\/vinodeli.ee\/en\/wp-json\/wp\/v2\/types\/product"}],"version-history":[{"count":0,"href":"https:\/\/vinodeli.ee\/en\/wp-json\/wp\/v2\/product\/47493\/revisions"}],"wp:featuredmedia":[{"embeddable":true,"href":"https:\/\/vinodeli.ee\/en\/wp-json\/wp\/v2\/media\/45000"}],"wp:attachment":[{"href":"https:\/\/vinodeli.ee\/en\/wp-json\/wp\/v2\/media?parent=47493"}],"wp:term":[{"taxonomy":"product_brand","embeddable":true,"href":"https:\/\/vinodeli.ee\/en\/wp-json\/wp\/v2\/product_brand?post=47493"},{"taxonomy":"product_cat","embeddable":true,"href":"https:\/\/vinodeli.ee\/en\/wp-json\/wp\/v2\/product_cat?post=47493"},{"taxonomy":"product_tag","embeddable":true,"href":"https:\/\/vinodeli.ee\/en\/wp-json\/wp\/v2\/product_tag?post=47493"}],"curies":[{"name":"wp","href":"https:\/\/api.w.org\/{rel}","templated":true}]}}