{"id":47497,"date":"2022-07-13T13:20:42","date_gmt":"2022-07-13T10:20:42","guid":{"rendered":"https:\/\/vinodeli.ee\/product\/oraculo-hammeken\/"},"modified":"2023-12-20T13:53:15","modified_gmt":"2023-12-20T11:53:15","slug":"oraculo-hammeken","status":"publish","type":"product","link":"https:\/\/vinodeli.ee\/en\/product\/oraculo-hammeken\/","title":{"rendered":"Or\u00e1culo DO Ribera del Duero 2019 14.5% vol."},"content":{"rendered":"<blockquote>\n<h5>In 1996, Nicholas Hammeken, who already had experience in marketing and selling wine in various European countries, opened his own business. At first, the company was just selling and reselling wines from other wineries, but then, in 2001, they had their first own line of wines. The company follows the latest global trends in order to produce wine of very good quality and at a relatively inexpensive price from local Spanish grape varieties.<\/h5>\n<\/blockquote>\n<h3>Winemaking<\/h3>\n<p>A storyteller, Or\u00e1culo, from whose lips the wine gods speak&#8230;. in its bosom lays the ancient history of 80 year old vines. Tinta del Pa\u00eds vines, touched by good fortune, are pure joy for your senses. Perched on one of the highest points of Ribera del Duero, their grapes tell the story of master oenologists. Or\u00e1culo is the one and only truth.Extremely continental and rather harsh climate. Old vines between 80 and 120 years old. Vineyard of Pe\u00f1aranda del Duero and the surrounding area. Cold maceration at a temperature of 5\u00baC for 72h. 25-day fermentation at 26-28\u00baC. Aged for 24 months in 100% new french oak barrels of 500L.<\/p>\n<h3>Tasting notes<\/h3>\n<p>Deep ruby red, with intense aromas reminiscent of ripe black cherries, delicate toasted oak, cigar box, savoury game, tobacco and Asian spices. On the palate is dense, layered and succulent. This wine is well balanced with lots of soft velvety tannins, intense extract, and it has a long lingering finish.<\/p>\n","protected":false},"excerpt":{"rendered":"<blockquote>\n<h4>Grape variety:100% Tinta del Pa\u00eds (Tempranillo)<\/h4>\n<\/blockquote>\n<ul>\n<li><strong>Mundus Vini (2019) \u2014 Gold<\/strong><\/li>\n<li><strong>Bacchus (2019) \u2014 Gold<\/strong><\/li>\n<li><strong>Wine Enthusiast (2019) \u2014 90 points<\/strong><\/li>\n<li>\n<div class=\"galardon\">Decanter (2015) \u2014 96 points<\/div>\n<\/li>\n<li>\n<div class=\"galardon\">Gu\u00eda Pe\u00f1\u00edn (2015) \u2014 91 points<\/div>\n<\/li>\n<li>\n<div class=\"galardon\">Gu\u00eda Pe\u00f1\u00edn (2010) \u2014 91 points<\/div>\n<\/li>\n<li>\n<div class=\"galardon\">Wine Spectator (2010) \u2014 93 points<\/div>\n<\/li>\n<li>\n<div class=\"galardon\">Tempranillo al Mundo (2010) \u2014 GOLD<\/div>\n<\/li>\n<li>\n<div class=\"galardon\">Wine Spectator (2009)\u00a0 \u2014 93 points<\/div>\n<\/li>\n<li>\n<div class=\"galardon\">Wine &#038; Spirits (2009) \u2014 93 points<\/div>\n<\/li>\n<li>\n<div class=\"galardon\">Vinous &#8211; Josh Raynolds (2009)\u2014 93 points<\/div>\n<\/li>\n<li>\n<div class=\"galardon\">Selection Mondiales des Vins (2009) \u2014 GOLD<\/div>\n<\/li>\n<li>\n<div class=\"galardon\">ECMR Global Wine, Beer &#038; Spirits EPPS Grand Tasting (2009) \u2014 2nd place<\/div>\n<\/li>\n<\/ul>\n","protected":false},"featured_media":45012,"template":"","meta":{"_acf_changed":false},"product_brand":[],"product_cat":[19462],"product_tag":[],"class_list":{"0":"post-47497","1":"product","2":"type-product","3":"status-publish","4":"has-post-thumbnail","6":"product_cat-red-wine","8":"first","9":"instock","10":"downloadable","11":"taxable","12":"shipping-taxable","13":"purchasable","14":"product-type-simple"},"acf":[],"yoast_head":"<!-- This site is optimized with the Yoast SEO plugin v25.7 - https:\/\/yoast.com\/wordpress\/plugins\/seo\/ -->\n<title>Or\u00e1culo DO Ribera del Duero 2019 14.5% vol. - Vinodeli<\/title>\n<meta name=\"robots\" content=\"index, follow, max-snippet:-1, max-image-preview:large, max-video-preview:-1\" \/>\n<link rel=\"canonical\" href=\"https:\/\/vinodeli.ee\/en\/product\/oraculo-hammeken\/\" \/>\n<meta property=\"og:locale\" content=\"en_US\" \/>\n<meta property=\"og:type\" content=\"article\" \/>\n<meta property=\"og:title\" content=\"Or\u00e1culo DO Ribera del Duero 2019 14.5% vol. - Vinodeli\" \/>\n<meta property=\"og:description\" content=\"Grape variety:100% Tinta del Pa\u00eds (Tempranillo) Mundus Vini (2019) \u2014 Gold Bacchus (2019) \u2014 Gold Wine Enthusiast (2019) \u2014 90 points Decanter (2015) \u2014 96 points Gu\u00eda Pe\u00f1\u00edn (2015) \u2014 91 points Gu\u00eda Pe\u00f1\u00edn (2010) \u2014 91 points Wine Spectator (2010) \u2014 93 points Tempranillo al Mundo (2010) \u2014 GOLD Wine Spectator (2009)\u00a0 \u2014 93 points Wine &amp; Spirits (2009) \u2014 93 points Vinous - Josh Raynolds (2009)\u2014 93 points Selection Mondiales des Vins (2009) \u2014 GOLD ECMR Global Wine, Beer &amp; Spirits EPPS Grand Tasting (2009) \u2014 2nd place\" \/>\n<meta property=\"og:url\" content=\"https:\/\/vinodeli.ee\/en\/product\/oraculo-hammeken\/\" \/>\n<meta property=\"og:site_name\" content=\"Vinodeli\" \/>\n<meta property=\"article:modified_time\" content=\"2023-12-20T11:53:15+00:00\" \/>\n<meta property=\"og:image\" content=\"https:\/\/vinodeli.ee\/wp-content\/uploads\/2023\/11\/oraculo-scaled-1-jpg-2.webp\" \/>\n\t<meta property=\"og:image:width\" content=\"2560\" \/>\n\t<meta property=\"og:image:height\" content=\"2560\" \/>\n\t<meta property=\"og:image:type\" content=\"image\/webp\" \/>\n<meta name=\"twitter:card\" content=\"summary_large_image\" \/>\n<meta name=\"twitter:label1\" content=\"Est. reading time\" \/>\n\t<meta name=\"twitter:data1\" content=\"1 minute\" \/>\n<script type=\"application\/ld+json\" class=\"yoast-schema-graph\">{\"@context\":\"https:\/\/schema.org\",\"@graph\":[{\"@type\":\"WebPage\",\"@id\":\"https:\/\/vinodeli.ee\/en\/product\/oraculo-hammeken\/\",\"url\":\"https:\/\/vinodeli.ee\/en\/product\/oraculo-hammeken\/\",\"name\":\"Or\u00e1culo DO Ribera del Duero 2019 14.5% vol. - Vinodeli\",\"isPartOf\":{\"@id\":\"https:\/\/vinodeli.ee\/#website\"},\"primaryImageOfPage\":{\"@id\":\"https:\/\/vinodeli.ee\/en\/product\/oraculo-hammeken\/#primaryimage\"},\"image\":{\"@id\":\"https:\/\/vinodeli.ee\/en\/product\/oraculo-hammeken\/#primaryimage\"},\"thumbnailUrl\":\"https:\/\/vinodeli.ee\/wp-content\/uploads\/2023\/11\/oraculo-scaled-1-jpg-2.webp\",\"datePublished\":\"2022-07-13T10:20:42+00:00\",\"dateModified\":\"2023-12-20T11:53:15+00:00\",\"breadcrumb\":{\"@id\":\"https:\/\/vinodeli.ee\/en\/product\/oraculo-hammeken\/#breadcrumb\"},\"inLanguage\":\"en-US\",\"potentialAction\":[{\"@type\":\"ReadAction\",\"target\":[\"https:\/\/vinodeli.ee\/en\/product\/oraculo-hammeken\/\"]}]},{\"@type\":\"ImageObject\",\"inLanguage\":\"en-US\",\"@id\":\"https:\/\/vinodeli.ee\/en\/product\/oraculo-hammeken\/#primaryimage\",\"url\":\"https:\/\/vinodeli.ee\/wp-content\/uploads\/2023\/11\/oraculo-scaled-1-jpg-2.webp\",\"contentUrl\":\"https:\/\/vinodeli.ee\/wp-content\/uploads\/2023\/11\/oraculo-scaled-1-jpg-2.webp\",\"width\":2560,\"height\":2560},{\"@type\":\"BreadcrumbList\",\"@id\":\"https:\/\/vinodeli.ee\/en\/product\/oraculo-hammeken\/#breadcrumb\",\"itemListElement\":[{\"@type\":\"ListItem\",\"position\":1,\"name\":\"Home\",\"item\":\"https:\/\/vinodeli.ee\/en\/\"},{\"@type\":\"ListItem\",\"position\":2,\"name\":\"Shop\",\"item\":\"https:\/\/vinodeli.ee\/pood\/\"},{\"@type\":\"ListItem\",\"position\":3,\"name\":\"Or\u00e1culo DO Ribera del Duero 2019 14.5% vol.\"}]},{\"@type\":\"WebSite\",\"@id\":\"https:\/\/vinodeli.ee\/#website\",\"url\":\"https:\/\/vinodeli.ee\/\",\"name\":\"Vinodeli\",\"description\":\"\",\"publisher\":{\"@id\":\"https:\/\/vinodeli.ee\/#organization\"},\"potentialAction\":[{\"@type\":\"SearchAction\",\"target\":{\"@type\":\"EntryPoint\",\"urlTemplate\":\"https:\/\/vinodeli.ee\/?s={search_term_string}\"},\"query-input\":{\"@type\":\"PropertyValueSpecification\",\"valueRequired\":true,\"valueName\":\"search_term_string\"}}],\"inLanguage\":\"en-US\"},{\"@type\":\"Organization\",\"@id\":\"https:\/\/vinodeli.ee\/#organization\",\"name\":\"Vinodeli O\u00dc\",\"url\":\"https:\/\/vinodeli.ee\/\",\"logo\":{\"@type\":\"ImageObject\",\"inLanguage\":\"en-US\",\"@id\":\"https:\/\/vinodeli.ee\/#\/schema\/logo\/image\/\",\"url\":\"https:\/\/vinodeli.ee\/wp-content\/uploads\/2024\/02\/logo-winodeli-1.png\",\"contentUrl\":\"https:\/\/vinodeli.ee\/wp-content\/uploads\/2024\/02\/logo-winodeli-1.png\",\"width\":1500,\"height\":1150,\"caption\":\"Vinodeli O\u00dc\"},\"image\":{\"@id\":\"https:\/\/vinodeli.ee\/#\/schema\/logo\/image\/\"}}]}<\/script>\n<!-- \/ Yoast SEO plugin. -->","yoast_head_json":{"title":"Or\u00e1culo DO Ribera del Duero 2019 14.5% vol. - Vinodeli","robots":{"index":"index","follow":"follow","max-snippet":"max-snippet:-1","max-image-preview":"max-image-preview:large","max-video-preview":"max-video-preview:-1"},"canonical":"https:\/\/vinodeli.ee\/en\/product\/oraculo-hammeken\/","og_locale":"en_US","og_type":"article","og_title":"Or\u00e1culo DO Ribera del Duero 2019 14.5% vol. - Vinodeli","og_description":"Grape variety:100% Tinta del Pa\u00eds (Tempranillo) Mundus Vini (2019) \u2014 Gold Bacchus (2019) \u2014 Gold Wine Enthusiast (2019) \u2014 90 points Decanter (2015) \u2014 96 points Gu\u00eda Pe\u00f1\u00edn (2015) \u2014 91 points Gu\u00eda Pe\u00f1\u00edn (2010) \u2014 91 points Wine Spectator (2010) \u2014 93 points Tempranillo al Mundo (2010) \u2014 GOLD Wine Spectator (2009)\u00a0 \u2014 93 points Wine & Spirits (2009) \u2014 93 points Vinous - Josh Raynolds (2009)\u2014 93 points Selection Mondiales des Vins (2009) \u2014 GOLD ECMR Global Wine, Beer & Spirits EPPS Grand Tasting (2009) \u2014 2nd place","og_url":"https:\/\/vinodeli.ee\/en\/product\/oraculo-hammeken\/","og_site_name":"Vinodeli","article_modified_time":"2023-12-20T11:53:15+00:00","og_image":[{"width":2560,"height":2560,"url":"https:\/\/vinodeli.ee\/wp-content\/uploads\/2023\/11\/oraculo-scaled-1-jpg-2.webp","type":"image\/webp"}],"twitter_card":"summary_large_image","twitter_misc":{"Est. reading time":"1 minute"},"schema":{"@context":"https:\/\/schema.org","@graph":[{"@type":"WebPage","@id":"https:\/\/vinodeli.ee\/en\/product\/oraculo-hammeken\/","url":"https:\/\/vinodeli.ee\/en\/product\/oraculo-hammeken\/","name":"Or\u00e1culo DO Ribera del Duero 2019 14.5% vol. - Vinodeli","isPartOf":{"@id":"https:\/\/vinodeli.ee\/#website"},"primaryImageOfPage":{"@id":"https:\/\/vinodeli.ee\/en\/product\/oraculo-hammeken\/#primaryimage"},"image":{"@id":"https:\/\/vinodeli.ee\/en\/product\/oraculo-hammeken\/#primaryimage"},"thumbnailUrl":"https:\/\/vinodeli.ee\/wp-content\/uploads\/2023\/11\/oraculo-scaled-1-jpg-2.webp","datePublished":"2022-07-13T10:20:42+00:00","dateModified":"2023-12-20T11:53:15+00:00","breadcrumb":{"@id":"https:\/\/vinodeli.ee\/en\/product\/oraculo-hammeken\/#breadcrumb"},"inLanguage":"en-US","potentialAction":[{"@type":"ReadAction","target":["https:\/\/vinodeli.ee\/en\/product\/oraculo-hammeken\/"]}]},{"@type":"ImageObject","inLanguage":"en-US","@id":"https:\/\/vinodeli.ee\/en\/product\/oraculo-hammeken\/#primaryimage","url":"https:\/\/vinodeli.ee\/wp-content\/uploads\/2023\/11\/oraculo-scaled-1-jpg-2.webp","contentUrl":"https:\/\/vinodeli.ee\/wp-content\/uploads\/2023\/11\/oraculo-scaled-1-jpg-2.webp","width":2560,"height":2560},{"@type":"BreadcrumbList","@id":"https:\/\/vinodeli.ee\/en\/product\/oraculo-hammeken\/#breadcrumb","itemListElement":[{"@type":"ListItem","position":1,"name":"Home","item":"https:\/\/vinodeli.ee\/en\/"},{"@type":"ListItem","position":2,"name":"Shop","item":"https:\/\/vinodeli.ee\/pood\/"},{"@type":"ListItem","position":3,"name":"Or\u00e1culo DO Ribera del Duero 2019 14.5% vol."}]},{"@type":"WebSite","@id":"https:\/\/vinodeli.ee\/#website","url":"https:\/\/vinodeli.ee\/","name":"Vinodeli","description":"","publisher":{"@id":"https:\/\/vinodeli.ee\/#organization"},"potentialAction":[{"@type":"SearchAction","target":{"@type":"EntryPoint","urlTemplate":"https:\/\/vinodeli.ee\/?s={search_term_string}"},"query-input":{"@type":"PropertyValueSpecification","valueRequired":true,"valueName":"search_term_string"}}],"inLanguage":"en-US"},{"@type":"Organization","@id":"https:\/\/vinodeli.ee\/#organization","name":"Vinodeli O\u00dc","url":"https:\/\/vinodeli.ee\/","logo":{"@type":"ImageObject","inLanguage":"en-US","@id":"https:\/\/vinodeli.ee\/#\/schema\/logo\/image\/","url":"https:\/\/vinodeli.ee\/wp-content\/uploads\/2024\/02\/logo-winodeli-1.png","contentUrl":"https:\/\/vinodeli.ee\/wp-content\/uploads\/2024\/02\/logo-winodeli-1.png","width":1500,"height":1150,"caption":"Vinodeli O\u00dc"},"image":{"@id":"https:\/\/vinodeli.ee\/#\/schema\/logo\/image\/"}}]}},"_links":{"self":[{"href":"https:\/\/vinodeli.ee\/en\/wp-json\/wp\/v2\/product\/47497","targetHints":{"allow":["GET"]}}],"collection":[{"href":"https:\/\/vinodeli.ee\/en\/wp-json\/wp\/v2\/product"}],"about":[{"href":"https:\/\/vinodeli.ee\/en\/wp-json\/wp\/v2\/types\/product"}],"version-history":[{"count":0,"href":"https:\/\/vinodeli.ee\/en\/wp-json\/wp\/v2\/product\/47497\/revisions"}],"wp:featuredmedia":[{"embeddable":true,"href":"https:\/\/vinodeli.ee\/en\/wp-json\/wp\/v2\/media\/45012"}],"wp:attachment":[{"href":"https:\/\/vinodeli.ee\/en\/wp-json\/wp\/v2\/media?parent=47497"}],"wp:term":[{"taxonomy":"product_brand","embeddable":true,"href":"https:\/\/vinodeli.ee\/en\/wp-json\/wp\/v2\/product_brand?post=47497"},{"taxonomy":"product_cat","embeddable":true,"href":"https:\/\/vinodeli.ee\/en\/wp-json\/wp\/v2\/product_cat?post=47497"},{"taxonomy":"product_tag","embeddable":true,"href":"https:\/\/vinodeli.ee\/en\/wp-json\/wp\/v2\/product_tag?post=47497"}],"curies":[{"name":"wp","href":"https:\/\/api.w.org\/{rel}","templated":true}]}}