{"id":47521,"date":"2022-05-28T21:28:51","date_gmt":"2022-05-28T18:28:51","guid":{"rendered":"https:\/\/vinodeli.ee\/product\/clos-de-gallur-vicente-gandia\/"},"modified":"2023-12-20T13:53:48","modified_gmt":"2023-12-20T11:53:48","slug":"clos-de-gallur-vicente-gandia","status":"publish","type":"product","link":"https:\/\/vinodeli.ee\/en\/product\/clos-de-gallur-vicente-gandia\/","title":{"rendered":"Vicente Gand\u00eda Clos de Gallur 2019 14% vol."},"content":{"rendered":"<blockquote>\n<h5>Vicente Gandia is a winery since 1885 and with a Mediterranean character. Due to the innovative character that has always characterized their winery and after many years of experience in the sector exporting wines, they wanted to go a step further and in 1971 they were the first Valencian winery to market bottled wine under their Castillo de Liria brand, which almost fifty years later still remains one of their most iconic brands. Today, they have a presence in 90 countries on 5 continents, they are the largest winery in the Valencian Community. In addition, in 2014 they were awarded as the best Spanish winery by the prestigious AWC Vienna international competition. That same year, the World Association of Wine and Spirits Writers and Journalists included them in its ranking of the 50 best wineries in the world. In 2018, the European Council of Enogastronomical Brotherhoods (CEUCO) awarded the \u201cAurum Europa Excellente\u201d award to Vicente Gand\u00eda as \u201cBest European Winery\u201d.<\/h5>\n<\/blockquote>\n<h3>Winemaking<\/h3>\n<p>The Clos de Gallur finca is located in the municipality of Caudete, at an altitude of 600 m above sea level, and is located within the innermost areas of the so-called &#8220;Valencian Tuscany&#8221; where rainfall is even scarcer, producing wines of unusual concentration. The municipality of Caudete currently belongs to the province of Albacete, but historically it belonged to the Kingdom of Valencia. After the War of Succession of 1707, Caudete was declared a rebel and was annexed to the Crown of Castile. Due to its location within the &#8220;Vall dels Alforins&#8221; and its historical character, the Finca Casa Gallur is an exception payment where it is allowed to produce wines of the Valencia Protected Designation of Origin.Very arid limestone soils. Continental climate with Mediterranean influence, strictly dry land and wide temperature range.Aging for 1 year in new barrels and those of a single use, French oak from the Allier forests, fine-grained, medium toasted and dried for more than 48 months. Some special barrels that give Clos de Gallur an extraordinary delicacy and complexity. Subsequently, it continues to evolve for another year in the bottle.<\/p>\n<h3>Tasting notes<\/h3>\n<p>It stands out for its ruby red with reflections of the same color. High intensity of ripe red fruit with excellent complexity and delicate hints of new oak wood. Fleshy, with very polished tannins. Round, elegant and with a very long finish.<em>Serving temperature: 16\u00b0 \u2014 18\u00b0C<\/em><\/p>\n<h3>Pairing recommendation<\/h3>\n<p>This fantastic wine deserves to be enjoyed with haute cuisine made with the best quality products.<\/p>\n","protected":false},"excerpt":{"rendered":"<blockquote>\n<h4>Grape varieties:Cabernet Sauvignon, Shiraz, Tempranillo<\/h4>\n<\/blockquote>\n<ul>\n<li>Gu\u00eda Pe\u00f1\u00edn: 92 points<\/li>\n<li>Robert Parker Wine Advocate: 90 points<\/li>\n<li>Berliner Wein Trophy: Gold<\/li>\n<li>Gu\u00eda ADN Verema: 94 points<\/li>\n<li>Asia Wine Trophy: Gold<\/li>\n<li>Gu\u00eda La Semana Vitivinicola: 97 points<\/li>\n<\/ul>\n","protected":false},"featured_media":45084,"template":"","meta":{"_acf_changed":false},"product_brand":[],"product_cat":[19462],"product_tag":[],"class_list":{"0":"post-47521","1":"product","2":"type-product","3":"status-publish","4":"has-post-thumbnail","6":"product_cat-red-wine","8":"first","9":"instock","10":"downloadable","11":"taxable","12":"shipping-taxable","13":"purchasable","14":"product-type-simple"},"acf":[],"yoast_head":"<!-- This site is optimized with the Yoast SEO plugin v25.7 - https:\/\/yoast.com\/wordpress\/plugins\/seo\/ -->\n<title>Vicente Gand\u00eda Clos de Gallur 2019 14% vol. - Vinodeli<\/title>\n<meta name=\"robots\" content=\"index, follow, max-snippet:-1, max-image-preview:large, max-video-preview:-1\" \/>\n<link rel=\"canonical\" href=\"https:\/\/vinodeli.ee\/en\/product\/clos-de-gallur-vicente-gandia\/\" \/>\n<meta property=\"og:locale\" content=\"en_US\" \/>\n<meta property=\"og:type\" content=\"article\" \/>\n<meta property=\"og:title\" content=\"Vicente Gand\u00eda Clos de Gallur 2019 14% vol. - Vinodeli\" \/>\n<meta property=\"og:description\" content=\"Grape varieties:Cabernet Sauvignon, Shiraz, Tempranillo Gu\u00eda Pe\u00f1\u00edn: 92 points Robert Parker Wine Advocate: 90 points Berliner Wein Trophy: Gold Gu\u00eda ADN Verema: 94 points Asia Wine Trophy: Gold Gu\u00eda La Semana Vitivinicola: 97 points\" \/>\n<meta property=\"og:url\" content=\"https:\/\/vinodeli.ee\/en\/product\/clos-de-gallur-vicente-gandia\/\" \/>\n<meta property=\"og:site_name\" content=\"Vinodeli\" \/>\n<meta property=\"article:modified_time\" content=\"2023-12-20T11:53:48+00:00\" \/>\n<meta property=\"og:image\" content=\"https:\/\/vinodeli.ee\/wp-content\/uploads\/2023\/11\/closdegallur-scaled-1-jpg-2.webp\" \/>\n\t<meta property=\"og:image:width\" content=\"2560\" \/>\n\t<meta property=\"og:image:height\" content=\"2560\" \/>\n\t<meta property=\"og:image:type\" content=\"image\/webp\" \/>\n<meta name=\"twitter:card\" content=\"summary_large_image\" \/>\n<meta name=\"twitter:label1\" content=\"Est. reading time\" \/>\n\t<meta name=\"twitter:data1\" content=\"2 minutes\" \/>\n<script type=\"application\/ld+json\" class=\"yoast-schema-graph\">{\"@context\":\"https:\/\/schema.org\",\"@graph\":[{\"@type\":\"WebPage\",\"@id\":\"https:\/\/vinodeli.ee\/en\/product\/clos-de-gallur-vicente-gandia\/\",\"url\":\"https:\/\/vinodeli.ee\/en\/product\/clos-de-gallur-vicente-gandia\/\",\"name\":\"Vicente Gand\u00eda Clos de Gallur 2019 14% vol. - Vinodeli\",\"isPartOf\":{\"@id\":\"https:\/\/vinodeli.ee\/#website\"},\"primaryImageOfPage\":{\"@id\":\"https:\/\/vinodeli.ee\/en\/product\/clos-de-gallur-vicente-gandia\/#primaryimage\"},\"image\":{\"@id\":\"https:\/\/vinodeli.ee\/en\/product\/clos-de-gallur-vicente-gandia\/#primaryimage\"},\"thumbnailUrl\":\"https:\/\/vinodeli.ee\/wp-content\/uploads\/2023\/11\/closdegallur-scaled-1-jpg-2.webp\",\"datePublished\":\"2022-05-28T18:28:51+00:00\",\"dateModified\":\"2023-12-20T11:53:48+00:00\",\"breadcrumb\":{\"@id\":\"https:\/\/vinodeli.ee\/en\/product\/clos-de-gallur-vicente-gandia\/#breadcrumb\"},\"inLanguage\":\"en-US\",\"potentialAction\":[{\"@type\":\"ReadAction\",\"target\":[\"https:\/\/vinodeli.ee\/en\/product\/clos-de-gallur-vicente-gandia\/\"]}]},{\"@type\":\"ImageObject\",\"inLanguage\":\"en-US\",\"@id\":\"https:\/\/vinodeli.ee\/en\/product\/clos-de-gallur-vicente-gandia\/#primaryimage\",\"url\":\"https:\/\/vinodeli.ee\/wp-content\/uploads\/2023\/11\/closdegallur-scaled-1-jpg-2.webp\",\"contentUrl\":\"https:\/\/vinodeli.ee\/wp-content\/uploads\/2023\/11\/closdegallur-scaled-1-jpg-2.webp\",\"width\":2560,\"height\":2560},{\"@type\":\"BreadcrumbList\",\"@id\":\"https:\/\/vinodeli.ee\/en\/product\/clos-de-gallur-vicente-gandia\/#breadcrumb\",\"itemListElement\":[{\"@type\":\"ListItem\",\"position\":1,\"name\":\"Home\",\"item\":\"https:\/\/vinodeli.ee\/en\/\"},{\"@type\":\"ListItem\",\"position\":2,\"name\":\"Shop\",\"item\":\"https:\/\/vinodeli.ee\/pood\/\"},{\"@type\":\"ListItem\",\"position\":3,\"name\":\"Vicente Gand\u00eda Clos de Gallur 2019 14% vol.\"}]},{\"@type\":\"WebSite\",\"@id\":\"https:\/\/vinodeli.ee\/#website\",\"url\":\"https:\/\/vinodeli.ee\/\",\"name\":\"Vinodeli\",\"description\":\"\",\"publisher\":{\"@id\":\"https:\/\/vinodeli.ee\/#organization\"},\"potentialAction\":[{\"@type\":\"SearchAction\",\"target\":{\"@type\":\"EntryPoint\",\"urlTemplate\":\"https:\/\/vinodeli.ee\/?s={search_term_string}\"},\"query-input\":{\"@type\":\"PropertyValueSpecification\",\"valueRequired\":true,\"valueName\":\"search_term_string\"}}],\"inLanguage\":\"en-US\"},{\"@type\":\"Organization\",\"@id\":\"https:\/\/vinodeli.ee\/#organization\",\"name\":\"Vinodeli O\u00dc\",\"url\":\"https:\/\/vinodeli.ee\/\",\"logo\":{\"@type\":\"ImageObject\",\"inLanguage\":\"en-US\",\"@id\":\"https:\/\/vinodeli.ee\/#\/schema\/logo\/image\/\",\"url\":\"https:\/\/vinodeli.ee\/wp-content\/uploads\/2024\/02\/logo-winodeli-1.png\",\"contentUrl\":\"https:\/\/vinodeli.ee\/wp-content\/uploads\/2024\/02\/logo-winodeli-1.png\",\"width\":1500,\"height\":1150,\"caption\":\"Vinodeli O\u00dc\"},\"image\":{\"@id\":\"https:\/\/vinodeli.ee\/#\/schema\/logo\/image\/\"}}]}<\/script>\n<!-- \/ Yoast SEO plugin. -->","yoast_head_json":{"title":"Vicente Gand\u00eda Clos de Gallur 2019 14% vol. - Vinodeli","robots":{"index":"index","follow":"follow","max-snippet":"max-snippet:-1","max-image-preview":"max-image-preview:large","max-video-preview":"max-video-preview:-1"},"canonical":"https:\/\/vinodeli.ee\/en\/product\/clos-de-gallur-vicente-gandia\/","og_locale":"en_US","og_type":"article","og_title":"Vicente Gand\u00eda Clos de Gallur 2019 14% vol. - Vinodeli","og_description":"Grape varieties:Cabernet Sauvignon, Shiraz, Tempranillo Gu\u00eda Pe\u00f1\u00edn: 92 points Robert Parker Wine Advocate: 90 points Berliner Wein Trophy: Gold Gu\u00eda ADN Verema: 94 points Asia Wine Trophy: Gold Gu\u00eda La Semana Vitivinicola: 97 points","og_url":"https:\/\/vinodeli.ee\/en\/product\/clos-de-gallur-vicente-gandia\/","og_site_name":"Vinodeli","article_modified_time":"2023-12-20T11:53:48+00:00","og_image":[{"width":2560,"height":2560,"url":"https:\/\/vinodeli.ee\/wp-content\/uploads\/2023\/11\/closdegallur-scaled-1-jpg-2.webp","type":"image\/webp"}],"twitter_card":"summary_large_image","twitter_misc":{"Est. reading time":"2 minutes"},"schema":{"@context":"https:\/\/schema.org","@graph":[{"@type":"WebPage","@id":"https:\/\/vinodeli.ee\/en\/product\/clos-de-gallur-vicente-gandia\/","url":"https:\/\/vinodeli.ee\/en\/product\/clos-de-gallur-vicente-gandia\/","name":"Vicente Gand\u00eda Clos de Gallur 2019 14% vol. - Vinodeli","isPartOf":{"@id":"https:\/\/vinodeli.ee\/#website"},"primaryImageOfPage":{"@id":"https:\/\/vinodeli.ee\/en\/product\/clos-de-gallur-vicente-gandia\/#primaryimage"},"image":{"@id":"https:\/\/vinodeli.ee\/en\/product\/clos-de-gallur-vicente-gandia\/#primaryimage"},"thumbnailUrl":"https:\/\/vinodeli.ee\/wp-content\/uploads\/2023\/11\/closdegallur-scaled-1-jpg-2.webp","datePublished":"2022-05-28T18:28:51+00:00","dateModified":"2023-12-20T11:53:48+00:00","breadcrumb":{"@id":"https:\/\/vinodeli.ee\/en\/product\/clos-de-gallur-vicente-gandia\/#breadcrumb"},"inLanguage":"en-US","potentialAction":[{"@type":"ReadAction","target":["https:\/\/vinodeli.ee\/en\/product\/clos-de-gallur-vicente-gandia\/"]}]},{"@type":"ImageObject","inLanguage":"en-US","@id":"https:\/\/vinodeli.ee\/en\/product\/clos-de-gallur-vicente-gandia\/#primaryimage","url":"https:\/\/vinodeli.ee\/wp-content\/uploads\/2023\/11\/closdegallur-scaled-1-jpg-2.webp","contentUrl":"https:\/\/vinodeli.ee\/wp-content\/uploads\/2023\/11\/closdegallur-scaled-1-jpg-2.webp","width":2560,"height":2560},{"@type":"BreadcrumbList","@id":"https:\/\/vinodeli.ee\/en\/product\/clos-de-gallur-vicente-gandia\/#breadcrumb","itemListElement":[{"@type":"ListItem","position":1,"name":"Home","item":"https:\/\/vinodeli.ee\/en\/"},{"@type":"ListItem","position":2,"name":"Shop","item":"https:\/\/vinodeli.ee\/pood\/"},{"@type":"ListItem","position":3,"name":"Vicente Gand\u00eda Clos de Gallur 2019 14% vol."}]},{"@type":"WebSite","@id":"https:\/\/vinodeli.ee\/#website","url":"https:\/\/vinodeli.ee\/","name":"Vinodeli","description":"","publisher":{"@id":"https:\/\/vinodeli.ee\/#organization"},"potentialAction":[{"@type":"SearchAction","target":{"@type":"EntryPoint","urlTemplate":"https:\/\/vinodeli.ee\/?s={search_term_string}"},"query-input":{"@type":"PropertyValueSpecification","valueRequired":true,"valueName":"search_term_string"}}],"inLanguage":"en-US"},{"@type":"Organization","@id":"https:\/\/vinodeli.ee\/#organization","name":"Vinodeli O\u00dc","url":"https:\/\/vinodeli.ee\/","logo":{"@type":"ImageObject","inLanguage":"en-US","@id":"https:\/\/vinodeli.ee\/#\/schema\/logo\/image\/","url":"https:\/\/vinodeli.ee\/wp-content\/uploads\/2024\/02\/logo-winodeli-1.png","contentUrl":"https:\/\/vinodeli.ee\/wp-content\/uploads\/2024\/02\/logo-winodeli-1.png","width":1500,"height":1150,"caption":"Vinodeli O\u00dc"},"image":{"@id":"https:\/\/vinodeli.ee\/#\/schema\/logo\/image\/"}}]}},"_links":{"self":[{"href":"https:\/\/vinodeli.ee\/en\/wp-json\/wp\/v2\/product\/47521","targetHints":{"allow":["GET"]}}],"collection":[{"href":"https:\/\/vinodeli.ee\/en\/wp-json\/wp\/v2\/product"}],"about":[{"href":"https:\/\/vinodeli.ee\/en\/wp-json\/wp\/v2\/types\/product"}],"version-history":[{"count":0,"href":"https:\/\/vinodeli.ee\/en\/wp-json\/wp\/v2\/product\/47521\/revisions"}],"wp:featuredmedia":[{"embeddable":true,"href":"https:\/\/vinodeli.ee\/en\/wp-json\/wp\/v2\/media\/45084"}],"wp:attachment":[{"href":"https:\/\/vinodeli.ee\/en\/wp-json\/wp\/v2\/media?parent=47521"}],"wp:term":[{"taxonomy":"product_brand","embeddable":true,"href":"https:\/\/vinodeli.ee\/en\/wp-json\/wp\/v2\/product_brand?post=47521"},{"taxonomy":"product_cat","embeddable":true,"href":"https:\/\/vinodeli.ee\/en\/wp-json\/wp\/v2\/product_cat?post=47521"},{"taxonomy":"product_tag","embeddable":true,"href":"https:\/\/vinodeli.ee\/en\/wp-json\/wp\/v2\/product_tag?post=47521"}],"curies":[{"name":"wp","href":"https:\/\/api.w.org\/{rel}","templated":true}]}}