{"id":47522,"date":"2022-05-28T21:22:08","date_gmt":"2022-05-28T18:22:08","guid":{"rendered":"https:\/\/vinodeli.ee\/product\/gandia-ceramic\/"},"modified":"2024-12-31T13:45:52","modified_gmt":"2024-12-31T11:45:52","slug":"gandia-ceramic","status":"publish","type":"product","link":"https:\/\/vinodeli.ee\/en\/product\/gandia-ceramic\/","title":{"rendered":"Vicente Gand\u00eda Ceramic Monastrell 2022 14.5% vol. 0.75l"},"content":{"rendered":"<blockquote>\n<h5>Vicente Gandia is a winery since 1885 and with a Mediterranean character. Due to the innovative character that has always characterized their winery and after many years of experience in the sector exporting wines, they wanted to go a step further and in 1971 they were the first Valencian winery to market bottled wine under their Castillo de Liria brand, which almost fifty years later still remains one of their most iconic brands. Today, they have a presence in 90 countries on 5 continents, they are the largest winery in the Valencian Community. In addition, in 2014 they were awarded as the best Spanish winery by the prestigious AWC Vienna international competition. That same year, the World Association of Wine and Spirits Writers and Journalists included them in its ranking of the 50 best wineries in the world. In 2018, the European Council of Enogastronomical Brotherhoods (CEUCO) awarded the \u201cAurum Europa Excellente\u201d award to Vicente Gand\u00eda as \u201cBest European Winery\u201d.<\/h5>\n<\/blockquote>\n<h3>Winemaking<\/h3>\n<p>Thousands of years ago, Greeks and Romans already used ceramic jars for the production, transport and conservation of wine. Ceramic Monastrell combines its aging in jars with aging in French oak barrels. The aging in the jar provides a lot of freshness and expressiveness while the aging in the barrel provides great finesse and elegance to our wines, while allowing them to be very respectful of the specific characteristics of the Valencian terroir.Ceramic, from the ancient Greek keramik\u00e9 (&#8216;made of clay&#8217;), is a wine from old Monastrell vineyards in strictly dry land and aged for 11 months in oak barrels and refined in clay pots.<\/p>\n<h3>Tasting notes<\/h3>\n<p>Intense red wine, dark with bright edges. On the nose, the aromas of ripe plum, liquorice and notes of coconut and vanilla stand out. In the mouth it is broad, robust, with sweet tannins and elegant acidity. Leaving the memory in the mouth of these very ripe red fruits.<\/p>\n<p><em>Serving temperature: 16\u00b0 \u2014 18\u00b0C<\/em><\/p>\n","protected":false},"excerpt":{"rendered":"<blockquote>\n<h4>Grape variety:100% Monastrell<\/h4>\n<\/blockquote>\n<ul>\n<li>Wine Enthusiast: 93 points<\/li>\n<li>Gu\u00eda Pe\u00f1\u00edn: 92 points<\/li>\n<li>Mundus Vini: Gold<\/li>\n<li>Berliner Wein Trophy: Gold<\/li>\n<li>Verema: 95 points<\/li>\n<li>Gu\u00eda La Semana Vitivin\u00edcola: 96 points<\/li>\n<\/ul>\n","protected":false},"featured_media":45087,"template":"","meta":{"_acf_changed":false},"product_brand":[],"product_cat":[19462],"product_tag":[],"class_list":{"0":"post-47522","1":"product","2":"type-product","3":"status-publish","4":"has-post-thumbnail","6":"product_cat-red-wine","8":"first","9":"instock","10":"taxable","11":"shipping-taxable","12":"purchasable","13":"product-type-simple"},"acf":[],"yoast_head":"<!-- This site is optimized with the Yoast SEO plugin v25.7 - https:\/\/yoast.com\/wordpress\/plugins\/seo\/ -->\n<title>Vicente Gand\u00eda Ceramic Monastrell 2022 14.5% vol. 0.75l - Vinodeli<\/title>\n<meta name=\"robots\" content=\"index, follow, max-snippet:-1, max-image-preview:large, max-video-preview:-1\" \/>\n<link rel=\"canonical\" href=\"https:\/\/vinodeli.ee\/en\/product\/gandia-ceramic\/\" \/>\n<meta property=\"og:locale\" content=\"en_US\" \/>\n<meta property=\"og:type\" content=\"article\" \/>\n<meta property=\"og:title\" content=\"Vicente Gand\u00eda Ceramic Monastrell 2022 14.5% vol. 0.75l - Vinodeli\" \/>\n<meta property=\"og:description\" content=\"Grape variety:100% Monastrell    Wine Enthusiast: 93 points  Gu\u00eda Pe\u00f1\u00edn: 92 points  Mundus Vini: Gold  Berliner Wein Trophy: Gold  Verema: 95 points  Gu\u00eda La Semana Vitivin\u00edcola: 96 points\" \/>\n<meta property=\"og:url\" content=\"https:\/\/vinodeli.ee\/en\/product\/gandia-ceramic\/\" \/>\n<meta property=\"og:site_name\" content=\"Vinodeli\" \/>\n<meta property=\"article:modified_time\" content=\"2024-12-31T11:45:52+00:00\" \/>\n<meta property=\"og:image\" content=\"https:\/\/vinodeli.ee\/wp-content\/uploads\/2023\/11\/ceramicmonastrell-jpg-2.webp\" \/>\n\t<meta property=\"og:image:width\" content=\"1100\" \/>\n\t<meta property=\"og:image:height\" content=\"1100\" \/>\n\t<meta property=\"og:image:type\" content=\"image\/webp\" \/>\n<meta name=\"twitter:card\" content=\"summary_large_image\" \/>\n<meta name=\"twitter:label1\" content=\"Est. reading time\" \/>\n\t<meta name=\"twitter:data1\" content=\"2 minutes\" \/>\n<script type=\"application\/ld+json\" class=\"yoast-schema-graph\">{\"@context\":\"https:\/\/schema.org\",\"@graph\":[{\"@type\":\"WebPage\",\"@id\":\"https:\/\/vinodeli.ee\/en\/product\/gandia-ceramic\/\",\"url\":\"https:\/\/vinodeli.ee\/en\/product\/gandia-ceramic\/\",\"name\":\"Vicente Gand\u00eda Ceramic Monastrell 2022 14.5% vol. 0.75l - Vinodeli\",\"isPartOf\":{\"@id\":\"https:\/\/vinodeli.ee\/#website\"},\"primaryImageOfPage\":{\"@id\":\"https:\/\/vinodeli.ee\/en\/product\/gandia-ceramic\/#primaryimage\"},\"image\":{\"@id\":\"https:\/\/vinodeli.ee\/en\/product\/gandia-ceramic\/#primaryimage\"},\"thumbnailUrl\":\"https:\/\/vinodeli.ee\/wp-content\/uploads\/2023\/11\/ceramicmonastrell-jpg-2.webp\",\"datePublished\":\"2022-05-28T18:22:08+00:00\",\"dateModified\":\"2024-12-31T11:45:52+00:00\",\"breadcrumb\":{\"@id\":\"https:\/\/vinodeli.ee\/en\/product\/gandia-ceramic\/#breadcrumb\"},\"inLanguage\":\"en-US\",\"potentialAction\":[{\"@type\":\"ReadAction\",\"target\":[\"https:\/\/vinodeli.ee\/en\/product\/gandia-ceramic\/\"]}]},{\"@type\":\"ImageObject\",\"inLanguage\":\"en-US\",\"@id\":\"https:\/\/vinodeli.ee\/en\/product\/gandia-ceramic\/#primaryimage\",\"url\":\"https:\/\/vinodeli.ee\/wp-content\/uploads\/2023\/11\/ceramicmonastrell-jpg-2.webp\",\"contentUrl\":\"https:\/\/vinodeli.ee\/wp-content\/uploads\/2023\/11\/ceramicmonastrell-jpg-2.webp\",\"width\":1100,\"height\":1100},{\"@type\":\"BreadcrumbList\",\"@id\":\"https:\/\/vinodeli.ee\/en\/product\/gandia-ceramic\/#breadcrumb\",\"itemListElement\":[{\"@type\":\"ListItem\",\"position\":1,\"name\":\"Home\",\"item\":\"https:\/\/vinodeli.ee\/en\/\"},{\"@type\":\"ListItem\",\"position\":2,\"name\":\"Shop\",\"item\":\"https:\/\/vinodeli.ee\/pood\/\"},{\"@type\":\"ListItem\",\"position\":3,\"name\":\"Vicente Gand\u00eda Ceramic Monastrell 2022 14.5% vol. 0.75l\"}]},{\"@type\":\"WebSite\",\"@id\":\"https:\/\/vinodeli.ee\/#website\",\"url\":\"https:\/\/vinodeli.ee\/\",\"name\":\"Vinodeli\",\"description\":\"\",\"publisher\":{\"@id\":\"https:\/\/vinodeli.ee\/#organization\"},\"potentialAction\":[{\"@type\":\"SearchAction\",\"target\":{\"@type\":\"EntryPoint\",\"urlTemplate\":\"https:\/\/vinodeli.ee\/?s={search_term_string}\"},\"query-input\":{\"@type\":\"PropertyValueSpecification\",\"valueRequired\":true,\"valueName\":\"search_term_string\"}}],\"inLanguage\":\"en-US\"},{\"@type\":\"Organization\",\"@id\":\"https:\/\/vinodeli.ee\/#organization\",\"name\":\"Vinodeli O\u00dc\",\"url\":\"https:\/\/vinodeli.ee\/\",\"logo\":{\"@type\":\"ImageObject\",\"inLanguage\":\"en-US\",\"@id\":\"https:\/\/vinodeli.ee\/#\/schema\/logo\/image\/\",\"url\":\"https:\/\/vinodeli.ee\/wp-content\/uploads\/2024\/02\/logo-winodeli-1.png\",\"contentUrl\":\"https:\/\/vinodeli.ee\/wp-content\/uploads\/2024\/02\/logo-winodeli-1.png\",\"width\":1500,\"height\":1150,\"caption\":\"Vinodeli O\u00dc\"},\"image\":{\"@id\":\"https:\/\/vinodeli.ee\/#\/schema\/logo\/image\/\"}}]}<\/script>\n<!-- \/ Yoast SEO plugin. -->","yoast_head_json":{"title":"Vicente Gand\u00eda Ceramic Monastrell 2022 14.5% vol. 0.75l - Vinodeli","robots":{"index":"index","follow":"follow","max-snippet":"max-snippet:-1","max-image-preview":"max-image-preview:large","max-video-preview":"max-video-preview:-1"},"canonical":"https:\/\/vinodeli.ee\/en\/product\/gandia-ceramic\/","og_locale":"en_US","og_type":"article","og_title":"Vicente Gand\u00eda Ceramic Monastrell 2022 14.5% vol. 0.75l - Vinodeli","og_description":"Grape variety:100% Monastrell    Wine Enthusiast: 93 points  Gu\u00eda Pe\u00f1\u00edn: 92 points  Mundus Vini: Gold  Berliner Wein Trophy: Gold  Verema: 95 points  Gu\u00eda La Semana Vitivin\u00edcola: 96 points","og_url":"https:\/\/vinodeli.ee\/en\/product\/gandia-ceramic\/","og_site_name":"Vinodeli","article_modified_time":"2024-12-31T11:45:52+00:00","og_image":[{"width":1100,"height":1100,"url":"https:\/\/vinodeli.ee\/wp-content\/uploads\/2023\/11\/ceramicmonastrell-jpg-2.webp","type":"image\/webp"}],"twitter_card":"summary_large_image","twitter_misc":{"Est. reading time":"2 minutes"},"schema":{"@context":"https:\/\/schema.org","@graph":[{"@type":"WebPage","@id":"https:\/\/vinodeli.ee\/en\/product\/gandia-ceramic\/","url":"https:\/\/vinodeli.ee\/en\/product\/gandia-ceramic\/","name":"Vicente Gand\u00eda Ceramic Monastrell 2022 14.5% vol. 0.75l - Vinodeli","isPartOf":{"@id":"https:\/\/vinodeli.ee\/#website"},"primaryImageOfPage":{"@id":"https:\/\/vinodeli.ee\/en\/product\/gandia-ceramic\/#primaryimage"},"image":{"@id":"https:\/\/vinodeli.ee\/en\/product\/gandia-ceramic\/#primaryimage"},"thumbnailUrl":"https:\/\/vinodeli.ee\/wp-content\/uploads\/2023\/11\/ceramicmonastrell-jpg-2.webp","datePublished":"2022-05-28T18:22:08+00:00","dateModified":"2024-12-31T11:45:52+00:00","breadcrumb":{"@id":"https:\/\/vinodeli.ee\/en\/product\/gandia-ceramic\/#breadcrumb"},"inLanguage":"en-US","potentialAction":[{"@type":"ReadAction","target":["https:\/\/vinodeli.ee\/en\/product\/gandia-ceramic\/"]}]},{"@type":"ImageObject","inLanguage":"en-US","@id":"https:\/\/vinodeli.ee\/en\/product\/gandia-ceramic\/#primaryimage","url":"https:\/\/vinodeli.ee\/wp-content\/uploads\/2023\/11\/ceramicmonastrell-jpg-2.webp","contentUrl":"https:\/\/vinodeli.ee\/wp-content\/uploads\/2023\/11\/ceramicmonastrell-jpg-2.webp","width":1100,"height":1100},{"@type":"BreadcrumbList","@id":"https:\/\/vinodeli.ee\/en\/product\/gandia-ceramic\/#breadcrumb","itemListElement":[{"@type":"ListItem","position":1,"name":"Home","item":"https:\/\/vinodeli.ee\/en\/"},{"@type":"ListItem","position":2,"name":"Shop","item":"https:\/\/vinodeli.ee\/pood\/"},{"@type":"ListItem","position":3,"name":"Vicente Gand\u00eda Ceramic Monastrell 2022 14.5% vol. 0.75l"}]},{"@type":"WebSite","@id":"https:\/\/vinodeli.ee\/#website","url":"https:\/\/vinodeli.ee\/","name":"Vinodeli","description":"","publisher":{"@id":"https:\/\/vinodeli.ee\/#organization"},"potentialAction":[{"@type":"SearchAction","target":{"@type":"EntryPoint","urlTemplate":"https:\/\/vinodeli.ee\/?s={search_term_string}"},"query-input":{"@type":"PropertyValueSpecification","valueRequired":true,"valueName":"search_term_string"}}],"inLanguage":"en-US"},{"@type":"Organization","@id":"https:\/\/vinodeli.ee\/#organization","name":"Vinodeli O\u00dc","url":"https:\/\/vinodeli.ee\/","logo":{"@type":"ImageObject","inLanguage":"en-US","@id":"https:\/\/vinodeli.ee\/#\/schema\/logo\/image\/","url":"https:\/\/vinodeli.ee\/wp-content\/uploads\/2024\/02\/logo-winodeli-1.png","contentUrl":"https:\/\/vinodeli.ee\/wp-content\/uploads\/2024\/02\/logo-winodeli-1.png","width":1500,"height":1150,"caption":"Vinodeli O\u00dc"},"image":{"@id":"https:\/\/vinodeli.ee\/#\/schema\/logo\/image\/"}}]}},"_links":{"self":[{"href":"https:\/\/vinodeli.ee\/en\/wp-json\/wp\/v2\/product\/47522","targetHints":{"allow":["GET"]}}],"collection":[{"href":"https:\/\/vinodeli.ee\/en\/wp-json\/wp\/v2\/product"}],"about":[{"href":"https:\/\/vinodeli.ee\/en\/wp-json\/wp\/v2\/types\/product"}],"version-history":[{"count":0,"href":"https:\/\/vinodeli.ee\/en\/wp-json\/wp\/v2\/product\/47522\/revisions"}],"wp:featuredmedia":[{"embeddable":true,"href":"https:\/\/vinodeli.ee\/en\/wp-json\/wp\/v2\/media\/45087"}],"wp:attachment":[{"href":"https:\/\/vinodeli.ee\/en\/wp-json\/wp\/v2\/media?parent=47522"}],"wp:term":[{"taxonomy":"product_brand","embeddable":true,"href":"https:\/\/vinodeli.ee\/en\/wp-json\/wp\/v2\/product_brand?post=47522"},{"taxonomy":"product_cat","embeddable":true,"href":"https:\/\/vinodeli.ee\/en\/wp-json\/wp\/v2\/product_cat?post=47522"},{"taxonomy":"product_tag","embeddable":true,"href":"https:\/\/vinodeli.ee\/en\/wp-json\/wp\/v2\/product_tag?post=47522"}],"curies":[{"name":"wp","href":"https:\/\/api.w.org\/{rel}","templated":true}]}}