{"id":47525,"date":"2022-05-13T23:01:29","date_gmt":"2022-05-13T20:01:29","guid":{"rendered":"https:\/\/vinodeli.ee\/product\/carignan-tosalet\/"},"modified":"2025-01-02T17:48:02","modified_gmt":"2025-01-02T15:48:02","slug":"carignan-tosalet","status":"publish","type":"product","link":"https:\/\/vinodeli.ee\/en\/product\/carignan-tosalet\/","title":{"rendered":"Tosalet Carignan Vinyes Velles DOQ Priorat 2017 15% vol. 0.75l"},"content":{"rendered":"<blockquote>\n<h5>1996. In 2007, Nicholas Hammeken, who already had experience in marketing and selling wine in various European countries, opened his own company. At first, the company was simply selling and reselling other wineries&#8217; wines, but then, in 2001, the company started to grow. In 1999, they created their first wine range. The company follows the latest global trends to produce wines of very high quality and relatively affordable prices from local Spanish grape varieties.<\/h5>\n<\/blockquote>\n<h3>Making wine<\/h3>\n<p>Gratallops, La Vilella Baixa, La Vilella Alta, Torroja del Priorat vineyards. Harvesting during the first 15 days of October. Cold infusion at 5\u00baC for 48h, fermentation at 26-28\u00baC for 3 weeks. Aged 18 months in 100% new 500L oak barrels.<\/p>\n<h3>Tasting notes<\/h3>\n<p>Clear deep dark purple colour. Fresh and very intense aromas of black berries, red cherries and raspberries combined with mineral notes of stone and hints of eucalyptus in an elegant combination of toasted oak, spices, tobacco and coffee beans. The palate is dry, full-bodied, richly concentrated with juicy fruit, strong but ripe tannins and a refreshing acidity that makes this an excellent food wine that will age very well for the next 12-16 years.<\/p>\n","protected":false},"excerpt":{"rendered":"<blockquote>\n<h4>Grape variety:100% Carignan<\/h4>\n<\/blockquote>\n<ul>\n<li>James Suckling (vintage 2017) &#8211; 90 points<\/li>\n<li>Global Wine Masters &#8211; TDB (Vintage 2017) &#8211; Gold<\/li>\n<li>ECMR Global Wine, Beer &amp; Spirits EPPS Grand Tasting (2013 edition) &#8211; First place.<\/li>\n<li>Wine Spectator (2013 vintage) &#8211; 93 points<\/li>\n<li>Gu\u00eda Pe\u00f1\u00edn (2017 vintage) &#8211; 92 points<\/li>\n<li>Wine Enthusiast (2013 vintage) &#8211; 92 points<\/li>\n<\/ul>\n","protected":false},"featured_media":45096,"template":"","meta":{"_acf_changed":false},"product_brand":[],"product_cat":[19462],"product_tag":[],"class_list":{"0":"post-47525","1":"product","2":"type-product","3":"status-publish","4":"has-post-thumbnail","6":"product_cat-red-wine","8":"first","9":"instock","10":"taxable","11":"shipping-taxable","12":"purchasable","13":"product-type-simple"},"acf":[],"yoast_head":"<!-- This site is optimized with the Yoast SEO plugin v25.7 - https:\/\/yoast.com\/wordpress\/plugins\/seo\/ -->\n<title>Tosalet Carignan Vinyes Velles DOQ Priorat 2017 15% vol. 0.75l - Vinodeli<\/title>\n<meta name=\"robots\" content=\"index, follow, max-snippet:-1, max-image-preview:large, max-video-preview:-1\" \/>\n<link rel=\"canonical\" href=\"https:\/\/vinodeli.ee\/en\/product\/carignan-tosalet\/\" \/>\n<meta property=\"og:locale\" content=\"en_US\" \/>\n<meta property=\"og:type\" content=\"article\" \/>\n<meta property=\"og:title\" content=\"Tosalet Carignan Vinyes Velles DOQ Priorat 2017 15% vol. 0.75l - Vinodeli\" \/>\n<meta property=\"og:description\" content=\"Grape variety:100% Carignan    James Suckling (vintage 2017) - 90 points  Global Wine Masters - TDB (Vintage 2017) - Gold  ECMR Global Wine, Beer &amp; Spirits EPPS Grand Tasting (2013 edition) - First place.  Wine Spectator (2013 vintage) - 93 points  Gu\u00eda Pe\u00f1\u00edn (2017 vintage) - 92 points  Wine Enthusiast (2013 vintage) - 92 points\" \/>\n<meta property=\"og:url\" content=\"https:\/\/vinodeli.ee\/en\/product\/carignan-tosalet\/\" \/>\n<meta property=\"og:site_name\" content=\"Vinodeli\" \/>\n<meta property=\"article:modified_time\" content=\"2025-01-02T15:48:02+00:00\" \/>\n<meta property=\"og:image\" content=\"https:\/\/vinodeli.ee\/wp-content\/uploads\/2023\/11\/tosaletcarignan-jpg-2.webp\" \/>\n\t<meta property=\"og:image:width\" content=\"2500\" \/>\n\t<meta property=\"og:image:height\" content=\"2500\" \/>\n\t<meta property=\"og:image:type\" content=\"image\/webp\" \/>\n<meta name=\"twitter:card\" content=\"summary_large_image\" \/>\n<meta name=\"twitter:label1\" content=\"Est. reading time\" \/>\n\t<meta name=\"twitter:data1\" content=\"1 minute\" \/>\n<script type=\"application\/ld+json\" class=\"yoast-schema-graph\">{\"@context\":\"https:\/\/schema.org\",\"@graph\":[{\"@type\":\"WebPage\",\"@id\":\"https:\/\/vinodeli.ee\/en\/product\/carignan-tosalet\/\",\"url\":\"https:\/\/vinodeli.ee\/en\/product\/carignan-tosalet\/\",\"name\":\"Tosalet Carignan Vinyes Velles DOQ Priorat 2017 15% vol. 0.75l - Vinodeli\",\"isPartOf\":{\"@id\":\"https:\/\/vinodeli.ee\/#website\"},\"primaryImageOfPage\":{\"@id\":\"https:\/\/vinodeli.ee\/en\/product\/carignan-tosalet\/#primaryimage\"},\"image\":{\"@id\":\"https:\/\/vinodeli.ee\/en\/product\/carignan-tosalet\/#primaryimage\"},\"thumbnailUrl\":\"https:\/\/vinodeli.ee\/wp-content\/uploads\/2023\/11\/tosaletcarignan-jpg-2.webp\",\"datePublished\":\"2022-05-13T20:01:29+00:00\",\"dateModified\":\"2025-01-02T15:48:02+00:00\",\"breadcrumb\":{\"@id\":\"https:\/\/vinodeli.ee\/en\/product\/carignan-tosalet\/#breadcrumb\"},\"inLanguage\":\"en-US\",\"potentialAction\":[{\"@type\":\"ReadAction\",\"target\":[\"https:\/\/vinodeli.ee\/en\/product\/carignan-tosalet\/\"]}]},{\"@type\":\"ImageObject\",\"inLanguage\":\"en-US\",\"@id\":\"https:\/\/vinodeli.ee\/en\/product\/carignan-tosalet\/#primaryimage\",\"url\":\"https:\/\/vinodeli.ee\/wp-content\/uploads\/2023\/11\/tosaletcarignan-jpg-2.webp\",\"contentUrl\":\"https:\/\/vinodeli.ee\/wp-content\/uploads\/2023\/11\/tosaletcarignan-jpg-2.webp\",\"width\":2500,\"height\":2500},{\"@type\":\"BreadcrumbList\",\"@id\":\"https:\/\/vinodeli.ee\/en\/product\/carignan-tosalet\/#breadcrumb\",\"itemListElement\":[{\"@type\":\"ListItem\",\"position\":1,\"name\":\"Home\",\"item\":\"https:\/\/vinodeli.ee\/en\/\"},{\"@type\":\"ListItem\",\"position\":2,\"name\":\"Shop\",\"item\":\"https:\/\/vinodeli.ee\/pood\/\"},{\"@type\":\"ListItem\",\"position\":3,\"name\":\"Tosalet Carignan Vinyes Velles DOQ Priorat 2017 15% vol. 0.75l\"}]},{\"@type\":\"WebSite\",\"@id\":\"https:\/\/vinodeli.ee\/#website\",\"url\":\"https:\/\/vinodeli.ee\/\",\"name\":\"Vinodeli\",\"description\":\"\",\"publisher\":{\"@id\":\"https:\/\/vinodeli.ee\/#organization\"},\"potentialAction\":[{\"@type\":\"SearchAction\",\"target\":{\"@type\":\"EntryPoint\",\"urlTemplate\":\"https:\/\/vinodeli.ee\/?s={search_term_string}\"},\"query-input\":{\"@type\":\"PropertyValueSpecification\",\"valueRequired\":true,\"valueName\":\"search_term_string\"}}],\"inLanguage\":\"en-US\"},{\"@type\":\"Organization\",\"@id\":\"https:\/\/vinodeli.ee\/#organization\",\"name\":\"Vinodeli O\u00dc\",\"url\":\"https:\/\/vinodeli.ee\/\",\"logo\":{\"@type\":\"ImageObject\",\"inLanguage\":\"en-US\",\"@id\":\"https:\/\/vinodeli.ee\/#\/schema\/logo\/image\/\",\"url\":\"https:\/\/vinodeli.ee\/wp-content\/uploads\/2024\/02\/logo-winodeli-1.png\",\"contentUrl\":\"https:\/\/vinodeli.ee\/wp-content\/uploads\/2024\/02\/logo-winodeli-1.png\",\"width\":1500,\"height\":1150,\"caption\":\"Vinodeli O\u00dc\"},\"image\":{\"@id\":\"https:\/\/vinodeli.ee\/#\/schema\/logo\/image\/\"}}]}<\/script>\n<!-- \/ Yoast SEO plugin. -->","yoast_head_json":{"title":"Tosalet Carignan Vinyes Velles DOQ Priorat 2017 15% vol. 0.75l - Vinodeli","robots":{"index":"index","follow":"follow","max-snippet":"max-snippet:-1","max-image-preview":"max-image-preview:large","max-video-preview":"max-video-preview:-1"},"canonical":"https:\/\/vinodeli.ee\/en\/product\/carignan-tosalet\/","og_locale":"en_US","og_type":"article","og_title":"Tosalet Carignan Vinyes Velles DOQ Priorat 2017 15% vol. 0.75l - Vinodeli","og_description":"Grape variety:100% Carignan    James Suckling (vintage 2017) - 90 points  Global Wine Masters - TDB (Vintage 2017) - Gold  ECMR Global Wine, Beer &amp; Spirits EPPS Grand Tasting (2013 edition) - First place.  Wine Spectator (2013 vintage) - 93 points  Gu\u00eda Pe\u00f1\u00edn (2017 vintage) - 92 points  Wine Enthusiast (2013 vintage) - 92 points","og_url":"https:\/\/vinodeli.ee\/en\/product\/carignan-tosalet\/","og_site_name":"Vinodeli","article_modified_time":"2025-01-02T15:48:02+00:00","og_image":[{"width":2500,"height":2500,"url":"https:\/\/vinodeli.ee\/wp-content\/uploads\/2023\/11\/tosaletcarignan-jpg-2.webp","type":"image\/webp"}],"twitter_card":"summary_large_image","twitter_misc":{"Est. reading time":"1 minute"},"schema":{"@context":"https:\/\/schema.org","@graph":[{"@type":"WebPage","@id":"https:\/\/vinodeli.ee\/en\/product\/carignan-tosalet\/","url":"https:\/\/vinodeli.ee\/en\/product\/carignan-tosalet\/","name":"Tosalet Carignan Vinyes Velles DOQ Priorat 2017 15% vol. 0.75l - Vinodeli","isPartOf":{"@id":"https:\/\/vinodeli.ee\/#website"},"primaryImageOfPage":{"@id":"https:\/\/vinodeli.ee\/en\/product\/carignan-tosalet\/#primaryimage"},"image":{"@id":"https:\/\/vinodeli.ee\/en\/product\/carignan-tosalet\/#primaryimage"},"thumbnailUrl":"https:\/\/vinodeli.ee\/wp-content\/uploads\/2023\/11\/tosaletcarignan-jpg-2.webp","datePublished":"2022-05-13T20:01:29+00:00","dateModified":"2025-01-02T15:48:02+00:00","breadcrumb":{"@id":"https:\/\/vinodeli.ee\/en\/product\/carignan-tosalet\/#breadcrumb"},"inLanguage":"en-US","potentialAction":[{"@type":"ReadAction","target":["https:\/\/vinodeli.ee\/en\/product\/carignan-tosalet\/"]}]},{"@type":"ImageObject","inLanguage":"en-US","@id":"https:\/\/vinodeli.ee\/en\/product\/carignan-tosalet\/#primaryimage","url":"https:\/\/vinodeli.ee\/wp-content\/uploads\/2023\/11\/tosaletcarignan-jpg-2.webp","contentUrl":"https:\/\/vinodeli.ee\/wp-content\/uploads\/2023\/11\/tosaletcarignan-jpg-2.webp","width":2500,"height":2500},{"@type":"BreadcrumbList","@id":"https:\/\/vinodeli.ee\/en\/product\/carignan-tosalet\/#breadcrumb","itemListElement":[{"@type":"ListItem","position":1,"name":"Home","item":"https:\/\/vinodeli.ee\/en\/"},{"@type":"ListItem","position":2,"name":"Shop","item":"https:\/\/vinodeli.ee\/pood\/"},{"@type":"ListItem","position":3,"name":"Tosalet Carignan Vinyes Velles DOQ Priorat 2017 15% vol. 0.75l"}]},{"@type":"WebSite","@id":"https:\/\/vinodeli.ee\/#website","url":"https:\/\/vinodeli.ee\/","name":"Vinodeli","description":"","publisher":{"@id":"https:\/\/vinodeli.ee\/#organization"},"potentialAction":[{"@type":"SearchAction","target":{"@type":"EntryPoint","urlTemplate":"https:\/\/vinodeli.ee\/?s={search_term_string}"},"query-input":{"@type":"PropertyValueSpecification","valueRequired":true,"valueName":"search_term_string"}}],"inLanguage":"en-US"},{"@type":"Organization","@id":"https:\/\/vinodeli.ee\/#organization","name":"Vinodeli O\u00dc","url":"https:\/\/vinodeli.ee\/","logo":{"@type":"ImageObject","inLanguage":"en-US","@id":"https:\/\/vinodeli.ee\/#\/schema\/logo\/image\/","url":"https:\/\/vinodeli.ee\/wp-content\/uploads\/2024\/02\/logo-winodeli-1.png","contentUrl":"https:\/\/vinodeli.ee\/wp-content\/uploads\/2024\/02\/logo-winodeli-1.png","width":1500,"height":1150,"caption":"Vinodeli O\u00dc"},"image":{"@id":"https:\/\/vinodeli.ee\/#\/schema\/logo\/image\/"}}]}},"_links":{"self":[{"href":"https:\/\/vinodeli.ee\/en\/wp-json\/wp\/v2\/product\/47525","targetHints":{"allow":["GET"]}}],"collection":[{"href":"https:\/\/vinodeli.ee\/en\/wp-json\/wp\/v2\/product"}],"about":[{"href":"https:\/\/vinodeli.ee\/en\/wp-json\/wp\/v2\/types\/product"}],"version-history":[{"count":0,"href":"https:\/\/vinodeli.ee\/en\/wp-json\/wp\/v2\/product\/47525\/revisions"}],"wp:featuredmedia":[{"embeddable":true,"href":"https:\/\/vinodeli.ee\/en\/wp-json\/wp\/v2\/media\/45096"}],"wp:attachment":[{"href":"https:\/\/vinodeli.ee\/en\/wp-json\/wp\/v2\/media?parent=47525"}],"wp:term":[{"taxonomy":"product_brand","embeddable":true,"href":"https:\/\/vinodeli.ee\/en\/wp-json\/wp\/v2\/product_brand?post=47525"},{"taxonomy":"product_cat","embeddable":true,"href":"https:\/\/vinodeli.ee\/en\/wp-json\/wp\/v2\/product_cat?post=47525"},{"taxonomy":"product_tag","embeddable":true,"href":"https:\/\/vinodeli.ee\/en\/wp-json\/wp\/v2\/product_tag?post=47525"}],"curies":[{"name":"wp","href":"https:\/\/api.w.org\/{rel}","templated":true}]}}