{"id":47533,"date":"2022-04-02T22:29:57","date_gmt":"2022-04-02T19:29:57","guid":{"rendered":"https:\/\/vinodeli.ee\/product\/aradon-momento\/"},"modified":"2024-11-24T18:59:16","modified_gmt":"2024-11-24T16:59:16","slug":"momento_de_aradon","status":"publish","type":"product","link":"https:\/\/vinodeli.ee\/en\/product\/momento_de_aradon\/","title":{"rendered":"Momento de Arad\u00f3n DOCa Rioja 2021 14.5% vol."},"content":{"rendered":"<blockquote>\n<h5>Aradon was a city that existed from Roman times and mysteriously disappeared. It was located at an altitude of 550 m on the plateau known as &#8216;La Mesa&#8217;, which is now home to vineyards up to 90 years old that belong to a winery. Today and since 1957. Since 2003, in the town of Alcanadre, 36 km east of Logro\u00f1o, Alcanadre&#8217;s winegrowers have wished to pay homage to Aradon by giving its name to their wines, which are made from very old vineyards, some of which are over a hundred years old. which they nurture with care and through the knowledge they have acquired over centuries and passed down from generation to generation.<\/h5>\n<\/blockquote>\n<h3>Winemaking<\/h3>\n<p>18 hektarit valitud viinamarjaistandust on jaotatud v\u00e4ikestele kruntidele, mille vanus on 35\u2013100 aastat. Kasvatatud savi-lubjakivimullas, 450-550 meetri k\u00f5rgusel merepinnast.Traditsioonilised veinivalmistamise tehnikad 100% veini eemaldamisega. Viinamarju leotatakse nende kestadel 18 p\u00e4eva, \u00f5rnalt ja pidevalt \u00fcle pumpades. Malolaktiline k\u00e4\u00e4rimine betoonmahutites.   <\/p>\n<h3>Tasting notes<\/h3>\n<p>Valmistuge selle uue Riojani stiili \u00fcllatuseks; t\u00e4is isikup\u00e4ra ja h\u00e4benematult noor, iga lonks v\u00f5lub ja meelitab meeli. Nina peal on silmapaistvad nii k\u00fcpsus kui ka noorus. Meenutab punaseid puuvilju, metsikute n\u00e4pun\u00e4idetega. Maitselt n\u00f5uavad veini tekstuur, soojus ja v\u00e4rskus vaid \u00fchte lonksu.Ei noor ega Crianza, ainult Momento.   <\/p>\n","protected":false},"excerpt":{"rendered":"<blockquote>\n<h4>Viinamarjasordid:70% Tempranillo, 15% Garnacha ja 15% Graciano<\/h4>\n<\/blockquote>\n<h3>Grades and prizes:<\/h3>\n<ul>\n<li>Tim Atkin \u2014 Master of Wine (2018. aastak\u00e4ik) &#8211; 91 punkt<\/li>\n<li>Gu\u00eda Pe\u00f1\u00edn (2018. aastak\u00e4ik) &#8211; 89 punkti<\/li>\n<\/ul>\n","protected":false},"featured_media":45120,"template":"","meta":{"_acf_changed":false},"product_brand":[],"product_cat":[19462],"product_tag":[],"class_list":{"0":"post-47533","1":"product","2":"type-product","3":"status-publish","4":"has-post-thumbnail","6":"product_cat-red-wine","8":"first","9":"instock","10":"downloadable","11":"taxable","12":"shipping-taxable","13":"purchasable","14":"product-type-simple"},"acf":[],"yoast_head":"<!-- This site is optimized with the Yoast SEO plugin v25.7 - https:\/\/yoast.com\/wordpress\/plugins\/seo\/ -->\n<title>Momento de Arad\u00f3n DOCa Rioja 2021 14.5% vol. - Vinodeli<\/title>\n<meta name=\"robots\" content=\"index, follow, max-snippet:-1, max-image-preview:large, max-video-preview:-1\" \/>\n<link rel=\"canonical\" href=\"https:\/\/vinodeli.ee\/en\/product\/momento_de_aradon\/\" \/>\n<meta property=\"og:locale\" content=\"en_US\" \/>\n<meta property=\"og:type\" content=\"article\" \/>\n<meta property=\"og:title\" content=\"Momento de Arad\u00f3n DOCa Rioja 2021 14.5% vol. - Vinodeli\" \/>\n<meta property=\"og:description\" content=\"Viinamarjasordid:70% Tempranillo, 15% Garnacha ja 15% Graciano Grades and prizes:  Tim Atkin \u2014 Master of Wine (2018. aastak\u00e4ik) - 91 punkt  Gu\u00eda Pe\u00f1\u00edn (2018. aastak\u00e4ik) - 89 punkti\" \/>\n<meta property=\"og:url\" content=\"https:\/\/vinodeli.ee\/en\/product\/momento_de_aradon\/\" \/>\n<meta property=\"og:site_name\" content=\"Vinodeli\" \/>\n<meta property=\"article:modified_time\" content=\"2024-11-24T16:59:16+00:00\" \/>\n<meta property=\"og:image\" content=\"https:\/\/vinodeli.ee\/wp-content\/uploads\/2023\/11\/momentodearadon-jpg-2.webp\" \/>\n\t<meta property=\"og:image:width\" content=\"1100\" \/>\n\t<meta property=\"og:image:height\" content=\"1100\" \/>\n\t<meta property=\"og:image:type\" content=\"image\/webp\" \/>\n<meta name=\"twitter:card\" content=\"summary_large_image\" \/>\n<meta name=\"twitter:label1\" content=\"Est. reading time\" \/>\n\t<meta name=\"twitter:data1\" content=\"1 minute\" \/>\n<script type=\"application\/ld+json\" class=\"yoast-schema-graph\">{\"@context\":\"https:\/\/schema.org\",\"@graph\":[{\"@type\":\"WebPage\",\"@id\":\"https:\/\/vinodeli.ee\/en\/product\/momento_de_aradon\/\",\"url\":\"https:\/\/vinodeli.ee\/en\/product\/momento_de_aradon\/\",\"name\":\"Momento de Arad\u00f3n DOCa Rioja 2021 14.5% vol. - Vinodeli\",\"isPartOf\":{\"@id\":\"https:\/\/vinodeli.ee\/#website\"},\"primaryImageOfPage\":{\"@id\":\"https:\/\/vinodeli.ee\/en\/product\/momento_de_aradon\/#primaryimage\"},\"image\":{\"@id\":\"https:\/\/vinodeli.ee\/en\/product\/momento_de_aradon\/#primaryimage\"},\"thumbnailUrl\":\"https:\/\/vinodeli.ee\/wp-content\/uploads\/2023\/11\/momentodearadon-jpg-2.webp\",\"datePublished\":\"2022-04-02T19:29:57+00:00\",\"dateModified\":\"2024-11-24T16:59:16+00:00\",\"breadcrumb\":{\"@id\":\"https:\/\/vinodeli.ee\/en\/product\/momento_de_aradon\/#breadcrumb\"},\"inLanguage\":\"en-US\",\"potentialAction\":[{\"@type\":\"ReadAction\",\"target\":[\"https:\/\/vinodeli.ee\/en\/product\/momento_de_aradon\/\"]}]},{\"@type\":\"ImageObject\",\"inLanguage\":\"en-US\",\"@id\":\"https:\/\/vinodeli.ee\/en\/product\/momento_de_aradon\/#primaryimage\",\"url\":\"https:\/\/vinodeli.ee\/wp-content\/uploads\/2023\/11\/momentodearadon-jpg-2.webp\",\"contentUrl\":\"https:\/\/vinodeli.ee\/wp-content\/uploads\/2023\/11\/momentodearadon-jpg-2.webp\",\"width\":1100,\"height\":1100},{\"@type\":\"BreadcrumbList\",\"@id\":\"https:\/\/vinodeli.ee\/en\/product\/momento_de_aradon\/#breadcrumb\",\"itemListElement\":[{\"@type\":\"ListItem\",\"position\":1,\"name\":\"Home\",\"item\":\"https:\/\/vinodeli.ee\/en\/\"},{\"@type\":\"ListItem\",\"position\":2,\"name\":\"Shop\",\"item\":\"https:\/\/vinodeli.ee\/pood\/\"},{\"@type\":\"ListItem\",\"position\":3,\"name\":\"Momento de Arad\u00f3n DOCa Rioja 2021 14.5% vol.\"}]},{\"@type\":\"WebSite\",\"@id\":\"https:\/\/vinodeli.ee\/#website\",\"url\":\"https:\/\/vinodeli.ee\/\",\"name\":\"Vinodeli\",\"description\":\"\",\"publisher\":{\"@id\":\"https:\/\/vinodeli.ee\/#organization\"},\"potentialAction\":[{\"@type\":\"SearchAction\",\"target\":{\"@type\":\"EntryPoint\",\"urlTemplate\":\"https:\/\/vinodeli.ee\/?s={search_term_string}\"},\"query-input\":{\"@type\":\"PropertyValueSpecification\",\"valueRequired\":true,\"valueName\":\"search_term_string\"}}],\"inLanguage\":\"en-US\"},{\"@type\":\"Organization\",\"@id\":\"https:\/\/vinodeli.ee\/#organization\",\"name\":\"Vinodeli O\u00dc\",\"url\":\"https:\/\/vinodeli.ee\/\",\"logo\":{\"@type\":\"ImageObject\",\"inLanguage\":\"en-US\",\"@id\":\"https:\/\/vinodeli.ee\/#\/schema\/logo\/image\/\",\"url\":\"https:\/\/vinodeli.ee\/wp-content\/uploads\/2024\/02\/logo-winodeli-1.png\",\"contentUrl\":\"https:\/\/vinodeli.ee\/wp-content\/uploads\/2024\/02\/logo-winodeli-1.png\",\"width\":1500,\"height\":1150,\"caption\":\"Vinodeli O\u00dc\"},\"image\":{\"@id\":\"https:\/\/vinodeli.ee\/#\/schema\/logo\/image\/\"}}]}<\/script>\n<!-- \/ Yoast SEO plugin. -->","yoast_head_json":{"title":"Momento de Arad\u00f3n DOCa Rioja 2021 14.5% vol. - Vinodeli","robots":{"index":"index","follow":"follow","max-snippet":"max-snippet:-1","max-image-preview":"max-image-preview:large","max-video-preview":"max-video-preview:-1"},"canonical":"https:\/\/vinodeli.ee\/en\/product\/momento_de_aradon\/","og_locale":"en_US","og_type":"article","og_title":"Momento de Arad\u00f3n DOCa Rioja 2021 14.5% vol. - Vinodeli","og_description":"Viinamarjasordid:70% Tempranillo, 15% Garnacha ja 15% Graciano Grades and prizes:  Tim Atkin \u2014 Master of Wine (2018. aastak\u00e4ik) - 91 punkt  Gu\u00eda Pe\u00f1\u00edn (2018. aastak\u00e4ik) - 89 punkti","og_url":"https:\/\/vinodeli.ee\/en\/product\/momento_de_aradon\/","og_site_name":"Vinodeli","article_modified_time":"2024-11-24T16:59:16+00:00","og_image":[{"width":1100,"height":1100,"url":"https:\/\/vinodeli.ee\/wp-content\/uploads\/2023\/11\/momentodearadon-jpg-2.webp","type":"image\/webp"}],"twitter_card":"summary_large_image","twitter_misc":{"Est. reading time":"1 minute"},"schema":{"@context":"https:\/\/schema.org","@graph":[{"@type":"WebPage","@id":"https:\/\/vinodeli.ee\/en\/product\/momento_de_aradon\/","url":"https:\/\/vinodeli.ee\/en\/product\/momento_de_aradon\/","name":"Momento de Arad\u00f3n DOCa Rioja 2021 14.5% vol. - Vinodeli","isPartOf":{"@id":"https:\/\/vinodeli.ee\/#website"},"primaryImageOfPage":{"@id":"https:\/\/vinodeli.ee\/en\/product\/momento_de_aradon\/#primaryimage"},"image":{"@id":"https:\/\/vinodeli.ee\/en\/product\/momento_de_aradon\/#primaryimage"},"thumbnailUrl":"https:\/\/vinodeli.ee\/wp-content\/uploads\/2023\/11\/momentodearadon-jpg-2.webp","datePublished":"2022-04-02T19:29:57+00:00","dateModified":"2024-11-24T16:59:16+00:00","breadcrumb":{"@id":"https:\/\/vinodeli.ee\/en\/product\/momento_de_aradon\/#breadcrumb"},"inLanguage":"en-US","potentialAction":[{"@type":"ReadAction","target":["https:\/\/vinodeli.ee\/en\/product\/momento_de_aradon\/"]}]},{"@type":"ImageObject","inLanguage":"en-US","@id":"https:\/\/vinodeli.ee\/en\/product\/momento_de_aradon\/#primaryimage","url":"https:\/\/vinodeli.ee\/wp-content\/uploads\/2023\/11\/momentodearadon-jpg-2.webp","contentUrl":"https:\/\/vinodeli.ee\/wp-content\/uploads\/2023\/11\/momentodearadon-jpg-2.webp","width":1100,"height":1100},{"@type":"BreadcrumbList","@id":"https:\/\/vinodeli.ee\/en\/product\/momento_de_aradon\/#breadcrumb","itemListElement":[{"@type":"ListItem","position":1,"name":"Home","item":"https:\/\/vinodeli.ee\/en\/"},{"@type":"ListItem","position":2,"name":"Shop","item":"https:\/\/vinodeli.ee\/pood\/"},{"@type":"ListItem","position":3,"name":"Momento de Arad\u00f3n DOCa Rioja 2021 14.5% vol."}]},{"@type":"WebSite","@id":"https:\/\/vinodeli.ee\/#website","url":"https:\/\/vinodeli.ee\/","name":"Vinodeli","description":"","publisher":{"@id":"https:\/\/vinodeli.ee\/#organization"},"potentialAction":[{"@type":"SearchAction","target":{"@type":"EntryPoint","urlTemplate":"https:\/\/vinodeli.ee\/?s={search_term_string}"},"query-input":{"@type":"PropertyValueSpecification","valueRequired":true,"valueName":"search_term_string"}}],"inLanguage":"en-US"},{"@type":"Organization","@id":"https:\/\/vinodeli.ee\/#organization","name":"Vinodeli O\u00dc","url":"https:\/\/vinodeli.ee\/","logo":{"@type":"ImageObject","inLanguage":"en-US","@id":"https:\/\/vinodeli.ee\/#\/schema\/logo\/image\/","url":"https:\/\/vinodeli.ee\/wp-content\/uploads\/2024\/02\/logo-winodeli-1.png","contentUrl":"https:\/\/vinodeli.ee\/wp-content\/uploads\/2024\/02\/logo-winodeli-1.png","width":1500,"height":1150,"caption":"Vinodeli O\u00dc"},"image":{"@id":"https:\/\/vinodeli.ee\/#\/schema\/logo\/image\/"}}]}},"_links":{"self":[{"href":"https:\/\/vinodeli.ee\/en\/wp-json\/wp\/v2\/product\/47533","targetHints":{"allow":["GET"]}}],"collection":[{"href":"https:\/\/vinodeli.ee\/en\/wp-json\/wp\/v2\/product"}],"about":[{"href":"https:\/\/vinodeli.ee\/en\/wp-json\/wp\/v2\/types\/product"}],"version-history":[{"count":0,"href":"https:\/\/vinodeli.ee\/en\/wp-json\/wp\/v2\/product\/47533\/revisions"}],"wp:featuredmedia":[{"embeddable":true,"href":"https:\/\/vinodeli.ee\/en\/wp-json\/wp\/v2\/media\/45120"}],"wp:attachment":[{"href":"https:\/\/vinodeli.ee\/en\/wp-json\/wp\/v2\/media?parent=47533"}],"wp:term":[{"taxonomy":"product_brand","embeddable":true,"href":"https:\/\/vinodeli.ee\/en\/wp-json\/wp\/v2\/product_brand?post=47533"},{"taxonomy":"product_cat","embeddable":true,"href":"https:\/\/vinodeli.ee\/en\/wp-json\/wp\/v2\/product_cat?post=47533"},{"taxonomy":"product_tag","embeddable":true,"href":"https:\/\/vinodeli.ee\/en\/wp-json\/wp\/v2\/product_tag?post=47533"}],"curies":[{"name":"wp","href":"https:\/\/api.w.org\/{rel}","templated":true}]}}