{"id":47535,"date":"2022-04-02T17:20:11","date_gmt":"2022-04-02T14:20:11","guid":{"rendered":"https:\/\/vinodeli.ee\/product\/crianza-calzadas-de-aradon\/"},"modified":"2023-12-20T13:54:09","modified_gmt":"2023-12-20T11:54:09","slug":"crianza-calzadas-de-aradon","status":"publish","type":"product","link":"https:\/\/vinodeli.ee\/en\/product\/crianza-calzadas-de-aradon\/","title":{"rendered":"Calzadas de Arad\u00f3n Crianza DOCa Rioja 2018 14.5% vol."},"content":{"rendered":"<blockquote>\n<h5><span lang=\"EN-US\">Aradon was a village which existed in Roman times but which mysteriously disappeared.\u00a0<\/span><span lang=\"EN-US\">Aradon was situated at the top of a plain with an altitude of 550 m, called \u201cLa Mesa\u201d (The Table), which nowadays is occupied by vines of up to 90 years old, belonging to the winery. From 1957 onwards and continuing to the present day, in the village of Alcanadre, which is located 36 Km east of Logro\u00f1o, vinegrowers, from Alcanadre, have chosen to pay tribute to Aradon by naming their wines after it. These wines are elaborated with fruit coming from ancestral vineyards, grown with care and expertise by our experienced vinegrowers, whose knowledge has been passed down through the generations over centuries.<\/span><\/h5>\n<\/blockquote>\n<h3>Winemaking<\/h3>\n<p>Calzadas is part of the Parcelas de Aradon range of wines: A plot with vines more than 50 years old, growing in poor, infertile soils over bedrock. A punishing environment where only vines, almonds and olives flourish.Traditional winemaking with 20 days of maceration in stainless steel tanks. Malolactic fermentation in concrete tanks.<\/p>\n<h3>Tasting notes<\/h3>\n<p>In the visual phase, we find a wine with a high robe, with an elegant, very deep ruby colour. The wine has a high aromatic intensity with great complexity and elegance. Notes of forest fruits (currants, blueberries&#8230;) stand out along with light mineral touches as well as certain memories of incense and liquorice. Its passage through the mouth is very smooth with a pleasant and long aftertaste. The freshness and fruit flavor provided by the Graciano and Garnacha varieties stand out, making this wine a unique red.<\/p>\n","protected":false},"excerpt":{"rendered":"<blockquote>\n<h4>Grape varieties:80% Tempranillo, 10% Garnacha and 10% Graciano<\/h4>\n<\/blockquote>\n<ul>\n<li>Gu\u00eda Pe\u00f1\u00edn (2020, vintage 2016) &#8211; 90 points<\/li>\n<li>Tim Atkin &#8211; Master of Wine (2019, vintage 2014) &#8211; 88 points<\/li>\n<\/ul>\n","protected":false},"featured_media":45126,"template":"","meta":{"_acf_changed":false},"product_brand":[],"product_cat":[19462],"product_tag":[],"class_list":{"0":"post-47535","1":"product","2":"type-product","3":"status-publish","4":"has-post-thumbnail","6":"product_cat-red-wine","8":"first","9":"outofstock","10":"downloadable","11":"taxable","12":"shipping-taxable","13":"purchasable","14":"product-type-simple"},"acf":[],"yoast_head":"<!-- This site is optimized with the Yoast SEO plugin v27.6 - https:\/\/yoast.com\/product\/yoast-seo-wordpress\/ -->\n<title>Calzadas de Arad\u00f3n Crianza DOCa Rioja 2018 14.5% vol. - Vinodeli<\/title>\n<meta name=\"robots\" content=\"index, follow, max-snippet:-1, max-image-preview:large, max-video-preview:-1\" \/>\n<link rel=\"canonical\" href=\"https:\/\/vinodeli.ee\/en\/product\/crianza-calzadas-de-aradon\/\" \/>\n<meta property=\"og:locale\" content=\"en_US\" \/>\n<meta property=\"og:type\" content=\"article\" \/>\n<meta property=\"og:title\" content=\"Calzadas de Arad\u00f3n Crianza DOCa Rioja 2018 14.5% vol. - Vinodeli\" \/>\n<meta property=\"og:description\" content=\"Grape varieties:80% Tempranillo, 10% Garnacha and 10% Graciano Gu\u00eda Pe\u00f1\u00edn (2020, vintage 2016) - 90 points Tim Atkin - Master of Wine (2019, vintage 2014) - 88 points\" \/>\n<meta property=\"og:url\" content=\"https:\/\/vinodeli.ee\/en\/product\/crianza-calzadas-de-aradon\/\" \/>\n<meta property=\"og:site_name\" content=\"Vinodeli\" \/>\n<meta property=\"article:modified_time\" content=\"2023-12-20T11:54:09+00:00\" \/>\n<meta property=\"og:image\" content=\"https:\/\/vinodeli.ee\/wp-content\/uploads\/2023\/11\/calzadasdearadoncrianza-1-2-800x800.png\" \/>\n\t<meta property=\"og:image:width\" content=\"800\" \/>\n\t<meta property=\"og:image:height\" content=\"800\" \/>\n\t<meta property=\"og:image:type\" content=\"image\/png\" \/>\n<meta name=\"twitter:card\" content=\"summary_large_image\" \/>\n<meta name=\"twitter:label1\" content=\"Est. reading time\" \/>\n\t<meta name=\"twitter:data1\" content=\"1 minute\" \/>\n<script type=\"application\/ld+json\" class=\"yoast-schema-graph\">{\"@context\":\"https:\\\/\\\/schema.org\",\"@graph\":[{\"@type\":\"WebPage\",\"@id\":\"https:\\\/\\\/vinodeli.ee\\\/en\\\/product\\\/crianza-calzadas-de-aradon\\\/\",\"url\":\"https:\\\/\\\/vinodeli.ee\\\/en\\\/product\\\/crianza-calzadas-de-aradon\\\/\",\"name\":\"Calzadas de Arad\u00f3n Crianza DOCa Rioja 2018 14.5% vol. - Vinodeli\",\"isPartOf\":{\"@id\":\"https:\\\/\\\/vinodeli.ee\\\/#website\"},\"primaryImageOfPage\":{\"@id\":\"https:\\\/\\\/vinodeli.ee\\\/en\\\/product\\\/crianza-calzadas-de-aradon\\\/#primaryimage\"},\"image\":{\"@id\":\"https:\\\/\\\/vinodeli.ee\\\/en\\\/product\\\/crianza-calzadas-de-aradon\\\/#primaryimage\"},\"thumbnailUrl\":\"https:\\\/\\\/vinodeli.ee\\\/wp-content\\\/uploads\\\/2023\\\/11\\\/calzadasdearadoncrianza-1-2.png\",\"datePublished\":\"2022-04-02T14:20:11+00:00\",\"dateModified\":\"2023-12-20T11:54:09+00:00\",\"breadcrumb\":{\"@id\":\"https:\\\/\\\/vinodeli.ee\\\/en\\\/product\\\/crianza-calzadas-de-aradon\\\/#breadcrumb\"},\"inLanguage\":\"en-US\",\"potentialAction\":[{\"@type\":\"ReadAction\",\"target\":[\"https:\\\/\\\/vinodeli.ee\\\/en\\\/product\\\/crianza-calzadas-de-aradon\\\/\"]}]},{\"@type\":\"ImageObject\",\"inLanguage\":\"en-US\",\"@id\":\"https:\\\/\\\/vinodeli.ee\\\/en\\\/product\\\/crianza-calzadas-de-aradon\\\/#primaryimage\",\"url\":\"https:\\\/\\\/vinodeli.ee\\\/wp-content\\\/uploads\\\/2023\\\/11\\\/calzadasdearadoncrianza-1-2.png\",\"contentUrl\":\"https:\\\/\\\/vinodeli.ee\\\/wp-content\\\/uploads\\\/2023\\\/11\\\/calzadasdearadoncrianza-1-2.png\",\"width\":3100,\"height\":3100},{\"@type\":\"BreadcrumbList\",\"@id\":\"https:\\\/\\\/vinodeli.ee\\\/en\\\/product\\\/crianza-calzadas-de-aradon\\\/#breadcrumb\",\"itemListElement\":[{\"@type\":\"ListItem\",\"position\":1,\"name\":\"Home\",\"item\":\"https:\\\/\\\/vinodeli.ee\\\/en\\\/\"},{\"@type\":\"ListItem\",\"position\":2,\"name\":\"Shop\",\"item\":\"https:\\\/\\\/vinodeli.ee\\\/pood\\\/\"},{\"@type\":\"ListItem\",\"position\":3,\"name\":\"Calzadas de Arad\u00f3n Crianza DOCa Rioja 2018 14.5% vol.\"}]},{\"@type\":\"WebSite\",\"@id\":\"https:\\\/\\\/vinodeli.ee\\\/#website\",\"url\":\"https:\\\/\\\/vinodeli.ee\\\/\",\"name\":\"Vinodeli\",\"description\":\"\",\"publisher\":{\"@id\":\"https:\\\/\\\/vinodeli.ee\\\/#organization\"},\"potentialAction\":[{\"@type\":\"SearchAction\",\"target\":{\"@type\":\"EntryPoint\",\"urlTemplate\":\"https:\\\/\\\/vinodeli.ee\\\/?s={search_term_string}\"},\"query-input\":{\"@type\":\"PropertyValueSpecification\",\"valueRequired\":true,\"valueName\":\"search_term_string\"}}],\"inLanguage\":\"en-US\"},{\"@type\":\"Organization\",\"@id\":\"https:\\\/\\\/vinodeli.ee\\\/#organization\",\"name\":\"Vinodeli O\u00dc\",\"url\":\"https:\\\/\\\/vinodeli.ee\\\/\",\"logo\":{\"@type\":\"ImageObject\",\"inLanguage\":\"en-US\",\"@id\":\"https:\\\/\\\/vinodeli.ee\\\/#\\\/schema\\\/logo\\\/image\\\/\",\"url\":\"https:\\\/\\\/vinodeli.ee\\\/wp-content\\\/uploads\\\/2024\\\/02\\\/logo-winodeli-1.png\",\"contentUrl\":\"https:\\\/\\\/vinodeli.ee\\\/wp-content\\\/uploads\\\/2024\\\/02\\\/logo-winodeli-1.png\",\"width\":1500,\"height\":1150,\"caption\":\"Vinodeli O\u00dc\"},\"image\":{\"@id\":\"https:\\\/\\\/vinodeli.ee\\\/#\\\/schema\\\/logo\\\/image\\\/\"}}]}<\/script>\n<!-- \/ Yoast SEO plugin. -->","yoast_head_json":{"title":"Calzadas de Arad\u00f3n Crianza DOCa Rioja 2018 14.5% vol. - Vinodeli","robots":{"index":"index","follow":"follow","max-snippet":"max-snippet:-1","max-image-preview":"max-image-preview:large","max-video-preview":"max-video-preview:-1"},"canonical":"https:\/\/vinodeli.ee\/en\/product\/crianza-calzadas-de-aradon\/","og_locale":"en_US","og_type":"article","og_title":"Calzadas de Arad\u00f3n Crianza DOCa Rioja 2018 14.5% vol. - Vinodeli","og_description":"Grape varieties:80% Tempranillo, 10% Garnacha and 10% Graciano Gu\u00eda Pe\u00f1\u00edn (2020, vintage 2016) - 90 points Tim Atkin - Master of Wine (2019, vintage 2014) - 88 points","og_url":"https:\/\/vinodeli.ee\/en\/product\/crianza-calzadas-de-aradon\/","og_site_name":"Vinodeli","article_modified_time":"2023-12-20T11:54:09+00:00","og_image":[{"width":800,"height":800,"url":"https:\/\/vinodeli.ee\/wp-content\/uploads\/2023\/11\/calzadasdearadoncrianza-1-2-800x800.png","type":"image\/png"}],"twitter_card":"summary_large_image","twitter_misc":{"Est. reading time":"1 minute"},"schema":{"@context":"https:\/\/schema.org","@graph":[{"@type":"WebPage","@id":"https:\/\/vinodeli.ee\/en\/product\/crianza-calzadas-de-aradon\/","url":"https:\/\/vinodeli.ee\/en\/product\/crianza-calzadas-de-aradon\/","name":"Calzadas de Arad\u00f3n Crianza DOCa Rioja 2018 14.5% vol. - Vinodeli","isPartOf":{"@id":"https:\/\/vinodeli.ee\/#website"},"primaryImageOfPage":{"@id":"https:\/\/vinodeli.ee\/en\/product\/crianza-calzadas-de-aradon\/#primaryimage"},"image":{"@id":"https:\/\/vinodeli.ee\/en\/product\/crianza-calzadas-de-aradon\/#primaryimage"},"thumbnailUrl":"https:\/\/vinodeli.ee\/wp-content\/uploads\/2023\/11\/calzadasdearadoncrianza-1-2.png","datePublished":"2022-04-02T14:20:11+00:00","dateModified":"2023-12-20T11:54:09+00:00","breadcrumb":{"@id":"https:\/\/vinodeli.ee\/en\/product\/crianza-calzadas-de-aradon\/#breadcrumb"},"inLanguage":"en-US","potentialAction":[{"@type":"ReadAction","target":["https:\/\/vinodeli.ee\/en\/product\/crianza-calzadas-de-aradon\/"]}]},{"@type":"ImageObject","inLanguage":"en-US","@id":"https:\/\/vinodeli.ee\/en\/product\/crianza-calzadas-de-aradon\/#primaryimage","url":"https:\/\/vinodeli.ee\/wp-content\/uploads\/2023\/11\/calzadasdearadoncrianza-1-2.png","contentUrl":"https:\/\/vinodeli.ee\/wp-content\/uploads\/2023\/11\/calzadasdearadoncrianza-1-2.png","width":3100,"height":3100},{"@type":"BreadcrumbList","@id":"https:\/\/vinodeli.ee\/en\/product\/crianza-calzadas-de-aradon\/#breadcrumb","itemListElement":[{"@type":"ListItem","position":1,"name":"Home","item":"https:\/\/vinodeli.ee\/en\/"},{"@type":"ListItem","position":2,"name":"Shop","item":"https:\/\/vinodeli.ee\/pood\/"},{"@type":"ListItem","position":3,"name":"Calzadas de Arad\u00f3n Crianza DOCa Rioja 2018 14.5% vol."}]},{"@type":"WebSite","@id":"https:\/\/vinodeli.ee\/#website","url":"https:\/\/vinodeli.ee\/","name":"Vinodeli","description":"","publisher":{"@id":"https:\/\/vinodeli.ee\/#organization"},"potentialAction":[{"@type":"SearchAction","target":{"@type":"EntryPoint","urlTemplate":"https:\/\/vinodeli.ee\/?s={search_term_string}"},"query-input":{"@type":"PropertyValueSpecification","valueRequired":true,"valueName":"search_term_string"}}],"inLanguage":"en-US"},{"@type":"Organization","@id":"https:\/\/vinodeli.ee\/#organization","name":"Vinodeli O\u00dc","url":"https:\/\/vinodeli.ee\/","logo":{"@type":"ImageObject","inLanguage":"en-US","@id":"https:\/\/vinodeli.ee\/#\/schema\/logo\/image\/","url":"https:\/\/vinodeli.ee\/wp-content\/uploads\/2024\/02\/logo-winodeli-1.png","contentUrl":"https:\/\/vinodeli.ee\/wp-content\/uploads\/2024\/02\/logo-winodeli-1.png","width":1500,"height":1150,"caption":"Vinodeli O\u00dc"},"image":{"@id":"https:\/\/vinodeli.ee\/#\/schema\/logo\/image\/"}}]}},"_links":{"self":[{"href":"https:\/\/vinodeli.ee\/en\/wp-json\/wp\/v2\/product\/47535","targetHints":{"allow":["GET"]}}],"collection":[{"href":"https:\/\/vinodeli.ee\/en\/wp-json\/wp\/v2\/product"}],"about":[{"href":"https:\/\/vinodeli.ee\/en\/wp-json\/wp\/v2\/types\/product"}],"version-history":[{"count":0,"href":"https:\/\/vinodeli.ee\/en\/wp-json\/wp\/v2\/product\/47535\/revisions"}],"wp:featuredmedia":[{"embeddable":true,"href":"https:\/\/vinodeli.ee\/en\/wp-json\/wp\/v2\/media\/45126"}],"wp:attachment":[{"href":"https:\/\/vinodeli.ee\/en\/wp-json\/wp\/v2\/media?parent=47535"}],"wp:term":[{"taxonomy":"product_brand","embeddable":true,"href":"https:\/\/vinodeli.ee\/en\/wp-json\/wp\/v2\/product_brand?post=47535"},{"taxonomy":"product_cat","embeddable":true,"href":"https:\/\/vinodeli.ee\/en\/wp-json\/wp\/v2\/product_cat?post=47535"},{"taxonomy":"product_tag","embeddable":true,"href":"https:\/\/vinodeli.ee\/en\/wp-json\/wp\/v2\/product_tag?post=47535"}],"curies":[{"name":"wp","href":"https:\/\/api.w.org\/{rel}","templated":true}]}}