{"id":47536,"date":"2022-04-02T15:27:21","date_gmt":"2022-04-02T12:27:21","guid":{"rendered":"https:\/\/vinodeli.ee\/product\/graciano-aradon\/"},"modified":"2025-06-09T12:33:13","modified_gmt":"2025-06-09T09:33:13","slug":"graciano-aradon","status":"publish","type":"product","link":"https:\/\/vinodeli.ee\/en\/product\/graciano-aradon\/","title":{"rendered":"Arad\u00f3n Graciano DOCa Rioja 2019 13.5% vol."},"content":{"rendered":"<blockquote>\n<h5><span lang=\"EN-US\">Aradon was a village which existed in Roman times but which mysteriously disappeared.\u00a0<\/span><span lang=\"EN-US\">Aradon was situated at the top of a plain with an altitude of 550 m, called \u201cLa Mesa\u201d (The Table), which nowadays is occupied by vines of up to 90 years old, belonging to the winery. From 1957 onwards and continuing to the present day, in the village of Alcanadre, which is located 36 Km east of Logro\u00f1o, vinegrowers, from Alcanadre, have chosen to pay tribute to Aradon by naming their wines after it. These wines are elaborated with fruit coming from ancestral vineyards, grown with care and expertise by our experienced vinegrowers, whose knowledge has been passed down through the generations over centuries.<\/span><\/h5>\n<\/blockquote>\n<h3>Winemaking<\/h3>\n<p>The vines are located 400-600 metres above sea level, on East-facing hillsides of clay-limestone soil.Manual harvesting and hand-picked selection of grapes. Made in concrete tanks, with malolactic fermentation in extra-fine, 500-litre French oak barrels.<\/p>\n<h3>Tasting notes<\/h3>\n<p>Arad\u00f3n Graciano perfectly embodies the essence of the Graciano variety; native to La Rioja, pure and expressive. Bursting with lively aromas, fresh and exciting, with wild red fruits, mineral notes and hints of eucalyptus and mint. Punchy and bold. Complex and delicious. Especially suited to the curious and bold; those keen to explore. This is an unearthed treasure that will leave a lasting impression.<\/p>\n","protected":false},"excerpt":{"rendered":"<blockquote>\n<h4>Grape variety:100% Graciano<\/h4>\n<\/blockquote>\n<ul>\n<li>Gu\u00eda Pe\u00f1\u00edn (2020, 2017. aastak\u00e4ik) &#8211; 90 points<\/li>\n<li>Tim Atkin &#8211; Master of Wine (2018, 2015. aastak\u00e4ik) &#8211; 88 points<\/li>\n<\/ul>\n","protected":false},"featured_media":45129,"template":"","meta":{"_acf_changed":false},"product_brand":[],"product_cat":[19462],"product_tag":[],"class_list":{"0":"post-47536","1":"product","2":"type-product","3":"status-publish","4":"has-post-thumbnail","6":"product_cat-red-wine","8":"first","9":"instock","10":"downloadable","11":"taxable","12":"shipping-taxable","13":"purchasable","14":"product-type-simple"},"acf":[],"yoast_head":"<!-- This site is optimized with the Yoast SEO plugin v25.7 - https:\/\/yoast.com\/wordpress\/plugins\/seo\/ -->\n<title>Arad\u00f3n Graciano DOCa Rioja 2019 13.5% vol. - Vinodeli<\/title>\n<meta name=\"robots\" content=\"index, follow, max-snippet:-1, max-image-preview:large, max-video-preview:-1\" \/>\n<link rel=\"canonical\" href=\"https:\/\/vinodeli.ee\/en\/product\/graciano-aradon\/\" \/>\n<meta property=\"og:locale\" content=\"en_US\" \/>\n<meta property=\"og:type\" content=\"article\" \/>\n<meta property=\"og:title\" content=\"Arad\u00f3n Graciano DOCa Rioja 2019 13.5% vol. - Vinodeli\" \/>\n<meta property=\"og:description\" content=\"Grape variety:100% Graciano Gu\u00eda Pe\u00f1\u00edn (2020, 2017. aastak\u00e4ik) - 90 points Tim Atkin - Master of Wine (2018, 2015. aastak\u00e4ik) - 88 points\" \/>\n<meta property=\"og:url\" content=\"https:\/\/vinodeli.ee\/en\/product\/graciano-aradon\/\" \/>\n<meta property=\"og:site_name\" content=\"Vinodeli\" \/>\n<meta property=\"article:modified_time\" content=\"2025-06-09T09:33:13+00:00\" \/>\n<meta property=\"og:image\" content=\"https:\/\/vinodeli.ee\/wp-content\/uploads\/2023\/11\/aradongraciano-jpg-2.webp\" \/>\n\t<meta property=\"og:image:width\" content=\"1080\" \/>\n\t<meta property=\"og:image:height\" content=\"1080\" \/>\n\t<meta property=\"og:image:type\" content=\"image\/webp\" \/>\n<meta name=\"twitter:card\" content=\"summary_large_image\" \/>\n<meta name=\"twitter:label1\" content=\"Est. reading time\" \/>\n\t<meta name=\"twitter:data1\" content=\"1 minute\" \/>\n<script type=\"application\/ld+json\" class=\"yoast-schema-graph\">{\"@context\":\"https:\/\/schema.org\",\"@graph\":[{\"@type\":\"WebPage\",\"@id\":\"https:\/\/vinodeli.ee\/en\/product\/graciano-aradon\/\",\"url\":\"https:\/\/vinodeli.ee\/en\/product\/graciano-aradon\/\",\"name\":\"Arad\u00f3n Graciano DOCa Rioja 2019 13.5% vol. - Vinodeli\",\"isPartOf\":{\"@id\":\"https:\/\/vinodeli.ee\/#website\"},\"primaryImageOfPage\":{\"@id\":\"https:\/\/vinodeli.ee\/en\/product\/graciano-aradon\/#primaryimage\"},\"image\":{\"@id\":\"https:\/\/vinodeli.ee\/en\/product\/graciano-aradon\/#primaryimage\"},\"thumbnailUrl\":\"https:\/\/vinodeli.ee\/wp-content\/uploads\/2023\/11\/aradongraciano-jpg-2.webp\",\"datePublished\":\"2022-04-02T12:27:21+00:00\",\"dateModified\":\"2025-06-09T09:33:13+00:00\",\"breadcrumb\":{\"@id\":\"https:\/\/vinodeli.ee\/en\/product\/graciano-aradon\/#breadcrumb\"},\"inLanguage\":\"en-US\",\"potentialAction\":[{\"@type\":\"ReadAction\",\"target\":[\"https:\/\/vinodeli.ee\/en\/product\/graciano-aradon\/\"]}]},{\"@type\":\"ImageObject\",\"inLanguage\":\"en-US\",\"@id\":\"https:\/\/vinodeli.ee\/en\/product\/graciano-aradon\/#primaryimage\",\"url\":\"https:\/\/vinodeli.ee\/wp-content\/uploads\/2023\/11\/aradongraciano-jpg-2.webp\",\"contentUrl\":\"https:\/\/vinodeli.ee\/wp-content\/uploads\/2023\/11\/aradongraciano-jpg-2.webp\",\"width\":1080,\"height\":1080},{\"@type\":\"BreadcrumbList\",\"@id\":\"https:\/\/vinodeli.ee\/en\/product\/graciano-aradon\/#breadcrumb\",\"itemListElement\":[{\"@type\":\"ListItem\",\"position\":1,\"name\":\"Home\",\"item\":\"https:\/\/vinodeli.ee\/en\/\"},{\"@type\":\"ListItem\",\"position\":2,\"name\":\"Shop\",\"item\":\"https:\/\/vinodeli.ee\/pood\/\"},{\"@type\":\"ListItem\",\"position\":3,\"name\":\"Arad\u00f3n Graciano DOCa Rioja 2019 13.5% vol.\"}]},{\"@type\":\"WebSite\",\"@id\":\"https:\/\/vinodeli.ee\/#website\",\"url\":\"https:\/\/vinodeli.ee\/\",\"name\":\"Vinodeli\",\"description\":\"\",\"publisher\":{\"@id\":\"https:\/\/vinodeli.ee\/#organization\"},\"potentialAction\":[{\"@type\":\"SearchAction\",\"target\":{\"@type\":\"EntryPoint\",\"urlTemplate\":\"https:\/\/vinodeli.ee\/?s={search_term_string}\"},\"query-input\":{\"@type\":\"PropertyValueSpecification\",\"valueRequired\":true,\"valueName\":\"search_term_string\"}}],\"inLanguage\":\"en-US\"},{\"@type\":\"Organization\",\"@id\":\"https:\/\/vinodeli.ee\/#organization\",\"name\":\"Vinodeli O\u00dc\",\"url\":\"https:\/\/vinodeli.ee\/\",\"logo\":{\"@type\":\"ImageObject\",\"inLanguage\":\"en-US\",\"@id\":\"https:\/\/vinodeli.ee\/#\/schema\/logo\/image\/\",\"url\":\"https:\/\/vinodeli.ee\/wp-content\/uploads\/2024\/02\/logo-winodeli-1.png\",\"contentUrl\":\"https:\/\/vinodeli.ee\/wp-content\/uploads\/2024\/02\/logo-winodeli-1.png\",\"width\":1500,\"height\":1150,\"caption\":\"Vinodeli O\u00dc\"},\"image\":{\"@id\":\"https:\/\/vinodeli.ee\/#\/schema\/logo\/image\/\"}}]}<\/script>\n<!-- \/ Yoast SEO plugin. -->","yoast_head_json":{"title":"Arad\u00f3n Graciano DOCa Rioja 2019 13.5% vol. - Vinodeli","robots":{"index":"index","follow":"follow","max-snippet":"max-snippet:-1","max-image-preview":"max-image-preview:large","max-video-preview":"max-video-preview:-1"},"canonical":"https:\/\/vinodeli.ee\/en\/product\/graciano-aradon\/","og_locale":"en_US","og_type":"article","og_title":"Arad\u00f3n Graciano DOCa Rioja 2019 13.5% vol. - Vinodeli","og_description":"Grape variety:100% Graciano Gu\u00eda Pe\u00f1\u00edn (2020, 2017. aastak\u00e4ik) - 90 points Tim Atkin - Master of Wine (2018, 2015. aastak\u00e4ik) - 88 points","og_url":"https:\/\/vinodeli.ee\/en\/product\/graciano-aradon\/","og_site_name":"Vinodeli","article_modified_time":"2025-06-09T09:33:13+00:00","og_image":[{"width":1080,"height":1080,"url":"https:\/\/vinodeli.ee\/wp-content\/uploads\/2023\/11\/aradongraciano-jpg-2.webp","type":"image\/webp"}],"twitter_card":"summary_large_image","twitter_misc":{"Est. reading time":"1 minute"},"schema":{"@context":"https:\/\/schema.org","@graph":[{"@type":"WebPage","@id":"https:\/\/vinodeli.ee\/en\/product\/graciano-aradon\/","url":"https:\/\/vinodeli.ee\/en\/product\/graciano-aradon\/","name":"Arad\u00f3n Graciano DOCa Rioja 2019 13.5% vol. - Vinodeli","isPartOf":{"@id":"https:\/\/vinodeli.ee\/#website"},"primaryImageOfPage":{"@id":"https:\/\/vinodeli.ee\/en\/product\/graciano-aradon\/#primaryimage"},"image":{"@id":"https:\/\/vinodeli.ee\/en\/product\/graciano-aradon\/#primaryimage"},"thumbnailUrl":"https:\/\/vinodeli.ee\/wp-content\/uploads\/2023\/11\/aradongraciano-jpg-2.webp","datePublished":"2022-04-02T12:27:21+00:00","dateModified":"2025-06-09T09:33:13+00:00","breadcrumb":{"@id":"https:\/\/vinodeli.ee\/en\/product\/graciano-aradon\/#breadcrumb"},"inLanguage":"en-US","potentialAction":[{"@type":"ReadAction","target":["https:\/\/vinodeli.ee\/en\/product\/graciano-aradon\/"]}]},{"@type":"ImageObject","inLanguage":"en-US","@id":"https:\/\/vinodeli.ee\/en\/product\/graciano-aradon\/#primaryimage","url":"https:\/\/vinodeli.ee\/wp-content\/uploads\/2023\/11\/aradongraciano-jpg-2.webp","contentUrl":"https:\/\/vinodeli.ee\/wp-content\/uploads\/2023\/11\/aradongraciano-jpg-2.webp","width":1080,"height":1080},{"@type":"BreadcrumbList","@id":"https:\/\/vinodeli.ee\/en\/product\/graciano-aradon\/#breadcrumb","itemListElement":[{"@type":"ListItem","position":1,"name":"Home","item":"https:\/\/vinodeli.ee\/en\/"},{"@type":"ListItem","position":2,"name":"Shop","item":"https:\/\/vinodeli.ee\/pood\/"},{"@type":"ListItem","position":3,"name":"Arad\u00f3n Graciano DOCa Rioja 2019 13.5% vol."}]},{"@type":"WebSite","@id":"https:\/\/vinodeli.ee\/#website","url":"https:\/\/vinodeli.ee\/","name":"Vinodeli","description":"","publisher":{"@id":"https:\/\/vinodeli.ee\/#organization"},"potentialAction":[{"@type":"SearchAction","target":{"@type":"EntryPoint","urlTemplate":"https:\/\/vinodeli.ee\/?s={search_term_string}"},"query-input":{"@type":"PropertyValueSpecification","valueRequired":true,"valueName":"search_term_string"}}],"inLanguage":"en-US"},{"@type":"Organization","@id":"https:\/\/vinodeli.ee\/#organization","name":"Vinodeli O\u00dc","url":"https:\/\/vinodeli.ee\/","logo":{"@type":"ImageObject","inLanguage":"en-US","@id":"https:\/\/vinodeli.ee\/#\/schema\/logo\/image\/","url":"https:\/\/vinodeli.ee\/wp-content\/uploads\/2024\/02\/logo-winodeli-1.png","contentUrl":"https:\/\/vinodeli.ee\/wp-content\/uploads\/2024\/02\/logo-winodeli-1.png","width":1500,"height":1150,"caption":"Vinodeli O\u00dc"},"image":{"@id":"https:\/\/vinodeli.ee\/#\/schema\/logo\/image\/"}}]}},"_links":{"self":[{"href":"https:\/\/vinodeli.ee\/en\/wp-json\/wp\/v2\/product\/47536","targetHints":{"allow":["GET"]}}],"collection":[{"href":"https:\/\/vinodeli.ee\/en\/wp-json\/wp\/v2\/product"}],"about":[{"href":"https:\/\/vinodeli.ee\/en\/wp-json\/wp\/v2\/types\/product"}],"version-history":[{"count":0,"href":"https:\/\/vinodeli.ee\/en\/wp-json\/wp\/v2\/product\/47536\/revisions"}],"wp:featuredmedia":[{"embeddable":true,"href":"https:\/\/vinodeli.ee\/en\/wp-json\/wp\/v2\/media\/45129"}],"wp:attachment":[{"href":"https:\/\/vinodeli.ee\/en\/wp-json\/wp\/v2\/media?parent=47536"}],"wp:term":[{"taxonomy":"product_brand","embeddable":true,"href":"https:\/\/vinodeli.ee\/en\/wp-json\/wp\/v2\/product_brand?post=47536"},{"taxonomy":"product_cat","embeddable":true,"href":"https:\/\/vinodeli.ee\/en\/wp-json\/wp\/v2\/product_cat?post=47536"},{"taxonomy":"product_tag","embeddable":true,"href":"https:\/\/vinodeli.ee\/en\/wp-json\/wp\/v2\/product_tag?post=47536"}],"curies":[{"name":"wp","href":"https:\/\/api.w.org\/{rel}","templated":true}]}}