{"id":47550,"date":"2022-03-28T18:18:42","date_gmt":"2022-03-28T15:18:42","guid":{"rendered":"https:\/\/vinodeli.ee\/product\/moscatel-especial-cesar-florido\/"},"modified":"2023-12-20T13:54:35","modified_gmt":"2023-12-20T11:54:35","slug":"moscatel-especial-cesar-florido","status":"publish","type":"product","link":"https:\/\/vinodeli.ee\/en\/product\/moscatel-especial-cesar-florido\/","title":{"rendered":"C\u00e9sar Florido Moscatel Especial 17.5% 375 ml"},"content":{"rendered":"<blockquote>\n<h5>Bodega C\u00e9sar Florido was founded in 1887 and is currently maintained by C\u00e9sar Florido, a fifth generation descendant of the founder. The winery is the oldest wine cellar in Chipiona, located about eight kilometers from Sanl\u00facar de Barrameda on the road leading to Rota. C\u00e9sar Florido is one of only two wine cellars in Chipiona that still operate outside of the cooperative. While technically outside the D.O.\u2019s Zona de Crianza, Chipiona produces some of the area\u2019s most unusual wines, which are what true C\u00e9sar fans are looking for.<\/h5>\n<\/blockquote>\n<h3>Winemaking<\/h3>\n<p>Moscatel Especial is made from late-harvested moscatel grapes from Flori family vineyards planted on the sandy clay soils of Chipiona. After harvesting, grapes are destemmed and pressed and allowed to start a spontaneous fermentation with natural yeast, undergoing alcoholic fermentation in traditional cement vats, which naturally regulate the temperature. The fermentation is then stopped before completion with the addition of a neutral grape spirit, leaving quite a bit of natural sugar. The Especial then sees the addition of traditional arrope, which gives the wine its unique complex flavors. Arrope is boiled moscatel must that is reduced until it is a thick syrup, which is then aged in its own solera for decades before being added to complexify a base wine. Arrope is an ancient part of winemaking in southern Spain, dating back at least to the Phoenicians. In Roman gastronomic journals, arrope appeared under the name of defrutum and was used principally in the natural conservation of certain types of foods. In the 20th century, arrope had nearly been lost due to the difficult elaboration process, but historic bodegas like C\u00e9sar Florido continue the tradition. The wine is then aged in old barrels in the solera system in his Chipiona bodega for two years.<\/p>\n<h3>Tasting notes<\/h3>\n<p>The wine is mahogany in color, with a powerful aroma and raisined fruit. It has light touches of toasted caramel, cabinetry and varnish. Its passage through the mouth is sweet, warm and unctuous, very balanced and complex.<\/p>\n<h3>Pairing recommendation<\/h3>\n<p>It is an ideal wine to combine with p\u00e2t\u00e9s, blue cheeses and foie gras.<\/p>\n","protected":false},"excerpt":{"rendered":"<blockquote>\n<h4>Grape variety:100% Moscatel<\/h4>\n<\/blockquote>\n<h3>Scores and awards:<\/h3>\n<ul>\n<li>Gu\u00eda Pe\u00f1\u00edn: 91 point<\/li>\n<li>C\u00f3rdoba Premios Mezquita (2014), The Golden Mosque<\/li>\n<\/ul>\n","protected":false},"featured_media":45171,"template":"","meta":{"_acf_changed":false},"product_brand":[],"product_cat":[19499,22140,19463,19460],"product_tag":[],"class_list":{"0":"post-47550","1":"product","2":"type-product","3":"status-publish","4":"has-post-thumbnail","6":"product_cat-sherry-jerez","7":"product_cat-sweet","8":"product_cat-dessert-wine","9":"product_cat-white-wine","11":"first","12":"instock","13":"downloadable","14":"taxable","15":"shipping-taxable","16":"purchasable","17":"product-type-simple"},"acf":[],"yoast_head":"<!-- This site is optimized with the Yoast SEO plugin v25.7 - https:\/\/yoast.com\/wordpress\/plugins\/seo\/ -->\n<title>C\u00e9sar Florido Moscatel Especial 17.5% 375 ml - Vinodeli<\/title>\n<meta name=\"robots\" content=\"index, follow, max-snippet:-1, max-image-preview:large, max-video-preview:-1\" \/>\n<link rel=\"canonical\" href=\"https:\/\/vinodeli.ee\/product\/moscatel_especial_cesar_florido\/\" \/>\n<meta property=\"og:locale\" content=\"en_US\" \/>\n<meta property=\"og:type\" content=\"article\" \/>\n<meta property=\"og:title\" content=\"C\u00e9sar Florido Moscatel Especial 17.5% 375 ml - Vinodeli\" \/>\n<meta property=\"og:description\" content=\"Grape variety:100% MoscatelScores and awards: Gu\u00eda Pe\u00f1\u00edn: 91 point C\u00f3rdoba Premios Mezquita (2014), The Golden Mosque\" \/>\n<meta property=\"og:url\" content=\"https:\/\/vinodeli.ee\/product\/moscatel_especial_cesar_florido\/\" \/>\n<meta property=\"og:site_name\" content=\"Vinodeli\" \/>\n<meta property=\"article:modified_time\" content=\"2023-12-20T11:54:35+00:00\" \/>\n<meta property=\"og:image\" content=\"https:\/\/vinodeli.ee\/wp-content\/uploads\/2023\/11\/moscatelespecialcesarflorido-jpg-2.webp\" \/>\n\t<meta property=\"og:image:width\" content=\"1000\" \/>\n\t<meta property=\"og:image:height\" content=\"1000\" \/>\n\t<meta property=\"og:image:type\" content=\"image\/webp\" \/>\n<meta name=\"twitter:card\" content=\"summary_large_image\" \/>\n<meta name=\"twitter:label1\" content=\"Est. reading time\" \/>\n\t<meta name=\"twitter:data1\" content=\"2 minutes\" \/>\n<script type=\"application\/ld+json\" class=\"yoast-schema-graph\">{\"@context\":\"https:\/\/schema.org\",\"@graph\":[{\"@type\":\"WebPage\",\"@id\":\"https:\/\/vinodeli.ee\/product\/moscatel_especial_cesar_florido\/\",\"url\":\"https:\/\/vinodeli.ee\/product\/moscatel_especial_cesar_florido\/\",\"name\":\"C\u00e9sar Florido Moscatel Especial 17.5% 375 ml - Vinodeli\",\"isPartOf\":{\"@id\":\"https:\/\/vinodeli.ee\/#website\"},\"primaryImageOfPage\":{\"@id\":\"https:\/\/vinodeli.ee\/product\/moscatel_especial_cesar_florido\/#primaryimage\"},\"image\":{\"@id\":\"https:\/\/vinodeli.ee\/product\/moscatel_especial_cesar_florido\/#primaryimage\"},\"thumbnailUrl\":\"https:\/\/vinodeli.ee\/wp-content\/uploads\/2023\/11\/moscatelespecialcesarflorido-jpg-2.webp\",\"datePublished\":\"2022-03-28T15:18:42+00:00\",\"dateModified\":\"2023-12-20T11:54:35+00:00\",\"breadcrumb\":{\"@id\":\"https:\/\/vinodeli.ee\/product\/moscatel_especial_cesar_florido\/#breadcrumb\"},\"inLanguage\":\"en-US\",\"potentialAction\":[{\"@type\":\"ReadAction\",\"target\":[\"https:\/\/vinodeli.ee\/product\/moscatel_especial_cesar_florido\/\"]}]},{\"@type\":\"ImageObject\",\"inLanguage\":\"en-US\",\"@id\":\"https:\/\/vinodeli.ee\/product\/moscatel_especial_cesar_florido\/#primaryimage\",\"url\":\"https:\/\/vinodeli.ee\/wp-content\/uploads\/2023\/11\/moscatelespecialcesarflorido-jpg-2.webp\",\"contentUrl\":\"https:\/\/vinodeli.ee\/wp-content\/uploads\/2023\/11\/moscatelespecialcesarflorido-jpg-2.webp\",\"width\":1000,\"height\":1000},{\"@type\":\"BreadcrumbList\",\"@id\":\"https:\/\/vinodeli.ee\/product\/moscatel_especial_cesar_florido\/#breadcrumb\",\"itemListElement\":[{\"@type\":\"ListItem\",\"position\":1,\"name\":\"Home\",\"item\":\"https:\/\/vinodeli.ee\/en\/\"},{\"@type\":\"ListItem\",\"position\":2,\"name\":\"Shop\",\"item\":\"https:\/\/vinodeli.ee\/pood\/\"},{\"@type\":\"ListItem\",\"position\":3,\"name\":\"C\u00e9sar Florido Moscatel Especial 17.5% 375 ml\"}]},{\"@type\":\"WebSite\",\"@id\":\"https:\/\/vinodeli.ee\/#website\",\"url\":\"https:\/\/vinodeli.ee\/\",\"name\":\"Vinodeli\",\"description\":\"\",\"publisher\":{\"@id\":\"https:\/\/vinodeli.ee\/#organization\"},\"potentialAction\":[{\"@type\":\"SearchAction\",\"target\":{\"@type\":\"EntryPoint\",\"urlTemplate\":\"https:\/\/vinodeli.ee\/?s={search_term_string}\"},\"query-input\":{\"@type\":\"PropertyValueSpecification\",\"valueRequired\":true,\"valueName\":\"search_term_string\"}}],\"inLanguage\":\"en-US\"},{\"@type\":\"Organization\",\"@id\":\"https:\/\/vinodeli.ee\/#organization\",\"name\":\"Vinodeli O\u00dc\",\"url\":\"https:\/\/vinodeli.ee\/\",\"logo\":{\"@type\":\"ImageObject\",\"inLanguage\":\"en-US\",\"@id\":\"https:\/\/vinodeli.ee\/#\/schema\/logo\/image\/\",\"url\":\"https:\/\/vinodeli.ee\/wp-content\/uploads\/2024\/02\/logo-winodeli-1.png\",\"contentUrl\":\"https:\/\/vinodeli.ee\/wp-content\/uploads\/2024\/02\/logo-winodeli-1.png\",\"width\":1500,\"height\":1150,\"caption\":\"Vinodeli O\u00dc\"},\"image\":{\"@id\":\"https:\/\/vinodeli.ee\/#\/schema\/logo\/image\/\"}}]}<\/script>\n<!-- \/ Yoast SEO plugin. -->","yoast_head_json":{"title":"C\u00e9sar Florido Moscatel Especial 17.5% 375 ml - Vinodeli","robots":{"index":"index","follow":"follow","max-snippet":"max-snippet:-1","max-image-preview":"max-image-preview:large","max-video-preview":"max-video-preview:-1"},"canonical":"https:\/\/vinodeli.ee\/product\/moscatel_especial_cesar_florido\/","og_locale":"en_US","og_type":"article","og_title":"C\u00e9sar Florido Moscatel Especial 17.5% 375 ml - Vinodeli","og_description":"Grape variety:100% MoscatelScores and awards: Gu\u00eda Pe\u00f1\u00edn: 91 point C\u00f3rdoba Premios Mezquita (2014), The Golden Mosque","og_url":"https:\/\/vinodeli.ee\/product\/moscatel_especial_cesar_florido\/","og_site_name":"Vinodeli","article_modified_time":"2023-12-20T11:54:35+00:00","og_image":[{"width":1000,"height":1000,"url":"https:\/\/vinodeli.ee\/wp-content\/uploads\/2023\/11\/moscatelespecialcesarflorido-jpg-2.webp","type":"image\/webp"}],"twitter_card":"summary_large_image","twitter_misc":{"Est. reading time":"2 minutes"},"schema":{"@context":"https:\/\/schema.org","@graph":[{"@type":"WebPage","@id":"https:\/\/vinodeli.ee\/product\/moscatel_especial_cesar_florido\/","url":"https:\/\/vinodeli.ee\/product\/moscatel_especial_cesar_florido\/","name":"C\u00e9sar Florido Moscatel Especial 17.5% 375 ml - Vinodeli","isPartOf":{"@id":"https:\/\/vinodeli.ee\/#website"},"primaryImageOfPage":{"@id":"https:\/\/vinodeli.ee\/product\/moscatel_especial_cesar_florido\/#primaryimage"},"image":{"@id":"https:\/\/vinodeli.ee\/product\/moscatel_especial_cesar_florido\/#primaryimage"},"thumbnailUrl":"https:\/\/vinodeli.ee\/wp-content\/uploads\/2023\/11\/moscatelespecialcesarflorido-jpg-2.webp","datePublished":"2022-03-28T15:18:42+00:00","dateModified":"2023-12-20T11:54:35+00:00","breadcrumb":{"@id":"https:\/\/vinodeli.ee\/product\/moscatel_especial_cesar_florido\/#breadcrumb"},"inLanguage":"en-US","potentialAction":[{"@type":"ReadAction","target":["https:\/\/vinodeli.ee\/product\/moscatel_especial_cesar_florido\/"]}]},{"@type":"ImageObject","inLanguage":"en-US","@id":"https:\/\/vinodeli.ee\/product\/moscatel_especial_cesar_florido\/#primaryimage","url":"https:\/\/vinodeli.ee\/wp-content\/uploads\/2023\/11\/moscatelespecialcesarflorido-jpg-2.webp","contentUrl":"https:\/\/vinodeli.ee\/wp-content\/uploads\/2023\/11\/moscatelespecialcesarflorido-jpg-2.webp","width":1000,"height":1000},{"@type":"BreadcrumbList","@id":"https:\/\/vinodeli.ee\/product\/moscatel_especial_cesar_florido\/#breadcrumb","itemListElement":[{"@type":"ListItem","position":1,"name":"Home","item":"https:\/\/vinodeli.ee\/en\/"},{"@type":"ListItem","position":2,"name":"Shop","item":"https:\/\/vinodeli.ee\/pood\/"},{"@type":"ListItem","position":3,"name":"C\u00e9sar Florido Moscatel Especial 17.5% 375 ml"}]},{"@type":"WebSite","@id":"https:\/\/vinodeli.ee\/#website","url":"https:\/\/vinodeli.ee\/","name":"Vinodeli","description":"","publisher":{"@id":"https:\/\/vinodeli.ee\/#organization"},"potentialAction":[{"@type":"SearchAction","target":{"@type":"EntryPoint","urlTemplate":"https:\/\/vinodeli.ee\/?s={search_term_string}"},"query-input":{"@type":"PropertyValueSpecification","valueRequired":true,"valueName":"search_term_string"}}],"inLanguage":"en-US"},{"@type":"Organization","@id":"https:\/\/vinodeli.ee\/#organization","name":"Vinodeli O\u00dc","url":"https:\/\/vinodeli.ee\/","logo":{"@type":"ImageObject","inLanguage":"en-US","@id":"https:\/\/vinodeli.ee\/#\/schema\/logo\/image\/","url":"https:\/\/vinodeli.ee\/wp-content\/uploads\/2024\/02\/logo-winodeli-1.png","contentUrl":"https:\/\/vinodeli.ee\/wp-content\/uploads\/2024\/02\/logo-winodeli-1.png","width":1500,"height":1150,"caption":"Vinodeli O\u00dc"},"image":{"@id":"https:\/\/vinodeli.ee\/#\/schema\/logo\/image\/"}}]}},"_links":{"self":[{"href":"https:\/\/vinodeli.ee\/en\/wp-json\/wp\/v2\/product\/47550","targetHints":{"allow":["GET"]}}],"collection":[{"href":"https:\/\/vinodeli.ee\/en\/wp-json\/wp\/v2\/product"}],"about":[{"href":"https:\/\/vinodeli.ee\/en\/wp-json\/wp\/v2\/types\/product"}],"version-history":[{"count":0,"href":"https:\/\/vinodeli.ee\/en\/wp-json\/wp\/v2\/product\/47550\/revisions"}],"wp:featuredmedia":[{"embeddable":true,"href":"https:\/\/vinodeli.ee\/en\/wp-json\/wp\/v2\/media\/45171"}],"wp:attachment":[{"href":"https:\/\/vinodeli.ee\/en\/wp-json\/wp\/v2\/media?parent=47550"}],"wp:term":[{"taxonomy":"product_brand","embeddable":true,"href":"https:\/\/vinodeli.ee\/en\/wp-json\/wp\/v2\/product_brand?post=47550"},{"taxonomy":"product_cat","embeddable":true,"href":"https:\/\/vinodeli.ee\/en\/wp-json\/wp\/v2\/product_cat?post=47550"},{"taxonomy":"product_tag","embeddable":true,"href":"https:\/\/vinodeli.ee\/en\/wp-json\/wp\/v2\/product_tag?post=47550"}],"curies":[{"name":"wp","href":"https:\/\/api.w.org\/{rel}","templated":true}]}}