{"id":47656,"date":"2021-10-24T13:45:43","date_gmt":"2021-10-24T10:45:43","guid":{"rendered":"https:\/\/vinodeli.ee\/product\/patacona-sauvignon-blanc-vicente-gandia\/"},"modified":"2026-01-29T11:28:53","modified_gmt":"2026-01-29T09:28:53","slug":"sauvignon_blanc_patacona","status":"publish","type":"product","link":"https:\/\/vinodeli.ee\/en\/product\/sauvignon_blanc_patacona\/","title":{"rendered":"Vicente Gand\u00eda Patacona Sauvignon Blanc 12% vol. 0.75l"},"content":{"rendered":"<h3>About the wine<\/h3>\n<p>Rohke p\u00e4ikesepaiste ja Vahemere m\u00f5jutustega Valencia piirkond on varjupaik imeliste puuviljaveinide loomiseks, mis \u00fchendavad nooruse ja v\u00e4rskuse. Sauvignon Blancil on pehme, elegantne maitse koos v\u00e4rskendava happesusega ja puuviljase, harmoonilise aroomiga.<\/p>\n<h3>Tasting notes<\/h3>\n<p>\u00d5lgkollane v\u00e4rv helerohekate toonidega.<br \/>\nV\u00e4rskes aroomis on tunda troopiliste puuviljade, \u00f5una ja virsiku noote.  Veinil on pehme puuviljane maitse koos v\u00e4rskendava happesusega ja elegantse l\u00f5ppmaitsega. Serveerimistemperatuur: 10-12 C\u00b0. <\/p>\n<h3>Food pairing<\/h3>\n<p>Vein sobib suurep\u00e4raselt kala ja igat t\u00fc\u00fcpi mereandidega. Seda serveeritakse ka arti\u0161okkide, spargli ja tomatiomletiga.<\/p>\n","protected":false},"excerpt":{"rendered":"<p>About the wine Rohke p\u00e4ikesepaiste ja Vahemere m\u00f5jutustega Valencia piirkond on varjupaik imeliste puuviljaveinide loomiseks, mis \u00fchendavad nooruse ja v\u00e4rskuse.<\/p>\n","protected":false},"featured_media":61562,"template":"","meta":{"_acf_changed":false},"product_brand":[],"product_cat":[19460],"product_tag":[],"class_list":{"0":"post-47656","1":"product","2":"type-product","3":"status-publish","4":"has-post-thumbnail","6":"product_cat-white-wine","8":"first","9":"instock","10":"taxable","11":"shipping-taxable","12":"purchasable","13":"product-type-simple"},"acf":[],"yoast_head":"<!-- This site is optimized with the Yoast SEO plugin v25.7 - https:\/\/yoast.com\/wordpress\/plugins\/seo\/ -->\n<title>Vicente Gand\u00eda Patacona Sauvignon Blanc 12% vol. 0.75l - Vinodeli<\/title>\n<meta name=\"robots\" content=\"index, follow, max-snippet:-1, max-image-preview:large, max-video-preview:-1\" \/>\n<link rel=\"canonical\" href=\"https:\/\/vinodeli.ee\/en\/product\/sauvignon_blanc_patacona\/\" \/>\n<meta property=\"og:locale\" content=\"en_US\" \/>\n<meta property=\"og:type\" content=\"article\" \/>\n<meta property=\"og:title\" content=\"Vicente Gand\u00eda Patacona Sauvignon Blanc 12% vol. 0.75l - Vinodeli\" \/>\n<meta property=\"og:description\" content=\"About the wine Rohke p\u00e4ikesepaiste ja Vahemere m\u00f5jutustega Valencia piirkond on varjupaik imeliste puuviljaveinide loomiseks, mis \u00fchendavad nooruse ja v\u00e4rskuse.\" \/>\n<meta property=\"og:url\" content=\"https:\/\/vinodeli.ee\/en\/product\/sauvignon_blanc_patacona\/\" \/>\n<meta property=\"og:site_name\" content=\"Vinodeli\" \/>\n<meta property=\"article:modified_time\" content=\"2026-01-29T09:28:53+00:00\" \/>\n<meta property=\"og:image\" content=\"https:\/\/vinodeli.ee\/wp-content\/uploads\/2021\/10\/vicente-gandia-patacona-sauvignon-blanc.webp\" \/>\n\t<meta property=\"og:image:width\" content=\"1000\" \/>\n\t<meta property=\"og:image:height\" content=\"1000\" \/>\n\t<meta property=\"og:image:type\" content=\"image\/webp\" \/>\n<meta name=\"twitter:card\" content=\"summary_large_image\" \/>\n<meta name=\"twitter:label1\" content=\"Est. reading time\" \/>\n\t<meta name=\"twitter:data1\" content=\"1 minute\" \/>\n<script type=\"application\/ld+json\" class=\"yoast-schema-graph\">{\"@context\":\"https:\/\/schema.org\",\"@graph\":[{\"@type\":\"WebPage\",\"@id\":\"https:\/\/vinodeli.ee\/en\/product\/sauvignon_blanc_patacona\/\",\"url\":\"https:\/\/vinodeli.ee\/en\/product\/sauvignon_blanc_patacona\/\",\"name\":\"Vicente Gand\u00eda Patacona Sauvignon Blanc 12% vol. 0.75l - Vinodeli\",\"isPartOf\":{\"@id\":\"https:\/\/vinodeli.ee\/#website\"},\"primaryImageOfPage\":{\"@id\":\"https:\/\/vinodeli.ee\/en\/product\/sauvignon_blanc_patacona\/#primaryimage\"},\"image\":{\"@id\":\"https:\/\/vinodeli.ee\/en\/product\/sauvignon_blanc_patacona\/#primaryimage\"},\"thumbnailUrl\":\"https:\/\/vinodeli.ee\/wp-content\/uploads\/2021\/10\/vicente-gandia-patacona-sauvignon-blanc.webp\",\"datePublished\":\"2021-10-24T10:45:43+00:00\",\"dateModified\":\"2026-01-29T09:28:53+00:00\",\"breadcrumb\":{\"@id\":\"https:\/\/vinodeli.ee\/en\/product\/sauvignon_blanc_patacona\/#breadcrumb\"},\"inLanguage\":\"en-US\",\"potentialAction\":[{\"@type\":\"ReadAction\",\"target\":[\"https:\/\/vinodeli.ee\/en\/product\/sauvignon_blanc_patacona\/\"]}]},{\"@type\":\"ImageObject\",\"inLanguage\":\"en-US\",\"@id\":\"https:\/\/vinodeli.ee\/en\/product\/sauvignon_blanc_patacona\/#primaryimage\",\"url\":\"https:\/\/vinodeli.ee\/wp-content\/uploads\/2021\/10\/vicente-gandia-patacona-sauvignon-blanc.webp\",\"contentUrl\":\"https:\/\/vinodeli.ee\/wp-content\/uploads\/2021\/10\/vicente-gandia-patacona-sauvignon-blanc.webp\",\"width\":1000,\"height\":1000},{\"@type\":\"BreadcrumbList\",\"@id\":\"https:\/\/vinodeli.ee\/en\/product\/sauvignon_blanc_patacona\/#breadcrumb\",\"itemListElement\":[{\"@type\":\"ListItem\",\"position\":1,\"name\":\"Home\",\"item\":\"https:\/\/vinodeli.ee\/en\/\"},{\"@type\":\"ListItem\",\"position\":2,\"name\":\"Shop\",\"item\":\"https:\/\/vinodeli.ee\/pood\/\"},{\"@type\":\"ListItem\",\"position\":3,\"name\":\"Vicente Gand\u00eda Patacona Sauvignon Blanc 12% vol. 0.75l\"}]},{\"@type\":\"WebSite\",\"@id\":\"https:\/\/vinodeli.ee\/#website\",\"url\":\"https:\/\/vinodeli.ee\/\",\"name\":\"Vinodeli\",\"description\":\"\",\"publisher\":{\"@id\":\"https:\/\/vinodeli.ee\/#organization\"},\"potentialAction\":[{\"@type\":\"SearchAction\",\"target\":{\"@type\":\"EntryPoint\",\"urlTemplate\":\"https:\/\/vinodeli.ee\/?s={search_term_string}\"},\"query-input\":{\"@type\":\"PropertyValueSpecification\",\"valueRequired\":true,\"valueName\":\"search_term_string\"}}],\"inLanguage\":\"en-US\"},{\"@type\":\"Organization\",\"@id\":\"https:\/\/vinodeli.ee\/#organization\",\"name\":\"Vinodeli O\u00dc\",\"url\":\"https:\/\/vinodeli.ee\/\",\"logo\":{\"@type\":\"ImageObject\",\"inLanguage\":\"en-US\",\"@id\":\"https:\/\/vinodeli.ee\/#\/schema\/logo\/image\/\",\"url\":\"https:\/\/vinodeli.ee\/wp-content\/uploads\/2024\/02\/logo-winodeli-1.png\",\"contentUrl\":\"https:\/\/vinodeli.ee\/wp-content\/uploads\/2024\/02\/logo-winodeli-1.png\",\"width\":1500,\"height\":1150,\"caption\":\"Vinodeli O\u00dc\"},\"image\":{\"@id\":\"https:\/\/vinodeli.ee\/#\/schema\/logo\/image\/\"}}]}<\/script>\n<!-- \/ Yoast SEO plugin. -->","yoast_head_json":{"title":"Vicente Gand\u00eda Patacona Sauvignon Blanc 12% vol. 0.75l - Vinodeli","robots":{"index":"index","follow":"follow","max-snippet":"max-snippet:-1","max-image-preview":"max-image-preview:large","max-video-preview":"max-video-preview:-1"},"canonical":"https:\/\/vinodeli.ee\/en\/product\/sauvignon_blanc_patacona\/","og_locale":"en_US","og_type":"article","og_title":"Vicente Gand\u00eda Patacona Sauvignon Blanc 12% vol. 0.75l - Vinodeli","og_description":"About the wine Rohke p\u00e4ikesepaiste ja Vahemere m\u00f5jutustega Valencia piirkond on varjupaik imeliste puuviljaveinide loomiseks, mis \u00fchendavad nooruse ja v\u00e4rskuse.","og_url":"https:\/\/vinodeli.ee\/en\/product\/sauvignon_blanc_patacona\/","og_site_name":"Vinodeli","article_modified_time":"2026-01-29T09:28:53+00:00","og_image":[{"width":1000,"height":1000,"url":"https:\/\/vinodeli.ee\/wp-content\/uploads\/2021\/10\/vicente-gandia-patacona-sauvignon-blanc.webp","type":"image\/webp"}],"twitter_card":"summary_large_image","twitter_misc":{"Est. reading time":"1 minute"},"schema":{"@context":"https:\/\/schema.org","@graph":[{"@type":"WebPage","@id":"https:\/\/vinodeli.ee\/en\/product\/sauvignon_blanc_patacona\/","url":"https:\/\/vinodeli.ee\/en\/product\/sauvignon_blanc_patacona\/","name":"Vicente Gand\u00eda Patacona Sauvignon Blanc 12% vol. 0.75l - Vinodeli","isPartOf":{"@id":"https:\/\/vinodeli.ee\/#website"},"primaryImageOfPage":{"@id":"https:\/\/vinodeli.ee\/en\/product\/sauvignon_blanc_patacona\/#primaryimage"},"image":{"@id":"https:\/\/vinodeli.ee\/en\/product\/sauvignon_blanc_patacona\/#primaryimage"},"thumbnailUrl":"https:\/\/vinodeli.ee\/wp-content\/uploads\/2021\/10\/vicente-gandia-patacona-sauvignon-blanc.webp","datePublished":"2021-10-24T10:45:43+00:00","dateModified":"2026-01-29T09:28:53+00:00","breadcrumb":{"@id":"https:\/\/vinodeli.ee\/en\/product\/sauvignon_blanc_patacona\/#breadcrumb"},"inLanguage":"en-US","potentialAction":[{"@type":"ReadAction","target":["https:\/\/vinodeli.ee\/en\/product\/sauvignon_blanc_patacona\/"]}]},{"@type":"ImageObject","inLanguage":"en-US","@id":"https:\/\/vinodeli.ee\/en\/product\/sauvignon_blanc_patacona\/#primaryimage","url":"https:\/\/vinodeli.ee\/wp-content\/uploads\/2021\/10\/vicente-gandia-patacona-sauvignon-blanc.webp","contentUrl":"https:\/\/vinodeli.ee\/wp-content\/uploads\/2021\/10\/vicente-gandia-patacona-sauvignon-blanc.webp","width":1000,"height":1000},{"@type":"BreadcrumbList","@id":"https:\/\/vinodeli.ee\/en\/product\/sauvignon_blanc_patacona\/#breadcrumb","itemListElement":[{"@type":"ListItem","position":1,"name":"Home","item":"https:\/\/vinodeli.ee\/en\/"},{"@type":"ListItem","position":2,"name":"Shop","item":"https:\/\/vinodeli.ee\/pood\/"},{"@type":"ListItem","position":3,"name":"Vicente Gand\u00eda Patacona Sauvignon Blanc 12% vol. 0.75l"}]},{"@type":"WebSite","@id":"https:\/\/vinodeli.ee\/#website","url":"https:\/\/vinodeli.ee\/","name":"Vinodeli","description":"","publisher":{"@id":"https:\/\/vinodeli.ee\/#organization"},"potentialAction":[{"@type":"SearchAction","target":{"@type":"EntryPoint","urlTemplate":"https:\/\/vinodeli.ee\/?s={search_term_string}"},"query-input":{"@type":"PropertyValueSpecification","valueRequired":true,"valueName":"search_term_string"}}],"inLanguage":"en-US"},{"@type":"Organization","@id":"https:\/\/vinodeli.ee\/#organization","name":"Vinodeli O\u00dc","url":"https:\/\/vinodeli.ee\/","logo":{"@type":"ImageObject","inLanguage":"en-US","@id":"https:\/\/vinodeli.ee\/#\/schema\/logo\/image\/","url":"https:\/\/vinodeli.ee\/wp-content\/uploads\/2024\/02\/logo-winodeli-1.png","contentUrl":"https:\/\/vinodeli.ee\/wp-content\/uploads\/2024\/02\/logo-winodeli-1.png","width":1500,"height":1150,"caption":"Vinodeli O\u00dc"},"image":{"@id":"https:\/\/vinodeli.ee\/#\/schema\/logo\/image\/"}}]}},"_links":{"self":[{"href":"https:\/\/vinodeli.ee\/en\/wp-json\/wp\/v2\/product\/47656","targetHints":{"allow":["GET"]}}],"collection":[{"href":"https:\/\/vinodeli.ee\/en\/wp-json\/wp\/v2\/product"}],"about":[{"href":"https:\/\/vinodeli.ee\/en\/wp-json\/wp\/v2\/types\/product"}],"version-history":[{"count":0,"href":"https:\/\/vinodeli.ee\/en\/wp-json\/wp\/v2\/product\/47656\/revisions"}],"wp:featuredmedia":[{"embeddable":true,"href":"https:\/\/vinodeli.ee\/en\/wp-json\/wp\/v2\/media\/61562"}],"wp:attachment":[{"href":"https:\/\/vinodeli.ee\/en\/wp-json\/wp\/v2\/media?parent=47656"}],"wp:term":[{"taxonomy":"product_brand","embeddable":true,"href":"https:\/\/vinodeli.ee\/en\/wp-json\/wp\/v2\/product_brand?post=47656"},{"taxonomy":"product_cat","embeddable":true,"href":"https:\/\/vinodeli.ee\/en\/wp-json\/wp\/v2\/product_cat?post=47656"},{"taxonomy":"product_tag","embeddable":true,"href":"https:\/\/vinodeli.ee\/en\/wp-json\/wp\/v2\/product_tag?post=47656"}],"curies":[{"name":"wp","href":"https:\/\/api.w.org\/{rel}","templated":true}]}}