{"id":47659,"date":"2021-05-17T17:21:37","date_gmt":"2021-05-17T14:21:37","guid":{"rendered":"https:\/\/vinodeli.ee\/product\/vicente-gandia-marques-de-chive-crianza-tempranillo-3l\/"},"modified":"2024-04-09T11:49:43","modified_gmt":"2024-04-09T08:49:43","slug":"vicente-gandia-marques-de-chive-crianza-tempranillo","status":"publish","type":"product","link":"https:\/\/vinodeli.ee\/en\/product\/vicente-gandia-marques-de-chive-crianza-tempranillo\/","title":{"rendered":"Vicente Gand\u00eda Marqu\u00e9s de Chiv\u00e9 Crianza Tempranillo 12% 3L"},"content":{"rendered":"<h3>Tasting notes<\/h3>\n<p>The rounded palate with velvety tannins demonstrates the nuances of ripe fruits, berries and spices. Shades of red and black berries combined with a hint of vanilla.<\/p>\n<h3>Food pairing<\/h3>\n<p>Recommended to be served with all types of tapas, pates, as well as meat dishes and medium-aged cheeses.<\/p>\n","protected":false},"excerpt":{"rendered":"<blockquote>\n<h5>Veini t\u00fc\u00fcp: CrianzaP\u00e4ritolu: Utiel Requena, HispaaniaViinamarjasort: Tempranillo<\/h5>\n<\/blockquote>\n<h5><em>Marqu\u00e9s de Chiv\u00e9 on t\u00e4idlane punane vein, mis on valmistatud hoolikalt valitud Tempranillo viinamarjadest ja hoolikalt tammevaatides laagerdunud. \u00dcmar, h\u00e4sti tasakaalustatud vein, t\u00e4is maitset. Terroir Utiel Requena imbub Maa iseloomu ja kvaliteeti, mis teid \u00fcllatab.<\/em><\/h5>\n<h5><em>Puhas, hiilgav, tumeda kirsiv\u00e4rviga vein. Vein on ninalt keeruline, tammes k\u00fcpsemise tagj\u00e4rjel h\u00e4sti integreeritud vanilliaroomidega. Sile, \u00fcmar, vaarika aroomiga.<\/em><\/h5>\n<h5><em>Serveerimistemperatuur: 18C.<\/em><\/h5>\n<h5><em>Toidusoovitus: paella, grillitud liharooad, keskmise k\u00fcpsusega juustud.<\/em><\/h5>\n<h5><em>Medalid \/ auhinnad<\/em><em>Parim ost<\/em><em>Wine Enthusiast (USA)<\/em><\/h5>\n<h5><em>Kuldmedal<\/em><em>S\u00e9lections Mondiales des Vins (Kanada)<\/em><\/h5>\n<h5><em>H\u00f5bemedal<\/em><em>AWC Viin (Austria)<\/em><em>Hiina veiniauhinnad (Hiina)<\/em><em>Concours Mondial Bruxelles (Belgia)<\/em><em>Les Citadelles du Vin (Prantsusmaa)<\/em><em>STI veinide maailmameistriv\u00f5istluste auhinnad (USA)<\/em><\/h5>\n","protected":false},"featured_media":46853,"template":"","meta":{"_acf_changed":false},"product_brand":[],"product_cat":[19462],"product_tag":[],"class_list":{"0":"post-47659","1":"product","2":"type-product","3":"status-publish","4":"has-post-thumbnail","6":"product_cat-red-wine","8":"first","9":"outofstock","10":"downloadable","11":"taxable","12":"shipping-taxable","13":"purchasable","14":"product-type-simple"},"acf":[],"yoast_head":"<!-- This site is optimized with the Yoast SEO plugin v25.7 - https:\/\/yoast.com\/wordpress\/plugins\/seo\/ -->\n<title>Vicente Gand\u00eda Marqu\u00e9s de Chiv\u00e9 Crianza Tempranillo 12% 3L - Vinodeli<\/title>\n<meta name=\"robots\" content=\"index, follow, max-snippet:-1, max-image-preview:large, max-video-preview:-1\" \/>\n<link rel=\"canonical\" href=\"https:\/\/vinodeli.ee\/en\/product\/vicente-gandia-marques-de-chive-crianza-tempranillo\/\" \/>\n<meta property=\"og:locale\" content=\"en_US\" \/>\n<meta property=\"og:type\" content=\"article\" \/>\n<meta property=\"og:title\" content=\"Vicente Gand\u00eda Marqu\u00e9s de Chiv\u00e9 Crianza Tempranillo 12% 3L - Vinodeli\" \/>\n<meta property=\"og:description\" content=\"Veini t\u00fc\u00fcp: CrianzaP\u00e4ritolu: Utiel Requena, HispaaniaViinamarjasort: TempranilloMarqu\u00e9s de Chiv\u00e9 on t\u00e4idlane punane vein, mis on valmistatud hoolikalt valitud Tempranillo viinamarjadest ja hoolikalt tammevaatides laagerdunud. \u00dcmar, h\u00e4sti tasakaalustatud vein, t\u00e4is maitset. Terroir Utiel Requena imbub Maa iseloomu ja kvaliteeti, mis teid \u00fcllatab.Puhas, hiilgav, tumeda kirsiv\u00e4rviga vein. Vein on ninalt keeruline, tammes k\u00fcpsemise tagj\u00e4rjel h\u00e4sti integreeritud vanilliaroomidega. Sile, \u00fcmar, vaarika aroomiga.Serveerimistemperatuur: 18C.Toidusoovitus: paella, grillitud liharooad, keskmise k\u00fcpsusega juustud.Medalid \/ auhinnadParim ostWine Enthusiast (USA)KuldmedalS\u00e9lections Mondiales des Vins (Kanada)H\u00f5bemedalAWC Viin (Austria)Hiina veiniauhinnad (Hiina)Concours Mondial Bruxelles (Belgia)Les Citadelles du Vin (Prantsusmaa)STI veinide maailmameistriv\u00f5istluste auhinnad (USA)\" \/>\n<meta property=\"og:url\" content=\"https:\/\/vinodeli.ee\/en\/product\/vicente-gandia-marques-de-chive-crianza-tempranillo\/\" \/>\n<meta property=\"og:site_name\" content=\"Vinodeli\" \/>\n<meta property=\"article:modified_time\" content=\"2024-04-09T08:49:43+00:00\" \/>\n<meta property=\"og:image\" content=\"https:\/\/vinodeli.ee\/wp-content\/uploads\/2023\/11\/marques-de-chive-crianza-jpg-2.webp\" \/>\n\t<meta property=\"og:image:width\" content=\"1200\" \/>\n\t<meta property=\"og:image:height\" content=\"1200\" \/>\n\t<meta property=\"og:image:type\" content=\"image\/webp\" \/>\n<meta name=\"twitter:card\" content=\"summary_large_image\" \/>\n<script type=\"application\/ld+json\" class=\"yoast-schema-graph\">{\"@context\":\"https:\/\/schema.org\",\"@graph\":[{\"@type\":\"WebPage\",\"@id\":\"https:\/\/vinodeli.ee\/en\/product\/vicente-gandia-marques-de-chive-crianza-tempranillo\/\",\"url\":\"https:\/\/vinodeli.ee\/en\/product\/vicente-gandia-marques-de-chive-crianza-tempranillo\/\",\"name\":\"Vicente Gand\u00eda Marqu\u00e9s de Chiv\u00e9 Crianza Tempranillo 12% 3L - Vinodeli\",\"isPartOf\":{\"@id\":\"https:\/\/vinodeli.ee\/#website\"},\"primaryImageOfPage\":{\"@id\":\"https:\/\/vinodeli.ee\/en\/product\/vicente-gandia-marques-de-chive-crianza-tempranillo\/#primaryimage\"},\"image\":{\"@id\":\"https:\/\/vinodeli.ee\/en\/product\/vicente-gandia-marques-de-chive-crianza-tempranillo\/#primaryimage\"},\"thumbnailUrl\":\"https:\/\/vinodeli.ee\/wp-content\/uploads\/2023\/11\/marques-de-chive-crianza-jpg-2.webp\",\"datePublished\":\"2021-05-17T14:21:37+00:00\",\"dateModified\":\"2024-04-09T08:49:43+00:00\",\"breadcrumb\":{\"@id\":\"https:\/\/vinodeli.ee\/en\/product\/vicente-gandia-marques-de-chive-crianza-tempranillo\/#breadcrumb\"},\"inLanguage\":\"en-US\",\"potentialAction\":[{\"@type\":\"ReadAction\",\"target\":[\"https:\/\/vinodeli.ee\/en\/product\/vicente-gandia-marques-de-chive-crianza-tempranillo\/\"]}]},{\"@type\":\"ImageObject\",\"inLanguage\":\"en-US\",\"@id\":\"https:\/\/vinodeli.ee\/en\/product\/vicente-gandia-marques-de-chive-crianza-tempranillo\/#primaryimage\",\"url\":\"https:\/\/vinodeli.ee\/wp-content\/uploads\/2023\/11\/marques-de-chive-crianza-jpg-2.webp\",\"contentUrl\":\"https:\/\/vinodeli.ee\/wp-content\/uploads\/2023\/11\/marques-de-chive-crianza-jpg-2.webp\",\"width\":1200,\"height\":1200},{\"@type\":\"BreadcrumbList\",\"@id\":\"https:\/\/vinodeli.ee\/en\/product\/vicente-gandia-marques-de-chive-crianza-tempranillo\/#breadcrumb\",\"itemListElement\":[{\"@type\":\"ListItem\",\"position\":1,\"name\":\"Home\",\"item\":\"https:\/\/vinodeli.ee\/en\/\"},{\"@type\":\"ListItem\",\"position\":2,\"name\":\"Shop\",\"item\":\"https:\/\/vinodeli.ee\/pood\/\"},{\"@type\":\"ListItem\",\"position\":3,\"name\":\"Vicente Gand\u00eda Marqu\u00e9s de Chiv\u00e9 Crianza Tempranillo 12% 3L\"}]},{\"@type\":\"WebSite\",\"@id\":\"https:\/\/vinodeli.ee\/#website\",\"url\":\"https:\/\/vinodeli.ee\/\",\"name\":\"Vinodeli\",\"description\":\"\",\"publisher\":{\"@id\":\"https:\/\/vinodeli.ee\/#organization\"},\"potentialAction\":[{\"@type\":\"SearchAction\",\"target\":{\"@type\":\"EntryPoint\",\"urlTemplate\":\"https:\/\/vinodeli.ee\/?s={search_term_string}\"},\"query-input\":{\"@type\":\"PropertyValueSpecification\",\"valueRequired\":true,\"valueName\":\"search_term_string\"}}],\"inLanguage\":\"en-US\"},{\"@type\":\"Organization\",\"@id\":\"https:\/\/vinodeli.ee\/#organization\",\"name\":\"Vinodeli O\u00dc\",\"url\":\"https:\/\/vinodeli.ee\/\",\"logo\":{\"@type\":\"ImageObject\",\"inLanguage\":\"en-US\",\"@id\":\"https:\/\/vinodeli.ee\/#\/schema\/logo\/image\/\",\"url\":\"https:\/\/vinodeli.ee\/wp-content\/uploads\/2024\/02\/logo-winodeli-1.png\",\"contentUrl\":\"https:\/\/vinodeli.ee\/wp-content\/uploads\/2024\/02\/logo-winodeli-1.png\",\"width\":1500,\"height\":1150,\"caption\":\"Vinodeli O\u00dc\"},\"image\":{\"@id\":\"https:\/\/vinodeli.ee\/#\/schema\/logo\/image\/\"}}]}<\/script>\n<!-- \/ Yoast SEO plugin. -->","yoast_head_json":{"title":"Vicente Gand\u00eda Marqu\u00e9s de Chiv\u00e9 Crianza Tempranillo 12% 3L - Vinodeli","robots":{"index":"index","follow":"follow","max-snippet":"max-snippet:-1","max-image-preview":"max-image-preview:large","max-video-preview":"max-video-preview:-1"},"canonical":"https:\/\/vinodeli.ee\/en\/product\/vicente-gandia-marques-de-chive-crianza-tempranillo\/","og_locale":"en_US","og_type":"article","og_title":"Vicente Gand\u00eda Marqu\u00e9s de Chiv\u00e9 Crianza Tempranillo 12% 3L - Vinodeli","og_description":"Veini t\u00fc\u00fcp: CrianzaP\u00e4ritolu: Utiel Requena, HispaaniaViinamarjasort: TempranilloMarqu\u00e9s de Chiv\u00e9 on t\u00e4idlane punane vein, mis on valmistatud hoolikalt valitud Tempranillo viinamarjadest ja hoolikalt tammevaatides laagerdunud. \u00dcmar, h\u00e4sti tasakaalustatud vein, t\u00e4is maitset. Terroir Utiel Requena imbub Maa iseloomu ja kvaliteeti, mis teid \u00fcllatab.Puhas, hiilgav, tumeda kirsiv\u00e4rviga vein. Vein on ninalt keeruline, tammes k\u00fcpsemise tagj\u00e4rjel h\u00e4sti integreeritud vanilliaroomidega. Sile, \u00fcmar, vaarika aroomiga.Serveerimistemperatuur: 18C.Toidusoovitus: paella, grillitud liharooad, keskmise k\u00fcpsusega juustud.Medalid \/ auhinnadParim ostWine Enthusiast (USA)KuldmedalS\u00e9lections Mondiales des Vins (Kanada)H\u00f5bemedalAWC Viin (Austria)Hiina veiniauhinnad (Hiina)Concours Mondial Bruxelles (Belgia)Les Citadelles du Vin (Prantsusmaa)STI veinide maailmameistriv\u00f5istluste auhinnad (USA)","og_url":"https:\/\/vinodeli.ee\/en\/product\/vicente-gandia-marques-de-chive-crianza-tempranillo\/","og_site_name":"Vinodeli","article_modified_time":"2024-04-09T08:49:43+00:00","og_image":[{"width":1200,"height":1200,"url":"https:\/\/vinodeli.ee\/wp-content\/uploads\/2023\/11\/marques-de-chive-crianza-jpg-2.webp","type":"image\/webp"}],"twitter_card":"summary_large_image","schema":{"@context":"https:\/\/schema.org","@graph":[{"@type":"WebPage","@id":"https:\/\/vinodeli.ee\/en\/product\/vicente-gandia-marques-de-chive-crianza-tempranillo\/","url":"https:\/\/vinodeli.ee\/en\/product\/vicente-gandia-marques-de-chive-crianza-tempranillo\/","name":"Vicente Gand\u00eda Marqu\u00e9s de Chiv\u00e9 Crianza Tempranillo 12% 3L - Vinodeli","isPartOf":{"@id":"https:\/\/vinodeli.ee\/#website"},"primaryImageOfPage":{"@id":"https:\/\/vinodeli.ee\/en\/product\/vicente-gandia-marques-de-chive-crianza-tempranillo\/#primaryimage"},"image":{"@id":"https:\/\/vinodeli.ee\/en\/product\/vicente-gandia-marques-de-chive-crianza-tempranillo\/#primaryimage"},"thumbnailUrl":"https:\/\/vinodeli.ee\/wp-content\/uploads\/2023\/11\/marques-de-chive-crianza-jpg-2.webp","datePublished":"2021-05-17T14:21:37+00:00","dateModified":"2024-04-09T08:49:43+00:00","breadcrumb":{"@id":"https:\/\/vinodeli.ee\/en\/product\/vicente-gandia-marques-de-chive-crianza-tempranillo\/#breadcrumb"},"inLanguage":"en-US","potentialAction":[{"@type":"ReadAction","target":["https:\/\/vinodeli.ee\/en\/product\/vicente-gandia-marques-de-chive-crianza-tempranillo\/"]}]},{"@type":"ImageObject","inLanguage":"en-US","@id":"https:\/\/vinodeli.ee\/en\/product\/vicente-gandia-marques-de-chive-crianza-tempranillo\/#primaryimage","url":"https:\/\/vinodeli.ee\/wp-content\/uploads\/2023\/11\/marques-de-chive-crianza-jpg-2.webp","contentUrl":"https:\/\/vinodeli.ee\/wp-content\/uploads\/2023\/11\/marques-de-chive-crianza-jpg-2.webp","width":1200,"height":1200},{"@type":"BreadcrumbList","@id":"https:\/\/vinodeli.ee\/en\/product\/vicente-gandia-marques-de-chive-crianza-tempranillo\/#breadcrumb","itemListElement":[{"@type":"ListItem","position":1,"name":"Home","item":"https:\/\/vinodeli.ee\/en\/"},{"@type":"ListItem","position":2,"name":"Shop","item":"https:\/\/vinodeli.ee\/pood\/"},{"@type":"ListItem","position":3,"name":"Vicente Gand\u00eda Marqu\u00e9s de Chiv\u00e9 Crianza Tempranillo 12% 3L"}]},{"@type":"WebSite","@id":"https:\/\/vinodeli.ee\/#website","url":"https:\/\/vinodeli.ee\/","name":"Vinodeli","description":"","publisher":{"@id":"https:\/\/vinodeli.ee\/#organization"},"potentialAction":[{"@type":"SearchAction","target":{"@type":"EntryPoint","urlTemplate":"https:\/\/vinodeli.ee\/?s={search_term_string}"},"query-input":{"@type":"PropertyValueSpecification","valueRequired":true,"valueName":"search_term_string"}}],"inLanguage":"en-US"},{"@type":"Organization","@id":"https:\/\/vinodeli.ee\/#organization","name":"Vinodeli O\u00dc","url":"https:\/\/vinodeli.ee\/","logo":{"@type":"ImageObject","inLanguage":"en-US","@id":"https:\/\/vinodeli.ee\/#\/schema\/logo\/image\/","url":"https:\/\/vinodeli.ee\/wp-content\/uploads\/2024\/02\/logo-winodeli-1.png","contentUrl":"https:\/\/vinodeli.ee\/wp-content\/uploads\/2024\/02\/logo-winodeli-1.png","width":1500,"height":1150,"caption":"Vinodeli O\u00dc"},"image":{"@id":"https:\/\/vinodeli.ee\/#\/schema\/logo\/image\/"}}]}},"_links":{"self":[{"href":"https:\/\/vinodeli.ee\/en\/wp-json\/wp\/v2\/product\/47659","targetHints":{"allow":["GET"]}}],"collection":[{"href":"https:\/\/vinodeli.ee\/en\/wp-json\/wp\/v2\/product"}],"about":[{"href":"https:\/\/vinodeli.ee\/en\/wp-json\/wp\/v2\/types\/product"}],"version-history":[{"count":0,"href":"https:\/\/vinodeli.ee\/en\/wp-json\/wp\/v2\/product\/47659\/revisions"}],"wp:featuredmedia":[{"embeddable":true,"href":"https:\/\/vinodeli.ee\/en\/wp-json\/wp\/v2\/media\/46853"}],"wp:attachment":[{"href":"https:\/\/vinodeli.ee\/en\/wp-json\/wp\/v2\/media?parent=47659"}],"wp:term":[{"taxonomy":"product_brand","embeddable":true,"href":"https:\/\/vinodeli.ee\/en\/wp-json\/wp\/v2\/product_brand?post=47659"},{"taxonomy":"product_cat","embeddable":true,"href":"https:\/\/vinodeli.ee\/en\/wp-json\/wp\/v2\/product_cat?post=47659"},{"taxonomy":"product_tag","embeddable":true,"href":"https:\/\/vinodeli.ee\/en\/wp-json\/wp\/v2\/product_tag?post=47659"}],"curies":[{"name":"wp","href":"https:\/\/api.w.org\/{rel}","templated":true}]}}