{"id":47663,"date":"2021-10-23T15:18:09","date_gmt":"2021-10-23T12:18:09","guid":{"rendered":"https:\/\/vinodeli.ee\/product\/seleccion-finca-monte-alto-fillaboa\/"},"modified":"2023-12-20T13:57:55","modified_gmt":"2023-12-20T11:57:55","slug":"seleccion-finca-monte-alto-fillaboa","status":"publish","type":"product","link":"https:\/\/vinodeli.ee\/en\/product\/seleccion-finca-monte-alto-fillaboa\/","title":{"rendered":"Fillaboa Selecci\u00f3n Finca Monte Alto DO R\u00edas Baixas 2018 13.5% vol."},"content":{"rendered":"<blockquote>\n<h5>The Fillaboa estate, &#8220;good daughter&#8221;, has its origins in the 17th century. The name of the farm comes from a local legend with many parallels to the story of &#8220;Cinderella&#8221; by Charles Perrault, in which two daughters of a Count envied their younger sister to whom their father left the best land as an inheritance. . Fillaboa is one of the largest wine estates in Galicia, bathed in its surroundings by the Tea and Mi\u00f1o rivers. Next to the farm, there is a medieval bridge and a 1,600 meter stone wall that frames the farm. In Fillaboa, nature commands. In addition to an exquisite garden of camellias, olive trees, magnolias, and cork oaks, the Fillaboa vineyard is spectacular. 50 hectares of own vineyards are divided into 12 delimited plots facing south in which we find majestic vines on vines and on trellises.<\/h5>\n<\/blockquote>\n<h3>About the wine<\/h3>\n<p>Selection Finca Monte Alto comes from the Monte Alto place, one of the most emblematic plots of Fillaboa at an elevation of about 150 m. above sea level with an area of 7 ha., from which the best grapes are selected to make this wine. The vineyard is 33 years old, trellised and the soil has a sandy loam texture, with an abundance of pebbles due to its proximity to the River Mi\u00f1o.Limited Edition: &lt; 12,000 bottles<\/p>\n<h3>Winemaking<\/h3>\n<p>This wine is made in the traditional way with alcoholic fermentation at a controlled temperature, 14\u00baC at the beginning of fermentation and 16\u00baC at the end. Selected native yeasts are used and the wine is kept on the fine lees for a minimum of 12 months in stainless steel tanks. This vintage, in particular, is aged for 24 months on fine lees. Subsequently, the wine is stabilized, filtered and bottled.<\/p>\n<h3>Tasting notes<\/h3>\n<p>Straw yellow color with greenish hues, clean and bright. High aromatic intensity and notes of very ripe fruit, apple, citrus, bakery notes, brioche and slight toasted notes that will appear over time in the bottle. Structured and fresh mouth. Very well integrated acidity, unctuous and soft flavor. Aroma of ripe fruit via retronasal, complex and round.Fillaboa Selecci\u00f3n Finca Monte Alto is an Albari\u00f1o with great aging potential. It is aromatic, frank and fresh, structured and complex.<\/p>\n","protected":false},"excerpt":{"rendered":"<blockquote>\n<h4>Grape variety:100% Albari\u00f1o<\/h4>\n<\/blockquote>\n<ul>\n<li>Gilbert &#038; Gaillard (2020 vintage) &#8211; 92 points<\/li>\n<li>Gu\u00eda Pe\u00f1\u00edn (2019 vintage) &#8211; 93 points<\/li>\n<li>Wine Enthusiast (2019 vintage) &#8211; 92 points<\/li>\n<\/ul>\n","protected":false},"featured_media":45537,"template":"","meta":{"_acf_changed":false},"product_brand":[],"product_cat":[19460],"product_tag":[],"class_list":{"0":"post-47663","1":"product","2":"type-product","3":"status-publish","4":"has-post-thumbnail","6":"product_cat-white-wine","8":"first","9":"instock","10":"downloadable","11":"taxable","12":"shipping-taxable","13":"purchasable","14":"product-type-simple"},"acf":[],"yoast_head":"<!-- This site is optimized with the Yoast SEO plugin v25.7 - https:\/\/yoast.com\/wordpress\/plugins\/seo\/ -->\n<title>Fillaboa Selecci\u00f3n Finca Monte Alto DO R\u00edas Baixas 2018 13.5% vol. - Vinodeli<\/title>\n<meta name=\"robots\" content=\"index, follow, max-snippet:-1, max-image-preview:large, max-video-preview:-1\" \/>\n<link rel=\"canonical\" href=\"https:\/\/vinodeli.ee\/en\/product\/seleccion-finca-monte-alto-fillaboa\/\" \/>\n<meta property=\"og:locale\" content=\"en_US\" \/>\n<meta property=\"og:type\" content=\"article\" \/>\n<meta property=\"og:title\" content=\"Fillaboa Selecci\u00f3n Finca Monte Alto DO R\u00edas Baixas 2018 13.5% vol. - Vinodeli\" \/>\n<meta property=\"og:description\" content=\"Grape variety:100% Albari\u00f1o Gilbert &amp; Gaillard (2020 vintage) - 92 points Gu\u00eda Pe\u00f1\u00edn (2019 vintage) - 93 points Wine Enthusiast (2019 vintage) - 92 points\" \/>\n<meta property=\"og:url\" content=\"https:\/\/vinodeli.ee\/en\/product\/seleccion-finca-monte-alto-fillaboa\/\" \/>\n<meta property=\"og:site_name\" content=\"Vinodeli\" \/>\n<meta property=\"article:modified_time\" content=\"2023-12-20T11:57:55+00:00\" \/>\n<meta property=\"og:image\" content=\"https:\/\/vinodeli.ee\/wp-content\/uploads\/2023\/11\/fillaboafma-scaled-1-jpg-2.webp\" \/>\n\t<meta property=\"og:image:width\" content=\"2560\" \/>\n\t<meta property=\"og:image:height\" content=\"2560\" \/>\n\t<meta property=\"og:image:type\" content=\"image\/webp\" \/>\n<meta name=\"twitter:card\" content=\"summary_large_image\" \/>\n<meta name=\"twitter:label1\" content=\"Est. reading time\" \/>\n\t<meta name=\"twitter:data1\" content=\"2 minutes\" \/>\n<script type=\"application\/ld+json\" class=\"yoast-schema-graph\">{\"@context\":\"https:\/\/schema.org\",\"@graph\":[{\"@type\":\"WebPage\",\"@id\":\"https:\/\/vinodeli.ee\/en\/product\/seleccion-finca-monte-alto-fillaboa\/\",\"url\":\"https:\/\/vinodeli.ee\/en\/product\/seleccion-finca-monte-alto-fillaboa\/\",\"name\":\"Fillaboa Selecci\u00f3n Finca Monte Alto DO R\u00edas Baixas 2018 13.5% vol. - Vinodeli\",\"isPartOf\":{\"@id\":\"https:\/\/vinodeli.ee\/#website\"},\"primaryImageOfPage\":{\"@id\":\"https:\/\/vinodeli.ee\/en\/product\/seleccion-finca-monte-alto-fillaboa\/#primaryimage\"},\"image\":{\"@id\":\"https:\/\/vinodeli.ee\/en\/product\/seleccion-finca-monte-alto-fillaboa\/#primaryimage\"},\"thumbnailUrl\":\"https:\/\/vinodeli.ee\/wp-content\/uploads\/2023\/11\/fillaboafma-scaled-1-jpg-2.webp\",\"datePublished\":\"2021-10-23T12:18:09+00:00\",\"dateModified\":\"2023-12-20T11:57:55+00:00\",\"breadcrumb\":{\"@id\":\"https:\/\/vinodeli.ee\/en\/product\/seleccion-finca-monte-alto-fillaboa\/#breadcrumb\"},\"inLanguage\":\"en-US\",\"potentialAction\":[{\"@type\":\"ReadAction\",\"target\":[\"https:\/\/vinodeli.ee\/en\/product\/seleccion-finca-monte-alto-fillaboa\/\"]}]},{\"@type\":\"ImageObject\",\"inLanguage\":\"en-US\",\"@id\":\"https:\/\/vinodeli.ee\/en\/product\/seleccion-finca-monte-alto-fillaboa\/#primaryimage\",\"url\":\"https:\/\/vinodeli.ee\/wp-content\/uploads\/2023\/11\/fillaboafma-scaled-1-jpg-2.webp\",\"contentUrl\":\"https:\/\/vinodeli.ee\/wp-content\/uploads\/2023\/11\/fillaboafma-scaled-1-jpg-2.webp\",\"width\":2560,\"height\":2560},{\"@type\":\"BreadcrumbList\",\"@id\":\"https:\/\/vinodeli.ee\/en\/product\/seleccion-finca-monte-alto-fillaboa\/#breadcrumb\",\"itemListElement\":[{\"@type\":\"ListItem\",\"position\":1,\"name\":\"Home\",\"item\":\"https:\/\/vinodeli.ee\/en\/\"},{\"@type\":\"ListItem\",\"position\":2,\"name\":\"Shop\",\"item\":\"https:\/\/vinodeli.ee\/pood\/\"},{\"@type\":\"ListItem\",\"position\":3,\"name\":\"Fillaboa Selecci\u00f3n Finca Monte Alto DO R\u00edas Baixas 2018 13.5% vol.\"}]},{\"@type\":\"WebSite\",\"@id\":\"https:\/\/vinodeli.ee\/#website\",\"url\":\"https:\/\/vinodeli.ee\/\",\"name\":\"Vinodeli\",\"description\":\"\",\"publisher\":{\"@id\":\"https:\/\/vinodeli.ee\/#organization\"},\"potentialAction\":[{\"@type\":\"SearchAction\",\"target\":{\"@type\":\"EntryPoint\",\"urlTemplate\":\"https:\/\/vinodeli.ee\/?s={search_term_string}\"},\"query-input\":{\"@type\":\"PropertyValueSpecification\",\"valueRequired\":true,\"valueName\":\"search_term_string\"}}],\"inLanguage\":\"en-US\"},{\"@type\":\"Organization\",\"@id\":\"https:\/\/vinodeli.ee\/#organization\",\"name\":\"Vinodeli O\u00dc\",\"url\":\"https:\/\/vinodeli.ee\/\",\"logo\":{\"@type\":\"ImageObject\",\"inLanguage\":\"en-US\",\"@id\":\"https:\/\/vinodeli.ee\/#\/schema\/logo\/image\/\",\"url\":\"https:\/\/vinodeli.ee\/wp-content\/uploads\/2024\/02\/logo-winodeli-1.png\",\"contentUrl\":\"https:\/\/vinodeli.ee\/wp-content\/uploads\/2024\/02\/logo-winodeli-1.png\",\"width\":1500,\"height\":1150,\"caption\":\"Vinodeli O\u00dc\"},\"image\":{\"@id\":\"https:\/\/vinodeli.ee\/#\/schema\/logo\/image\/\"}}]}<\/script>\n<!-- \/ Yoast SEO plugin. -->","yoast_head_json":{"title":"Fillaboa Selecci\u00f3n Finca Monte Alto DO R\u00edas Baixas 2018 13.5% vol. - Vinodeli","robots":{"index":"index","follow":"follow","max-snippet":"max-snippet:-1","max-image-preview":"max-image-preview:large","max-video-preview":"max-video-preview:-1"},"canonical":"https:\/\/vinodeli.ee\/en\/product\/seleccion-finca-monte-alto-fillaboa\/","og_locale":"en_US","og_type":"article","og_title":"Fillaboa Selecci\u00f3n Finca Monte Alto DO R\u00edas Baixas 2018 13.5% vol. - Vinodeli","og_description":"Grape variety:100% Albari\u00f1o Gilbert & Gaillard (2020 vintage) - 92 points Gu\u00eda Pe\u00f1\u00edn (2019 vintage) - 93 points Wine Enthusiast (2019 vintage) - 92 points","og_url":"https:\/\/vinodeli.ee\/en\/product\/seleccion-finca-monte-alto-fillaboa\/","og_site_name":"Vinodeli","article_modified_time":"2023-12-20T11:57:55+00:00","og_image":[{"width":2560,"height":2560,"url":"https:\/\/vinodeli.ee\/wp-content\/uploads\/2023\/11\/fillaboafma-scaled-1-jpg-2.webp","type":"image\/webp"}],"twitter_card":"summary_large_image","twitter_misc":{"Est. reading time":"2 minutes"},"schema":{"@context":"https:\/\/schema.org","@graph":[{"@type":"WebPage","@id":"https:\/\/vinodeli.ee\/en\/product\/seleccion-finca-monte-alto-fillaboa\/","url":"https:\/\/vinodeli.ee\/en\/product\/seleccion-finca-monte-alto-fillaboa\/","name":"Fillaboa Selecci\u00f3n Finca Monte Alto DO R\u00edas Baixas 2018 13.5% vol. - Vinodeli","isPartOf":{"@id":"https:\/\/vinodeli.ee\/#website"},"primaryImageOfPage":{"@id":"https:\/\/vinodeli.ee\/en\/product\/seleccion-finca-monte-alto-fillaboa\/#primaryimage"},"image":{"@id":"https:\/\/vinodeli.ee\/en\/product\/seleccion-finca-monte-alto-fillaboa\/#primaryimage"},"thumbnailUrl":"https:\/\/vinodeli.ee\/wp-content\/uploads\/2023\/11\/fillaboafma-scaled-1-jpg-2.webp","datePublished":"2021-10-23T12:18:09+00:00","dateModified":"2023-12-20T11:57:55+00:00","breadcrumb":{"@id":"https:\/\/vinodeli.ee\/en\/product\/seleccion-finca-monte-alto-fillaboa\/#breadcrumb"},"inLanguage":"en-US","potentialAction":[{"@type":"ReadAction","target":["https:\/\/vinodeli.ee\/en\/product\/seleccion-finca-monte-alto-fillaboa\/"]}]},{"@type":"ImageObject","inLanguage":"en-US","@id":"https:\/\/vinodeli.ee\/en\/product\/seleccion-finca-monte-alto-fillaboa\/#primaryimage","url":"https:\/\/vinodeli.ee\/wp-content\/uploads\/2023\/11\/fillaboafma-scaled-1-jpg-2.webp","contentUrl":"https:\/\/vinodeli.ee\/wp-content\/uploads\/2023\/11\/fillaboafma-scaled-1-jpg-2.webp","width":2560,"height":2560},{"@type":"BreadcrumbList","@id":"https:\/\/vinodeli.ee\/en\/product\/seleccion-finca-monte-alto-fillaboa\/#breadcrumb","itemListElement":[{"@type":"ListItem","position":1,"name":"Home","item":"https:\/\/vinodeli.ee\/en\/"},{"@type":"ListItem","position":2,"name":"Shop","item":"https:\/\/vinodeli.ee\/pood\/"},{"@type":"ListItem","position":3,"name":"Fillaboa Selecci\u00f3n Finca Monte Alto DO R\u00edas Baixas 2018 13.5% vol."}]},{"@type":"WebSite","@id":"https:\/\/vinodeli.ee\/#website","url":"https:\/\/vinodeli.ee\/","name":"Vinodeli","description":"","publisher":{"@id":"https:\/\/vinodeli.ee\/#organization"},"potentialAction":[{"@type":"SearchAction","target":{"@type":"EntryPoint","urlTemplate":"https:\/\/vinodeli.ee\/?s={search_term_string}"},"query-input":{"@type":"PropertyValueSpecification","valueRequired":true,"valueName":"search_term_string"}}],"inLanguage":"en-US"},{"@type":"Organization","@id":"https:\/\/vinodeli.ee\/#organization","name":"Vinodeli O\u00dc","url":"https:\/\/vinodeli.ee\/","logo":{"@type":"ImageObject","inLanguage":"en-US","@id":"https:\/\/vinodeli.ee\/#\/schema\/logo\/image\/","url":"https:\/\/vinodeli.ee\/wp-content\/uploads\/2024\/02\/logo-winodeli-1.png","contentUrl":"https:\/\/vinodeli.ee\/wp-content\/uploads\/2024\/02\/logo-winodeli-1.png","width":1500,"height":1150,"caption":"Vinodeli O\u00dc"},"image":{"@id":"https:\/\/vinodeli.ee\/#\/schema\/logo\/image\/"}}]}},"_links":{"self":[{"href":"https:\/\/vinodeli.ee\/en\/wp-json\/wp\/v2\/product\/47663","targetHints":{"allow":["GET"]}}],"collection":[{"href":"https:\/\/vinodeli.ee\/en\/wp-json\/wp\/v2\/product"}],"about":[{"href":"https:\/\/vinodeli.ee\/en\/wp-json\/wp\/v2\/types\/product"}],"version-history":[{"count":0,"href":"https:\/\/vinodeli.ee\/en\/wp-json\/wp\/v2\/product\/47663\/revisions"}],"wp:featuredmedia":[{"embeddable":true,"href":"https:\/\/vinodeli.ee\/en\/wp-json\/wp\/v2\/media\/45537"}],"wp:attachment":[{"href":"https:\/\/vinodeli.ee\/en\/wp-json\/wp\/v2\/media?parent=47663"}],"wp:term":[{"taxonomy":"product_brand","embeddable":true,"href":"https:\/\/vinodeli.ee\/en\/wp-json\/wp\/v2\/product_brand?post=47663"},{"taxonomy":"product_cat","embeddable":true,"href":"https:\/\/vinodeli.ee\/en\/wp-json\/wp\/v2\/product_cat?post=47663"},{"taxonomy":"product_tag","embeddable":true,"href":"https:\/\/vinodeli.ee\/en\/wp-json\/wp\/v2\/product_tag?post=47663"}],"curies":[{"name":"wp","href":"https:\/\/api.w.org\/{rel}","templated":true}]}}