{"id":47666,"date":"2021-10-23T11:29:51","date_gmt":"2021-10-23T08:29:51","guid":{"rendered":"https:\/\/vinodeli.ee\/product\/albarino-fillaboa\/"},"modified":"2023-12-20T13:58:06","modified_gmt":"2023-12-20T11:58:06","slug":"albarino-fillaboa","status":"publish","type":"product","link":"https:\/\/vinodeli.ee\/en\/product\/albarino-fillaboa\/","title":{"rendered":"Fillaboa Albari\u00f1o DO R\u00edas Baixas 2022 12.5% vol."},"content":{"rendered":"<blockquote>\n<h5>The Fillaboa estate, \u201cgood daughter\u201d, has its origins in the 17th century. The name of the farm comes from a local legend with many parallels to the story of \u201cCinderella\u201d by Charles Perrault, in which two daughters of a Count envied their younger sister to whom their father left the best land as an inheritance. . Fillaboa is one of the largest wine estates in Galicia, bathed in its surroundings by the Tea and Mi\u00f1o rivers. Next to the farm, there is a medieval bridge and a 1,600 meter stone wall that frames the farm. In Fillaboa, nature commands. In addition to an exquisite garden of camellias, olive trees, magnolias, and cork oaks, the Fillaboa vineyard is spectacular. 50 hectares of own vineyards are divided into 12 delimited plots facing south in which we find majestic vines on vines and on trellises.<\/h5>\n<\/blockquote>\n<h3>Winemaking<\/h3>\n<p>On the slopes of the historic Fillaboa estate, in the R\u00edas Baixas Denomination of Origin in Galicia, this 100% Albari\u00f1o wine is born. Its 50 hectares of cultivated vineyards, year after year, are caressed by warm breezes, with a constant gentle humidity typical of the Atlantic climate that, together with the good quality of the soil, its &#8220;terroir&#8221;, make Fillaboa the best environment for the cultivation of the albari\u00f1o grape variety, giving its wines a great personality. It rests for 6 months on its own fine lees in stainless steel tanks.<\/p>\n<h3>Tasting notes<\/h3>\n<p>It is a harmonious Albari\u00f1o white wine, with good structure, which impresses for its clean and bright straw yellow colour. If we stop to enjoy it calmly, we discover certain aromas of ripe fruit, notes of pineapple and apple. There are also hints of mango and citrus. The sensation at the end, enjoying this Albari\u00f1o with DO R\u00edas Baixas, is of a white wine, delicate and unctuous, with a very well-integrated and balanced acidity. Fresh, fruity and round on the palate, a delight for all the senses!<\/p>\n<h3>Food pairing<\/h3>\n<p>It goes perfectly with white and blue fish, seafood, smoked fish, sushi and foie gras.<\/p>\n","protected":false},"excerpt":{"rendered":"<blockquote>\n<h4>Grape variety:100% Albari\u00f1o<\/h4>\n<\/blockquote>\n<ul>\n<li>Wine Enthusiast (2021 vintage) &#8211; 92 points<\/li>\n<li>Gu\u00eda Pe\u00f1\u00edn (2020 vintage) &#8211; 91 points<\/li>\n<li>Gilbert &#038; Gaillard (2022 vintage) &#8211; 89 points<\/li>\n<li>Andreas Larsson &#8211; Tasted.wine (2021 vintage) &#8211; 89 points<\/li>\n<\/ul>\n","protected":false},"featured_media":45540,"template":"","meta":{"_acf_changed":false},"product_brand":[],"product_cat":[19460],"product_tag":[],"class_list":{"0":"post-47666","1":"product","2":"type-product","3":"status-publish","4":"has-post-thumbnail","6":"product_cat-white-wine","8":"first","9":"outofstock","10":"downloadable","11":"taxable","12":"shipping-taxable","13":"purchasable","14":"product-type-simple"},"acf":[],"yoast_head":"<!-- This site is optimized with the Yoast SEO plugin v25.7 - https:\/\/yoast.com\/wordpress\/plugins\/seo\/ -->\n<title>Fillaboa Albari\u00f1o DO R\u00edas Baixas 2022 12.5% vol. - Vinodeli<\/title>\n<meta name=\"robots\" content=\"index, follow, max-snippet:-1, max-image-preview:large, max-video-preview:-1\" \/>\n<link rel=\"canonical\" href=\"https:\/\/vinodeli.ee\/en\/product\/albarino-fillaboa\/\" \/>\n<meta property=\"og:locale\" content=\"en_US\" \/>\n<meta property=\"og:type\" content=\"article\" \/>\n<meta property=\"og:title\" content=\"Fillaboa Albari\u00f1o DO R\u00edas Baixas 2022 12.5% vol. - Vinodeli\" \/>\n<meta property=\"og:description\" content=\"Grape variety:100% Albari\u00f1o Wine Enthusiast (2021 vintage) - 92 points Gu\u00eda Pe\u00f1\u00edn (2020 vintage) - 91 points Gilbert &amp; Gaillard (2022 vintage) - 89 points Andreas Larsson - Tasted.wine (2021 vintage) - 89 points\" \/>\n<meta property=\"og:url\" content=\"https:\/\/vinodeli.ee\/en\/product\/albarino-fillaboa\/\" \/>\n<meta property=\"og:site_name\" content=\"Vinodeli\" \/>\n<meta property=\"article:modified_time\" content=\"2023-12-20T11:58:06+00:00\" \/>\n<meta property=\"og:image\" content=\"https:\/\/vinodeli.ee\/wp-content\/uploads\/2023\/11\/fillaboa-albarino-jpg-2.webp\" \/>\n\t<meta property=\"og:image:width\" content=\"2000\" \/>\n\t<meta property=\"og:image:height\" content=\"2000\" \/>\n\t<meta property=\"og:image:type\" content=\"image\/webp\" \/>\n<meta name=\"twitter:card\" content=\"summary_large_image\" \/>\n<meta name=\"twitter:label1\" content=\"Est. reading time\" \/>\n\t<meta name=\"twitter:data1\" content=\"2 minutes\" \/>\n<script type=\"application\/ld+json\" class=\"yoast-schema-graph\">{\"@context\":\"https:\/\/schema.org\",\"@graph\":[{\"@type\":\"WebPage\",\"@id\":\"https:\/\/vinodeli.ee\/en\/product\/albarino-fillaboa\/\",\"url\":\"https:\/\/vinodeli.ee\/en\/product\/albarino-fillaboa\/\",\"name\":\"Fillaboa Albari\u00f1o DO R\u00edas Baixas 2022 12.5% vol. - Vinodeli\",\"isPartOf\":{\"@id\":\"https:\/\/vinodeli.ee\/#website\"},\"primaryImageOfPage\":{\"@id\":\"https:\/\/vinodeli.ee\/en\/product\/albarino-fillaboa\/#primaryimage\"},\"image\":{\"@id\":\"https:\/\/vinodeli.ee\/en\/product\/albarino-fillaboa\/#primaryimage\"},\"thumbnailUrl\":\"https:\/\/vinodeli.ee\/wp-content\/uploads\/2023\/11\/fillaboa-albarino-jpg-2.webp\",\"datePublished\":\"2021-10-23T08:29:51+00:00\",\"dateModified\":\"2023-12-20T11:58:06+00:00\",\"breadcrumb\":{\"@id\":\"https:\/\/vinodeli.ee\/en\/product\/albarino-fillaboa\/#breadcrumb\"},\"inLanguage\":\"en-US\",\"potentialAction\":[{\"@type\":\"ReadAction\",\"target\":[\"https:\/\/vinodeli.ee\/en\/product\/albarino-fillaboa\/\"]}]},{\"@type\":\"ImageObject\",\"inLanguage\":\"en-US\",\"@id\":\"https:\/\/vinodeli.ee\/en\/product\/albarino-fillaboa\/#primaryimage\",\"url\":\"https:\/\/vinodeli.ee\/wp-content\/uploads\/2023\/11\/fillaboa-albarino-jpg-2.webp\",\"contentUrl\":\"https:\/\/vinodeli.ee\/wp-content\/uploads\/2023\/11\/fillaboa-albarino-jpg-2.webp\",\"width\":2000,\"height\":2000},{\"@type\":\"BreadcrumbList\",\"@id\":\"https:\/\/vinodeli.ee\/en\/product\/albarino-fillaboa\/#breadcrumb\",\"itemListElement\":[{\"@type\":\"ListItem\",\"position\":1,\"name\":\"Home\",\"item\":\"https:\/\/vinodeli.ee\/en\/\"},{\"@type\":\"ListItem\",\"position\":2,\"name\":\"Shop\",\"item\":\"https:\/\/vinodeli.ee\/pood\/\"},{\"@type\":\"ListItem\",\"position\":3,\"name\":\"Fillaboa Albari\u00f1o DO R\u00edas Baixas 2022 12.5% vol.\"}]},{\"@type\":\"WebSite\",\"@id\":\"https:\/\/vinodeli.ee\/#website\",\"url\":\"https:\/\/vinodeli.ee\/\",\"name\":\"Vinodeli\",\"description\":\"\",\"publisher\":{\"@id\":\"https:\/\/vinodeli.ee\/#organization\"},\"potentialAction\":[{\"@type\":\"SearchAction\",\"target\":{\"@type\":\"EntryPoint\",\"urlTemplate\":\"https:\/\/vinodeli.ee\/?s={search_term_string}\"},\"query-input\":{\"@type\":\"PropertyValueSpecification\",\"valueRequired\":true,\"valueName\":\"search_term_string\"}}],\"inLanguage\":\"en-US\"},{\"@type\":\"Organization\",\"@id\":\"https:\/\/vinodeli.ee\/#organization\",\"name\":\"Vinodeli O\u00dc\",\"url\":\"https:\/\/vinodeli.ee\/\",\"logo\":{\"@type\":\"ImageObject\",\"inLanguage\":\"en-US\",\"@id\":\"https:\/\/vinodeli.ee\/#\/schema\/logo\/image\/\",\"url\":\"https:\/\/vinodeli.ee\/wp-content\/uploads\/2024\/02\/logo-winodeli-1.png\",\"contentUrl\":\"https:\/\/vinodeli.ee\/wp-content\/uploads\/2024\/02\/logo-winodeli-1.png\",\"width\":1500,\"height\":1150,\"caption\":\"Vinodeli O\u00dc\"},\"image\":{\"@id\":\"https:\/\/vinodeli.ee\/#\/schema\/logo\/image\/\"}}]}<\/script>\n<!-- \/ Yoast SEO plugin. -->","yoast_head_json":{"title":"Fillaboa Albari\u00f1o DO R\u00edas Baixas 2022 12.5% vol. - Vinodeli","robots":{"index":"index","follow":"follow","max-snippet":"max-snippet:-1","max-image-preview":"max-image-preview:large","max-video-preview":"max-video-preview:-1"},"canonical":"https:\/\/vinodeli.ee\/en\/product\/albarino-fillaboa\/","og_locale":"en_US","og_type":"article","og_title":"Fillaboa Albari\u00f1o DO R\u00edas Baixas 2022 12.5% vol. - Vinodeli","og_description":"Grape variety:100% Albari\u00f1o Wine Enthusiast (2021 vintage) - 92 points Gu\u00eda Pe\u00f1\u00edn (2020 vintage) - 91 points Gilbert & Gaillard (2022 vintage) - 89 points Andreas Larsson - Tasted.wine (2021 vintage) - 89 points","og_url":"https:\/\/vinodeli.ee\/en\/product\/albarino-fillaboa\/","og_site_name":"Vinodeli","article_modified_time":"2023-12-20T11:58:06+00:00","og_image":[{"width":2000,"height":2000,"url":"https:\/\/vinodeli.ee\/wp-content\/uploads\/2023\/11\/fillaboa-albarino-jpg-2.webp","type":"image\/webp"}],"twitter_card":"summary_large_image","twitter_misc":{"Est. reading time":"2 minutes"},"schema":{"@context":"https:\/\/schema.org","@graph":[{"@type":"WebPage","@id":"https:\/\/vinodeli.ee\/en\/product\/albarino-fillaboa\/","url":"https:\/\/vinodeli.ee\/en\/product\/albarino-fillaboa\/","name":"Fillaboa Albari\u00f1o DO R\u00edas Baixas 2022 12.5% vol. - Vinodeli","isPartOf":{"@id":"https:\/\/vinodeli.ee\/#website"},"primaryImageOfPage":{"@id":"https:\/\/vinodeli.ee\/en\/product\/albarino-fillaboa\/#primaryimage"},"image":{"@id":"https:\/\/vinodeli.ee\/en\/product\/albarino-fillaboa\/#primaryimage"},"thumbnailUrl":"https:\/\/vinodeli.ee\/wp-content\/uploads\/2023\/11\/fillaboa-albarino-jpg-2.webp","datePublished":"2021-10-23T08:29:51+00:00","dateModified":"2023-12-20T11:58:06+00:00","breadcrumb":{"@id":"https:\/\/vinodeli.ee\/en\/product\/albarino-fillaboa\/#breadcrumb"},"inLanguage":"en-US","potentialAction":[{"@type":"ReadAction","target":["https:\/\/vinodeli.ee\/en\/product\/albarino-fillaboa\/"]}]},{"@type":"ImageObject","inLanguage":"en-US","@id":"https:\/\/vinodeli.ee\/en\/product\/albarino-fillaboa\/#primaryimage","url":"https:\/\/vinodeli.ee\/wp-content\/uploads\/2023\/11\/fillaboa-albarino-jpg-2.webp","contentUrl":"https:\/\/vinodeli.ee\/wp-content\/uploads\/2023\/11\/fillaboa-albarino-jpg-2.webp","width":2000,"height":2000},{"@type":"BreadcrumbList","@id":"https:\/\/vinodeli.ee\/en\/product\/albarino-fillaboa\/#breadcrumb","itemListElement":[{"@type":"ListItem","position":1,"name":"Home","item":"https:\/\/vinodeli.ee\/en\/"},{"@type":"ListItem","position":2,"name":"Shop","item":"https:\/\/vinodeli.ee\/pood\/"},{"@type":"ListItem","position":3,"name":"Fillaboa Albari\u00f1o DO R\u00edas Baixas 2022 12.5% vol."}]},{"@type":"WebSite","@id":"https:\/\/vinodeli.ee\/#website","url":"https:\/\/vinodeli.ee\/","name":"Vinodeli","description":"","publisher":{"@id":"https:\/\/vinodeli.ee\/#organization"},"potentialAction":[{"@type":"SearchAction","target":{"@type":"EntryPoint","urlTemplate":"https:\/\/vinodeli.ee\/?s={search_term_string}"},"query-input":{"@type":"PropertyValueSpecification","valueRequired":true,"valueName":"search_term_string"}}],"inLanguage":"en-US"},{"@type":"Organization","@id":"https:\/\/vinodeli.ee\/#organization","name":"Vinodeli O\u00dc","url":"https:\/\/vinodeli.ee\/","logo":{"@type":"ImageObject","inLanguage":"en-US","@id":"https:\/\/vinodeli.ee\/#\/schema\/logo\/image\/","url":"https:\/\/vinodeli.ee\/wp-content\/uploads\/2024\/02\/logo-winodeli-1.png","contentUrl":"https:\/\/vinodeli.ee\/wp-content\/uploads\/2024\/02\/logo-winodeli-1.png","width":1500,"height":1150,"caption":"Vinodeli O\u00dc"},"image":{"@id":"https:\/\/vinodeli.ee\/#\/schema\/logo\/image\/"}}]}},"_links":{"self":[{"href":"https:\/\/vinodeli.ee\/en\/wp-json\/wp\/v2\/product\/47666","targetHints":{"allow":["GET"]}}],"collection":[{"href":"https:\/\/vinodeli.ee\/en\/wp-json\/wp\/v2\/product"}],"about":[{"href":"https:\/\/vinodeli.ee\/en\/wp-json\/wp\/v2\/types\/product"}],"version-history":[{"count":0,"href":"https:\/\/vinodeli.ee\/en\/wp-json\/wp\/v2\/product\/47666\/revisions"}],"wp:featuredmedia":[{"embeddable":true,"href":"https:\/\/vinodeli.ee\/en\/wp-json\/wp\/v2\/media\/45540"}],"wp:attachment":[{"href":"https:\/\/vinodeli.ee\/en\/wp-json\/wp\/v2\/media?parent=47666"}],"wp:term":[{"taxonomy":"product_brand","embeddable":true,"href":"https:\/\/vinodeli.ee\/en\/wp-json\/wp\/v2\/product_brand?post=47666"},{"taxonomy":"product_cat","embeddable":true,"href":"https:\/\/vinodeli.ee\/en\/wp-json\/wp\/v2\/product_cat?post=47666"},{"taxonomy":"product_tag","embeddable":true,"href":"https:\/\/vinodeli.ee\/en\/wp-json\/wp\/v2\/product_tag?post=47666"}],"curies":[{"name":"wp","href":"https:\/\/api.w.org\/{rel}","templated":true}]}}