{"id":47667,"date":"2021-10-23T11:08:38","date_gmt":"2021-10-23T08:08:38","guid":{"rendered":"https:\/\/vinodeli.ee\/product\/fermentado-en-barrica-murua-blanco\/"},"modified":"2025-10-20T23:36:36","modified_gmt":"2025-10-20T20:36:36","slug":"murua_blanco","status":"publish","type":"product","link":"https:\/\/vinodeli.ee\/en\/product\/murua_blanco\/","title":{"rendered":"Murua Blanco Fermentado en Barrica DOCa Rioja 2023 13,5% vol."},"content":{"rendered":"<blockquote>\n<h5>Murua is located on a small hill near the town of Elciego, historically dedicated to the production of top quality estate wines. The vineyards are divided into 8 plots planted mainly with red grape varieties (Tempranillo, Grenache, Graciano and Mazuelo). In order to achieve the best possible expression of the different soils on the estate, particular attention is paid to factors such as soil composition and structure, as well as vine orientation and solar radiation.<\/h5>\n<\/blockquote>\n<h3 data-start=\"269\" data-end=\"297\"><strong data-start=\"273\" data-end=\"295\">Winemaking<\/strong><\/h3>\n<p data-start=\"298\" data-end=\"861\">The Murua winery owns over 80 hectares of vineyards. This wine comes from 3 hectares of old, low-yielding vines aged between 40 and 80 years. The varieties Viura, Malvas\u00eda, and Garnacha Blanca are traditional to Rioja Alavesa.<br data-start=\"580\" data-end=\"583\">The grapes are hand-harvested and carefully sorted at the winery. Fermentation takes place for 15 days in new French and American oak barrels. The wine then ages on the lees in the same barrels for about 9 months before being bottled and further matured in Murua\u2019s cellars.    <\/p>\n<h3 data-start=\"863\" data-end=\"889\"><strong data-start=\"867\" data-end=\"887\">Tasting notes<\/strong><\/h3>\n<p data-start=\"890\" data-end=\"1299\">Colour: bright lemon-yellow with golden reflections.<br data-start=\"938\" data-end=\"941\">Aroma: fresh and elegant, showing citrus, wild flowers, rosemary, thyme, and light buttery oak.<br data-start=\"1035\" data-end=\"1038\">Palate: fresh, balanced and full-bodied, with notes of pear, mint, chamomile and subtle oak.<br data-start=\"1144\" data-end=\"1147\">Murua Blanco Fermentado en Barrica is an elegant white wine with lively acidity and harmony, recalling the finest white wines of Burgundy. <\/p>\n","protected":false},"excerpt":{"rendered":"<blockquote>\n<h4>Grape varieties:70% Viura, 20% Malvas\u00eda and 10% Garnacha Blanca.<\/h4>\n<\/blockquote>\n<ul>\n<li>Gu\u00eda Pe\u00f1\u00edn (2020 vintage) &#8211; 91 points<\/li>\n<li>Falstaff (vintage 2017) &#8211; 92 points<\/li>\n<li>Gu\u00eda Repsol (2015 vintage) &#8211; 91 points<\/li>\n<li>Tim Atkin &#8211; Master of Wine (vintage 2020) &#8211; 90 points<\/li>\n<\/ul>\n","protected":false},"featured_media":45545,"template":"","meta":{"_acf_changed":false},"product_brand":[],"product_cat":[19460],"product_tag":[],"class_list":{"0":"post-47667","1":"product","2":"type-product","3":"status-publish","4":"has-post-thumbnail","6":"product_cat-white-wine","8":"first","9":"instock","10":"downloadable","11":"taxable","12":"shipping-taxable","13":"purchasable","14":"product-type-simple"},"acf":[],"yoast_head":"<!-- This site is optimized with the Yoast SEO plugin v25.7 - https:\/\/yoast.com\/wordpress\/plugins\/seo\/ -->\n<title>Murua Blanco Fermentado en Barrica DOCa Rioja 2023 13,5% vol. - Vinodeli<\/title>\n<meta name=\"robots\" content=\"index, follow, max-snippet:-1, max-image-preview:large, max-video-preview:-1\" \/>\n<link rel=\"canonical\" href=\"https:\/\/vinodeli.ee\/en\/product\/murua_blanco\/\" \/>\n<meta property=\"og:locale\" content=\"en_US\" \/>\n<meta property=\"og:type\" content=\"article\" \/>\n<meta property=\"og:title\" content=\"Murua Blanco Fermentado en Barrica DOCa Rioja 2023 13,5% vol. - Vinodeli\" \/>\n<meta property=\"og:description\" content=\"Grape varieties:70% Viura, 20% Malvas\u00eda and 10% Garnacha Blanca.   Gu\u00eda Pe\u00f1\u00edn (2020 vintage) - 91 points  Falstaff (vintage 2017) - 92 points  Gu\u00eda Repsol (2015 vintage) - 91 points  Tim Atkin - Master of Wine (vintage 2020) - 90 points\" \/>\n<meta property=\"og:url\" content=\"https:\/\/vinodeli.ee\/en\/product\/murua_blanco\/\" \/>\n<meta property=\"og:site_name\" content=\"Vinodeli\" \/>\n<meta property=\"article:modified_time\" content=\"2025-10-20T20:36:36+00:00\" \/>\n<meta property=\"og:image\" content=\"https:\/\/vinodeli.ee\/wp-content\/uploads\/2023\/11\/murua_blanco_fb-jpg-2.webp\" \/>\n\t<meta property=\"og:image:width\" content=\"1100\" \/>\n\t<meta property=\"og:image:height\" content=\"1100\" \/>\n\t<meta property=\"og:image:type\" content=\"image\/webp\" \/>\n<meta name=\"twitter:card\" content=\"summary_large_image\" \/>\n<meta name=\"twitter:label1\" content=\"Est. reading time\" \/>\n\t<meta name=\"twitter:data1\" content=\"1 minute\" \/>\n<script type=\"application\/ld+json\" class=\"yoast-schema-graph\">{\"@context\":\"https:\/\/schema.org\",\"@graph\":[{\"@type\":\"WebPage\",\"@id\":\"https:\/\/vinodeli.ee\/en\/product\/murua_blanco\/\",\"url\":\"https:\/\/vinodeli.ee\/en\/product\/murua_blanco\/\",\"name\":\"Murua Blanco Fermentado en Barrica DOCa Rioja 2023 13,5% vol. - Vinodeli\",\"isPartOf\":{\"@id\":\"https:\/\/vinodeli.ee\/#website\"},\"primaryImageOfPage\":{\"@id\":\"https:\/\/vinodeli.ee\/en\/product\/murua_blanco\/#primaryimage\"},\"image\":{\"@id\":\"https:\/\/vinodeli.ee\/en\/product\/murua_blanco\/#primaryimage\"},\"thumbnailUrl\":\"https:\/\/vinodeli.ee\/wp-content\/uploads\/2023\/11\/murua_blanco_fb-jpg-2.webp\",\"datePublished\":\"2021-10-23T08:08:38+00:00\",\"dateModified\":\"2025-10-20T20:36:36+00:00\",\"breadcrumb\":{\"@id\":\"https:\/\/vinodeli.ee\/en\/product\/murua_blanco\/#breadcrumb\"},\"inLanguage\":\"en-US\",\"potentialAction\":[{\"@type\":\"ReadAction\",\"target\":[\"https:\/\/vinodeli.ee\/en\/product\/murua_blanco\/\"]}]},{\"@type\":\"ImageObject\",\"inLanguage\":\"en-US\",\"@id\":\"https:\/\/vinodeli.ee\/en\/product\/murua_blanco\/#primaryimage\",\"url\":\"https:\/\/vinodeli.ee\/wp-content\/uploads\/2023\/11\/murua_blanco_fb-jpg-2.webp\",\"contentUrl\":\"https:\/\/vinodeli.ee\/wp-content\/uploads\/2023\/11\/murua_blanco_fb-jpg-2.webp\",\"width\":1100,\"height\":1100},{\"@type\":\"BreadcrumbList\",\"@id\":\"https:\/\/vinodeli.ee\/en\/product\/murua_blanco\/#breadcrumb\",\"itemListElement\":[{\"@type\":\"ListItem\",\"position\":1,\"name\":\"Home\",\"item\":\"https:\/\/vinodeli.ee\/en\/\"},{\"@type\":\"ListItem\",\"position\":2,\"name\":\"Shop\",\"item\":\"https:\/\/vinodeli.ee\/pood\/\"},{\"@type\":\"ListItem\",\"position\":3,\"name\":\"Murua Blanco Fermentado en Barrica DOCa Rioja 2023 13,5% vol.\"}]},{\"@type\":\"WebSite\",\"@id\":\"https:\/\/vinodeli.ee\/#website\",\"url\":\"https:\/\/vinodeli.ee\/\",\"name\":\"Vinodeli\",\"description\":\"\",\"publisher\":{\"@id\":\"https:\/\/vinodeli.ee\/#organization\"},\"potentialAction\":[{\"@type\":\"SearchAction\",\"target\":{\"@type\":\"EntryPoint\",\"urlTemplate\":\"https:\/\/vinodeli.ee\/?s={search_term_string}\"},\"query-input\":{\"@type\":\"PropertyValueSpecification\",\"valueRequired\":true,\"valueName\":\"search_term_string\"}}],\"inLanguage\":\"en-US\"},{\"@type\":\"Organization\",\"@id\":\"https:\/\/vinodeli.ee\/#organization\",\"name\":\"Vinodeli O\u00dc\",\"url\":\"https:\/\/vinodeli.ee\/\",\"logo\":{\"@type\":\"ImageObject\",\"inLanguage\":\"en-US\",\"@id\":\"https:\/\/vinodeli.ee\/#\/schema\/logo\/image\/\",\"url\":\"https:\/\/vinodeli.ee\/wp-content\/uploads\/2024\/02\/logo-winodeli-1.png\",\"contentUrl\":\"https:\/\/vinodeli.ee\/wp-content\/uploads\/2024\/02\/logo-winodeli-1.png\",\"width\":1500,\"height\":1150,\"caption\":\"Vinodeli O\u00dc\"},\"image\":{\"@id\":\"https:\/\/vinodeli.ee\/#\/schema\/logo\/image\/\"}}]}<\/script>\n<!-- \/ Yoast SEO plugin. -->","yoast_head_json":{"title":"Murua Blanco Fermentado en Barrica DOCa Rioja 2023 13,5% vol. - Vinodeli","robots":{"index":"index","follow":"follow","max-snippet":"max-snippet:-1","max-image-preview":"max-image-preview:large","max-video-preview":"max-video-preview:-1"},"canonical":"https:\/\/vinodeli.ee\/en\/product\/murua_blanco\/","og_locale":"en_US","og_type":"article","og_title":"Murua Blanco Fermentado en Barrica DOCa Rioja 2023 13,5% vol. - Vinodeli","og_description":"Grape varieties:70% Viura, 20% Malvas\u00eda and 10% Garnacha Blanca.   Gu\u00eda Pe\u00f1\u00edn (2020 vintage) - 91 points  Falstaff (vintage 2017) - 92 points  Gu\u00eda Repsol (2015 vintage) - 91 points  Tim Atkin - Master of Wine (vintage 2020) - 90 points","og_url":"https:\/\/vinodeli.ee\/en\/product\/murua_blanco\/","og_site_name":"Vinodeli","article_modified_time":"2025-10-20T20:36:36+00:00","og_image":[{"width":1100,"height":1100,"url":"https:\/\/vinodeli.ee\/wp-content\/uploads\/2023\/11\/murua_blanco_fb-jpg-2.webp","type":"image\/webp"}],"twitter_card":"summary_large_image","twitter_misc":{"Est. reading time":"1 minute"},"schema":{"@context":"https:\/\/schema.org","@graph":[{"@type":"WebPage","@id":"https:\/\/vinodeli.ee\/en\/product\/murua_blanco\/","url":"https:\/\/vinodeli.ee\/en\/product\/murua_blanco\/","name":"Murua Blanco Fermentado en Barrica DOCa Rioja 2023 13,5% vol. - Vinodeli","isPartOf":{"@id":"https:\/\/vinodeli.ee\/#website"},"primaryImageOfPage":{"@id":"https:\/\/vinodeli.ee\/en\/product\/murua_blanco\/#primaryimage"},"image":{"@id":"https:\/\/vinodeli.ee\/en\/product\/murua_blanco\/#primaryimage"},"thumbnailUrl":"https:\/\/vinodeli.ee\/wp-content\/uploads\/2023\/11\/murua_blanco_fb-jpg-2.webp","datePublished":"2021-10-23T08:08:38+00:00","dateModified":"2025-10-20T20:36:36+00:00","breadcrumb":{"@id":"https:\/\/vinodeli.ee\/en\/product\/murua_blanco\/#breadcrumb"},"inLanguage":"en-US","potentialAction":[{"@type":"ReadAction","target":["https:\/\/vinodeli.ee\/en\/product\/murua_blanco\/"]}]},{"@type":"ImageObject","inLanguage":"en-US","@id":"https:\/\/vinodeli.ee\/en\/product\/murua_blanco\/#primaryimage","url":"https:\/\/vinodeli.ee\/wp-content\/uploads\/2023\/11\/murua_blanco_fb-jpg-2.webp","contentUrl":"https:\/\/vinodeli.ee\/wp-content\/uploads\/2023\/11\/murua_blanco_fb-jpg-2.webp","width":1100,"height":1100},{"@type":"BreadcrumbList","@id":"https:\/\/vinodeli.ee\/en\/product\/murua_blanco\/#breadcrumb","itemListElement":[{"@type":"ListItem","position":1,"name":"Home","item":"https:\/\/vinodeli.ee\/en\/"},{"@type":"ListItem","position":2,"name":"Shop","item":"https:\/\/vinodeli.ee\/pood\/"},{"@type":"ListItem","position":3,"name":"Murua Blanco Fermentado en Barrica DOCa Rioja 2023 13,5% vol."}]},{"@type":"WebSite","@id":"https:\/\/vinodeli.ee\/#website","url":"https:\/\/vinodeli.ee\/","name":"Vinodeli","description":"","publisher":{"@id":"https:\/\/vinodeli.ee\/#organization"},"potentialAction":[{"@type":"SearchAction","target":{"@type":"EntryPoint","urlTemplate":"https:\/\/vinodeli.ee\/?s={search_term_string}"},"query-input":{"@type":"PropertyValueSpecification","valueRequired":true,"valueName":"search_term_string"}}],"inLanguage":"en-US"},{"@type":"Organization","@id":"https:\/\/vinodeli.ee\/#organization","name":"Vinodeli O\u00dc","url":"https:\/\/vinodeli.ee\/","logo":{"@type":"ImageObject","inLanguage":"en-US","@id":"https:\/\/vinodeli.ee\/#\/schema\/logo\/image\/","url":"https:\/\/vinodeli.ee\/wp-content\/uploads\/2024\/02\/logo-winodeli-1.png","contentUrl":"https:\/\/vinodeli.ee\/wp-content\/uploads\/2024\/02\/logo-winodeli-1.png","width":1500,"height":1150,"caption":"Vinodeli O\u00dc"},"image":{"@id":"https:\/\/vinodeli.ee\/#\/schema\/logo\/image\/"}}]}},"_links":{"self":[{"href":"https:\/\/vinodeli.ee\/en\/wp-json\/wp\/v2\/product\/47667","targetHints":{"allow":["GET"]}}],"collection":[{"href":"https:\/\/vinodeli.ee\/en\/wp-json\/wp\/v2\/product"}],"about":[{"href":"https:\/\/vinodeli.ee\/en\/wp-json\/wp\/v2\/types\/product"}],"version-history":[{"count":0,"href":"https:\/\/vinodeli.ee\/en\/wp-json\/wp\/v2\/product\/47667\/revisions"}],"wp:featuredmedia":[{"embeddable":true,"href":"https:\/\/vinodeli.ee\/en\/wp-json\/wp\/v2\/media\/45545"}],"wp:attachment":[{"href":"https:\/\/vinodeli.ee\/en\/wp-json\/wp\/v2\/media?parent=47667"}],"wp:term":[{"taxonomy":"product_brand","embeddable":true,"href":"https:\/\/vinodeli.ee\/en\/wp-json\/wp\/v2\/product_brand?post=47667"},{"taxonomy":"product_cat","embeddable":true,"href":"https:\/\/vinodeli.ee\/en\/wp-json\/wp\/v2\/product_cat?post=47667"},{"taxonomy":"product_tag","embeddable":true,"href":"https:\/\/vinodeli.ee\/en\/wp-json\/wp\/v2\/product_tag?post=47667"}],"curies":[{"name":"wp","href":"https:\/\/api.w.org\/{rel}","templated":true}]}}