{"id":47672,"date":"2021-10-20T19:42:43","date_gmt":"2021-10-20T16:42:43","guid":{"rendered":"https:\/\/vinodeli.ee\/product\/seleccion-guarda-de-leda\/"},"modified":"2023-12-20T13:58:09","modified_gmt":"2023-12-20T11:58:09","slug":"seleccion-guarda-de-leda","status":"publish","type":"product","link":"https:\/\/vinodeli.ee\/en\/product\/seleccion-guarda-de-leda\/","title":{"rendered":"Guarda de Leda Selecci\u00f3n 2015 15.5% vol."},"content":{"rendered":"<blockquote>\n<h5>Leda is vineyard, soil and work. Leda is the commitment to century-old vineyards in the Duero Valley, the search for authenticity, the selection of the richest soils. But, above all, Leda represents the wisdom of the land and of man in the achievement of multi-terroir wines. Leda is the result of a pure project that offers the most unique wines from a unique land such as Castilla y Le\u00f3n.<\/h5>\n<\/blockquote>\n<h3>Winemaking<\/h3>\n<p>Guarda de Leda is a signature wine, which is only made in certain vintages, only in those that are excellent. It is aged for 30 months in French and American oak barrels. Guarda de Leda is the premium wine from Bodegas Leda. It comes from the oldest plots that this winery cares for in the Ribera del Duero, Toro and Cigales areas, close to 100 years of age and with very low yields.<\/p>\n<h3>Tasting notes<\/h3>\n<p>Intense and deep cherry colour. high layer Intense and complex aroma with notes of very ripe black fruit, mineral tones combined with the spices provided by the long aging in barrels. The palate is firm and elegant, direct and with an excellent journey. A mature, balanced wine with sweet tannins that show the good phenolic maturation. The alcohol and the freshness are assembled with the permanent flavor of fruit and the aromas of the ageing.<em>Recommended serving temperature: 16-17\u00b0C<\/em><\/p>\n<h3>Food pairing<\/h3>\n<p>Accompany it with roasts, stews, grilled meats, legumes&#8230;<\/p>\n","protected":false},"excerpt":{"rendered":"<div class=\"product_summary_middle\">\n<div class=\"woocommerce-product-details__short-description\">\n<blockquote>\n<h4>Grape variety:100% Tempranillo<\/h4>\n<\/blockquote>\n<ul>\n<li>Gu\u00eda Pe\u00f1\u00edn (2015 vintage) &#8211; 93 points<\/li>\n<li>Decanter World Wine Awards (2015 vintage) &#8211; 90 points<\/li>\n<\/ul>\n<\/div>\n<\/div>\n","protected":false},"featured_media":45560,"template":"","meta":{"_acf_changed":false},"product_brand":[],"product_cat":[19462],"product_tag":[],"class_list":{"0":"post-47672","1":"product","2":"type-product","3":"status-publish","4":"has-post-thumbnail","6":"product_cat-red-wine","8":"first","9":"instock","10":"downloadable","11":"taxable","12":"shipping-taxable","13":"purchasable","14":"product-type-simple"},"acf":[],"yoast_head":"<!-- This site is optimized with the Yoast SEO plugin v25.7 - https:\/\/yoast.com\/wordpress\/plugins\/seo\/ -->\n<title>Guarda de Leda Selecci\u00f3n 2015 15.5% vol. - Vinodeli<\/title>\n<meta name=\"robots\" content=\"index, follow, max-snippet:-1, max-image-preview:large, max-video-preview:-1\" \/>\n<link rel=\"canonical\" href=\"https:\/\/vinodeli.ee\/product\/guarda_de_leda_seleccion\/\" \/>\n<meta property=\"og:locale\" content=\"en_US\" \/>\n<meta property=\"og:type\" content=\"article\" \/>\n<meta property=\"og:title\" content=\"Guarda de Leda Selecci\u00f3n 2015 15.5% vol. - Vinodeli\" \/>\n<meta property=\"og:description\" content=\"Grape variety:100% Tempranillo Gu\u00eda Pe\u00f1\u00edn (2015 vintage) - 93 points Decanter World Wine Awards (2015 vintage) - 90 points\" \/>\n<meta property=\"og:url\" content=\"https:\/\/vinodeli.ee\/product\/guarda_de_leda_seleccion\/\" \/>\n<meta property=\"og:site_name\" content=\"Vinodeli\" \/>\n<meta property=\"article:modified_time\" content=\"2023-12-20T11:58:09+00:00\" \/>\n<meta property=\"og:image\" content=\"https:\/\/vinodeli.ee\/wp-content\/uploads\/2023\/11\/guarda_de_leda-jpg-2.webp\" \/>\n\t<meta property=\"og:image:width\" content=\"1100\" \/>\n\t<meta property=\"og:image:height\" content=\"1100\" \/>\n\t<meta property=\"og:image:type\" content=\"image\/webp\" \/>\n<meta name=\"twitter:card\" content=\"summary_large_image\" \/>\n<meta name=\"twitter:label1\" content=\"Est. reading time\" \/>\n\t<meta name=\"twitter:data1\" content=\"1 minute\" \/>\n<script type=\"application\/ld+json\" class=\"yoast-schema-graph\">{\"@context\":\"https:\/\/schema.org\",\"@graph\":[{\"@type\":\"WebPage\",\"@id\":\"https:\/\/vinodeli.ee\/product\/guarda_de_leda_seleccion\/\",\"url\":\"https:\/\/vinodeli.ee\/product\/guarda_de_leda_seleccion\/\",\"name\":\"Guarda de Leda Selecci\u00f3n 2015 15.5% vol. - Vinodeli\",\"isPartOf\":{\"@id\":\"https:\/\/vinodeli.ee\/#website\"},\"primaryImageOfPage\":{\"@id\":\"https:\/\/vinodeli.ee\/product\/guarda_de_leda_seleccion\/#primaryimage\"},\"image\":{\"@id\":\"https:\/\/vinodeli.ee\/product\/guarda_de_leda_seleccion\/#primaryimage\"},\"thumbnailUrl\":\"https:\/\/vinodeli.ee\/wp-content\/uploads\/2023\/11\/guarda_de_leda-jpg-2.webp\",\"datePublished\":\"2021-10-20T16:42:43+00:00\",\"dateModified\":\"2023-12-20T11:58:09+00:00\",\"breadcrumb\":{\"@id\":\"https:\/\/vinodeli.ee\/product\/guarda_de_leda_seleccion\/#breadcrumb\"},\"inLanguage\":\"en-US\",\"potentialAction\":[{\"@type\":\"ReadAction\",\"target\":[\"https:\/\/vinodeli.ee\/product\/guarda_de_leda_seleccion\/\"]}]},{\"@type\":\"ImageObject\",\"inLanguage\":\"en-US\",\"@id\":\"https:\/\/vinodeli.ee\/product\/guarda_de_leda_seleccion\/#primaryimage\",\"url\":\"https:\/\/vinodeli.ee\/wp-content\/uploads\/2023\/11\/guarda_de_leda-jpg-2.webp\",\"contentUrl\":\"https:\/\/vinodeli.ee\/wp-content\/uploads\/2023\/11\/guarda_de_leda-jpg-2.webp\",\"width\":1100,\"height\":1100},{\"@type\":\"BreadcrumbList\",\"@id\":\"https:\/\/vinodeli.ee\/product\/guarda_de_leda_seleccion\/#breadcrumb\",\"itemListElement\":[{\"@type\":\"ListItem\",\"position\":1,\"name\":\"Home\",\"item\":\"https:\/\/vinodeli.ee\/en\/\"},{\"@type\":\"ListItem\",\"position\":2,\"name\":\"Shop\",\"item\":\"https:\/\/vinodeli.ee\/pood\/\"},{\"@type\":\"ListItem\",\"position\":3,\"name\":\"Guarda de Leda Selecci\u00f3n 2015 15.5% vol.\"}]},{\"@type\":\"WebSite\",\"@id\":\"https:\/\/vinodeli.ee\/#website\",\"url\":\"https:\/\/vinodeli.ee\/\",\"name\":\"Vinodeli\",\"description\":\"\",\"publisher\":{\"@id\":\"https:\/\/vinodeli.ee\/#organization\"},\"potentialAction\":[{\"@type\":\"SearchAction\",\"target\":{\"@type\":\"EntryPoint\",\"urlTemplate\":\"https:\/\/vinodeli.ee\/?s={search_term_string}\"},\"query-input\":{\"@type\":\"PropertyValueSpecification\",\"valueRequired\":true,\"valueName\":\"search_term_string\"}}],\"inLanguage\":\"en-US\"},{\"@type\":\"Organization\",\"@id\":\"https:\/\/vinodeli.ee\/#organization\",\"name\":\"Vinodeli O\u00dc\",\"url\":\"https:\/\/vinodeli.ee\/\",\"logo\":{\"@type\":\"ImageObject\",\"inLanguage\":\"en-US\",\"@id\":\"https:\/\/vinodeli.ee\/#\/schema\/logo\/image\/\",\"url\":\"https:\/\/vinodeli.ee\/wp-content\/uploads\/2024\/02\/logo-winodeli-1.png\",\"contentUrl\":\"https:\/\/vinodeli.ee\/wp-content\/uploads\/2024\/02\/logo-winodeli-1.png\",\"width\":1500,\"height\":1150,\"caption\":\"Vinodeli O\u00dc\"},\"image\":{\"@id\":\"https:\/\/vinodeli.ee\/#\/schema\/logo\/image\/\"}}]}<\/script>\n<!-- \/ Yoast SEO plugin. -->","yoast_head_json":{"title":"Guarda de Leda Selecci\u00f3n 2015 15.5% vol. - Vinodeli","robots":{"index":"index","follow":"follow","max-snippet":"max-snippet:-1","max-image-preview":"max-image-preview:large","max-video-preview":"max-video-preview:-1"},"canonical":"https:\/\/vinodeli.ee\/product\/guarda_de_leda_seleccion\/","og_locale":"en_US","og_type":"article","og_title":"Guarda de Leda Selecci\u00f3n 2015 15.5% vol. - Vinodeli","og_description":"Grape variety:100% Tempranillo Gu\u00eda Pe\u00f1\u00edn (2015 vintage) - 93 points Decanter World Wine Awards (2015 vintage) - 90 points","og_url":"https:\/\/vinodeli.ee\/product\/guarda_de_leda_seleccion\/","og_site_name":"Vinodeli","article_modified_time":"2023-12-20T11:58:09+00:00","og_image":[{"width":1100,"height":1100,"url":"https:\/\/vinodeli.ee\/wp-content\/uploads\/2023\/11\/guarda_de_leda-jpg-2.webp","type":"image\/webp"}],"twitter_card":"summary_large_image","twitter_misc":{"Est. reading time":"1 minute"},"schema":{"@context":"https:\/\/schema.org","@graph":[{"@type":"WebPage","@id":"https:\/\/vinodeli.ee\/product\/guarda_de_leda_seleccion\/","url":"https:\/\/vinodeli.ee\/product\/guarda_de_leda_seleccion\/","name":"Guarda de Leda Selecci\u00f3n 2015 15.5% vol. - Vinodeli","isPartOf":{"@id":"https:\/\/vinodeli.ee\/#website"},"primaryImageOfPage":{"@id":"https:\/\/vinodeli.ee\/product\/guarda_de_leda_seleccion\/#primaryimage"},"image":{"@id":"https:\/\/vinodeli.ee\/product\/guarda_de_leda_seleccion\/#primaryimage"},"thumbnailUrl":"https:\/\/vinodeli.ee\/wp-content\/uploads\/2023\/11\/guarda_de_leda-jpg-2.webp","datePublished":"2021-10-20T16:42:43+00:00","dateModified":"2023-12-20T11:58:09+00:00","breadcrumb":{"@id":"https:\/\/vinodeli.ee\/product\/guarda_de_leda_seleccion\/#breadcrumb"},"inLanguage":"en-US","potentialAction":[{"@type":"ReadAction","target":["https:\/\/vinodeli.ee\/product\/guarda_de_leda_seleccion\/"]}]},{"@type":"ImageObject","inLanguage":"en-US","@id":"https:\/\/vinodeli.ee\/product\/guarda_de_leda_seleccion\/#primaryimage","url":"https:\/\/vinodeli.ee\/wp-content\/uploads\/2023\/11\/guarda_de_leda-jpg-2.webp","contentUrl":"https:\/\/vinodeli.ee\/wp-content\/uploads\/2023\/11\/guarda_de_leda-jpg-2.webp","width":1100,"height":1100},{"@type":"BreadcrumbList","@id":"https:\/\/vinodeli.ee\/product\/guarda_de_leda_seleccion\/#breadcrumb","itemListElement":[{"@type":"ListItem","position":1,"name":"Home","item":"https:\/\/vinodeli.ee\/en\/"},{"@type":"ListItem","position":2,"name":"Shop","item":"https:\/\/vinodeli.ee\/pood\/"},{"@type":"ListItem","position":3,"name":"Guarda de Leda Selecci\u00f3n 2015 15.5% vol."}]},{"@type":"WebSite","@id":"https:\/\/vinodeli.ee\/#website","url":"https:\/\/vinodeli.ee\/","name":"Vinodeli","description":"","publisher":{"@id":"https:\/\/vinodeli.ee\/#organization"},"potentialAction":[{"@type":"SearchAction","target":{"@type":"EntryPoint","urlTemplate":"https:\/\/vinodeli.ee\/?s={search_term_string}"},"query-input":{"@type":"PropertyValueSpecification","valueRequired":true,"valueName":"search_term_string"}}],"inLanguage":"en-US"},{"@type":"Organization","@id":"https:\/\/vinodeli.ee\/#organization","name":"Vinodeli O\u00dc","url":"https:\/\/vinodeli.ee\/","logo":{"@type":"ImageObject","inLanguage":"en-US","@id":"https:\/\/vinodeli.ee\/#\/schema\/logo\/image\/","url":"https:\/\/vinodeli.ee\/wp-content\/uploads\/2024\/02\/logo-winodeli-1.png","contentUrl":"https:\/\/vinodeli.ee\/wp-content\/uploads\/2024\/02\/logo-winodeli-1.png","width":1500,"height":1150,"caption":"Vinodeli O\u00dc"},"image":{"@id":"https:\/\/vinodeli.ee\/#\/schema\/logo\/image\/"}}]}},"_links":{"self":[{"href":"https:\/\/vinodeli.ee\/en\/wp-json\/wp\/v2\/product\/47672","targetHints":{"allow":["GET"]}}],"collection":[{"href":"https:\/\/vinodeli.ee\/en\/wp-json\/wp\/v2\/product"}],"about":[{"href":"https:\/\/vinodeli.ee\/en\/wp-json\/wp\/v2\/types\/product"}],"version-history":[{"count":0,"href":"https:\/\/vinodeli.ee\/en\/wp-json\/wp\/v2\/product\/47672\/revisions"}],"wp:featuredmedia":[{"embeddable":true,"href":"https:\/\/vinodeli.ee\/en\/wp-json\/wp\/v2\/media\/45560"}],"wp:attachment":[{"href":"https:\/\/vinodeli.ee\/en\/wp-json\/wp\/v2\/media?parent=47672"}],"wp:term":[{"taxonomy":"product_brand","embeddable":true,"href":"https:\/\/vinodeli.ee\/en\/wp-json\/wp\/v2\/product_brand?post=47672"},{"taxonomy":"product_cat","embeddable":true,"href":"https:\/\/vinodeli.ee\/en\/wp-json\/wp\/v2\/product_cat?post=47672"},{"taxonomy":"product_tag","embeddable":true,"href":"https:\/\/vinodeli.ee\/en\/wp-json\/wp\/v2\/product_tag?post=47672"}],"curies":[{"name":"wp","href":"https:\/\/api.w.org\/{rel}","templated":true}]}}