{"id":47676,"date":"2021-10-20T19:21:28","date_gmt":"2021-10-20T16:21:28","guid":{"rendered":"https:\/\/vinodeli.ee\/product\/vinas-viejas-leda\/"},"modified":"2023-12-20T13:58:11","modified_gmt":"2023-12-20T11:58:11","slug":"vinas-viejas-leda","status":"publish","type":"product","link":"https:\/\/vinodeli.ee\/en\/product\/vinas-viejas-leda\/","title":{"rendered":"Leda Vi\u00f1as Viejas 2017 15% vol."},"content":{"rendered":"<blockquote>\n<h5>Leda is vineyard, soil and work. Leda is the commitment to century-old vineyards in the Duero Valley, the search for authenticity, the selection of the richest soils. But, above all, Leda represents the wisdom of the land and of man in the achievement of multi-terroir wines. Leda is the result of a pure project that offers the most unique wines from a unique land such as Castilla y Le\u00f3n.<\/h5>\n<\/blockquote>\n<h3>Winemaking<\/h3>\n<p>Leda Vi\u00f1as Viejas is the wine that embodies the principles of Bodegas Leda. A multi-terroir red wine made from Tempranillo grapes from vineyards that are 70 and 100 years old, with low yields between 2,000 and 2,500 Kg\/Ha, from two of the most emblematic areas of Castilla y Le\u00f3n: Ribera del Duero and Toro. Leda Vi\u00f1as Viejas is the flagship of the winery, with a production that varies depending on the quality of the vintage, between 2,000 and 12,000 bottles. It has an aging of 20 months in French oak barrels.<\/p>\n<h3>Tasting notes<\/h3>\n<p>Leda Vi\u00f1as Viejas is a complex wine, when oxygenated the varietal character takes center stage over the tertiary notes. A wine made to enjoy. Intense cherry red color, high layer and very bright. Concentrated and deep aroma. Red and black fruit, spices and toasted nuances that give it great complexity. Sweet, powerful, fruity and balanced in the mouth. Opulent but pleasant attack, marked but well tamed tannins and a tasty and elegant finish.<em>Recommended serving temperature: 16-17\u00b0C<\/em><\/p>\n<h3>Food pairing<\/h3>\n<p>Accompany it with roasts, stews, grilled meats, legumes&#8230;<\/p>\n","protected":false},"excerpt":{"rendered":"<blockquote>\n<h4>Grape variety:100% Tempranillo<\/h4>\n<\/blockquote>\n<ul>\n<li>Gilbert &#038; Gaillard (2019 vintage) \u2013 91 points<\/li>\n<li>Gu\u00eda Pe\u00f1\u00edn (2017 vintage) \u2013 92 points<\/li>\n<li>Vinum Wine Magazine (2016 vintage) \u2013 18\/20<\/li>\n<li>Wine Enthusiast (2014 vintage) \u2013 92 points<\/li>\n<li>Falstaff (2014 vintage) \u2013 92 points<\/li>\n<\/ul>\n","protected":false},"featured_media":45567,"template":"","meta":{"_acf_changed":false},"product_brand":[],"product_cat":[19462],"product_tag":[],"class_list":{"0":"post-47676","1":"product","2":"type-product","3":"status-publish","4":"has-post-thumbnail","6":"product_cat-red-wine","8":"first","9":"outofstock","10":"downloadable","11":"taxable","12":"shipping-taxable","13":"purchasable","14":"product-type-simple"},"acf":[],"yoast_head":"<!-- This site is optimized with the Yoast SEO plugin v25.7 - https:\/\/yoast.com\/wordpress\/plugins\/seo\/ -->\n<title>Leda Vi\u00f1as Viejas 2017 15% vol. - Vinodeli<\/title>\n<meta name=\"robots\" content=\"index, follow, max-snippet:-1, max-image-preview:large, max-video-preview:-1\" \/>\n<link rel=\"canonical\" href=\"https:\/\/vinodeli.ee\/en\/product\/vinas-viejas-leda\/\" \/>\n<meta property=\"og:locale\" content=\"en_US\" \/>\n<meta property=\"og:type\" content=\"article\" \/>\n<meta property=\"og:title\" content=\"Leda Vi\u00f1as Viejas 2017 15% vol. - Vinodeli\" \/>\n<meta property=\"og:description\" content=\"Grape variety:100% Tempranillo Gilbert &amp; Gaillard (2019 vintage) \u2013 91 points Gu\u00eda Pe\u00f1\u00edn (2017 vintage) \u2013 92 points Vinum Wine Magazine (2016 vintage) \u2013 18\/20 Wine Enthusiast (2014 vintage) \u2013 92 points Falstaff (2014 vintage) \u2013 92 points\" \/>\n<meta property=\"og:url\" content=\"https:\/\/vinodeli.ee\/en\/product\/vinas-viejas-leda\/\" \/>\n<meta property=\"og:site_name\" content=\"Vinodeli\" \/>\n<meta property=\"article:modified_time\" content=\"2023-12-20T11:58:11+00:00\" \/>\n<meta property=\"og:image\" content=\"https:\/\/vinodeli.ee\/wp-content\/uploads\/2023\/11\/d9m4ob8t6f60hqz1npd-jpg-2.webp\" \/>\n\t<meta property=\"og:image:width\" content=\"870\" \/>\n\t<meta property=\"og:image:height\" content=\"870\" \/>\n\t<meta property=\"og:image:type\" content=\"image\/webp\" \/>\n<meta name=\"twitter:card\" content=\"summary_large_image\" \/>\n<meta name=\"twitter:label1\" content=\"Est. reading time\" \/>\n\t<meta name=\"twitter:data1\" content=\"1 minute\" \/>\n<script type=\"application\/ld+json\" class=\"yoast-schema-graph\">{\"@context\":\"https:\/\/schema.org\",\"@graph\":[{\"@type\":\"WebPage\",\"@id\":\"https:\/\/vinodeli.ee\/en\/product\/vinas-viejas-leda\/\",\"url\":\"https:\/\/vinodeli.ee\/en\/product\/vinas-viejas-leda\/\",\"name\":\"Leda Vi\u00f1as Viejas 2017 15% vol. - Vinodeli\",\"isPartOf\":{\"@id\":\"https:\/\/vinodeli.ee\/#website\"},\"primaryImageOfPage\":{\"@id\":\"https:\/\/vinodeli.ee\/en\/product\/vinas-viejas-leda\/#primaryimage\"},\"image\":{\"@id\":\"https:\/\/vinodeli.ee\/en\/product\/vinas-viejas-leda\/#primaryimage\"},\"thumbnailUrl\":\"https:\/\/vinodeli.ee\/wp-content\/uploads\/2023\/11\/d9m4ob8t6f60hqz1npd-jpg-2.webp\",\"datePublished\":\"2021-10-20T16:21:28+00:00\",\"dateModified\":\"2023-12-20T11:58:11+00:00\",\"breadcrumb\":{\"@id\":\"https:\/\/vinodeli.ee\/en\/product\/vinas-viejas-leda\/#breadcrumb\"},\"inLanguage\":\"en-US\",\"potentialAction\":[{\"@type\":\"ReadAction\",\"target\":[\"https:\/\/vinodeli.ee\/en\/product\/vinas-viejas-leda\/\"]}]},{\"@type\":\"ImageObject\",\"inLanguage\":\"en-US\",\"@id\":\"https:\/\/vinodeli.ee\/en\/product\/vinas-viejas-leda\/#primaryimage\",\"url\":\"https:\/\/vinodeli.ee\/wp-content\/uploads\/2023\/11\/d9m4ob8t6f60hqz1npd-jpg-2.webp\",\"contentUrl\":\"https:\/\/vinodeli.ee\/wp-content\/uploads\/2023\/11\/d9m4ob8t6f60hqz1npd-jpg-2.webp\",\"width\":870,\"height\":870},{\"@type\":\"BreadcrumbList\",\"@id\":\"https:\/\/vinodeli.ee\/en\/product\/vinas-viejas-leda\/#breadcrumb\",\"itemListElement\":[{\"@type\":\"ListItem\",\"position\":1,\"name\":\"Home\",\"item\":\"https:\/\/vinodeli.ee\/en\/\"},{\"@type\":\"ListItem\",\"position\":2,\"name\":\"Shop\",\"item\":\"https:\/\/vinodeli.ee\/pood\/\"},{\"@type\":\"ListItem\",\"position\":3,\"name\":\"Leda Vi\u00f1as Viejas 2017 15% vol.\"}]},{\"@type\":\"WebSite\",\"@id\":\"https:\/\/vinodeli.ee\/#website\",\"url\":\"https:\/\/vinodeli.ee\/\",\"name\":\"Vinodeli\",\"description\":\"\",\"publisher\":{\"@id\":\"https:\/\/vinodeli.ee\/#organization\"},\"potentialAction\":[{\"@type\":\"SearchAction\",\"target\":{\"@type\":\"EntryPoint\",\"urlTemplate\":\"https:\/\/vinodeli.ee\/?s={search_term_string}\"},\"query-input\":{\"@type\":\"PropertyValueSpecification\",\"valueRequired\":true,\"valueName\":\"search_term_string\"}}],\"inLanguage\":\"en-US\"},{\"@type\":\"Organization\",\"@id\":\"https:\/\/vinodeli.ee\/#organization\",\"name\":\"Vinodeli O\u00dc\",\"url\":\"https:\/\/vinodeli.ee\/\",\"logo\":{\"@type\":\"ImageObject\",\"inLanguage\":\"en-US\",\"@id\":\"https:\/\/vinodeli.ee\/#\/schema\/logo\/image\/\",\"url\":\"https:\/\/vinodeli.ee\/wp-content\/uploads\/2024\/02\/logo-winodeli-1.png\",\"contentUrl\":\"https:\/\/vinodeli.ee\/wp-content\/uploads\/2024\/02\/logo-winodeli-1.png\",\"width\":1500,\"height\":1150,\"caption\":\"Vinodeli O\u00dc\"},\"image\":{\"@id\":\"https:\/\/vinodeli.ee\/#\/schema\/logo\/image\/\"}}]}<\/script>\n<!-- \/ Yoast SEO plugin. -->","yoast_head_json":{"title":"Leda Vi\u00f1as Viejas 2017 15% vol. - Vinodeli","robots":{"index":"index","follow":"follow","max-snippet":"max-snippet:-1","max-image-preview":"max-image-preview:large","max-video-preview":"max-video-preview:-1"},"canonical":"https:\/\/vinodeli.ee\/en\/product\/vinas-viejas-leda\/","og_locale":"en_US","og_type":"article","og_title":"Leda Vi\u00f1as Viejas 2017 15% vol. - Vinodeli","og_description":"Grape variety:100% Tempranillo Gilbert & Gaillard (2019 vintage) \u2013 91 points Gu\u00eda Pe\u00f1\u00edn (2017 vintage) \u2013 92 points Vinum Wine Magazine (2016 vintage) \u2013 18\/20 Wine Enthusiast (2014 vintage) \u2013 92 points Falstaff (2014 vintage) \u2013 92 points","og_url":"https:\/\/vinodeli.ee\/en\/product\/vinas-viejas-leda\/","og_site_name":"Vinodeli","article_modified_time":"2023-12-20T11:58:11+00:00","og_image":[{"width":870,"height":870,"url":"https:\/\/vinodeli.ee\/wp-content\/uploads\/2023\/11\/d9m4ob8t6f60hqz1npd-jpg-2.webp","type":"image\/webp"}],"twitter_card":"summary_large_image","twitter_misc":{"Est. reading time":"1 minute"},"schema":{"@context":"https:\/\/schema.org","@graph":[{"@type":"WebPage","@id":"https:\/\/vinodeli.ee\/en\/product\/vinas-viejas-leda\/","url":"https:\/\/vinodeli.ee\/en\/product\/vinas-viejas-leda\/","name":"Leda Vi\u00f1as Viejas 2017 15% vol. - Vinodeli","isPartOf":{"@id":"https:\/\/vinodeli.ee\/#website"},"primaryImageOfPage":{"@id":"https:\/\/vinodeli.ee\/en\/product\/vinas-viejas-leda\/#primaryimage"},"image":{"@id":"https:\/\/vinodeli.ee\/en\/product\/vinas-viejas-leda\/#primaryimage"},"thumbnailUrl":"https:\/\/vinodeli.ee\/wp-content\/uploads\/2023\/11\/d9m4ob8t6f60hqz1npd-jpg-2.webp","datePublished":"2021-10-20T16:21:28+00:00","dateModified":"2023-12-20T11:58:11+00:00","breadcrumb":{"@id":"https:\/\/vinodeli.ee\/en\/product\/vinas-viejas-leda\/#breadcrumb"},"inLanguage":"en-US","potentialAction":[{"@type":"ReadAction","target":["https:\/\/vinodeli.ee\/en\/product\/vinas-viejas-leda\/"]}]},{"@type":"ImageObject","inLanguage":"en-US","@id":"https:\/\/vinodeli.ee\/en\/product\/vinas-viejas-leda\/#primaryimage","url":"https:\/\/vinodeli.ee\/wp-content\/uploads\/2023\/11\/d9m4ob8t6f60hqz1npd-jpg-2.webp","contentUrl":"https:\/\/vinodeli.ee\/wp-content\/uploads\/2023\/11\/d9m4ob8t6f60hqz1npd-jpg-2.webp","width":870,"height":870},{"@type":"BreadcrumbList","@id":"https:\/\/vinodeli.ee\/en\/product\/vinas-viejas-leda\/#breadcrumb","itemListElement":[{"@type":"ListItem","position":1,"name":"Home","item":"https:\/\/vinodeli.ee\/en\/"},{"@type":"ListItem","position":2,"name":"Shop","item":"https:\/\/vinodeli.ee\/pood\/"},{"@type":"ListItem","position":3,"name":"Leda Vi\u00f1as Viejas 2017 15% vol."}]},{"@type":"WebSite","@id":"https:\/\/vinodeli.ee\/#website","url":"https:\/\/vinodeli.ee\/","name":"Vinodeli","description":"","publisher":{"@id":"https:\/\/vinodeli.ee\/#organization"},"potentialAction":[{"@type":"SearchAction","target":{"@type":"EntryPoint","urlTemplate":"https:\/\/vinodeli.ee\/?s={search_term_string}"},"query-input":{"@type":"PropertyValueSpecification","valueRequired":true,"valueName":"search_term_string"}}],"inLanguage":"en-US"},{"@type":"Organization","@id":"https:\/\/vinodeli.ee\/#organization","name":"Vinodeli O\u00dc","url":"https:\/\/vinodeli.ee\/","logo":{"@type":"ImageObject","inLanguage":"en-US","@id":"https:\/\/vinodeli.ee\/#\/schema\/logo\/image\/","url":"https:\/\/vinodeli.ee\/wp-content\/uploads\/2024\/02\/logo-winodeli-1.png","contentUrl":"https:\/\/vinodeli.ee\/wp-content\/uploads\/2024\/02\/logo-winodeli-1.png","width":1500,"height":1150,"caption":"Vinodeli O\u00dc"},"image":{"@id":"https:\/\/vinodeli.ee\/#\/schema\/logo\/image\/"}}]}},"_links":{"self":[{"href":"https:\/\/vinodeli.ee\/en\/wp-json\/wp\/v2\/product\/47676","targetHints":{"allow":["GET"]}}],"collection":[{"href":"https:\/\/vinodeli.ee\/en\/wp-json\/wp\/v2\/product"}],"about":[{"href":"https:\/\/vinodeli.ee\/en\/wp-json\/wp\/v2\/types\/product"}],"version-history":[{"count":0,"href":"https:\/\/vinodeli.ee\/en\/wp-json\/wp\/v2\/product\/47676\/revisions"}],"wp:featuredmedia":[{"embeddable":true,"href":"https:\/\/vinodeli.ee\/en\/wp-json\/wp\/v2\/media\/45567"}],"wp:attachment":[{"href":"https:\/\/vinodeli.ee\/en\/wp-json\/wp\/v2\/media?parent=47676"}],"wp:term":[{"taxonomy":"product_brand","embeddable":true,"href":"https:\/\/vinodeli.ee\/en\/wp-json\/wp\/v2\/product_brand?post=47676"},{"taxonomy":"product_cat","embeddable":true,"href":"https:\/\/vinodeli.ee\/en\/wp-json\/wp\/v2\/product_cat?post=47676"},{"taxonomy":"product_tag","embeddable":true,"href":"https:\/\/vinodeli.ee\/en\/wp-json\/wp\/v2\/product_tag?post=47676"}],"curies":[{"name":"wp","href":"https:\/\/api.w.org\/{rel}","templated":true}]}}