{"id":47678,"date":"2021-10-18T18:04:22","date_gmt":"2021-10-18T15:04:22","guid":{"rendered":"https:\/\/vinodeli.ee\/product\/roble-pagos-de-araiz\/"},"modified":"2024-03-17T13:07:52","modified_gmt":"2024-03-17T11:07:52","slug":"roble-pagos-de-araiz","status":"publish","type":"product","link":"https:\/\/vinodeli.ee\/en\/product\/roble-pagos-de-araiz\/","title":{"rendered":"Pagos de Araiz Roble 2021 15% vol."},"content":{"rendered":"<blockquote>\n<h5>Traditional production together with good and excellent raw material and the realization of vinifications differentiated by varieties and plots, allows Pagos de Araiz to create complex and balanced wines. They base themselves on the tradition of a culture, on the wisdom of their ancestors and the knowledge that emanates from this land. They elaborate in the present without forgetting their roots, take advantage of every experience of the past to innovate day by day always looking for their best version.<\/h5>\n<\/blockquote>\n<h3>Winemaking<\/h3>\n<p>Pagos de Araiz Roble is a semi-crianza red wine that has been chosen for the third consecutive year as ambassador of the D.O. Navarra in the category of young wine with semi-crianza. It is part of the &#8220;Selection of the Best Wines D.O. Navarra 2020&#8221;.Each variety is processed separately to obtain different aromatic and taste profiles depending on the variety and its ripeness. Alcoholic fermentation for about 15 days, with daily pumping over and punching down. Temperature controlled so as not to exceed 28\u00b0C. Subsequent malolactic fermentation in stainless steel tanks before ageing for 5 months in American oak barrels.<\/p>\n<h3>Tasting notes<\/h3>\n<p>Bright and intense cherry red color with a high layer. Aromas of fresh red fruits, clean and intense. Vanilla and roasted notes. Full and sweet on the palate, clean fruits, long and balanced with a silky finish. It is a wine that expresses the origin of the Navarrese land, elaborated with care to define the youth and strength of these varieties grown on the estate. Pagos de Araiz Roble is an easy-to-drink wine and a great accompaniment to the Mediterranean diet.<em>Recommended serving temperature: 15\u00b0 \u2014 16\u00b0C<\/em><\/p>\n","protected":false},"excerpt":{"rendered":"<blockquote>\n<h4>Grape varieties:50% Tempranillo, 30% Merlot and 20% Garnacha<\/h4>\n<\/blockquote>\n<ul>\n<li>Gilbert &#038; Gaillard (2021 vintage) &#8211; 88 points<\/li>\n<li>Gu\u00eda Pe\u00f1\u00edn (2014 vintage) &#8211; 88 points<\/li>\n<\/ul>\n","protected":false},"featured_media":45583,"template":"","meta":{"_acf_changed":false},"product_brand":[],"product_cat":[19462],"product_tag":[],"class_list":{"0":"post-47678","1":"product","2":"type-product","3":"status-publish","4":"has-post-thumbnail","6":"product_cat-red-wine","8":"first","9":"instock","10":"downloadable","11":"taxable","12":"shipping-taxable","13":"purchasable","14":"product-type-simple"},"acf":[],"yoast_head":"<!-- This site is optimized with the Yoast SEO plugin v25.7 - https:\/\/yoast.com\/wordpress\/plugins\/seo\/ -->\n<title>Pagos de Araiz Roble 2021 15% vol. - Vinodeli<\/title>\n<meta name=\"robots\" content=\"index, follow, max-snippet:-1, max-image-preview:large, max-video-preview:-1\" \/>\n<link rel=\"canonical\" href=\"https:\/\/vinodeli.ee\/en\/product\/roble-pagos-de-araiz\/\" \/>\n<meta property=\"og:locale\" content=\"en_US\" \/>\n<meta property=\"og:type\" content=\"article\" \/>\n<meta property=\"og:title\" content=\"Pagos de Araiz Roble 2021 15% vol. - Vinodeli\" \/>\n<meta property=\"og:description\" content=\"Grape varieties:50% Tempranillo, 30% Merlot and 20% Garnacha Gilbert &amp; Gaillard (2021 vintage) - 88 points Gu\u00eda Pe\u00f1\u00edn (2014 vintage) - 88 points\" \/>\n<meta property=\"og:url\" content=\"https:\/\/vinodeli.ee\/en\/product\/roble-pagos-de-araiz\/\" \/>\n<meta property=\"og:site_name\" content=\"Vinodeli\" \/>\n<meta property=\"article:modified_time\" content=\"2024-03-17T11:07:52+00:00\" \/>\n<meta property=\"og:image\" content=\"https:\/\/vinodeli.ee\/wp-content\/uploads\/2023\/11\/w39e65r7yu0m-jpg-2.webp\" \/>\n\t<meta property=\"og:image:width\" content=\"1100\" \/>\n\t<meta property=\"og:image:height\" content=\"1100\" \/>\n\t<meta property=\"og:image:type\" content=\"image\/webp\" \/>\n<meta name=\"twitter:card\" content=\"summary_large_image\" \/>\n<meta name=\"twitter:label1\" content=\"Est. reading time\" \/>\n\t<meta name=\"twitter:data1\" content=\"1 minute\" \/>\n<script type=\"application\/ld+json\" class=\"yoast-schema-graph\">{\"@context\":\"https:\/\/schema.org\",\"@graph\":[{\"@type\":\"WebPage\",\"@id\":\"https:\/\/vinodeli.ee\/en\/product\/roble-pagos-de-araiz\/\",\"url\":\"https:\/\/vinodeli.ee\/en\/product\/roble-pagos-de-araiz\/\",\"name\":\"Pagos de Araiz Roble 2021 15% vol. - Vinodeli\",\"isPartOf\":{\"@id\":\"https:\/\/vinodeli.ee\/#website\"},\"primaryImageOfPage\":{\"@id\":\"https:\/\/vinodeli.ee\/en\/product\/roble-pagos-de-araiz\/#primaryimage\"},\"image\":{\"@id\":\"https:\/\/vinodeli.ee\/en\/product\/roble-pagos-de-araiz\/#primaryimage\"},\"thumbnailUrl\":\"https:\/\/vinodeli.ee\/wp-content\/uploads\/2023\/11\/w39e65r7yu0m-jpg-2.webp\",\"datePublished\":\"2021-10-18T15:04:22+00:00\",\"dateModified\":\"2024-03-17T11:07:52+00:00\",\"breadcrumb\":{\"@id\":\"https:\/\/vinodeli.ee\/en\/product\/roble-pagos-de-araiz\/#breadcrumb\"},\"inLanguage\":\"en-US\",\"potentialAction\":[{\"@type\":\"ReadAction\",\"target\":[\"https:\/\/vinodeli.ee\/en\/product\/roble-pagos-de-araiz\/\"]}]},{\"@type\":\"ImageObject\",\"inLanguage\":\"en-US\",\"@id\":\"https:\/\/vinodeli.ee\/en\/product\/roble-pagos-de-araiz\/#primaryimage\",\"url\":\"https:\/\/vinodeli.ee\/wp-content\/uploads\/2023\/11\/w39e65r7yu0m-jpg-2.webp\",\"contentUrl\":\"https:\/\/vinodeli.ee\/wp-content\/uploads\/2023\/11\/w39e65r7yu0m-jpg-2.webp\",\"width\":1100,\"height\":1100},{\"@type\":\"BreadcrumbList\",\"@id\":\"https:\/\/vinodeli.ee\/en\/product\/roble-pagos-de-araiz\/#breadcrumb\",\"itemListElement\":[{\"@type\":\"ListItem\",\"position\":1,\"name\":\"Home\",\"item\":\"https:\/\/vinodeli.ee\/en\/\"},{\"@type\":\"ListItem\",\"position\":2,\"name\":\"Shop\",\"item\":\"https:\/\/vinodeli.ee\/pood\/\"},{\"@type\":\"ListItem\",\"position\":3,\"name\":\"Pagos de Araiz Roble 2021 15% vol.\"}]},{\"@type\":\"WebSite\",\"@id\":\"https:\/\/vinodeli.ee\/#website\",\"url\":\"https:\/\/vinodeli.ee\/\",\"name\":\"Vinodeli\",\"description\":\"\",\"publisher\":{\"@id\":\"https:\/\/vinodeli.ee\/#organization\"},\"potentialAction\":[{\"@type\":\"SearchAction\",\"target\":{\"@type\":\"EntryPoint\",\"urlTemplate\":\"https:\/\/vinodeli.ee\/?s={search_term_string}\"},\"query-input\":{\"@type\":\"PropertyValueSpecification\",\"valueRequired\":true,\"valueName\":\"search_term_string\"}}],\"inLanguage\":\"en-US\"},{\"@type\":\"Organization\",\"@id\":\"https:\/\/vinodeli.ee\/#organization\",\"name\":\"Vinodeli O\u00dc\",\"url\":\"https:\/\/vinodeli.ee\/\",\"logo\":{\"@type\":\"ImageObject\",\"inLanguage\":\"en-US\",\"@id\":\"https:\/\/vinodeli.ee\/#\/schema\/logo\/image\/\",\"url\":\"https:\/\/vinodeli.ee\/wp-content\/uploads\/2024\/02\/logo-winodeli-1.png\",\"contentUrl\":\"https:\/\/vinodeli.ee\/wp-content\/uploads\/2024\/02\/logo-winodeli-1.png\",\"width\":1500,\"height\":1150,\"caption\":\"Vinodeli O\u00dc\"},\"image\":{\"@id\":\"https:\/\/vinodeli.ee\/#\/schema\/logo\/image\/\"}}]}<\/script>\n<!-- \/ Yoast SEO plugin. -->","yoast_head_json":{"title":"Pagos de Araiz Roble 2021 15% vol. - Vinodeli","robots":{"index":"index","follow":"follow","max-snippet":"max-snippet:-1","max-image-preview":"max-image-preview:large","max-video-preview":"max-video-preview:-1"},"canonical":"https:\/\/vinodeli.ee\/en\/product\/roble-pagos-de-araiz\/","og_locale":"en_US","og_type":"article","og_title":"Pagos de Araiz Roble 2021 15% vol. - Vinodeli","og_description":"Grape varieties:50% Tempranillo, 30% Merlot and 20% Garnacha Gilbert & Gaillard (2021 vintage) - 88 points Gu\u00eda Pe\u00f1\u00edn (2014 vintage) - 88 points","og_url":"https:\/\/vinodeli.ee\/en\/product\/roble-pagos-de-araiz\/","og_site_name":"Vinodeli","article_modified_time":"2024-03-17T11:07:52+00:00","og_image":[{"width":1100,"height":1100,"url":"https:\/\/vinodeli.ee\/wp-content\/uploads\/2023\/11\/w39e65r7yu0m-jpg-2.webp","type":"image\/webp"}],"twitter_card":"summary_large_image","twitter_misc":{"Est. reading time":"1 minute"},"schema":{"@context":"https:\/\/schema.org","@graph":[{"@type":"WebPage","@id":"https:\/\/vinodeli.ee\/en\/product\/roble-pagos-de-araiz\/","url":"https:\/\/vinodeli.ee\/en\/product\/roble-pagos-de-araiz\/","name":"Pagos de Araiz Roble 2021 15% vol. - Vinodeli","isPartOf":{"@id":"https:\/\/vinodeli.ee\/#website"},"primaryImageOfPage":{"@id":"https:\/\/vinodeli.ee\/en\/product\/roble-pagos-de-araiz\/#primaryimage"},"image":{"@id":"https:\/\/vinodeli.ee\/en\/product\/roble-pagos-de-araiz\/#primaryimage"},"thumbnailUrl":"https:\/\/vinodeli.ee\/wp-content\/uploads\/2023\/11\/w39e65r7yu0m-jpg-2.webp","datePublished":"2021-10-18T15:04:22+00:00","dateModified":"2024-03-17T11:07:52+00:00","breadcrumb":{"@id":"https:\/\/vinodeli.ee\/en\/product\/roble-pagos-de-araiz\/#breadcrumb"},"inLanguage":"en-US","potentialAction":[{"@type":"ReadAction","target":["https:\/\/vinodeli.ee\/en\/product\/roble-pagos-de-araiz\/"]}]},{"@type":"ImageObject","inLanguage":"en-US","@id":"https:\/\/vinodeli.ee\/en\/product\/roble-pagos-de-araiz\/#primaryimage","url":"https:\/\/vinodeli.ee\/wp-content\/uploads\/2023\/11\/w39e65r7yu0m-jpg-2.webp","contentUrl":"https:\/\/vinodeli.ee\/wp-content\/uploads\/2023\/11\/w39e65r7yu0m-jpg-2.webp","width":1100,"height":1100},{"@type":"BreadcrumbList","@id":"https:\/\/vinodeli.ee\/en\/product\/roble-pagos-de-araiz\/#breadcrumb","itemListElement":[{"@type":"ListItem","position":1,"name":"Home","item":"https:\/\/vinodeli.ee\/en\/"},{"@type":"ListItem","position":2,"name":"Shop","item":"https:\/\/vinodeli.ee\/pood\/"},{"@type":"ListItem","position":3,"name":"Pagos de Araiz Roble 2021 15% vol."}]},{"@type":"WebSite","@id":"https:\/\/vinodeli.ee\/#website","url":"https:\/\/vinodeli.ee\/","name":"Vinodeli","description":"","publisher":{"@id":"https:\/\/vinodeli.ee\/#organization"},"potentialAction":[{"@type":"SearchAction","target":{"@type":"EntryPoint","urlTemplate":"https:\/\/vinodeli.ee\/?s={search_term_string}"},"query-input":{"@type":"PropertyValueSpecification","valueRequired":true,"valueName":"search_term_string"}}],"inLanguage":"en-US"},{"@type":"Organization","@id":"https:\/\/vinodeli.ee\/#organization","name":"Vinodeli O\u00dc","url":"https:\/\/vinodeli.ee\/","logo":{"@type":"ImageObject","inLanguage":"en-US","@id":"https:\/\/vinodeli.ee\/#\/schema\/logo\/image\/","url":"https:\/\/vinodeli.ee\/wp-content\/uploads\/2024\/02\/logo-winodeli-1.png","contentUrl":"https:\/\/vinodeli.ee\/wp-content\/uploads\/2024\/02\/logo-winodeli-1.png","width":1500,"height":1150,"caption":"Vinodeli O\u00dc"},"image":{"@id":"https:\/\/vinodeli.ee\/#\/schema\/logo\/image\/"}}]}},"_links":{"self":[{"href":"https:\/\/vinodeli.ee\/en\/wp-json\/wp\/v2\/product\/47678","targetHints":{"allow":["GET"]}}],"collection":[{"href":"https:\/\/vinodeli.ee\/en\/wp-json\/wp\/v2\/product"}],"about":[{"href":"https:\/\/vinodeli.ee\/en\/wp-json\/wp\/v2\/types\/product"}],"version-history":[{"count":0,"href":"https:\/\/vinodeli.ee\/en\/wp-json\/wp\/v2\/product\/47678\/revisions"}],"wp:featuredmedia":[{"embeddable":true,"href":"https:\/\/vinodeli.ee\/en\/wp-json\/wp\/v2\/media\/45583"}],"wp:attachment":[{"href":"https:\/\/vinodeli.ee\/en\/wp-json\/wp\/v2\/media?parent=47678"}],"wp:term":[{"taxonomy":"product_brand","embeddable":true,"href":"https:\/\/vinodeli.ee\/en\/wp-json\/wp\/v2\/product_brand?post=47678"},{"taxonomy":"product_cat","embeddable":true,"href":"https:\/\/vinodeli.ee\/en\/wp-json\/wp\/v2\/product_cat?post=47678"},{"taxonomy":"product_tag","embeddable":true,"href":"https:\/\/vinodeli.ee\/en\/wp-json\/wp\/v2\/product_tag?post=47678"}],"curies":[{"name":"wp","href":"https:\/\/api.w.org\/{rel}","templated":true}]}}