{"id":47679,"date":"2021-10-12T22:21:48","date_gmt":"2021-10-12T19:21:48","guid":{"rendered":"https:\/\/vinodeli.ee\/product\/crianza-pagos-de-araiz\/"},"modified":"2024-03-17T13:05:43","modified_gmt":"2024-03-17T11:05:43","slug":"crianza-pagos-de-araiz","status":"publish","type":"product","link":"https:\/\/vinodeli.ee\/en\/product\/crianza-pagos-de-araiz\/","title":{"rendered":"Pagos de Araiz Crianza 2020 15% vol."},"content":{"rendered":"<blockquote>\n<h5>Traditional production together with good and excellent raw material and the realization of vinifications differentiated by varieties and plots, allows Pagos de Araiz to create complex and balanced wines. They base themselves on the tradition of a culture, on the wisdom of their ancestors and the knowledge that emanates from this land. They elaborate in the present without forgetting their roots, take advantage of every experience of the past to innovate day by day always looking for their best version.<\/h5>\n<\/blockquote>\n<h3>Winemaking<\/h3>\n<p>This wine is characterised by a delicate production and ageing of each variety separately, carried out in French or American oak barrels. After that, the final blend is selected and transferred to the bottle, where it rests for several months before being released onto the market. All the varieties come from Pagos de Araiz&#8217;s own estates of 250 ha of vineyards, which are an average of 20 years old, cultivated on the gentle hills with a silty clay texture and pebbles.Harvest reception, cluster separation and vatting under temperature and time control in the pre-fermentation phase. The alcoholic fermentation is carefully monitored with daily pumping over and punching down to optimise the extraction of the contact between the must and skins for 15 days at a controlled temperature so as not to exceed 28\u00baC. After racking, malolactic fermentation takes place in stainless steel tanks before ageing for 11 months in French and American oak barrels.<\/p>\n<h3>Tasting notes<\/h3>\n<p>Intense and bright red color, high layer. Aromas of ripe red fruits, plums, raisins and compotes with light balsamic touches. Full and sweet mouth. The flavor is round, fresh and easy on the palate until a long and persistent finish. Pagos de Araiz Crianza expresses the origin of this land (Olite, Navarra). Made with care, this crianza defines the strength of these four varieties of grapes grown on the estate. It is a wine that offers many moments of consumption and pairs well with any dish of the Mediterranean diet.<em>Recommended serving temperature: 16\u00b0C<\/em><\/p>\n","protected":false},"excerpt":{"rendered":"<blockquote>\n<h4>Grape varieties:30% Tempranillo, 30% Merlot, 20% Syrah and 20% Cabernet Sauvignon<\/h4>\n<\/blockquote>\n<ul>\n<li>Gu\u00eda Pe\u00f1\u00edn (2019 vintage) &#8211; 89 points<\/li>\n<li>Decanter (2018 vintage) &#8211; 90 points<\/li>\n<\/ul>\n","protected":false},"featured_media":45586,"template":"","meta":{"_acf_changed":false},"product_brand":[],"product_cat":[19462],"product_tag":[],"class_list":{"0":"post-47679","1":"product","2":"type-product","3":"status-publish","4":"has-post-thumbnail","6":"product_cat-red-wine","8":"first","9":"outofstock","10":"downloadable","11":"taxable","12":"shipping-taxable","13":"purchasable","14":"product-type-simple"},"acf":[],"yoast_head":"<!-- This site is optimized with the Yoast SEO plugin v25.7 - https:\/\/yoast.com\/wordpress\/plugins\/seo\/ -->\n<title>Pagos de Araiz Crianza 2020 15% vol. - Vinodeli<\/title>\n<meta name=\"robots\" content=\"index, follow, max-snippet:-1, max-image-preview:large, max-video-preview:-1\" \/>\n<link rel=\"canonical\" href=\"https:\/\/vinodeli.ee\/en\/product\/crianza-pagos-de-araiz\/\" \/>\n<meta property=\"og:locale\" content=\"en_US\" \/>\n<meta property=\"og:type\" content=\"article\" \/>\n<meta property=\"og:title\" content=\"Pagos de Araiz Crianza 2020 15% vol. - Vinodeli\" \/>\n<meta property=\"og:description\" content=\"Grape varieties:30% Tempranillo, 30% Merlot, 20% Syrah and 20% Cabernet Sauvignon Gu\u00eda Pe\u00f1\u00edn (2019 vintage) - 89 points Decanter (2018 vintage) - 90 points\" \/>\n<meta property=\"og:url\" content=\"https:\/\/vinodeli.ee\/en\/product\/crianza-pagos-de-araiz\/\" \/>\n<meta property=\"og:site_name\" content=\"Vinodeli\" \/>\n<meta property=\"article:modified_time\" content=\"2024-03-17T11:05:43+00:00\" \/>\n<meta property=\"og:image\" content=\"https:\/\/vinodeli.ee\/wp-content\/uploads\/2023\/11\/araiz_crianza-jpg-2.webp\" \/>\n\t<meta property=\"og:image:width\" content=\"700\" \/>\n\t<meta property=\"og:image:height\" content=\"700\" \/>\n\t<meta property=\"og:image:type\" content=\"image\/webp\" \/>\n<meta name=\"twitter:card\" content=\"summary_large_image\" \/>\n<meta name=\"twitter:label1\" content=\"Est. reading time\" \/>\n\t<meta name=\"twitter:data1\" content=\"2 minutes\" \/>\n<script type=\"application\/ld+json\" class=\"yoast-schema-graph\">{\"@context\":\"https:\/\/schema.org\",\"@graph\":[{\"@type\":\"WebPage\",\"@id\":\"https:\/\/vinodeli.ee\/en\/product\/crianza-pagos-de-araiz\/\",\"url\":\"https:\/\/vinodeli.ee\/en\/product\/crianza-pagos-de-araiz\/\",\"name\":\"Pagos de Araiz Crianza 2020 15% vol. - Vinodeli\",\"isPartOf\":{\"@id\":\"https:\/\/vinodeli.ee\/#website\"},\"primaryImageOfPage\":{\"@id\":\"https:\/\/vinodeli.ee\/en\/product\/crianza-pagos-de-araiz\/#primaryimage\"},\"image\":{\"@id\":\"https:\/\/vinodeli.ee\/en\/product\/crianza-pagos-de-araiz\/#primaryimage\"},\"thumbnailUrl\":\"https:\/\/vinodeli.ee\/wp-content\/uploads\/2023\/11\/araiz_crianza-jpg-2.webp\",\"datePublished\":\"2021-10-12T19:21:48+00:00\",\"dateModified\":\"2024-03-17T11:05:43+00:00\",\"breadcrumb\":{\"@id\":\"https:\/\/vinodeli.ee\/en\/product\/crianza-pagos-de-araiz\/#breadcrumb\"},\"inLanguage\":\"en-US\",\"potentialAction\":[{\"@type\":\"ReadAction\",\"target\":[\"https:\/\/vinodeli.ee\/en\/product\/crianza-pagos-de-araiz\/\"]}]},{\"@type\":\"ImageObject\",\"inLanguage\":\"en-US\",\"@id\":\"https:\/\/vinodeli.ee\/en\/product\/crianza-pagos-de-araiz\/#primaryimage\",\"url\":\"https:\/\/vinodeli.ee\/wp-content\/uploads\/2023\/11\/araiz_crianza-jpg-2.webp\",\"contentUrl\":\"https:\/\/vinodeli.ee\/wp-content\/uploads\/2023\/11\/araiz_crianza-jpg-2.webp\",\"width\":700,\"height\":700},{\"@type\":\"BreadcrumbList\",\"@id\":\"https:\/\/vinodeli.ee\/en\/product\/crianza-pagos-de-araiz\/#breadcrumb\",\"itemListElement\":[{\"@type\":\"ListItem\",\"position\":1,\"name\":\"Home\",\"item\":\"https:\/\/vinodeli.ee\/en\/\"},{\"@type\":\"ListItem\",\"position\":2,\"name\":\"Shop\",\"item\":\"https:\/\/vinodeli.ee\/pood\/\"},{\"@type\":\"ListItem\",\"position\":3,\"name\":\"Pagos de Araiz Crianza 2020 15% vol.\"}]},{\"@type\":\"WebSite\",\"@id\":\"https:\/\/vinodeli.ee\/#website\",\"url\":\"https:\/\/vinodeli.ee\/\",\"name\":\"Vinodeli\",\"description\":\"\",\"publisher\":{\"@id\":\"https:\/\/vinodeli.ee\/#organization\"},\"potentialAction\":[{\"@type\":\"SearchAction\",\"target\":{\"@type\":\"EntryPoint\",\"urlTemplate\":\"https:\/\/vinodeli.ee\/?s={search_term_string}\"},\"query-input\":{\"@type\":\"PropertyValueSpecification\",\"valueRequired\":true,\"valueName\":\"search_term_string\"}}],\"inLanguage\":\"en-US\"},{\"@type\":\"Organization\",\"@id\":\"https:\/\/vinodeli.ee\/#organization\",\"name\":\"Vinodeli O\u00dc\",\"url\":\"https:\/\/vinodeli.ee\/\",\"logo\":{\"@type\":\"ImageObject\",\"inLanguage\":\"en-US\",\"@id\":\"https:\/\/vinodeli.ee\/#\/schema\/logo\/image\/\",\"url\":\"https:\/\/vinodeli.ee\/wp-content\/uploads\/2024\/02\/logo-winodeli-1.png\",\"contentUrl\":\"https:\/\/vinodeli.ee\/wp-content\/uploads\/2024\/02\/logo-winodeli-1.png\",\"width\":1500,\"height\":1150,\"caption\":\"Vinodeli O\u00dc\"},\"image\":{\"@id\":\"https:\/\/vinodeli.ee\/#\/schema\/logo\/image\/\"}}]}<\/script>\n<!-- \/ Yoast SEO plugin. -->","yoast_head_json":{"title":"Pagos de Araiz Crianza 2020 15% vol. - Vinodeli","robots":{"index":"index","follow":"follow","max-snippet":"max-snippet:-1","max-image-preview":"max-image-preview:large","max-video-preview":"max-video-preview:-1"},"canonical":"https:\/\/vinodeli.ee\/en\/product\/crianza-pagos-de-araiz\/","og_locale":"en_US","og_type":"article","og_title":"Pagos de Araiz Crianza 2020 15% vol. - Vinodeli","og_description":"Grape varieties:30% Tempranillo, 30% Merlot, 20% Syrah and 20% Cabernet Sauvignon Gu\u00eda Pe\u00f1\u00edn (2019 vintage) - 89 points Decanter (2018 vintage) - 90 points","og_url":"https:\/\/vinodeli.ee\/en\/product\/crianza-pagos-de-araiz\/","og_site_name":"Vinodeli","article_modified_time":"2024-03-17T11:05:43+00:00","og_image":[{"width":700,"height":700,"url":"https:\/\/vinodeli.ee\/wp-content\/uploads\/2023\/11\/araiz_crianza-jpg-2.webp","type":"image\/webp"}],"twitter_card":"summary_large_image","twitter_misc":{"Est. reading time":"2 minutes"},"schema":{"@context":"https:\/\/schema.org","@graph":[{"@type":"WebPage","@id":"https:\/\/vinodeli.ee\/en\/product\/crianza-pagos-de-araiz\/","url":"https:\/\/vinodeli.ee\/en\/product\/crianza-pagos-de-araiz\/","name":"Pagos de Araiz Crianza 2020 15% vol. - Vinodeli","isPartOf":{"@id":"https:\/\/vinodeli.ee\/#website"},"primaryImageOfPage":{"@id":"https:\/\/vinodeli.ee\/en\/product\/crianza-pagos-de-araiz\/#primaryimage"},"image":{"@id":"https:\/\/vinodeli.ee\/en\/product\/crianza-pagos-de-araiz\/#primaryimage"},"thumbnailUrl":"https:\/\/vinodeli.ee\/wp-content\/uploads\/2023\/11\/araiz_crianza-jpg-2.webp","datePublished":"2021-10-12T19:21:48+00:00","dateModified":"2024-03-17T11:05:43+00:00","breadcrumb":{"@id":"https:\/\/vinodeli.ee\/en\/product\/crianza-pagos-de-araiz\/#breadcrumb"},"inLanguage":"en-US","potentialAction":[{"@type":"ReadAction","target":["https:\/\/vinodeli.ee\/en\/product\/crianza-pagos-de-araiz\/"]}]},{"@type":"ImageObject","inLanguage":"en-US","@id":"https:\/\/vinodeli.ee\/en\/product\/crianza-pagos-de-araiz\/#primaryimage","url":"https:\/\/vinodeli.ee\/wp-content\/uploads\/2023\/11\/araiz_crianza-jpg-2.webp","contentUrl":"https:\/\/vinodeli.ee\/wp-content\/uploads\/2023\/11\/araiz_crianza-jpg-2.webp","width":700,"height":700},{"@type":"BreadcrumbList","@id":"https:\/\/vinodeli.ee\/en\/product\/crianza-pagos-de-araiz\/#breadcrumb","itemListElement":[{"@type":"ListItem","position":1,"name":"Home","item":"https:\/\/vinodeli.ee\/en\/"},{"@type":"ListItem","position":2,"name":"Shop","item":"https:\/\/vinodeli.ee\/pood\/"},{"@type":"ListItem","position":3,"name":"Pagos de Araiz Crianza 2020 15% vol."}]},{"@type":"WebSite","@id":"https:\/\/vinodeli.ee\/#website","url":"https:\/\/vinodeli.ee\/","name":"Vinodeli","description":"","publisher":{"@id":"https:\/\/vinodeli.ee\/#organization"},"potentialAction":[{"@type":"SearchAction","target":{"@type":"EntryPoint","urlTemplate":"https:\/\/vinodeli.ee\/?s={search_term_string}"},"query-input":{"@type":"PropertyValueSpecification","valueRequired":true,"valueName":"search_term_string"}}],"inLanguage":"en-US"},{"@type":"Organization","@id":"https:\/\/vinodeli.ee\/#organization","name":"Vinodeli O\u00dc","url":"https:\/\/vinodeli.ee\/","logo":{"@type":"ImageObject","inLanguage":"en-US","@id":"https:\/\/vinodeli.ee\/#\/schema\/logo\/image\/","url":"https:\/\/vinodeli.ee\/wp-content\/uploads\/2024\/02\/logo-winodeli-1.png","contentUrl":"https:\/\/vinodeli.ee\/wp-content\/uploads\/2024\/02\/logo-winodeli-1.png","width":1500,"height":1150,"caption":"Vinodeli O\u00dc"},"image":{"@id":"https:\/\/vinodeli.ee\/#\/schema\/logo\/image\/"}}]}},"_links":{"self":[{"href":"https:\/\/vinodeli.ee\/en\/wp-json\/wp\/v2\/product\/47679","targetHints":{"allow":["GET"]}}],"collection":[{"href":"https:\/\/vinodeli.ee\/en\/wp-json\/wp\/v2\/product"}],"about":[{"href":"https:\/\/vinodeli.ee\/en\/wp-json\/wp\/v2\/types\/product"}],"version-history":[{"count":0,"href":"https:\/\/vinodeli.ee\/en\/wp-json\/wp\/v2\/product\/47679\/revisions"}],"wp:featuredmedia":[{"embeddable":true,"href":"https:\/\/vinodeli.ee\/en\/wp-json\/wp\/v2\/media\/45586"}],"wp:attachment":[{"href":"https:\/\/vinodeli.ee\/en\/wp-json\/wp\/v2\/media?parent=47679"}],"wp:term":[{"taxonomy":"product_brand","embeddable":true,"href":"https:\/\/vinodeli.ee\/en\/wp-json\/wp\/v2\/product_brand?post=47679"},{"taxonomy":"product_cat","embeddable":true,"href":"https:\/\/vinodeli.ee\/en\/wp-json\/wp\/v2\/product_cat?post=47679"},{"taxonomy":"product_tag","embeddable":true,"href":"https:\/\/vinodeli.ee\/en\/wp-json\/wp\/v2\/product_tag?post=47679"}],"curies":[{"name":"wp","href":"https:\/\/api.w.org\/{rel}","templated":true}]}}