{"id":47680,"date":"2021-10-12T22:19:24","date_gmt":"2021-10-12T19:19:24","guid":{"rendered":"https:\/\/vinodeli.ee\/product\/m-de-murua-rioja\/"},"modified":"2025-11-20T15:47:33","modified_gmt":"2025-11-20T13:47:33","slug":"m-de-murua-rioja","status":"publish","type":"product","link":"https:\/\/vinodeli.ee\/en\/product\/m-de-murua-rioja\/","title":{"rendered":"M de Murua DOCa Rioja 2021 14.5% vol."},"content":{"rendered":"<blockquote>\n<h5>Murua sits on a small hill just outside the town of Elciego, an area historically dedicated to crafting top quality estate wines. The vineyards are divided into 8 plots, mainly planted with red grape varietals (Tempranillo, Grenache, Graciano and Mazuelo). In order to achieve the best possible expression of the different soils in the estate, special attention is paid to factors such as soil composition and structure, and the orientation and sun exposure of the grape clusters.<\/h5>\n<\/blockquote>\n<h3>Winemaking<\/h3>\n<p>The grapes used for the M de Murua wine are an exclusive selection from the oldest vineyards of Bodega Murua in the Elciego area, \u00c1lava. The age of these vineyards is between 63 and 70 years and the yields are 3,000 kg\/ha. and 1,700 kg\/ha. respectively. It is an exclusive limited edition wine: &lt; 4,000 bottles. Aged for 18 months in new French oak barrels.<\/p>\n<h3>Tasting notes<\/h3>\n<p>Forest strawberry color with bright cherry rims. The first impression on the nose is elegance and then its power is distinguished. The aroma gradually reveals itself leaving an important role to the red fruits after a while. Entry into the mouth with great finesse, great volume and power. The freshness of French oak associated with raspberries and currants of the Tempranillo variety is appreciated. The wine has an intense and lasting flavor, a perfect balance between the structure of the wood and the liveliness of the red fruits, its acidity is precise. After a while, the floral notes that mark the special elegance of the great Rioja Alavesa wines also appear.<em>Recommended serving temperature: 15-16\u00b0C<\/em><\/p>\n","protected":false},"excerpt":{"rendered":"<div class=\"product_summary_middle\">\n<div class=\"woocommerce-product-details__short-description\">\n<blockquote>\n<h4>Grape variety:100% Tempranillo<\/h4>\n<ul>\n<li>Gu\u00eda Pe\u00f1\u00edn &#8211; 91 points (2020, vintage 2017; 2022, vintage 2019<\/li>\n<li>Decanter World Wine Awards (2019 vintage) &#8211; 90 pointsTim Atkin &#8211; Master of Wine (2019 vintage) &#8211; 89 points<\/li>\n<\/ul>\n<\/blockquote>\n<\/div>\n<\/div>\n","protected":false},"featured_media":45589,"template":"","meta":{"_acf_changed":false},"product_brand":[],"product_cat":[19462],"product_tag":[],"class_list":{"0":"post-47680","1":"product","2":"type-product","3":"status-publish","4":"has-post-thumbnail","6":"product_cat-red-wine","8":"first","9":"instock","10":"taxable","11":"shipping-taxable","12":"purchasable","13":"product-type-simple"},"acf":[],"yoast_head":"<!-- This site is optimized with the Yoast SEO plugin v25.7 - https:\/\/yoast.com\/wordpress\/plugins\/seo\/ -->\n<title>M de Murua DOCa Rioja 2021 14.5% vol. - Vinodeli<\/title>\n<meta name=\"robots\" content=\"index, follow, max-snippet:-1, max-image-preview:large, max-video-preview:-1\" \/>\n<link rel=\"canonical\" href=\"https:\/\/vinodeli.ee\/en\/product\/m-de-murua-rioja\/\" \/>\n<meta property=\"og:locale\" content=\"en_US\" \/>\n<meta property=\"og:type\" content=\"article\" \/>\n<meta property=\"og:title\" content=\"M de Murua DOCa Rioja 2021 14.5% vol. - Vinodeli\" \/>\n<meta property=\"og:description\" content=\"Grape variety:100% Tempranillo   Gu\u00eda Pe\u00f1\u00edn - 91 points (2020, vintage 2017; 2022, vintage 2019  Decanter World Wine Awards (2019 vintage) - 90 pointsTim Atkin - Master of Wine (2019 vintage) - 89 points\" \/>\n<meta property=\"og:url\" content=\"https:\/\/vinodeli.ee\/en\/product\/m-de-murua-rioja\/\" \/>\n<meta property=\"og:site_name\" content=\"Vinodeli\" \/>\n<meta property=\"article:modified_time\" content=\"2025-11-20T13:47:33+00:00\" \/>\n<meta property=\"og:image\" content=\"https:\/\/vinodeli.ee\/wp-content\/uploads\/2023\/11\/m_murua-jpg-2.webp\" \/>\n\t<meta property=\"og:image:width\" content=\"700\" \/>\n\t<meta property=\"og:image:height\" content=\"700\" \/>\n\t<meta property=\"og:image:type\" content=\"image\/webp\" \/>\n<meta name=\"twitter:card\" content=\"summary_large_image\" \/>\n<meta name=\"twitter:label1\" content=\"Est. reading time\" \/>\n\t<meta name=\"twitter:data1\" content=\"2 minutes\" \/>\n<script type=\"application\/ld+json\" class=\"yoast-schema-graph\">{\"@context\":\"https:\/\/schema.org\",\"@graph\":[{\"@type\":\"WebPage\",\"@id\":\"https:\/\/vinodeli.ee\/en\/product\/m-de-murua-rioja\/\",\"url\":\"https:\/\/vinodeli.ee\/en\/product\/m-de-murua-rioja\/\",\"name\":\"M de Murua DOCa Rioja 2021 14.5% vol. - Vinodeli\",\"isPartOf\":{\"@id\":\"https:\/\/vinodeli.ee\/#website\"},\"primaryImageOfPage\":{\"@id\":\"https:\/\/vinodeli.ee\/en\/product\/m-de-murua-rioja\/#primaryimage\"},\"image\":{\"@id\":\"https:\/\/vinodeli.ee\/en\/product\/m-de-murua-rioja\/#primaryimage\"},\"thumbnailUrl\":\"https:\/\/vinodeli.ee\/wp-content\/uploads\/2023\/11\/m_murua-jpg-2.webp\",\"datePublished\":\"2021-10-12T19:19:24+00:00\",\"dateModified\":\"2025-11-20T13:47:33+00:00\",\"breadcrumb\":{\"@id\":\"https:\/\/vinodeli.ee\/en\/product\/m-de-murua-rioja\/#breadcrumb\"},\"inLanguage\":\"en-US\",\"potentialAction\":[{\"@type\":\"ReadAction\",\"target\":[\"https:\/\/vinodeli.ee\/en\/product\/m-de-murua-rioja\/\"]}]},{\"@type\":\"ImageObject\",\"inLanguage\":\"en-US\",\"@id\":\"https:\/\/vinodeli.ee\/en\/product\/m-de-murua-rioja\/#primaryimage\",\"url\":\"https:\/\/vinodeli.ee\/wp-content\/uploads\/2023\/11\/m_murua-jpg-2.webp\",\"contentUrl\":\"https:\/\/vinodeli.ee\/wp-content\/uploads\/2023\/11\/m_murua-jpg-2.webp\",\"width\":700,\"height\":700},{\"@type\":\"BreadcrumbList\",\"@id\":\"https:\/\/vinodeli.ee\/en\/product\/m-de-murua-rioja\/#breadcrumb\",\"itemListElement\":[{\"@type\":\"ListItem\",\"position\":1,\"name\":\"Home\",\"item\":\"https:\/\/vinodeli.ee\/en\/\"},{\"@type\":\"ListItem\",\"position\":2,\"name\":\"Shop\",\"item\":\"https:\/\/vinodeli.ee\/pood\/\"},{\"@type\":\"ListItem\",\"position\":3,\"name\":\"M de Murua DOCa Rioja 2021 14.5% vol.\"}]},{\"@type\":\"WebSite\",\"@id\":\"https:\/\/vinodeli.ee\/#website\",\"url\":\"https:\/\/vinodeli.ee\/\",\"name\":\"Vinodeli\",\"description\":\"\",\"publisher\":{\"@id\":\"https:\/\/vinodeli.ee\/#organization\"},\"potentialAction\":[{\"@type\":\"SearchAction\",\"target\":{\"@type\":\"EntryPoint\",\"urlTemplate\":\"https:\/\/vinodeli.ee\/?s={search_term_string}\"},\"query-input\":{\"@type\":\"PropertyValueSpecification\",\"valueRequired\":true,\"valueName\":\"search_term_string\"}}],\"inLanguage\":\"en-US\"},{\"@type\":\"Organization\",\"@id\":\"https:\/\/vinodeli.ee\/#organization\",\"name\":\"Vinodeli O\u00dc\",\"url\":\"https:\/\/vinodeli.ee\/\",\"logo\":{\"@type\":\"ImageObject\",\"inLanguage\":\"en-US\",\"@id\":\"https:\/\/vinodeli.ee\/#\/schema\/logo\/image\/\",\"url\":\"https:\/\/vinodeli.ee\/wp-content\/uploads\/2024\/02\/logo-winodeli-1.png\",\"contentUrl\":\"https:\/\/vinodeli.ee\/wp-content\/uploads\/2024\/02\/logo-winodeli-1.png\",\"width\":1500,\"height\":1150,\"caption\":\"Vinodeli O\u00dc\"},\"image\":{\"@id\":\"https:\/\/vinodeli.ee\/#\/schema\/logo\/image\/\"}}]}<\/script>\n<!-- \/ Yoast SEO plugin. -->","yoast_head_json":{"title":"M de Murua DOCa Rioja 2021 14.5% vol. - Vinodeli","robots":{"index":"index","follow":"follow","max-snippet":"max-snippet:-1","max-image-preview":"max-image-preview:large","max-video-preview":"max-video-preview:-1"},"canonical":"https:\/\/vinodeli.ee\/en\/product\/m-de-murua-rioja\/","og_locale":"en_US","og_type":"article","og_title":"M de Murua DOCa Rioja 2021 14.5% vol. - Vinodeli","og_description":"Grape variety:100% Tempranillo   Gu\u00eda Pe\u00f1\u00edn - 91 points (2020, vintage 2017; 2022, vintage 2019  Decanter World Wine Awards (2019 vintage) - 90 pointsTim Atkin - Master of Wine (2019 vintage) - 89 points","og_url":"https:\/\/vinodeli.ee\/en\/product\/m-de-murua-rioja\/","og_site_name":"Vinodeli","article_modified_time":"2025-11-20T13:47:33+00:00","og_image":[{"width":700,"height":700,"url":"https:\/\/vinodeli.ee\/wp-content\/uploads\/2023\/11\/m_murua-jpg-2.webp","type":"image\/webp"}],"twitter_card":"summary_large_image","twitter_misc":{"Est. reading time":"2 minutes"},"schema":{"@context":"https:\/\/schema.org","@graph":[{"@type":"WebPage","@id":"https:\/\/vinodeli.ee\/en\/product\/m-de-murua-rioja\/","url":"https:\/\/vinodeli.ee\/en\/product\/m-de-murua-rioja\/","name":"M de Murua DOCa Rioja 2021 14.5% vol. - Vinodeli","isPartOf":{"@id":"https:\/\/vinodeli.ee\/#website"},"primaryImageOfPage":{"@id":"https:\/\/vinodeli.ee\/en\/product\/m-de-murua-rioja\/#primaryimage"},"image":{"@id":"https:\/\/vinodeli.ee\/en\/product\/m-de-murua-rioja\/#primaryimage"},"thumbnailUrl":"https:\/\/vinodeli.ee\/wp-content\/uploads\/2023\/11\/m_murua-jpg-2.webp","datePublished":"2021-10-12T19:19:24+00:00","dateModified":"2025-11-20T13:47:33+00:00","breadcrumb":{"@id":"https:\/\/vinodeli.ee\/en\/product\/m-de-murua-rioja\/#breadcrumb"},"inLanguage":"en-US","potentialAction":[{"@type":"ReadAction","target":["https:\/\/vinodeli.ee\/en\/product\/m-de-murua-rioja\/"]}]},{"@type":"ImageObject","inLanguage":"en-US","@id":"https:\/\/vinodeli.ee\/en\/product\/m-de-murua-rioja\/#primaryimage","url":"https:\/\/vinodeli.ee\/wp-content\/uploads\/2023\/11\/m_murua-jpg-2.webp","contentUrl":"https:\/\/vinodeli.ee\/wp-content\/uploads\/2023\/11\/m_murua-jpg-2.webp","width":700,"height":700},{"@type":"BreadcrumbList","@id":"https:\/\/vinodeli.ee\/en\/product\/m-de-murua-rioja\/#breadcrumb","itemListElement":[{"@type":"ListItem","position":1,"name":"Home","item":"https:\/\/vinodeli.ee\/en\/"},{"@type":"ListItem","position":2,"name":"Shop","item":"https:\/\/vinodeli.ee\/pood\/"},{"@type":"ListItem","position":3,"name":"M de Murua DOCa Rioja 2021 14.5% vol."}]},{"@type":"WebSite","@id":"https:\/\/vinodeli.ee\/#website","url":"https:\/\/vinodeli.ee\/","name":"Vinodeli","description":"","publisher":{"@id":"https:\/\/vinodeli.ee\/#organization"},"potentialAction":[{"@type":"SearchAction","target":{"@type":"EntryPoint","urlTemplate":"https:\/\/vinodeli.ee\/?s={search_term_string}"},"query-input":{"@type":"PropertyValueSpecification","valueRequired":true,"valueName":"search_term_string"}}],"inLanguage":"en-US"},{"@type":"Organization","@id":"https:\/\/vinodeli.ee\/#organization","name":"Vinodeli O\u00dc","url":"https:\/\/vinodeli.ee\/","logo":{"@type":"ImageObject","inLanguage":"en-US","@id":"https:\/\/vinodeli.ee\/#\/schema\/logo\/image\/","url":"https:\/\/vinodeli.ee\/wp-content\/uploads\/2024\/02\/logo-winodeli-1.png","contentUrl":"https:\/\/vinodeli.ee\/wp-content\/uploads\/2024\/02\/logo-winodeli-1.png","width":1500,"height":1150,"caption":"Vinodeli O\u00dc"},"image":{"@id":"https:\/\/vinodeli.ee\/#\/schema\/logo\/image\/"}}]}},"_links":{"self":[{"href":"https:\/\/vinodeli.ee\/en\/wp-json\/wp\/v2\/product\/47680","targetHints":{"allow":["GET"]}}],"collection":[{"href":"https:\/\/vinodeli.ee\/en\/wp-json\/wp\/v2\/product"}],"about":[{"href":"https:\/\/vinodeli.ee\/en\/wp-json\/wp\/v2\/types\/product"}],"version-history":[{"count":0,"href":"https:\/\/vinodeli.ee\/en\/wp-json\/wp\/v2\/product\/47680\/revisions"}],"wp:featuredmedia":[{"embeddable":true,"href":"https:\/\/vinodeli.ee\/en\/wp-json\/wp\/v2\/media\/45589"}],"wp:attachment":[{"href":"https:\/\/vinodeli.ee\/en\/wp-json\/wp\/v2\/media?parent=47680"}],"wp:term":[{"taxonomy":"product_brand","embeddable":true,"href":"https:\/\/vinodeli.ee\/en\/wp-json\/wp\/v2\/product_brand?post=47680"},{"taxonomy":"product_cat","embeddable":true,"href":"https:\/\/vinodeli.ee\/en\/wp-json\/wp\/v2\/product_cat?post=47680"},{"taxonomy":"product_tag","embeddable":true,"href":"https:\/\/vinodeli.ee\/en\/wp-json\/wp\/v2\/product_tag?post=47680"}],"curies":[{"name":"wp","href":"https:\/\/api.w.org\/{rel}","templated":true}]}}