{"id":47691,"date":"2021-10-08T21:22:51","date_gmt":"2021-10-08T18:22:51","guid":{"rendered":"https:\/\/vinodeli.ee\/product\/godello-fermentado-en-barrica-gotas-de-mar\/"},"modified":"2025-10-29T15:28:06","modified_gmt":"2025-10-29T13:28:06","slug":"godello-fermentado-en-barrica-gotas-de-mar","status":"publish","type":"product","link":"https:\/\/vinodeli.ee\/en\/product\/godello-fermentado-en-barrica-gotas-de-mar\/","title":{"rendered":"Gotas de Mar Godello Fermentado en Barrica 2024 13%"},"content":{"rendered":"<blockquote>\n<h5>In 1996, Nicholas Hammeken, who already had experience in marketing and selling wine in various European countries, opened his own business. At first, the company was just selling and reselling wines from other wineries, but then, in 2001, they had their first own line of wines. The company follows the latest global trends in order to produce wine of very good quality and at a relatively inexpensive price from local Spanish grape varieties.<\/h5>\n<\/blockquote>\n<h3>Winemaking<\/h3>\n<p>The vineyards benefit from the proximity to the Atlantic coast and the embrace of the Mi\u00f1o river. This is the winery&#8217;s Godello&#8217;s home, a little known variety that is gaining a lot of prestige. The &#8220;s\u00e1brego&#8221; terroir and the Atlantic climate give a strong minerality to this wine. 8 months in new Oak barrels add the final touch to a unique and magnificent wine. A transition zone between oceanic and Mediterranean climates. 15-25 years old vines planted on a hillside 350m above sea level and run down he hillside to the banks of the river Mi\u00f1o in small town of Prado de Mi\u00f1o, Ourense. Hand-picked during early morning. Fermentation for 18-21 days at a temperature of 15-17\u00b0C. Aged for 8 months in 100% New French oak barrels of 500L.<\/p>\n<h3>Tasting notes<\/h3>\n<p>Brilliant pale lemon colour. Intense aromas of pear, yellow stone fruits, minerals, exotic toasted oak, freshly baked bread and a hint of fresh sea breeze. On the palate, fresh exotic fruits, prominent acidity, complexity, elegant toasted oak and stony minerals. Clean and lingering finish, layered and complex, refreshing.<\/p>\n","protected":false},"excerpt":{"rendered":"<blockquote>\n<h4>Grape variety:100% Godello<\/h4>\n<\/blockquote>\n<ul>\n<li>Premios Baco (2021) \u2014 Grand Gold<\/li>\n<li>James Suckling (2020) \u2014 91 points<\/li>\n<li>Gu\u00eda Pe\u00f1\u00edn (2020) \u2014 91 points<\/li>\n<li>Premios Bacchus (2018) \u2014 Gold<\/li>\n<li>Gu\u00eda Pe\u00f1\u00edn (2018, 2016) \u2014 90 points<\/li>\n<\/ul>\n","protected":false},"featured_media":45618,"template":"","meta":{"_acf_changed":false},"product_brand":[],"product_cat":[19460],"product_tag":[],"class_list":{"0":"post-47691","1":"product","2":"type-product","3":"status-publish","4":"has-post-thumbnail","6":"product_cat-white-wine","8":"first","9":"instock","10":"downloadable","11":"taxable","12":"shipping-taxable","13":"purchasable","14":"product-type-simple"},"acf":[],"yoast_head":"<!-- This site is optimized with the Yoast SEO plugin v27.6 - https:\/\/yoast.com\/product\/yoast-seo-wordpress\/ -->\n<title>Gotas de Mar Godello Fermentado en Barrica 2024 13% - Vinodeli<\/title>\n<meta name=\"robots\" content=\"index, follow, max-snippet:-1, max-image-preview:large, max-video-preview:-1\" \/>\n<link rel=\"canonical\" href=\"https:\/\/vinodeli.ee\/en\/product\/godello-fermentado-en-barrica-gotas-de-mar\/\" \/>\n<meta property=\"og:locale\" content=\"en_US\" \/>\n<meta property=\"og:type\" content=\"article\" \/>\n<meta property=\"og:title\" content=\"Gotas de Mar Godello Fermentado en Barrica 2024 13% - Vinodeli\" \/>\n<meta property=\"og:description\" content=\"Grape variety:100% Godello    Premios Baco (2021) \u2014 Grand Gold  James Suckling (2020) \u2014 91 points  Gu\u00eda Pe\u00f1\u00edn (2020) \u2014 91 points  Premios Bacchus (2018) \u2014 Gold  Gu\u00eda Pe\u00f1\u00edn (2018, 2016) \u2014 90 points\" \/>\n<meta property=\"og:url\" content=\"https:\/\/vinodeli.ee\/en\/product\/godello-fermentado-en-barrica-gotas-de-mar\/\" \/>\n<meta property=\"og:site_name\" content=\"Vinodeli\" \/>\n<meta property=\"article:modified_time\" content=\"2025-10-29T13:28:06+00:00\" \/>\n<meta property=\"og:image\" content=\"https:\/\/vinodeli.ee\/wp-content\/uploads\/2023\/11\/Gotas-de-Mar-Godello-Fermentado-en-Barrica-2.webp\" \/>\n\t<meta property=\"og:image:width\" content=\"1000\" \/>\n\t<meta property=\"og:image:height\" content=\"1000\" \/>\n\t<meta property=\"og:image:type\" content=\"image\/webp\" \/>\n<meta name=\"twitter:card\" content=\"summary_large_image\" \/>\n<meta name=\"twitter:label1\" content=\"Est. reading time\" \/>\n\t<meta name=\"twitter:data1\" content=\"2 minutes\" \/>\n<script type=\"application\/ld+json\" class=\"yoast-schema-graph\">{\"@context\":\"https:\\\/\\\/schema.org\",\"@graph\":[{\"@type\":\"WebPage\",\"@id\":\"https:\\\/\\\/vinodeli.ee\\\/en\\\/product\\\/godello-fermentado-en-barrica-gotas-de-mar\\\/\",\"url\":\"https:\\\/\\\/vinodeli.ee\\\/en\\\/product\\\/godello-fermentado-en-barrica-gotas-de-mar\\\/\",\"name\":\"Gotas de Mar Godello Fermentado en Barrica 2024 13% - Vinodeli\",\"isPartOf\":{\"@id\":\"https:\\\/\\\/vinodeli.ee\\\/#website\"},\"primaryImageOfPage\":{\"@id\":\"https:\\\/\\\/vinodeli.ee\\\/en\\\/product\\\/godello-fermentado-en-barrica-gotas-de-mar\\\/#primaryimage\"},\"image\":{\"@id\":\"https:\\\/\\\/vinodeli.ee\\\/en\\\/product\\\/godello-fermentado-en-barrica-gotas-de-mar\\\/#primaryimage\"},\"thumbnailUrl\":\"https:\\\/\\\/vinodeli.ee\\\/wp-content\\\/uploads\\\/2023\\\/11\\\/Gotas-de-Mar-Godello-Fermentado-en-Barrica-2.webp\",\"datePublished\":\"2021-10-08T18:22:51+00:00\",\"dateModified\":\"2025-10-29T13:28:06+00:00\",\"breadcrumb\":{\"@id\":\"https:\\\/\\\/vinodeli.ee\\\/en\\\/product\\\/godello-fermentado-en-barrica-gotas-de-mar\\\/#breadcrumb\"},\"inLanguage\":\"en-US\",\"potentialAction\":[{\"@type\":\"ReadAction\",\"target\":[\"https:\\\/\\\/vinodeli.ee\\\/en\\\/product\\\/godello-fermentado-en-barrica-gotas-de-mar\\\/\"]}]},{\"@type\":\"ImageObject\",\"inLanguage\":\"en-US\",\"@id\":\"https:\\\/\\\/vinodeli.ee\\\/en\\\/product\\\/godello-fermentado-en-barrica-gotas-de-mar\\\/#primaryimage\",\"url\":\"https:\\\/\\\/vinodeli.ee\\\/wp-content\\\/uploads\\\/2023\\\/11\\\/Gotas-de-Mar-Godello-Fermentado-en-Barrica-2.webp\",\"contentUrl\":\"https:\\\/\\\/vinodeli.ee\\\/wp-content\\\/uploads\\\/2023\\\/11\\\/Gotas-de-Mar-Godello-Fermentado-en-Barrica-2.webp\",\"width\":1000,\"height\":1000},{\"@type\":\"BreadcrumbList\",\"@id\":\"https:\\\/\\\/vinodeli.ee\\\/en\\\/product\\\/godello-fermentado-en-barrica-gotas-de-mar\\\/#breadcrumb\",\"itemListElement\":[{\"@type\":\"ListItem\",\"position\":1,\"name\":\"Home\",\"item\":\"https:\\\/\\\/vinodeli.ee\\\/en\\\/\"},{\"@type\":\"ListItem\",\"position\":2,\"name\":\"Shop\",\"item\":\"https:\\\/\\\/vinodeli.ee\\\/pood\\\/\"},{\"@type\":\"ListItem\",\"position\":3,\"name\":\"Gotas de Mar Godello Fermentado en Barrica 2024 13%\"}]},{\"@type\":\"WebSite\",\"@id\":\"https:\\\/\\\/vinodeli.ee\\\/#website\",\"url\":\"https:\\\/\\\/vinodeli.ee\\\/\",\"name\":\"Vinodeli\",\"description\":\"\",\"publisher\":{\"@id\":\"https:\\\/\\\/vinodeli.ee\\\/#organization\"},\"potentialAction\":[{\"@type\":\"SearchAction\",\"target\":{\"@type\":\"EntryPoint\",\"urlTemplate\":\"https:\\\/\\\/vinodeli.ee\\\/?s={search_term_string}\"},\"query-input\":{\"@type\":\"PropertyValueSpecification\",\"valueRequired\":true,\"valueName\":\"search_term_string\"}}],\"inLanguage\":\"en-US\"},{\"@type\":\"Organization\",\"@id\":\"https:\\\/\\\/vinodeli.ee\\\/#organization\",\"name\":\"Vinodeli O\u00dc\",\"url\":\"https:\\\/\\\/vinodeli.ee\\\/\",\"logo\":{\"@type\":\"ImageObject\",\"inLanguage\":\"en-US\",\"@id\":\"https:\\\/\\\/vinodeli.ee\\\/#\\\/schema\\\/logo\\\/image\\\/\",\"url\":\"https:\\\/\\\/vinodeli.ee\\\/wp-content\\\/uploads\\\/2024\\\/02\\\/logo-winodeli-1.png\",\"contentUrl\":\"https:\\\/\\\/vinodeli.ee\\\/wp-content\\\/uploads\\\/2024\\\/02\\\/logo-winodeli-1.png\",\"width\":1500,\"height\":1150,\"caption\":\"Vinodeli O\u00dc\"},\"image\":{\"@id\":\"https:\\\/\\\/vinodeli.ee\\\/#\\\/schema\\\/logo\\\/image\\\/\"}}]}<\/script>\n<!-- \/ Yoast SEO plugin. -->","yoast_head_json":{"title":"Gotas de Mar Godello Fermentado en Barrica 2024 13% - Vinodeli","robots":{"index":"index","follow":"follow","max-snippet":"max-snippet:-1","max-image-preview":"max-image-preview:large","max-video-preview":"max-video-preview:-1"},"canonical":"https:\/\/vinodeli.ee\/en\/product\/godello-fermentado-en-barrica-gotas-de-mar\/","og_locale":"en_US","og_type":"article","og_title":"Gotas de Mar Godello Fermentado en Barrica 2024 13% - Vinodeli","og_description":"Grape variety:100% Godello    Premios Baco (2021) \u2014 Grand Gold  James Suckling (2020) \u2014 91 points  Gu\u00eda Pe\u00f1\u00edn (2020) \u2014 91 points  Premios Bacchus (2018) \u2014 Gold  Gu\u00eda Pe\u00f1\u00edn (2018, 2016) \u2014 90 points","og_url":"https:\/\/vinodeli.ee\/en\/product\/godello-fermentado-en-barrica-gotas-de-mar\/","og_site_name":"Vinodeli","article_modified_time":"2025-10-29T13:28:06+00:00","og_image":[{"width":1000,"height":1000,"url":"https:\/\/vinodeli.ee\/wp-content\/uploads\/2023\/11\/Gotas-de-Mar-Godello-Fermentado-en-Barrica-2.webp","type":"image\/webp"}],"twitter_card":"summary_large_image","twitter_misc":{"Est. reading time":"2 minutes"},"schema":{"@context":"https:\/\/schema.org","@graph":[{"@type":"WebPage","@id":"https:\/\/vinodeli.ee\/en\/product\/godello-fermentado-en-barrica-gotas-de-mar\/","url":"https:\/\/vinodeli.ee\/en\/product\/godello-fermentado-en-barrica-gotas-de-mar\/","name":"Gotas de Mar Godello Fermentado en Barrica 2024 13% - Vinodeli","isPartOf":{"@id":"https:\/\/vinodeli.ee\/#website"},"primaryImageOfPage":{"@id":"https:\/\/vinodeli.ee\/en\/product\/godello-fermentado-en-barrica-gotas-de-mar\/#primaryimage"},"image":{"@id":"https:\/\/vinodeli.ee\/en\/product\/godello-fermentado-en-barrica-gotas-de-mar\/#primaryimage"},"thumbnailUrl":"https:\/\/vinodeli.ee\/wp-content\/uploads\/2023\/11\/Gotas-de-Mar-Godello-Fermentado-en-Barrica-2.webp","datePublished":"2021-10-08T18:22:51+00:00","dateModified":"2025-10-29T13:28:06+00:00","breadcrumb":{"@id":"https:\/\/vinodeli.ee\/en\/product\/godello-fermentado-en-barrica-gotas-de-mar\/#breadcrumb"},"inLanguage":"en-US","potentialAction":[{"@type":"ReadAction","target":["https:\/\/vinodeli.ee\/en\/product\/godello-fermentado-en-barrica-gotas-de-mar\/"]}]},{"@type":"ImageObject","inLanguage":"en-US","@id":"https:\/\/vinodeli.ee\/en\/product\/godello-fermentado-en-barrica-gotas-de-mar\/#primaryimage","url":"https:\/\/vinodeli.ee\/wp-content\/uploads\/2023\/11\/Gotas-de-Mar-Godello-Fermentado-en-Barrica-2.webp","contentUrl":"https:\/\/vinodeli.ee\/wp-content\/uploads\/2023\/11\/Gotas-de-Mar-Godello-Fermentado-en-Barrica-2.webp","width":1000,"height":1000},{"@type":"BreadcrumbList","@id":"https:\/\/vinodeli.ee\/en\/product\/godello-fermentado-en-barrica-gotas-de-mar\/#breadcrumb","itemListElement":[{"@type":"ListItem","position":1,"name":"Home","item":"https:\/\/vinodeli.ee\/en\/"},{"@type":"ListItem","position":2,"name":"Shop","item":"https:\/\/vinodeli.ee\/pood\/"},{"@type":"ListItem","position":3,"name":"Gotas de Mar Godello Fermentado en Barrica 2024 13%"}]},{"@type":"WebSite","@id":"https:\/\/vinodeli.ee\/#website","url":"https:\/\/vinodeli.ee\/","name":"Vinodeli","description":"","publisher":{"@id":"https:\/\/vinodeli.ee\/#organization"},"potentialAction":[{"@type":"SearchAction","target":{"@type":"EntryPoint","urlTemplate":"https:\/\/vinodeli.ee\/?s={search_term_string}"},"query-input":{"@type":"PropertyValueSpecification","valueRequired":true,"valueName":"search_term_string"}}],"inLanguage":"en-US"},{"@type":"Organization","@id":"https:\/\/vinodeli.ee\/#organization","name":"Vinodeli O\u00dc","url":"https:\/\/vinodeli.ee\/","logo":{"@type":"ImageObject","inLanguage":"en-US","@id":"https:\/\/vinodeli.ee\/#\/schema\/logo\/image\/","url":"https:\/\/vinodeli.ee\/wp-content\/uploads\/2024\/02\/logo-winodeli-1.png","contentUrl":"https:\/\/vinodeli.ee\/wp-content\/uploads\/2024\/02\/logo-winodeli-1.png","width":1500,"height":1150,"caption":"Vinodeli O\u00dc"},"image":{"@id":"https:\/\/vinodeli.ee\/#\/schema\/logo\/image\/"}}]}},"_links":{"self":[{"href":"https:\/\/vinodeli.ee\/en\/wp-json\/wp\/v2\/product\/47691","targetHints":{"allow":["GET"]}}],"collection":[{"href":"https:\/\/vinodeli.ee\/en\/wp-json\/wp\/v2\/product"}],"about":[{"href":"https:\/\/vinodeli.ee\/en\/wp-json\/wp\/v2\/types\/product"}],"version-history":[{"count":0,"href":"https:\/\/vinodeli.ee\/en\/wp-json\/wp\/v2\/product\/47691\/revisions"}],"wp:featuredmedia":[{"embeddable":true,"href":"https:\/\/vinodeli.ee\/en\/wp-json\/wp\/v2\/media\/45618"}],"wp:attachment":[{"href":"https:\/\/vinodeli.ee\/en\/wp-json\/wp\/v2\/media?parent=47691"}],"wp:term":[{"taxonomy":"product_brand","embeddable":true,"href":"https:\/\/vinodeli.ee\/en\/wp-json\/wp\/v2\/product_brand?post=47691"},{"taxonomy":"product_cat","embeddable":true,"href":"https:\/\/vinodeli.ee\/en\/wp-json\/wp\/v2\/product_cat?post=47691"},{"taxonomy":"product_tag","embeddable":true,"href":"https:\/\/vinodeli.ee\/en\/wp-json\/wp\/v2\/product_tag?post=47691"}],"curies":[{"name":"wp","href":"https:\/\/api.w.org\/{rel}","templated":true}]}}