{"id":47692,"date":"2021-10-08T21:19:02","date_gmt":"2021-10-08T18:19:02","guid":{"rendered":"https:\/\/vinodeli.ee\/product\/godello-gotas-de-mar\/"},"modified":"2025-10-29T15:32:05","modified_gmt":"2025-10-29T13:32:05","slug":"godello-gotas-de-mar","status":"publish","type":"product","link":"https:\/\/vinodeli.ee\/en\/product\/godello-gotas-de-mar\/","title":{"rendered":"Gotas de Mar Godello DO Ribeiro 2024 13% vol."},"content":{"rendered":"<blockquote>\n<h5>In 1996, Nicholas Hammeken, who already had experience in marketing and selling wine in various European countries, opened his own business. At first, the company was just selling and reselling wines from other wineries, but then, in 2001, they had their first own line of wines. The company follows the latest global trends in order to produce wine of very good quality and at a relatively inexpensive price from local Spanish grape varieties.<\/h5>\n<\/blockquote>\n<h3>Winemaking<\/h3>\n<p>Located on the Atlantic Spanish terroirs, this fine wine collection is an exquisite example of the potential of Spanish white wines. A transition zone between oceanic and Mediterranean climates. 15-25 years old vines planted on a hillside 350m above sea level and run down he hillside to the banks of the river Mi\u00f1o in small town of Prado de Mi\u00f1o, Ourense. Hand-picked during early morning. Fermentation for 16-20 days at a temperature of 14-16\u00b0C. Aged for 6 months on its fine lees.<\/p>\n<h3>Tasting notes<\/h3>\n<p>Brilliant pale lemon colour. Aromas of yellow stone fruits, stony minerals and a hint of fresh sea breeze. On the palate, tropical fruits and stony minerals balanced with a mouthwatering acidity. Long finish, refreshing.<\/p>\n","protected":false},"excerpt":{"rendered":"<blockquote>\n<h4>Grape variety:100% Godello<\/h4>\n<\/blockquote>\n<ul>\n<li>Gu\u00eda Pe\u00f1\u00edn (2021) &#8211; 90 points<\/li>\n<li>Decanter (2019, 2021) \u2014 90 points<\/li>\n<li>Decanter (2018) \u2014 91 points<\/li>\n<li>James Suckling (2017) \u2014 92 points<\/li>\n<li>Wine Spectator (2016) \u2014 90 points<\/li>\n<li>Wine Enthusiast (2016) \u2014 90 points<\/li>\n<li>Texsom International Wine Awards (2016) \u2014 Gold<\/li>\n<li>Frankfurt International Trophy (2016) \u2014 Gold<\/li>\n<\/ul>\n","protected":false},"featured_media":45621,"template":"","meta":{"_acf_changed":false},"product_brand":[],"product_cat":[19460],"product_tag":[],"class_list":{"0":"post-47692","1":"product","2":"type-product","3":"status-publish","4":"has-post-thumbnail","6":"product_cat-white-wine","8":"first","9":"instock","10":"downloadable","11":"taxable","12":"shipping-taxable","13":"purchasable","14":"product-type-simple"},"acf":[],"yoast_head":"<!-- This site is optimized with the Yoast SEO plugin v25.7 - https:\/\/yoast.com\/wordpress\/plugins\/seo\/ -->\n<title>Gotas de Mar Godello DO Ribeiro 2024 13% vol. - Vinodeli<\/title>\n<meta name=\"robots\" content=\"index, follow, max-snippet:-1, max-image-preview:large, max-video-preview:-1\" \/>\n<link rel=\"canonical\" href=\"https:\/\/vinodeli.ee\/en\/product\/godello-gotas-de-mar\/\" \/>\n<meta property=\"og:locale\" content=\"en_US\" \/>\n<meta property=\"og:type\" content=\"article\" \/>\n<meta property=\"og:title\" content=\"Gotas de Mar Godello DO Ribeiro 2024 13% vol. - Vinodeli\" \/>\n<meta property=\"og:description\" content=\"Grape variety:100% Godello    Gu\u00eda Pe\u00f1\u00edn (2021) - 90 points  Decanter (2019, 2021) \u2014 90 points  Decanter (2018) \u2014 91 points  James Suckling (2017) \u2014 92 points  Wine Spectator (2016) \u2014 90 points  Wine Enthusiast (2016) \u2014 90 points  Texsom International Wine Awards (2016) \u2014 Gold  Frankfurt International Trophy (2016) \u2014 Gold\" \/>\n<meta property=\"og:url\" content=\"https:\/\/vinodeli.ee\/en\/product\/godello-gotas-de-mar\/\" \/>\n<meta property=\"og:site_name\" content=\"Vinodeli\" \/>\n<meta property=\"article:modified_time\" content=\"2025-10-29T13:32:05+00:00\" \/>\n<meta property=\"og:image\" content=\"https:\/\/vinodeli.ee\/wp-content\/uploads\/2023\/11\/gotas_de_mar-scaled-1-jpg-2.webp\" \/>\n\t<meta property=\"og:image:width\" content=\"2560\" \/>\n\t<meta property=\"og:image:height\" content=\"2560\" \/>\n\t<meta property=\"og:image:type\" content=\"image\/webp\" \/>\n<meta name=\"twitter:card\" content=\"summary_large_image\" \/>\n<meta name=\"twitter:label1\" content=\"Est. reading time\" \/>\n\t<meta name=\"twitter:data1\" content=\"1 minute\" \/>\n<script type=\"application\/ld+json\" class=\"yoast-schema-graph\">{\"@context\":\"https:\/\/schema.org\",\"@graph\":[{\"@type\":\"WebPage\",\"@id\":\"https:\/\/vinodeli.ee\/en\/product\/godello-gotas-de-mar\/\",\"url\":\"https:\/\/vinodeli.ee\/en\/product\/godello-gotas-de-mar\/\",\"name\":\"Gotas de Mar Godello DO Ribeiro 2024 13% vol. - Vinodeli\",\"isPartOf\":{\"@id\":\"https:\/\/vinodeli.ee\/#website\"},\"primaryImageOfPage\":{\"@id\":\"https:\/\/vinodeli.ee\/en\/product\/godello-gotas-de-mar\/#primaryimage\"},\"image\":{\"@id\":\"https:\/\/vinodeli.ee\/en\/product\/godello-gotas-de-mar\/#primaryimage\"},\"thumbnailUrl\":\"https:\/\/vinodeli.ee\/wp-content\/uploads\/2023\/11\/gotas_de_mar-scaled-1-jpg-2.webp\",\"datePublished\":\"2021-10-08T18:19:02+00:00\",\"dateModified\":\"2025-10-29T13:32:05+00:00\",\"breadcrumb\":{\"@id\":\"https:\/\/vinodeli.ee\/en\/product\/godello-gotas-de-mar\/#breadcrumb\"},\"inLanguage\":\"en-US\",\"potentialAction\":[{\"@type\":\"ReadAction\",\"target\":[\"https:\/\/vinodeli.ee\/en\/product\/godello-gotas-de-mar\/\"]}]},{\"@type\":\"ImageObject\",\"inLanguage\":\"en-US\",\"@id\":\"https:\/\/vinodeli.ee\/en\/product\/godello-gotas-de-mar\/#primaryimage\",\"url\":\"https:\/\/vinodeli.ee\/wp-content\/uploads\/2023\/11\/gotas_de_mar-scaled-1-jpg-2.webp\",\"contentUrl\":\"https:\/\/vinodeli.ee\/wp-content\/uploads\/2023\/11\/gotas_de_mar-scaled-1-jpg-2.webp\",\"width\":2560,\"height\":2560},{\"@type\":\"BreadcrumbList\",\"@id\":\"https:\/\/vinodeli.ee\/en\/product\/godello-gotas-de-mar\/#breadcrumb\",\"itemListElement\":[{\"@type\":\"ListItem\",\"position\":1,\"name\":\"Home\",\"item\":\"https:\/\/vinodeli.ee\/en\/\"},{\"@type\":\"ListItem\",\"position\":2,\"name\":\"Shop\",\"item\":\"https:\/\/vinodeli.ee\/pood\/\"},{\"@type\":\"ListItem\",\"position\":3,\"name\":\"Gotas de Mar Godello DO Ribeiro 2024 13% vol.\"}]},{\"@type\":\"WebSite\",\"@id\":\"https:\/\/vinodeli.ee\/#website\",\"url\":\"https:\/\/vinodeli.ee\/\",\"name\":\"Vinodeli\",\"description\":\"\",\"publisher\":{\"@id\":\"https:\/\/vinodeli.ee\/#organization\"},\"potentialAction\":[{\"@type\":\"SearchAction\",\"target\":{\"@type\":\"EntryPoint\",\"urlTemplate\":\"https:\/\/vinodeli.ee\/?s={search_term_string}\"},\"query-input\":{\"@type\":\"PropertyValueSpecification\",\"valueRequired\":true,\"valueName\":\"search_term_string\"}}],\"inLanguage\":\"en-US\"},{\"@type\":\"Organization\",\"@id\":\"https:\/\/vinodeli.ee\/#organization\",\"name\":\"Vinodeli O\u00dc\",\"url\":\"https:\/\/vinodeli.ee\/\",\"logo\":{\"@type\":\"ImageObject\",\"inLanguage\":\"en-US\",\"@id\":\"https:\/\/vinodeli.ee\/#\/schema\/logo\/image\/\",\"url\":\"https:\/\/vinodeli.ee\/wp-content\/uploads\/2024\/02\/logo-winodeli-1.png\",\"contentUrl\":\"https:\/\/vinodeli.ee\/wp-content\/uploads\/2024\/02\/logo-winodeli-1.png\",\"width\":1500,\"height\":1150,\"caption\":\"Vinodeli O\u00dc\"},\"image\":{\"@id\":\"https:\/\/vinodeli.ee\/#\/schema\/logo\/image\/\"}}]}<\/script>\n<!-- \/ Yoast SEO plugin. -->","yoast_head_json":{"title":"Gotas de Mar Godello DO Ribeiro 2024 13% vol. - Vinodeli","robots":{"index":"index","follow":"follow","max-snippet":"max-snippet:-1","max-image-preview":"max-image-preview:large","max-video-preview":"max-video-preview:-1"},"canonical":"https:\/\/vinodeli.ee\/en\/product\/godello-gotas-de-mar\/","og_locale":"en_US","og_type":"article","og_title":"Gotas de Mar Godello DO Ribeiro 2024 13% vol. - Vinodeli","og_description":"Grape variety:100% Godello    Gu\u00eda Pe\u00f1\u00edn (2021) - 90 points  Decanter (2019, 2021) \u2014 90 points  Decanter (2018) \u2014 91 points  James Suckling (2017) \u2014 92 points  Wine Spectator (2016) \u2014 90 points  Wine Enthusiast (2016) \u2014 90 points  Texsom International Wine Awards (2016) \u2014 Gold  Frankfurt International Trophy (2016) \u2014 Gold","og_url":"https:\/\/vinodeli.ee\/en\/product\/godello-gotas-de-mar\/","og_site_name":"Vinodeli","article_modified_time":"2025-10-29T13:32:05+00:00","og_image":[{"width":2560,"height":2560,"url":"https:\/\/vinodeli.ee\/wp-content\/uploads\/2023\/11\/gotas_de_mar-scaled-1-jpg-2.webp","type":"image\/webp"}],"twitter_card":"summary_large_image","twitter_misc":{"Est. reading time":"1 minute"},"schema":{"@context":"https:\/\/schema.org","@graph":[{"@type":"WebPage","@id":"https:\/\/vinodeli.ee\/en\/product\/godello-gotas-de-mar\/","url":"https:\/\/vinodeli.ee\/en\/product\/godello-gotas-de-mar\/","name":"Gotas de Mar Godello DO Ribeiro 2024 13% vol. - Vinodeli","isPartOf":{"@id":"https:\/\/vinodeli.ee\/#website"},"primaryImageOfPage":{"@id":"https:\/\/vinodeli.ee\/en\/product\/godello-gotas-de-mar\/#primaryimage"},"image":{"@id":"https:\/\/vinodeli.ee\/en\/product\/godello-gotas-de-mar\/#primaryimage"},"thumbnailUrl":"https:\/\/vinodeli.ee\/wp-content\/uploads\/2023\/11\/gotas_de_mar-scaled-1-jpg-2.webp","datePublished":"2021-10-08T18:19:02+00:00","dateModified":"2025-10-29T13:32:05+00:00","breadcrumb":{"@id":"https:\/\/vinodeli.ee\/en\/product\/godello-gotas-de-mar\/#breadcrumb"},"inLanguage":"en-US","potentialAction":[{"@type":"ReadAction","target":["https:\/\/vinodeli.ee\/en\/product\/godello-gotas-de-mar\/"]}]},{"@type":"ImageObject","inLanguage":"en-US","@id":"https:\/\/vinodeli.ee\/en\/product\/godello-gotas-de-mar\/#primaryimage","url":"https:\/\/vinodeli.ee\/wp-content\/uploads\/2023\/11\/gotas_de_mar-scaled-1-jpg-2.webp","contentUrl":"https:\/\/vinodeli.ee\/wp-content\/uploads\/2023\/11\/gotas_de_mar-scaled-1-jpg-2.webp","width":2560,"height":2560},{"@type":"BreadcrumbList","@id":"https:\/\/vinodeli.ee\/en\/product\/godello-gotas-de-mar\/#breadcrumb","itemListElement":[{"@type":"ListItem","position":1,"name":"Home","item":"https:\/\/vinodeli.ee\/en\/"},{"@type":"ListItem","position":2,"name":"Shop","item":"https:\/\/vinodeli.ee\/pood\/"},{"@type":"ListItem","position":3,"name":"Gotas de Mar Godello DO Ribeiro 2024 13% vol."}]},{"@type":"WebSite","@id":"https:\/\/vinodeli.ee\/#website","url":"https:\/\/vinodeli.ee\/","name":"Vinodeli","description":"","publisher":{"@id":"https:\/\/vinodeli.ee\/#organization"},"potentialAction":[{"@type":"SearchAction","target":{"@type":"EntryPoint","urlTemplate":"https:\/\/vinodeli.ee\/?s={search_term_string}"},"query-input":{"@type":"PropertyValueSpecification","valueRequired":true,"valueName":"search_term_string"}}],"inLanguage":"en-US"},{"@type":"Organization","@id":"https:\/\/vinodeli.ee\/#organization","name":"Vinodeli O\u00dc","url":"https:\/\/vinodeli.ee\/","logo":{"@type":"ImageObject","inLanguage":"en-US","@id":"https:\/\/vinodeli.ee\/#\/schema\/logo\/image\/","url":"https:\/\/vinodeli.ee\/wp-content\/uploads\/2024\/02\/logo-winodeli-1.png","contentUrl":"https:\/\/vinodeli.ee\/wp-content\/uploads\/2024\/02\/logo-winodeli-1.png","width":1500,"height":1150,"caption":"Vinodeli O\u00dc"},"image":{"@id":"https:\/\/vinodeli.ee\/#\/schema\/logo\/image\/"}}]}},"_links":{"self":[{"href":"https:\/\/vinodeli.ee\/en\/wp-json\/wp\/v2\/product\/47692","targetHints":{"allow":["GET"]}}],"collection":[{"href":"https:\/\/vinodeli.ee\/en\/wp-json\/wp\/v2\/product"}],"about":[{"href":"https:\/\/vinodeli.ee\/en\/wp-json\/wp\/v2\/types\/product"}],"version-history":[{"count":0,"href":"https:\/\/vinodeli.ee\/en\/wp-json\/wp\/v2\/product\/47692\/revisions"}],"wp:featuredmedia":[{"embeddable":true,"href":"https:\/\/vinodeli.ee\/en\/wp-json\/wp\/v2\/media\/45621"}],"wp:attachment":[{"href":"https:\/\/vinodeli.ee\/en\/wp-json\/wp\/v2\/media?parent=47692"}],"wp:term":[{"taxonomy":"product_brand","embeddable":true,"href":"https:\/\/vinodeli.ee\/en\/wp-json\/wp\/v2\/product_brand?post=47692"},{"taxonomy":"product_cat","embeddable":true,"href":"https:\/\/vinodeli.ee\/en\/wp-json\/wp\/v2\/product_cat?post=47692"},{"taxonomy":"product_tag","embeddable":true,"href":"https:\/\/vinodeli.ee\/en\/wp-json\/wp\/v2\/product_tag?post=47692"}],"curies":[{"name":"wp","href":"https:\/\/api.w.org\/{rel}","templated":true}]}}